{"id":1263,"date":"2025-06-30T11:50:31","date_gmt":"2025-06-30T09:50:31","guid":{"rendered":"http:\/\/localhost\/tqeurocredit\/collabora-fundacio-farinera-girona\/inscripcions-donacio\/"},"modified":"2026-04-07T11:44:22","modified_gmt":"2026-04-07T09:44:22","slug":"inscripcions-donacio","status":"publish","type":"page","link":"https:\/\/www.fundaciofarineragirona.cat\/es\/collabora-fundacio-farinera-girona\/inscripcions-donacio\/","title":{"rendered":"Quiero hacer una donaci\u00f3n"},"content":{"rendered":"<p><span style=\"font-weight: 400;\">Con tu <strong>donaci\u00f3n a la Fundaci\u00f3 Farinera Girona<\/strong> contribuyes directamente a impulsar a personas valientes que quieren emprender y transformar positivamente las comarcas gerundenses. Cada aportaci\u00f3n cuenta y nos acerca a hacer realidad m\u00e1s <strong>proyectos con alma e impacto<\/strong>.<\/span><\/p>\n","protected":false},"excerpt":{"rendered":"<p>Con tu donaci\u00f3n a la Fundaci\u00f3 Farinera Girona contribuyes directamente a impulsar a personas valientes que quieren emprender y transformar positivamente las comarcas gerundenses. Cada aportaci\u00f3n cuenta y nos acerca a hacer realidad m\u00e1s proyectos con alma e impacto.<\/p>\n","protected":false},"author":1,"featured_media":0,"parent":1259,"menu_order":58,"comment_status":"closed","ping_status":"closed","template":"inscripcions-membresia-donacions.php","meta":{"_acf_changed":false,"inline_featured_image":false,"footnotes":"","_links_to":"","_links_to_target":""},"class_list":["post-1263","page","type-page","status-publish","hentry"],"acf":[],"yoast_head":"<!-- This site is optimized with the Yoast SEO plugin v27.3 - https:\/\/yoast.com\/product\/yoast-seo-wordpress\/ -->\n<title>Quiero hacer una donaci\u00f3n - Fundaci\u00f3 Farinera Girona<\/title>\n<meta name=\"description\" content=\"Amb el teu donatiu a la Fundaci\u00f3 Farinera Girona, contribueixes a impulsar a emprenedors i transformar positivament les comarques gironines.\" \/>\n<meta name=\"robots\" content=\"index, follow, max-snippet:-1, max-image-preview:large, max-video-preview:-1\" \/>\n<link rel=\"canonical\" href=\"https:\/\/www.fundaciofarineragirona.cat\/es\/collabora-fundacio-farinera-girona\/inscripcions-donacio\/\" \/>\n<meta property=\"og:locale\" content=\"es_ES\" \/>\n<meta property=\"og:type\" content=\"article\" \/>\n<meta property=\"og:title\" content=\"Quiero hacer una donaci\u00f3n - Fundaci\u00f3 Farinera Girona\" \/>\n<meta property=\"og:description\" content=\"Amb el teu donatiu a la Fundaci\u00f3 Farinera Girona, contribueixes a impulsar a emprenedors i transformar positivament les comarques gironines.\" \/>\n<meta property=\"og:url\" content=\"https:\/\/www.fundaciofarineragirona.cat\/es\/collabora-fundacio-farinera-girona\/inscripcions-donacio\/\" \/>\n<meta property=\"og:site_name\" content=\"Fundaci\u00f3 Farinera Girona\" \/>\n<meta property=\"article:modified_time\" content=\"2026-04-07T09:44:22+00:00\" \/>\n<meta name=\"twitter:card\" content=\"summary_large_image\" \/>\n<meta name=\"twitter:label1\" content=\"Tiempo de lectura\" \/>\n\t<meta name=\"twitter:data1\" content=\"1 minuto\" \/>\n<script type=\"application\/ld+json\" class=\"yoast-schema-graph\">{\"@context\":\"https:\\\/\\\/schema.org\",\"@graph\":[{\"@type\":\"WebPage\",\"@id\":\"https:\\\/\\\/www.fundaciofarineragirona.cat\\\/es\\\/collabora-fundacio-farinera-girona\\\/inscripcions-donacio\\\/\",\"url\":\"https:\\\/\\\/www.fundaciofarineragirona.cat\\\/es\\\/collabora-fundacio-farinera-girona\\\/inscripcions-donacio\\\/\",\"name\":\"Quiero hacer una donaci\u00f3n - Fundaci\u00f3 Farinera Girona\",\"isPartOf\":{\"@id\":\"https:\\\/\\\/www.fundaciofarineragirona.cat\\\/es\\\/versio2\\\/ca\\\/#website\"},\"datePublished\":\"2025-06-30T09:50:31+00:00\",\"dateModified\":\"2026-04-07T09:44:22+00:00\",\"description\":\"Amb el teu donatiu a la Fundaci\u00f3 Farinera Girona, contribueixes a impulsar a emprenedors i transformar positivament les comarques gironines.\",\"breadcrumb\":{\"@id\":\"https:\\\/\\\/www.fundaciofarineragirona.cat\\\/es\\\/collabora-fundacio-farinera-girona\\\/inscripcions-donacio\\\/#breadcrumb\"},\"inLanguage\":\"es\",\"potentialAction\":[{\"@type\":\"ReadAction\",\"target\":[\"https:\\\/\\\/www.fundaciofarineragirona.cat\\\/es\\\/collabora-fundacio-farinera-girona\\\/inscripcions-donacio\\\/\"]}]},{\"@type\":\"BreadcrumbList\",\"@id\":\"https:\\\/\\\/www.fundaciofarineragirona.cat\\\/es\\\/collabora-fundacio-farinera-girona\\\/inscripcions-donacio\\\/#breadcrumb\",\"itemListElement\":[{\"@type\":\"ListItem\",\"position\":1,\"name\":\"Inici\",\"item\":\"https:\\\/\\\/www.fundaciofarineragirona.cat\\\/es\\\/versio2\\\/es\\\/\"},{\"@type\":\"ListItem\",\"position\":2,\"name\":\"Colabora\",\"item\":\"\\\/\"},{\"@type\":\"ListItem\",\"position\":3,\"name\":\"Quiero hacer una donaci\u00f3n\"}]},{\"@type\":\"WebSite\",\"@id\":\"https:\\\/\\\/www.fundaciofarineragirona.cat\\\/es\\\/versio2\\\/ca\\\/#website\",\"url\":\"https:\\\/\\\/www.fundaciofarineragirona.cat\\\/es\\\/versio2\\\/ca\\\/\",\"name\":\"Fundaci\u00f3 Farinera Girona\",\"description\":\"Impulsem talent, transformem territori\",\"potentialAction\":[{\"@type\":\"SearchAction\",\"target\":{\"@type\":\"EntryPoint\",\"urlTemplate\":\"https:\\\/\\\/www.fundaciofarineragirona.cat\\\/es\\\/versio2\\\/ca\\\/?s={search_term_string}\"},\"query-input\":{\"@type\":\"PropertyValueSpecification\",\"valueRequired\":true,\"valueName\":\"search_term_string\"}}],\"inLanguage\":\"es\"}]}<\/script>\n<!-- \/ Yoast SEO plugin. -->","yoast_head_json":{"title":"Quiero hacer una donaci\u00f3n - Fundaci\u00f3 Farinera Girona","description":"Amb el teu donatiu a la Fundaci\u00f3 Farinera Girona, contribueixes a impulsar a emprenedors i transformar positivament les comarques gironines.","robots":{"index":"index","follow":"follow","max-snippet":"max-snippet:-1","max-image-preview":"max-image-preview:large","max-video-preview":"max-video-preview:-1"},"canonical":"https:\/\/www.fundaciofarineragirona.cat\/es\/collabora-fundacio-farinera-girona\/inscripcions-donacio\/","og_locale":"es_ES","og_type":"article","og_title":"Quiero hacer una donaci\u00f3n - Fundaci\u00f3 Farinera Girona","og_description":"Amb el teu donatiu a la Fundaci\u00f3 Farinera Girona, contribueixes a impulsar a emprenedors i transformar positivament les comarques gironines.","og_url":"https:\/\/www.fundaciofarineragirona.cat\/es\/collabora-fundacio-farinera-girona\/inscripcions-donacio\/","og_site_name":"Fundaci\u00f3 Farinera Girona","article_modified_time":"2026-04-07T09:44:22+00:00","twitter_card":"summary_large_image","twitter_misc":{"Tiempo de lectura":"1 minuto"},"schema":{"@context":"https:\/\/schema.org","@graph":[{"@type":"WebPage","@id":"https:\/\/www.fundaciofarineragirona.cat\/es\/collabora-fundacio-farinera-girona\/inscripcions-donacio\/","url":"https:\/\/www.fundaciofarineragirona.cat\/es\/collabora-fundacio-farinera-girona\/inscripcions-donacio\/","name":"Quiero hacer una donaci\u00f3n - Fundaci\u00f3 Farinera Girona","isPartOf":{"@id":"https:\/\/www.fundaciofarineragirona.cat\/es\/versio2\/ca\/#website"},"datePublished":"2025-06-30T09:50:31+00:00","dateModified":"2026-04-07T09:44:22+00:00","description":"Amb el teu donatiu a la Fundaci\u00f3 Farinera Girona, contribueixes a impulsar a emprenedors i transformar positivament les comarques gironines.","breadcrumb":{"@id":"https:\/\/www.fundaciofarineragirona.cat\/es\/collabora-fundacio-farinera-girona\/inscripcions-donacio\/#breadcrumb"},"inLanguage":"es","potentialAction":[{"@type":"ReadAction","target":["https:\/\/www.fundaciofarineragirona.cat\/es\/collabora-fundacio-farinera-girona\/inscripcions-donacio\/"]}]},{"@type":"BreadcrumbList","@id":"https:\/\/www.fundaciofarineragirona.cat\/es\/collabora-fundacio-farinera-girona\/inscripcions-donacio\/#breadcrumb","itemListElement":[{"@type":"ListItem","position":1,"name":"Inici","item":"https:\/\/www.fundaciofarineragirona.cat\/es\/versio2\/es\/"},{"@type":"ListItem","position":2,"name":"Colabora","item":"\/"},{"@type":"ListItem","position":3,"name":"Quiero hacer una donaci\u00f3n"}]},{"@type":"WebSite","@id":"https:\/\/www.fundaciofarineragirona.cat\/es\/versio2\/ca\/#website","url":"https:\/\/www.fundaciofarineragirona.cat\/es\/versio2\/ca\/","name":"Fundaci\u00f3 Farinera Girona","description":"Impulsem talent, transformem territori","potentialAction":[{"@type":"SearchAction","target":{"@type":"EntryPoint","urlTemplate":"https:\/\/www.fundaciofarineragirona.cat\/es\/versio2\/ca\/?s={search_term_string}"},"query-input":{"@type":"PropertyValueSpecification","valueRequired":true,"valueName":"search_term_string"}}],"inLanguage":"es"}]}},"_links":{"self":[{"href":"https:\/\/www.fundaciofarineragirona.cat\/es\/wp-json\/wp\/v2\/pages\/1263","targetHints":{"allow":["GET"]}}],"collection":[{"href":"https:\/\/www.fundaciofarineragirona.cat\/es\/wp-json\/wp\/v2\/pages"}],"about":[{"href":"https:\/\/www.fundaciofarineragirona.cat\/es\/wp-json\/wp\/v2\/types\/page"}],"author":[{"embeddable":true,"href":"https:\/\/www.fundaciofarineragirona.cat\/es\/wp-json\/wp\/v2\/users\/1"}],"replies":[{"embeddable":true,"href":"https:\/\/www.fundaciofarineragirona.cat\/es\/wp-json\/wp\/v2\/comments?post=1263"}],"version-history":[{"count":2,"href":"https:\/\/www.fundaciofarineragirona.cat\/es\/wp-json\/wp\/v2\/pages\/1263\/revisions"}],"predecessor-version":[{"id":1892,"href":"https:\/\/www.fundaciofarineragirona.cat\/es\/wp-json\/wp\/v2\/pages\/1263\/revisions\/1892"}],"up":[{"embeddable":true,"href":"https:\/\/www.fundaciofarineragirona.cat\/es\/wp-json\/wp\/v2\/pages\/1259"}],"wp:attachment":[{"href":"https:\/\/www.fundaciofarineragirona.cat\/es\/wp-json\/wp\/v2\/media?parent=1263"}],"curies":[{"name":"wp","href":"https:\/\/api.w.org\/{rel}","templated":true}]}}