{"id":1257,"date":"2026-01-08T21:27:56","date_gmt":"2026-01-08T19:27:56","guid":{"rendered":"http:\/\/localhost\/tqeurocredit\/comunitat\/"},"modified":"2026-04-07T11:27:26","modified_gmt":"2026-04-07T09:27:26","slug":"comunitat","status":"publish","type":"page","link":"https:\/\/www.fundaciofarineragirona.cat\/es\/comunitat\/","title":{"rendered":"Comunidad y rese\u00f1as"},"content":{"rendered":"<p><span style=\"font-weight: 400;\">En la Fundaci\u00f3 Farinera Girona no solo impulsamos proyectos. Impulsamos personas, valores y conexiones reales.<\/span><\/p>\n<p><span style=\"font-weight: 400;\">Nuestra comunidad es el coraz\u00f3n de todo lo que hacemos: un espacio abierto, humano y colaborativo, donde emprendedores y emprendedoras de las comarcas gerundenses se acompa\u00f1an, se inspiran y crecen mutuamente. Tambi\u00e9n es un lugar para quienes desean ayudar, ofreciendo tiempo, experiencia o recursos para que otras personas puedan crecer.<\/span><\/p>\n<p><strong>Tanto si eres emprendedor, mentor, colaborador o miembro, aqu\u00ed tienes un lugar.<\/strong><\/p>\n","protected":false},"excerpt":{"rendered":"<p>En la Fundaci\u00f3 Farinera Girona no solo impulsamos proyectos. Impulsamos personas, valores y conexiones reales. Nuestra comunidad es el coraz\u00f3n de todo lo que hacemos: un espacio abierto, humano y colaborativo, donde emprendedores y emprendedoras de las comarcas gerundenses se acompa\u00f1an, se inspiran y crecen mutuamente. Tambi\u00e9n es un lugar para quienes desean ayudar, ofreciendo [&hellip;]<\/p>\n","protected":false},"author":1,"featured_media":0,"parent":0,"menu_order":47,"comment_status":"closed","ping_status":"closed","template":"template-pagina.php","meta":{"_acf_changed":false,"inline_featured_image":false,"footnotes":"","_links_to":"","_links_to_target":""},"class_list":["post-1257","page","type-page","status-publish","hentry"],"acf":[],"yoast_head":"<!-- This site is optimized with the Yoast SEO plugin v27.3 - https:\/\/yoast.com\/product\/yoast-seo-wordpress\/ -->\n<title>Comunidad y rese\u00f1as - Fundaci\u00f3 Farinera Girona<\/title>\n<meta name=\"robots\" content=\"index, follow, max-snippet:-1, max-image-preview:large, max-video-preview:-1\" \/>\n<link rel=\"canonical\" href=\"https:\/\/www.fundaciofarineragirona.cat\/es\/comunitat\/\" \/>\n<meta property=\"og:locale\" content=\"es_ES\" \/>\n<meta property=\"og:type\" content=\"article\" \/>\n<meta property=\"og:title\" content=\"Comunidad y rese\u00f1as - Fundaci\u00f3 Farinera Girona\" \/>\n<meta property=\"og:description\" content=\"En la Fundaci\u00f3 Farinera Girona no solo impulsamos proyectos. Impulsamos personas, valores y conexiones reales. Nuestra comunidad es el coraz\u00f3n de todo lo que hacemos: un espacio abierto, humano y colaborativo, donde emprendedores y emprendedoras de las comarcas gerundenses se acompa\u00f1an, se inspiran y crecen mutuamente. Tambi\u00e9n es un lugar para quienes desean ayudar, ofreciendo [&hellip;]\" \/>\n<meta property=\"og:url\" content=\"https:\/\/www.fundaciofarineragirona.cat\/es\/comunitat\/\" \/>\n<meta property=\"og:site_name\" content=\"Fundaci\u00f3 Farinera Girona\" \/>\n<meta property=\"article:modified_time\" content=\"2026-04-07T09:27:26+00:00\" \/>\n<meta name=\"twitter:card\" content=\"summary_large_image\" \/>\n<meta name=\"twitter:label1\" content=\"Tiempo de lectura\" \/>\n\t<meta name=\"twitter:data1\" content=\"1 minuto\" \/>\n<script type=\"application\/ld+json\" class=\"yoast-schema-graph\">{\"@context\":\"https:\\\/\\\/schema.org\",\"@graph\":[{\"@type\":\"WebPage\",\"@id\":\"https:\\\/\\\/www.fundaciofarineragirona.cat\\\/es\\\/comunitat\\\/\",\"url\":\"https:\\\/\\\/www.fundaciofarineragirona.cat\\\/es\\\/comunitat\\\/\",\"name\":\"Comunidad y rese\u00f1as - Fundaci\u00f3 Farinera Girona\",\"isPartOf\":{\"@id\":\"https:\\\/\\\/www.fundaciofarineragirona.cat\\\/es\\\/versio2\\\/ca\\\/#website\"},\"datePublished\":\"2026-01-08T19:27:56+00:00\",\"dateModified\":\"2026-04-07T09:27:26+00:00\",\"breadcrumb\":{\"@id\":\"https:\\\/\\\/www.fundaciofarineragirona.cat\\\/es\\\/comunitat\\\/#breadcrumb\"},\"inLanguage\":\"es\",\"potentialAction\":[{\"@type\":\"ReadAction\",\"target\":[\"https:\\\/\\\/www.fundaciofarineragirona.cat\\\/es\\\/comunitat\\\/\"]}]},{\"@type\":\"BreadcrumbList\",\"@id\":\"https:\\\/\\\/www.fundaciofarineragirona.cat\\\/es\\\/comunitat\\\/#breadcrumb\",\"itemListElement\":[{\"@type\":\"ListItem\",\"position\":1,\"name\":\"Inici\",\"item\":\"https:\\\/\\\/www.fundaciofarineragirona.cat\\\/es\\\/versio2\\\/es\\\/\"},{\"@type\":\"ListItem\",\"position\":2,\"name\":\"Comunidad y rese\u00f1as\"}]},{\"@type\":\"WebSite\",\"@id\":\"https:\\\/\\\/www.fundaciofarineragirona.cat\\\/es\\\/versio2\\\/ca\\\/#website\",\"url\":\"https:\\\/\\\/www.fundaciofarineragirona.cat\\\/es\\\/versio2\\\/ca\\\/\",\"name\":\"Fundaci\u00f3 Farinera Girona\",\"description\":\"Impulsem talent, transformem territori\",\"potentialAction\":[{\"@type\":\"SearchAction\",\"target\":{\"@type\":\"EntryPoint\",\"urlTemplate\":\"https:\\\/\\\/www.fundaciofarineragirona.cat\\\/es\\\/versio2\\\/ca\\\/?s={search_term_string}\"},\"query-input\":{\"@type\":\"PropertyValueSpecification\",\"valueRequired\":true,\"valueName\":\"search_term_string\"}}],\"inLanguage\":\"es\"}]}<\/script>\n<!-- \/ Yoast SEO plugin. -->","yoast_head_json":{"title":"Comunidad y rese\u00f1as - Fundaci\u00f3 Farinera Girona","robots":{"index":"index","follow":"follow","max-snippet":"max-snippet:-1","max-image-preview":"max-image-preview:large","max-video-preview":"max-video-preview:-1"},"canonical":"https:\/\/www.fundaciofarineragirona.cat\/es\/comunitat\/","og_locale":"es_ES","og_type":"article","og_title":"Comunidad y rese\u00f1as - Fundaci\u00f3 Farinera Girona","og_description":"En la Fundaci\u00f3 Farinera Girona no solo impulsamos proyectos. Impulsamos personas, valores y conexiones reales. Nuestra comunidad es el coraz\u00f3n de todo lo que hacemos: un espacio abierto, humano y colaborativo, donde emprendedores y emprendedoras de las comarcas gerundenses se acompa\u00f1an, se inspiran y crecen mutuamente. Tambi\u00e9n es un lugar para quienes desean ayudar, ofreciendo [&hellip;]","og_url":"https:\/\/www.fundaciofarineragirona.cat\/es\/comunitat\/","og_site_name":"Fundaci\u00f3 Farinera Girona","article_modified_time":"2026-04-07T09:27:26+00:00","twitter_card":"summary_large_image","twitter_misc":{"Tiempo de lectura":"1 minuto"},"schema":{"@context":"https:\/\/schema.org","@graph":[{"@type":"WebPage","@id":"https:\/\/www.fundaciofarineragirona.cat\/es\/comunitat\/","url":"https:\/\/www.fundaciofarineragirona.cat\/es\/comunitat\/","name":"Comunidad y rese\u00f1as - Fundaci\u00f3 Farinera Girona","isPartOf":{"@id":"https:\/\/www.fundaciofarineragirona.cat\/es\/versio2\/ca\/#website"},"datePublished":"2026-01-08T19:27:56+00:00","dateModified":"2026-04-07T09:27:26+00:00","breadcrumb":{"@id":"https:\/\/www.fundaciofarineragirona.cat\/es\/comunitat\/#breadcrumb"},"inLanguage":"es","potentialAction":[{"@type":"ReadAction","target":["https:\/\/www.fundaciofarineragirona.cat\/es\/comunitat\/"]}]},{"@type":"BreadcrumbList","@id":"https:\/\/www.fundaciofarineragirona.cat\/es\/comunitat\/#breadcrumb","itemListElement":[{"@type":"ListItem","position":1,"name":"Inici","item":"https:\/\/www.fundaciofarineragirona.cat\/es\/versio2\/es\/"},{"@type":"ListItem","position":2,"name":"Comunidad y rese\u00f1as"}]},{"@type":"WebSite","@id":"https:\/\/www.fundaciofarineragirona.cat\/es\/versio2\/ca\/#website","url":"https:\/\/www.fundaciofarineragirona.cat\/es\/versio2\/ca\/","name":"Fundaci\u00f3 Farinera Girona","description":"Impulsem talent, transformem territori","potentialAction":[{"@type":"SearchAction","target":{"@type":"EntryPoint","urlTemplate":"https:\/\/www.fundaciofarineragirona.cat\/es\/versio2\/ca\/?s={search_term_string}"},"query-input":{"@type":"PropertyValueSpecification","valueRequired":true,"valueName":"search_term_string"}}],"inLanguage":"es"}]}},"_links":{"self":[{"href":"https:\/\/www.fundaciofarineragirona.cat\/es\/wp-json\/wp\/v2\/pages\/1257","targetHints":{"allow":["GET"]}}],"collection":[{"href":"https:\/\/www.fundaciofarineragirona.cat\/es\/wp-json\/wp\/v2\/pages"}],"about":[{"href":"https:\/\/www.fundaciofarineragirona.cat\/es\/wp-json\/wp\/v2\/types\/page"}],"author":[{"embeddable":true,"href":"https:\/\/www.fundaciofarineragirona.cat\/es\/wp-json\/wp\/v2\/users\/1"}],"replies":[{"embeddable":true,"href":"https:\/\/www.fundaciofarineragirona.cat\/es\/wp-json\/wp\/v2\/comments?post=1257"}],"version-history":[{"count":2,"href":"https:\/\/www.fundaciofarineragirona.cat\/es\/wp-json\/wp\/v2\/pages\/1257\/revisions"}],"predecessor-version":[{"id":1884,"href":"https:\/\/www.fundaciofarineragirona.cat\/es\/wp-json\/wp\/v2\/pages\/1257\/revisions\/1884"}],"wp:attachment":[{"href":"https:\/\/www.fundaciofarineragirona.cat\/es\/wp-json\/wp\/v2\/media?parent=1257"}],"curies":[{"name":"wp","href":"https:\/\/api.w.org\/{rel}","templated":true}]}}