{"id":1255,"date":"2025-07-03T10:00:52","date_gmt":"2025-07-03T08:00:52","guid":{"rendered":"http:\/\/localhost\/tqeurocredit\/iniciatives\/trofeu-espiga-a-la-millor-rsc\/"},"modified":"2026-04-07T11:21:43","modified_gmt":"2026-04-07T09:21:43","slug":"trofeu-espiga-a-la-millor-rsc","status":"publish","type":"page","link":"https:\/\/www.fundaciofarineragirona.cat\/es\/iniciatives\/trofeu-espiga-a-la-millor-rsc\/","title":{"rendered":"Trofeo Espiga a la mejor RSC"},"content":{"rendered":"<p><span style=\"font-weight: 400;\">La Fundaci\u00f3 Farinera Girona otorga anualmente el Trofeo Espiga a la Mejor RSC, un reconocimiento simb\u00f3lico que pone en valor el compromiso de personas y organizaciones con la responsabilidad social y la transformaci\u00f3n positiva del territorio.<\/span><\/p>\n<p><span style=\"font-weight: 400;\">El Trofeo Espiga nace con la voluntad de visibilizar iniciativas que destacan por su contribuci\u00f3n a la innovaci\u00f3n social, la responsabilidad social corporativa y la construcci\u00f3n de un modelo econ\u00f3mico m\u00e1s justo, sostenible y arraigado en valores humanos.<\/span><\/p>\n<p><span style=\"font-weight: 400;\">En la edici\u00f3n del 23 de abril de 2025, el Trofeo Espiga reconoci\u00f3 a cuatro empresas del territorio por su compromiso e impacto positivo: <strong>Noel Alimentaria, Joaquim Albert\u00ed, Camps Motor y Serveis Panella.<\/strong><\/span><\/p>\n<p><span style=\"font-weight: 400;\">Con este galard\u00f3n, la Fundaci\u00f3n reafirma su misi\u00f3n de crear red, impulsar el talento y reconocer aquellos proyectos y organizaciones que contribuyen activamente al progreso social y econ\u00f3mico de las comarcas gerundenses.<\/span><\/p>\n","protected":false},"excerpt":{"rendered":"<p>La Fundaci\u00f3 Farinera Girona otorga anualmente el Trofeo Espiga a la Mejor RSC, un reconocimiento simb\u00f3lico que pone en valor el compromiso de personas y organizaciones con la responsabilidad social y la transformaci\u00f3n positiva del territorio. El Trofeo Espiga nace con la voluntad de visibilizar iniciativas que destacan por su contribuci\u00f3n a la innovaci\u00f3n social, [&hellip;]<\/p>\n","protected":false},"author":1,"featured_media":0,"parent":1245,"menu_order":46,"comment_status":"closed","ping_status":"closed","template":"premis-espiga.php","meta":{"_acf_changed":false,"inline_featured_image":false,"footnotes":"","_links_to":"","_links_to_target":""},"class_list":["post-1255","page","type-page","status-publish","hentry"],"acf":[],"yoast_head":"<!-- This site is optimized with the Yoast SEO plugin v27.3 - https:\/\/yoast.com\/product\/yoast-seo-wordpress\/ -->\n<title>Trofeo Espiga a la mejor RSC - Fundaci\u00f3 Farinera Girona<\/title>\n<meta name=\"description\" content=\"Coincidint amb la diada de Sant Jordi, la Fundaci\u00f3 Farinera Girona celebra anualment el seu acte: els\u00a0Premis a l&#039;Acci\u00f3 i l&#039;Emprenedoria Social.\" \/>\n<meta name=\"robots\" content=\"index, follow, max-snippet:-1, max-image-preview:large, max-video-preview:-1\" \/>\n<link rel=\"canonical\" href=\"https:\/\/www.fundaciofarineragirona.cat\/es\/iniciatives\/trofeu-espiga-a-la-millor-rsc\/\" \/>\n<meta property=\"og:locale\" content=\"es_ES\" \/>\n<meta property=\"og:type\" content=\"article\" \/>\n<meta property=\"og:title\" content=\"Trofeo Espiga a la mejor RSC - Fundaci\u00f3 Farinera Girona\" \/>\n<meta property=\"og:description\" content=\"Coincidint amb la diada de Sant Jordi, la Fundaci\u00f3 Farinera Girona celebra anualment el seu acte: els\u00a0Premis a l&#039;Acci\u00f3 i l&#039;Emprenedoria Social.\" \/>\n<meta property=\"og:url\" content=\"https:\/\/www.fundaciofarineragirona.cat\/es\/iniciatives\/trofeu-espiga-a-la-millor-rsc\/\" \/>\n<meta property=\"og:site_name\" content=\"Fundaci\u00f3 Farinera Girona\" \/>\n<meta property=\"article:modified_time\" content=\"2026-04-07T09:21:43+00:00\" \/>\n<meta name=\"twitter:card\" content=\"summary_large_image\" \/>\n<meta name=\"twitter:label1\" content=\"Tiempo de lectura\" \/>\n\t<meta name=\"twitter:data1\" content=\"1 minuto\" \/>\n<script type=\"application\/ld+json\" class=\"yoast-schema-graph\">{\"@context\":\"https:\\\/\\\/schema.org\",\"@graph\":[{\"@type\":\"WebPage\",\"@id\":\"https:\\\/\\\/www.fundaciofarineragirona.cat\\\/es\\\/iniciatives\\\/trofeu-espiga-a-la-millor-rsc\\\/\",\"url\":\"https:\\\/\\\/www.fundaciofarineragirona.cat\\\/es\\\/iniciatives\\\/trofeu-espiga-a-la-millor-rsc\\\/\",\"name\":\"Trofeo Espiga a la mejor RSC - Fundaci\u00f3 Farinera Girona\",\"isPartOf\":{\"@id\":\"https:\\\/\\\/www.fundaciofarineragirona.cat\\\/es\\\/versio2\\\/ca\\\/#website\"},\"datePublished\":\"2025-07-03T08:00:52+00:00\",\"dateModified\":\"2026-04-07T09:21:43+00:00\",\"description\":\"Coincidint amb la diada de Sant Jordi, la Fundaci\u00f3 Farinera Girona celebra anualment el seu acte: els\u00a0Premis a l'Acci\u00f3 i l'Emprenedoria Social.\",\"breadcrumb\":{\"@id\":\"https:\\\/\\\/www.fundaciofarineragirona.cat\\\/es\\\/iniciatives\\\/trofeu-espiga-a-la-millor-rsc\\\/#breadcrumb\"},\"inLanguage\":\"es\",\"potentialAction\":[{\"@type\":\"ReadAction\",\"target\":[\"https:\\\/\\\/www.fundaciofarineragirona.cat\\\/es\\\/iniciatives\\\/trofeu-espiga-a-la-millor-rsc\\\/\"]}]},{\"@type\":\"BreadcrumbList\",\"@id\":\"https:\\\/\\\/www.fundaciofarineragirona.cat\\\/es\\\/iniciatives\\\/trofeu-espiga-a-la-millor-rsc\\\/#breadcrumb\",\"itemListElement\":[{\"@type\":\"ListItem\",\"position\":1,\"name\":\"Inici\",\"item\":\"https:\\\/\\\/www.fundaciofarineragirona.cat\\\/es\\\/versio2\\\/es\\\/\"},{\"@type\":\"ListItem\",\"position\":2,\"name\":\"Iniciativas\",\"item\":\"\\\/\"},{\"@type\":\"ListItem\",\"position\":3,\"name\":\"Trofeo Espiga a la mejor RSC\"}]},{\"@type\":\"WebSite\",\"@id\":\"https:\\\/\\\/www.fundaciofarineragirona.cat\\\/es\\\/versio2\\\/ca\\\/#website\",\"url\":\"https:\\\/\\\/www.fundaciofarineragirona.cat\\\/es\\\/versio2\\\/ca\\\/\",\"name\":\"Fundaci\u00f3 Farinera Girona\",\"description\":\"Impulsem talent, transformem territori\",\"potentialAction\":[{\"@type\":\"SearchAction\",\"target\":{\"@type\":\"EntryPoint\",\"urlTemplate\":\"https:\\\/\\\/www.fundaciofarineragirona.cat\\\/es\\\/versio2\\\/ca\\\/?s={search_term_string}\"},\"query-input\":{\"@type\":\"PropertyValueSpecification\",\"valueRequired\":true,\"valueName\":\"search_term_string\"}}],\"inLanguage\":\"es\"}]}<\/script>\n<!-- \/ Yoast SEO plugin. -->","yoast_head_json":{"title":"Trofeo Espiga a la mejor RSC - Fundaci\u00f3 Farinera Girona","description":"Coincidint amb la diada de Sant Jordi, la Fundaci\u00f3 Farinera Girona celebra anualment el seu acte: els\u00a0Premis a l'Acci\u00f3 i l'Emprenedoria Social.","robots":{"index":"index","follow":"follow","max-snippet":"max-snippet:-1","max-image-preview":"max-image-preview:large","max-video-preview":"max-video-preview:-1"},"canonical":"https:\/\/www.fundaciofarineragirona.cat\/es\/iniciatives\/trofeu-espiga-a-la-millor-rsc\/","og_locale":"es_ES","og_type":"article","og_title":"Trofeo Espiga a la mejor RSC - Fundaci\u00f3 Farinera Girona","og_description":"Coincidint amb la diada de Sant Jordi, la Fundaci\u00f3 Farinera Girona celebra anualment el seu acte: els\u00a0Premis a l'Acci\u00f3 i l'Emprenedoria Social.","og_url":"https:\/\/www.fundaciofarineragirona.cat\/es\/iniciatives\/trofeu-espiga-a-la-millor-rsc\/","og_site_name":"Fundaci\u00f3 Farinera Girona","article_modified_time":"2026-04-07T09:21:43+00:00","twitter_card":"summary_large_image","twitter_misc":{"Tiempo de lectura":"1 minuto"},"schema":{"@context":"https:\/\/schema.org","@graph":[{"@type":"WebPage","@id":"https:\/\/www.fundaciofarineragirona.cat\/es\/iniciatives\/trofeu-espiga-a-la-millor-rsc\/","url":"https:\/\/www.fundaciofarineragirona.cat\/es\/iniciatives\/trofeu-espiga-a-la-millor-rsc\/","name":"Trofeo Espiga a la mejor RSC - Fundaci\u00f3 Farinera Girona","isPartOf":{"@id":"https:\/\/www.fundaciofarineragirona.cat\/es\/versio2\/ca\/#website"},"datePublished":"2025-07-03T08:00:52+00:00","dateModified":"2026-04-07T09:21:43+00:00","description":"Coincidint amb la diada de Sant Jordi, la Fundaci\u00f3 Farinera Girona celebra anualment el seu acte: els\u00a0Premis a l'Acci\u00f3 i l'Emprenedoria Social.","breadcrumb":{"@id":"https:\/\/www.fundaciofarineragirona.cat\/es\/iniciatives\/trofeu-espiga-a-la-millor-rsc\/#breadcrumb"},"inLanguage":"es","potentialAction":[{"@type":"ReadAction","target":["https:\/\/www.fundaciofarineragirona.cat\/es\/iniciatives\/trofeu-espiga-a-la-millor-rsc\/"]}]},{"@type":"BreadcrumbList","@id":"https:\/\/www.fundaciofarineragirona.cat\/es\/iniciatives\/trofeu-espiga-a-la-millor-rsc\/#breadcrumb","itemListElement":[{"@type":"ListItem","position":1,"name":"Inici","item":"https:\/\/www.fundaciofarineragirona.cat\/es\/versio2\/es\/"},{"@type":"ListItem","position":2,"name":"Iniciativas","item":"\/"},{"@type":"ListItem","position":3,"name":"Trofeo Espiga a la mejor RSC"}]},{"@type":"WebSite","@id":"https:\/\/www.fundaciofarineragirona.cat\/es\/versio2\/ca\/#website","url":"https:\/\/www.fundaciofarineragirona.cat\/es\/versio2\/ca\/","name":"Fundaci\u00f3 Farinera Girona","description":"Impulsem talent, transformem territori","potentialAction":[{"@type":"SearchAction","target":{"@type":"EntryPoint","urlTemplate":"https:\/\/www.fundaciofarineragirona.cat\/es\/versio2\/ca\/?s={search_term_string}"},"query-input":{"@type":"PropertyValueSpecification","valueRequired":true,"valueName":"search_term_string"}}],"inLanguage":"es"}]}},"_links":{"self":[{"href":"https:\/\/www.fundaciofarineragirona.cat\/es\/wp-json\/wp\/v2\/pages\/1255","targetHints":{"allow":["GET"]}}],"collection":[{"href":"https:\/\/www.fundaciofarineragirona.cat\/es\/wp-json\/wp\/v2\/pages"}],"about":[{"href":"https:\/\/www.fundaciofarineragirona.cat\/es\/wp-json\/wp\/v2\/types\/page"}],"author":[{"embeddable":true,"href":"https:\/\/www.fundaciofarineragirona.cat\/es\/wp-json\/wp\/v2\/users\/1"}],"replies":[{"embeddable":true,"href":"https:\/\/www.fundaciofarineragirona.cat\/es\/wp-json\/wp\/v2\/comments?post=1255"}],"version-history":[{"count":2,"href":"https:\/\/www.fundaciofarineragirona.cat\/es\/wp-json\/wp\/v2\/pages\/1255\/revisions"}],"predecessor-version":[{"id":1882,"href":"https:\/\/www.fundaciofarineragirona.cat\/es\/wp-json\/wp\/v2\/pages\/1255\/revisions\/1882"}],"up":[{"embeddable":true,"href":"https:\/\/www.fundaciofarineragirona.cat\/es\/wp-json\/wp\/v2\/pages\/1245"}],"wp:attachment":[{"href":"https:\/\/www.fundaciofarineragirona.cat\/es\/wp-json\/wp\/v2\/media?parent=1255"}],"curies":[{"name":"wp","href":"https:\/\/api.w.org\/{rel}","templated":true}]}}