{"id":1253,"date":"2025-06-24T12:42:29","date_gmt":"2025-06-24T10:42:29","guid":{"rendered":"http:\/\/localhost\/tqeurocredit\/iniciatives\/mostra-demprenedoria\/"},"modified":"2026-04-01T13:39:49","modified_gmt":"2026-04-01T11:39:49","slug":"mostra-demprenedoria","status":"publish","type":"page","link":"https:\/\/www.fundaciofarineragirona.cat\/es\/iniciatives\/mostra-demprenedoria\/","title":{"rendered":"Muestra de Emprendimiento"},"content":{"rendered":"<p><span style=\"font-weight: 400;\">La Muestra de Emprendimiento celebr\u00f3 su 13.\u00aa edici\u00f3n el 23 de octubre de 2025, este a\u00f1o impulsada por la Fundaci\u00f3 Farinera Girona y previamente presentada por Giroscopi y Assessoria Codina. Un a\u00f1o m\u00e1s, se consolid\u00f3 como un evento que reconoce e impulsa el talento emprendedor de las comarcas gerundenses, y como un espacio clave para dar visibilidad a proyectos innovadores con arraigo en el territorio. Esta edici\u00f3n cont\u00f3 con el patrocinio de <strong>Dibosch, Marlex, Privalex Partners, Kave Home y GironaHub<\/strong>.<\/span><\/p>\n<p><span style=\"font-weight: 400;\">La convocatoria se dirigi\u00f3 a proyectos que ya hubieran iniciado su actividad o que se encontraran en una fase avanzada de desarrollo y validaci\u00f3n, siempre que no tuvieran m\u00e1s de cinco a\u00f1os y mantuvieran una vinculaci\u00f3n directa con el territorio gerundense. Las inscripciones se abrieron el 11 de junio y se cerraron el 30 de septiembre, y el 10 de octubre se anunciaron los cuatro proyectos finalistas.<\/span><\/p>\n<p><span style=\"font-weight: 400;\">Entre todas las candidaturas recibidas, se seleccionaron cuatro proyectos que presentaron un pitch de 10 minutos durante el acto celebrado el 23 de octubre de 2025 en la Farinera Teixidor:<\/span><\/p>\n<ul data-start=\"1257\" data-end=\"1435\">\n<li data-start=\"1257\" data-end=\"1319\">\n<p data-start=\"1259\" data-end=\"1319\"><strong data-start=\"1259\" data-end=\"1299\">Thalio<\/strong>, de Sergi Laurent<\/p>\n<\/li>\n<li data-start=\"1320\" data-end=\"1358\">\n<p data-start=\"1322\" data-end=\"1358\"><strong data-start=\"1322\" data-end=\"1332\">WeTown<\/strong>, de Lloren\u00e7 Sol\u00e9<\/p>\n<\/li>\n<li data-start=\"1359\" data-end=\"1400\">\n<p data-start=\"1361\" data-end=\"1400\"><strong data-start=\"1361\" data-end=\"1373\">Greytank<\/strong>, de Vidal Madri\u00e0<\/p>\n<\/li>\n<li data-start=\"1401\" data-end=\"1435\">\n<p data-start=\"1403\" data-end=\"1435\"><strong data-start=\"1403\" data-end=\"1414\">Cerebro<\/strong>, de Paco Hern\u00e1ndez<\/p>\n<\/li>\n<\/ul>\n<p><span style=\"font-weight: 400;\">El jurado reconoci\u00f3 a <strong>Thalio<\/strong> como mejor proyecto emprendedor de esta edici\u00f3n. El proyecto ganador recibi\u00f3 un premio de 2.000 \u20ac en met\u00e1lico, mientras que los cuatro finalistas recibieron 500 \u20ac en servicios de GironaHub y el Trofeo Espiga como reconocimiento a su trayectoria, esfuerzo y potencial.<\/span><\/p>\n<table style=\"width: 100%; border-collapse: collapse;\" cellpadding=\"10\">\n<tbody>\n<tr>\n<td style=\"width: 14.2857%;\"><img loading=\"lazy\" decoding=\"async\" class=\"aligncenter size-medium wp-image-520\" src=\"https:\/\/www.fundaciofarineragirona.cat\/wp-content\/uploads\/2025\/06\/logo-03-300x150.jpg\" alt=\"\" width=\"300\" height=\"150\" srcset=\"https:\/\/www.fundaciofarineragirona.cat\/wp-content\/uploads\/2025\/06\/logo-03-300x150.jpg 300w, https:\/\/www.fundaciofarineragirona.cat\/wp-content\/uploads\/2025\/06\/logo-03-768x384.jpg 768w, https:\/\/www.fundaciofarineragirona.cat\/wp-content\/uploads\/2025\/06\/logo-03.jpg 983w\" sizes=\"auto, (max-width: 300px) 100vw, 300px\" \/><\/td>\n<td style=\"width: 14.2857%;\"><img loading=\"lazy\" decoding=\"async\" class=\"aligncenter size-medium wp-image-851\" src=\"https:\/\/www.fundaciofarineragirona.cat\/wp-content\/uploads\/2025\/09\/logo_GironaHub_generic_trans-e1757060386161-450x358.png\" alt=\"\" width=\"450\" height=\"358\" srcset=\"https:\/\/www.fundaciofarineragirona.cat\/wp-content\/uploads\/2025\/09\/logo_GironaHub_generic_trans-e1757060386161-450x358.png 450w, https:\/\/www.fundaciofarineragirona.cat\/wp-content\/uploads\/2025\/09\/logo_GironaHub_generic_trans-e1757060386161-1200x955.png 1200w, https:\/\/www.fundaciofarineragirona.cat\/wp-content\/uploads\/2025\/09\/logo_GironaHub_generic_trans-e1757060386161-768x611.png 768w, https:\/\/www.fundaciofarineragirona.cat\/wp-content\/uploads\/2025\/09\/logo_GironaHub_generic_trans-e1757060386161-1536x1222.png 1536w, https:\/\/www.fundaciofarineragirona.cat\/wp-content\/uploads\/2025\/09\/logo_GironaHub_generic_trans-e1757060386161.png 1602w\" sizes=\"auto, (max-width: 450px) 100vw, 450px\" \/><\/td>\n<td style=\"width: 14.2857%;\"><img loading=\"lazy\" decoding=\"async\" class=\"aligncenter size-medium wp-image-846\" src=\"https:\/\/www.fundaciofarineragirona.cat\/wp-content\/uploads\/2025\/09\/Beige-and-Pink-Modern-Gradient-Business-Consulting-Presentation-e1757060440173-450x149.png\" alt=\"\" width=\"450\" height=\"149\" srcset=\"https:\/\/www.fundaciofarineragirona.cat\/wp-content\/uploads\/2025\/09\/Beige-and-Pink-Modern-Gradient-Business-Consulting-Presentation-e1757060440173-450x149.png 450w, https:\/\/www.fundaciofarineragirona.cat\/wp-content\/uploads\/2025\/09\/Beige-and-Pink-Modern-Gradient-Business-Consulting-Presentation-e1757060440173-768x255.png 768w, https:\/\/www.fundaciofarineragirona.cat\/wp-content\/uploads\/2025\/09\/Beige-and-Pink-Modern-Gradient-Business-Consulting-Presentation-e1757060440173.png 1030w\" sizes=\"auto, (max-width: 450px) 100vw, 450px\" \/><\/td>\n<td style=\"width: 14.2857%;\"><img loading=\"lazy\" decoding=\"async\" class=\"aligncenter size-medium wp-image-859\" src=\"https:\/\/www.fundaciofarineragirona.cat\/wp-content\/uploads\/2025\/09\/Logo-PrivaLex-20-450x131.png\" alt=\"\" width=\"450\" height=\"131\" srcset=\"https:\/\/www.fundaciofarineragirona.cat\/wp-content\/uploads\/2025\/09\/Logo-PrivaLex-20-450x131.png 450w, https:\/\/www.fundaciofarineragirona.cat\/wp-content\/uploads\/2025\/09\/Logo-PrivaLex-20-1200x350.png 1200w, https:\/\/www.fundaciofarineragirona.cat\/wp-content\/uploads\/2025\/09\/Logo-PrivaLex-20-768x224.png 768w, https:\/\/www.fundaciofarineragirona.cat\/wp-content\/uploads\/2025\/09\/Logo-PrivaLex-20-1536x448.png 1536w, https:\/\/www.fundaciofarineragirona.cat\/wp-content\/uploads\/2025\/09\/Logo-PrivaLex-20-2048x597.png 2048w\" sizes=\"auto, (max-width: 450px) 100vw, 450px\" \/><\/td>\n<td style=\"width: 14.2857%;\"><img loading=\"lazy\" decoding=\"async\" class=\"aligncenter size-medium wp-image-686\" src=\"https:\/\/www.fundaciofarineragirona.cat\/wp-content\/uploads\/2025\/06\/Logo_Kave-300x58.jpg\" alt=\"\" width=\"300\" height=\"58\" srcset=\"https:\/\/www.fundaciofarineragirona.cat\/wp-content\/uploads\/2025\/06\/Logo_Kave-300x58.jpg 300w, https:\/\/www.fundaciofarineragirona.cat\/wp-content\/uploads\/2025\/06\/Logo_Kave-1024x197.jpg 1024w, https:\/\/www.fundaciofarineragirona.cat\/wp-content\/uploads\/2025\/06\/Logo_Kave-768x147.jpg 768w, https:\/\/www.fundaciofarineragirona.cat\/wp-content\/uploads\/2025\/06\/Logo_Kave.jpg 1094w\" sizes=\"auto, (max-width: 300px) 100vw, 300px\" \/><\/td>\n<td style=\"width: 14.2857%;\"><img loading=\"lazy\" decoding=\"async\" class=\"aligncenter size-full wp-image-855\" src=\"https:\/\/www.fundaciofarineragirona.cat\/wp-content\/uploads\/2025\/09\/unnamed.png\" alt=\"\" width=\"352\" height=\"51\" \/><\/td>\n<td style=\"width: 14.2857%;\"><img loading=\"lazy\" decoding=\"async\" class=\"aligncenter size-medium wp-image-869\" src=\"https:\/\/www.fundaciofarineragirona.cat\/wp-content\/uploads\/2025\/10\/Logo-verd-450x450.png\" alt=\"\" width=\"450\" height=\"450\" srcset=\"https:\/\/www.fundaciofarineragirona.cat\/wp-content\/uploads\/2025\/10\/Logo-verd-450x450.png 450w, https:\/\/www.fundaciofarineragirona.cat\/wp-content\/uploads\/2025\/10\/Logo-verd-150x150.png 150w, https:\/\/www.fundaciofarineragirona.cat\/wp-content\/uploads\/2025\/10\/Logo-verd.png 500w\" sizes=\"auto, (max-width: 450px) 100vw, 450px\" \/><\/td>\n<\/tr>\n<\/tbody>\n<\/table>\n","protected":false},"excerpt":{"rendered":"<p>La Muestra de Emprendimiento celebr\u00f3 su 13.\u00aa edici\u00f3n el 23 de octubre de 2025, este a\u00f1o impulsada por la Fundaci\u00f3 Farinera Girona y previamente presentada por Giroscopi y Assessoria Codina. Un a\u00f1o m\u00e1s, se consolid\u00f3 como un evento que reconoce e impulsa el talento emprendedor de las comarcas gerundenses, y como un espacio clave para [&hellip;]<\/p>\n","protected":false},"author":1,"featured_media":0,"parent":1245,"menu_order":41,"comment_status":"closed","ping_status":"closed","template":"beques.php","meta":{"_acf_changed":false,"inline_featured_image":false,"footnotes":"","_links_to":"","_links_to_target":""},"class_list":["post-1253","page","type-page","status-publish","hentry"],"acf":[],"yoast_head":"<!-- This site is optimized with the Yoast SEO plugin v27.3 - https:\/\/yoast.com\/product\/yoast-seo-wordpress\/ -->\n<title>Muestra de Emprendimiento - Fundaci\u00f3 Farinera Girona<\/title>\n<meta name=\"description\" content=\"La\u00a0Mostra d&#039;Emprenedoria celebrar\u00e0 la 13a edici\u00f3, i les inscripcions es tancaran el 30 de setembre d&#039;enguany. Ser\u00e0s tu un dels finalistes?\" \/>\n<meta name=\"robots\" content=\"index, follow, max-snippet:-1, max-image-preview:large, max-video-preview:-1\" \/>\n<link rel=\"canonical\" href=\"https:\/\/www.fundaciofarineragirona.cat\/es\/iniciatives\/mostra-demprenedoria\/\" \/>\n<meta property=\"og:locale\" content=\"es_ES\" \/>\n<meta property=\"og:type\" content=\"article\" \/>\n<meta property=\"og:title\" content=\"Muestra de Emprendimiento - Fundaci\u00f3 Farinera Girona\" \/>\n<meta property=\"og:description\" content=\"La\u00a0Mostra d&#039;Emprenedoria celebrar\u00e0 la 13a edici\u00f3, i les inscripcions es tancaran el 30 de setembre d&#039;enguany. Ser\u00e0s tu un dels finalistes?\" \/>\n<meta property=\"og:url\" content=\"https:\/\/www.fundaciofarineragirona.cat\/es\/iniciatives\/mostra-demprenedoria\/\" \/>\n<meta property=\"og:site_name\" content=\"Fundaci\u00f3 Farinera Girona\" \/>\n<meta property=\"article:modified_time\" content=\"2026-04-01T11:39:49+00:00\" \/>\n<meta property=\"og:image\" content=\"https:\/\/www.fundaciofarineragirona.cat\/wp-content\/uploads\/2025\/06\/logo-03.jpg\" \/>\n\t<meta property=\"og:image:width\" content=\"983\" \/>\n\t<meta property=\"og:image:height\" content=\"491\" \/>\n\t<meta property=\"og:image:type\" content=\"image\/jpeg\" \/>\n<meta name=\"twitter:card\" content=\"summary_large_image\" \/>\n<meta name=\"twitter:label1\" content=\"Tiempo de lectura\" \/>\n\t<meta name=\"twitter:data1\" content=\"3 minutos\" \/>\n<script type=\"application\/ld+json\" class=\"yoast-schema-graph\">{\"@context\":\"https:\\\/\\\/schema.org\",\"@graph\":[{\"@type\":\"WebPage\",\"@id\":\"https:\\\/\\\/www.fundaciofarineragirona.cat\\\/es\\\/iniciatives\\\/mostra-demprenedoria\\\/\",\"url\":\"https:\\\/\\\/www.fundaciofarineragirona.cat\\\/es\\\/iniciatives\\\/mostra-demprenedoria\\\/\",\"name\":\"Muestra de Emprendimiento - Fundaci\u00f3 Farinera Girona\",\"isPartOf\":{\"@id\":\"https:\\\/\\\/www.fundaciofarineragirona.cat\\\/es\\\/versio2\\\/ca\\\/#website\"},\"primaryImageOfPage\":{\"@id\":\"https:\\\/\\\/www.fundaciofarineragirona.cat\\\/es\\\/iniciatives\\\/mostra-demprenedoria\\\/#primaryimage\"},\"image\":{\"@id\":\"https:\\\/\\\/www.fundaciofarineragirona.cat\\\/es\\\/iniciatives\\\/mostra-demprenedoria\\\/#primaryimage\"},\"thumbnailUrl\":\"https:\\\/\\\/www.fundaciofarineragirona.cat\\\/wp-content\\\/uploads\\\/2025\\\/06\\\/logo-03-300x150.jpg\",\"datePublished\":\"2025-06-24T10:42:29+00:00\",\"dateModified\":\"2026-04-01T11:39:49+00:00\",\"description\":\"La\u00a0Mostra d'Emprenedoria celebrar\u00e0 la 13a edici\u00f3, i les inscripcions es tancaran el 30 de setembre d'enguany. Ser\u00e0s tu un dels finalistes?\",\"breadcrumb\":{\"@id\":\"https:\\\/\\\/www.fundaciofarineragirona.cat\\\/es\\\/iniciatives\\\/mostra-demprenedoria\\\/#breadcrumb\"},\"inLanguage\":\"es\",\"potentialAction\":[{\"@type\":\"ReadAction\",\"target\":[\"https:\\\/\\\/www.fundaciofarineragirona.cat\\\/es\\\/iniciatives\\\/mostra-demprenedoria\\\/\"]}]},{\"@type\":\"ImageObject\",\"inLanguage\":\"es\",\"@id\":\"https:\\\/\\\/www.fundaciofarineragirona.cat\\\/es\\\/iniciatives\\\/mostra-demprenedoria\\\/#primaryimage\",\"url\":\"https:\\\/\\\/www.fundaciofarineragirona.cat\\\/wp-content\\\/uploads\\\/2025\\\/06\\\/logo-03-300x150.jpg\",\"contentUrl\":\"https:\\\/\\\/www.fundaciofarineragirona.cat\\\/wp-content\\\/uploads\\\/2025\\\/06\\\/logo-03-300x150.jpg\"},{\"@type\":\"BreadcrumbList\",\"@id\":\"https:\\\/\\\/www.fundaciofarineragirona.cat\\\/es\\\/iniciatives\\\/mostra-demprenedoria\\\/#breadcrumb\",\"itemListElement\":[{\"@type\":\"ListItem\",\"position\":1,\"name\":\"Inici\",\"item\":\"https:\\\/\\\/www.fundaciofarineragirona.cat\\\/es\\\/versio2\\\/es\\\/\"},{\"@type\":\"ListItem\",\"position\":2,\"name\":\"Iniciativas\",\"item\":\"\\\/\"},{\"@type\":\"ListItem\",\"position\":3,\"name\":\"Muestra de Emprendimiento\"}]},{\"@type\":\"WebSite\",\"@id\":\"https:\\\/\\\/www.fundaciofarineragirona.cat\\\/es\\\/versio2\\\/ca\\\/#website\",\"url\":\"https:\\\/\\\/www.fundaciofarineragirona.cat\\\/es\\\/versio2\\\/ca\\\/\",\"name\":\"Fundaci\u00f3 Farinera Girona\",\"description\":\"Impulsem talent, transformem territori\",\"potentialAction\":[{\"@type\":\"SearchAction\",\"target\":{\"@type\":\"EntryPoint\",\"urlTemplate\":\"https:\\\/\\\/www.fundaciofarineragirona.cat\\\/es\\\/versio2\\\/ca\\\/?s={search_term_string}\"},\"query-input\":{\"@type\":\"PropertyValueSpecification\",\"valueRequired\":true,\"valueName\":\"search_term_string\"}}],\"inLanguage\":\"es\"}]}<\/script>\n<!-- \/ Yoast SEO plugin. -->","yoast_head_json":{"title":"Muestra de Emprendimiento - Fundaci\u00f3 Farinera Girona","description":"La\u00a0Mostra d'Emprenedoria celebrar\u00e0 la 13a edici\u00f3, i les inscripcions es tancaran el 30 de setembre d'enguany. Ser\u00e0s tu un dels finalistes?","robots":{"index":"index","follow":"follow","max-snippet":"max-snippet:-1","max-image-preview":"max-image-preview:large","max-video-preview":"max-video-preview:-1"},"canonical":"https:\/\/www.fundaciofarineragirona.cat\/es\/iniciatives\/mostra-demprenedoria\/","og_locale":"es_ES","og_type":"article","og_title":"Muestra de Emprendimiento - Fundaci\u00f3 Farinera Girona","og_description":"La\u00a0Mostra d'Emprenedoria celebrar\u00e0 la 13a edici\u00f3, i les inscripcions es tancaran el 30 de setembre d'enguany. Ser\u00e0s tu un dels finalistes?","og_url":"https:\/\/www.fundaciofarineragirona.cat\/es\/iniciatives\/mostra-demprenedoria\/","og_site_name":"Fundaci\u00f3 Farinera Girona","article_modified_time":"2026-04-01T11:39:49+00:00","og_image":[{"width":983,"height":491,"url":"https:\/\/www.fundaciofarineragirona.cat\/wp-content\/uploads\/2025\/06\/logo-03.jpg","type":"image\/jpeg"}],"twitter_card":"summary_large_image","twitter_misc":{"Tiempo de lectura":"3 minutos"},"schema":{"@context":"https:\/\/schema.org","@graph":[{"@type":"WebPage","@id":"https:\/\/www.fundaciofarineragirona.cat\/es\/iniciatives\/mostra-demprenedoria\/","url":"https:\/\/www.fundaciofarineragirona.cat\/es\/iniciatives\/mostra-demprenedoria\/","name":"Muestra de Emprendimiento - Fundaci\u00f3 Farinera Girona","isPartOf":{"@id":"https:\/\/www.fundaciofarineragirona.cat\/es\/versio2\/ca\/#website"},"primaryImageOfPage":{"@id":"https:\/\/www.fundaciofarineragirona.cat\/es\/iniciatives\/mostra-demprenedoria\/#primaryimage"},"image":{"@id":"https:\/\/www.fundaciofarineragirona.cat\/es\/iniciatives\/mostra-demprenedoria\/#primaryimage"},"thumbnailUrl":"https:\/\/www.fundaciofarineragirona.cat\/wp-content\/uploads\/2025\/06\/logo-03-300x150.jpg","datePublished":"2025-06-24T10:42:29+00:00","dateModified":"2026-04-01T11:39:49+00:00","description":"La\u00a0Mostra d'Emprenedoria celebrar\u00e0 la 13a edici\u00f3, i les inscripcions es tancaran el 30 de setembre d'enguany. Ser\u00e0s tu un dels finalistes?","breadcrumb":{"@id":"https:\/\/www.fundaciofarineragirona.cat\/es\/iniciatives\/mostra-demprenedoria\/#breadcrumb"},"inLanguage":"es","potentialAction":[{"@type":"ReadAction","target":["https:\/\/www.fundaciofarineragirona.cat\/es\/iniciatives\/mostra-demprenedoria\/"]}]},{"@type":"ImageObject","inLanguage":"es","@id":"https:\/\/www.fundaciofarineragirona.cat\/es\/iniciatives\/mostra-demprenedoria\/#primaryimage","url":"https:\/\/www.fundaciofarineragirona.cat\/wp-content\/uploads\/2025\/06\/logo-03-300x150.jpg","contentUrl":"https:\/\/www.fundaciofarineragirona.cat\/wp-content\/uploads\/2025\/06\/logo-03-300x150.jpg"},{"@type":"BreadcrumbList","@id":"https:\/\/www.fundaciofarineragirona.cat\/es\/iniciatives\/mostra-demprenedoria\/#breadcrumb","itemListElement":[{"@type":"ListItem","position":1,"name":"Inici","item":"https:\/\/www.fundaciofarineragirona.cat\/es\/versio2\/es\/"},{"@type":"ListItem","position":2,"name":"Iniciativas","item":"\/"},{"@type":"ListItem","position":3,"name":"Muestra de Emprendimiento"}]},{"@type":"WebSite","@id":"https:\/\/www.fundaciofarineragirona.cat\/es\/versio2\/ca\/#website","url":"https:\/\/www.fundaciofarineragirona.cat\/es\/versio2\/ca\/","name":"Fundaci\u00f3 Farinera Girona","description":"Impulsem talent, transformem territori","potentialAction":[{"@type":"SearchAction","target":{"@type":"EntryPoint","urlTemplate":"https:\/\/www.fundaciofarineragirona.cat\/es\/versio2\/ca\/?s={search_term_string}"},"query-input":{"@type":"PropertyValueSpecification","valueRequired":true,"valueName":"search_term_string"}}],"inLanguage":"es"}]}},"_links":{"self":[{"href":"https:\/\/www.fundaciofarineragirona.cat\/es\/wp-json\/wp\/v2\/pages\/1253","targetHints":{"allow":["GET"]}}],"collection":[{"href":"https:\/\/www.fundaciofarineragirona.cat\/es\/wp-json\/wp\/v2\/pages"}],"about":[{"href":"https:\/\/www.fundaciofarineragirona.cat\/es\/wp-json\/wp\/v2\/types\/page"}],"author":[{"embeddable":true,"href":"https:\/\/www.fundaciofarineragirona.cat\/es\/wp-json\/wp\/v2\/users\/1"}],"replies":[{"embeddable":true,"href":"https:\/\/www.fundaciofarineragirona.cat\/es\/wp-json\/wp\/v2\/comments?post=1253"}],"version-history":[{"count":2,"href":"https:\/\/www.fundaciofarineragirona.cat\/es\/wp-json\/wp\/v2\/pages\/1253\/revisions"}],"predecessor-version":[{"id":1880,"href":"https:\/\/www.fundaciofarineragirona.cat\/es\/wp-json\/wp\/v2\/pages\/1253\/revisions\/1880"}],"up":[{"embeddable":true,"href":"https:\/\/www.fundaciofarineragirona.cat\/es\/wp-json\/wp\/v2\/pages\/1245"}],"wp:attachment":[{"href":"https:\/\/www.fundaciofarineragirona.cat\/es\/wp-json\/wp\/v2\/media?parent=1253"}],"curies":[{"name":"wp","href":"https:\/\/api.w.org\/{rel}","templated":true}]}}