{"id":1251,"date":"2025-06-26T11:46:20","date_gmt":"2025-06-26T09:46:20","guid":{"rendered":"http:\/\/localhost\/tqeurocredit\/iniciatives\/beques-emprenedoria-impacte-social\/"},"modified":"2026-04-01T13:34:40","modified_gmt":"2026-04-01T11:34:40","slug":"beques-emprenedoria-impacte-social","status":"publish","type":"page","link":"https:\/\/www.fundaciofarineragirona.cat\/es\/iniciatives\/beques-emprenedoria-impacte-social\/","title":{"rendered":"Emprendimiento con impacto social"},"content":{"rendered":"<p><span style=\"font-weight: 400;\">La Fundaci\u00f3 Farinera Girona, gracias al apoyo de la <strong>Fundaci\u00f3n \u201cla Caixa\u201d<\/strong>, dispone de un fondo destinado a la formaci\u00f3n para desarrollar proyectos de emprendimiento que tengan un impacto social en las personas y en el territorio de las comarcas gerundenses. Se dispone de recursos para poder formar dos proyectos seleccionados.<\/span><\/p>\n<p><span style=\"font-weight: 400;\">Los proyectos que se presenten a la convocatoria y que sean aceptados residir\u00e1n durante un per\u00edodo de 6 meses dentro del Programa de Emprendimiento de la Fundaci\u00f3n, per\u00edodo durante el cual recibir\u00e1n apoyo, sin ning\u00fan coste, en forma de mentor\u00edas intensivas para ayudar a desarrollar el proyecto.<\/span><\/p>\n<p><img loading=\"lazy\" decoding=\"async\" class=\"size-full wp-image-949 aligncenter\" src=\"https:\/\/www.fundaciofarineragirona.cat\/wp-content\/uploads\/2026\/01\/fundacio-la-caixa.jpg\" alt=\"\" width=\"234\" height=\"132\" \/><\/p>\n","protected":false},"excerpt":{"rendered":"<p>La Fundaci\u00f3 Farinera Girona, gracias al apoyo de la Fundaci\u00f3n \u201cla Caixa\u201d, dispone de un fondo destinado a la formaci\u00f3n para desarrollar proyectos de emprendimiento que tengan un impacto social en las personas y en el territorio de las comarcas gerundenses. Se dispone de recursos para poder formar dos proyectos seleccionados. Los proyectos que se [&hellip;]<\/p>\n","protected":false},"author":1,"featured_media":0,"parent":1245,"menu_order":40,"comment_status":"closed","ping_status":"closed","template":"beques.php","meta":{"_acf_changed":false,"inline_featured_image":false,"footnotes":"","_links_to":"","_links_to_target":""},"class_list":["post-1251","page","type-page","status-publish","hentry"],"acf":[],"yoast_head":"<!-- This site is optimized with the Yoast SEO plugin v27.3 - https:\/\/yoast.com\/product\/yoast-seo-wordpress\/ -->\n<title>Emprendimiento con impacto social - Fundaci\u00f3 Farinera Girona<\/title>\n<meta name=\"description\" content=\"La Fundaci\u00f3 Farinera Girona, am el suport de la Fundaci\u00f3 &quot;la Caixa&quot;, impulsa dues beques per projectes d\u2019emprenedoria amb impacte social.\" \/>\n<meta name=\"robots\" content=\"index, follow, max-snippet:-1, max-image-preview:large, max-video-preview:-1\" \/>\n<link rel=\"canonical\" href=\"https:\/\/www.fundaciofarineragirona.cat\/es\/iniciatives\/beques-emprenedoria-impacte-social\/\" \/>\n<meta property=\"og:locale\" content=\"es_ES\" \/>\n<meta property=\"og:type\" content=\"article\" \/>\n<meta property=\"og:title\" content=\"Emprendimiento con impacto social - Fundaci\u00f3 Farinera Girona\" \/>\n<meta property=\"og:description\" content=\"La Fundaci\u00f3 Farinera Girona, am el suport de la Fundaci\u00f3 &quot;la Caixa&quot;, impulsa dues beques per projectes d\u2019emprenedoria amb impacte social.\" \/>\n<meta property=\"og:url\" content=\"https:\/\/www.fundaciofarineragirona.cat\/es\/iniciatives\/beques-emprenedoria-impacte-social\/\" \/>\n<meta property=\"og:site_name\" content=\"Fundaci\u00f3 Farinera Girona\" \/>\n<meta property=\"article:modified_time\" content=\"2026-04-01T11:34:40+00:00\" \/>\n<meta property=\"og:image\" content=\"https:\/\/www.fundaciofarineragirona.cat\/wp-content\/uploads\/2026\/01\/fundacio-la-caixa.jpg\" \/>\n\t<meta property=\"og:image:width\" content=\"234\" \/>\n\t<meta property=\"og:image:height\" content=\"132\" \/>\n\t<meta property=\"og:image:type\" content=\"image\/jpeg\" \/>\n<meta name=\"twitter:card\" content=\"summary_large_image\" \/>\n<meta name=\"twitter:label1\" content=\"Tiempo de lectura\" \/>\n\t<meta name=\"twitter:data1\" content=\"1 minuto\" \/>\n<script type=\"application\/ld+json\" class=\"yoast-schema-graph\">{\"@context\":\"https:\\\/\\\/schema.org\",\"@graph\":[{\"@type\":\"WebPage\",\"@id\":\"https:\\\/\\\/www.fundaciofarineragirona.cat\\\/es\\\/iniciatives\\\/beques-emprenedoria-impacte-social\\\/\",\"url\":\"https:\\\/\\\/www.fundaciofarineragirona.cat\\\/es\\\/iniciatives\\\/beques-emprenedoria-impacte-social\\\/\",\"name\":\"Emprendimiento con impacto social - Fundaci\u00f3 Farinera Girona\",\"isPartOf\":{\"@id\":\"https:\\\/\\\/www.fundaciofarineragirona.cat\\\/es\\\/versio2\\\/ca\\\/#website\"},\"primaryImageOfPage\":{\"@id\":\"https:\\\/\\\/www.fundaciofarineragirona.cat\\\/es\\\/iniciatives\\\/beques-emprenedoria-impacte-social\\\/#primaryimage\"},\"image\":{\"@id\":\"https:\\\/\\\/www.fundaciofarineragirona.cat\\\/es\\\/iniciatives\\\/beques-emprenedoria-impacte-social\\\/#primaryimage\"},\"thumbnailUrl\":\"https:\\\/\\\/www.fundaciofarineragirona.cat\\\/wp-content\\\/uploads\\\/2026\\\/01\\\/fundacio-la-caixa.jpg\",\"datePublished\":\"2025-06-26T09:46:20+00:00\",\"dateModified\":\"2026-04-01T11:34:40+00:00\",\"description\":\"La Fundaci\u00f3 Farinera Girona, am el suport de la Fundaci\u00f3 \\\"la Caixa\\\", impulsa dues beques per projectes d\u2019emprenedoria amb impacte social.\",\"breadcrumb\":{\"@id\":\"https:\\\/\\\/www.fundaciofarineragirona.cat\\\/es\\\/iniciatives\\\/beques-emprenedoria-impacte-social\\\/#breadcrumb\"},\"inLanguage\":\"es\",\"potentialAction\":[{\"@type\":\"ReadAction\",\"target\":[\"https:\\\/\\\/www.fundaciofarineragirona.cat\\\/es\\\/iniciatives\\\/beques-emprenedoria-impacte-social\\\/\"]}]},{\"@type\":\"ImageObject\",\"inLanguage\":\"es\",\"@id\":\"https:\\\/\\\/www.fundaciofarineragirona.cat\\\/es\\\/iniciatives\\\/beques-emprenedoria-impacte-social\\\/#primaryimage\",\"url\":\"https:\\\/\\\/www.fundaciofarineragirona.cat\\\/wp-content\\\/uploads\\\/2026\\\/01\\\/fundacio-la-caixa.jpg\",\"contentUrl\":\"https:\\\/\\\/www.fundaciofarineragirona.cat\\\/wp-content\\\/uploads\\\/2026\\\/01\\\/fundacio-la-caixa.jpg\"},{\"@type\":\"BreadcrumbList\",\"@id\":\"https:\\\/\\\/www.fundaciofarineragirona.cat\\\/es\\\/iniciatives\\\/beques-emprenedoria-impacte-social\\\/#breadcrumb\",\"itemListElement\":[{\"@type\":\"ListItem\",\"position\":1,\"name\":\"Inici\",\"item\":\"https:\\\/\\\/www.fundaciofarineragirona.cat\\\/es\\\/versio2\\\/es\\\/\"},{\"@type\":\"ListItem\",\"position\":2,\"name\":\"Iniciativas\",\"item\":\"\\\/\"},{\"@type\":\"ListItem\",\"position\":3,\"name\":\"Emprendimiento con impacto social\"}]},{\"@type\":\"WebSite\",\"@id\":\"https:\\\/\\\/www.fundaciofarineragirona.cat\\\/es\\\/versio2\\\/ca\\\/#website\",\"url\":\"https:\\\/\\\/www.fundaciofarineragirona.cat\\\/es\\\/versio2\\\/ca\\\/\",\"name\":\"Fundaci\u00f3 Farinera Girona\",\"description\":\"Impulsem talent, transformem territori\",\"potentialAction\":[{\"@type\":\"SearchAction\",\"target\":{\"@type\":\"EntryPoint\",\"urlTemplate\":\"https:\\\/\\\/www.fundaciofarineragirona.cat\\\/es\\\/versio2\\\/ca\\\/?s={search_term_string}\"},\"query-input\":{\"@type\":\"PropertyValueSpecification\",\"valueRequired\":true,\"valueName\":\"search_term_string\"}}],\"inLanguage\":\"es\"}]}<\/script>\n<!-- \/ Yoast SEO plugin. -->","yoast_head_json":{"title":"Emprendimiento con impacto social - Fundaci\u00f3 Farinera Girona","description":"La Fundaci\u00f3 Farinera Girona, am el suport de la Fundaci\u00f3 \"la Caixa\", impulsa dues beques per projectes d\u2019emprenedoria amb impacte social.","robots":{"index":"index","follow":"follow","max-snippet":"max-snippet:-1","max-image-preview":"max-image-preview:large","max-video-preview":"max-video-preview:-1"},"canonical":"https:\/\/www.fundaciofarineragirona.cat\/es\/iniciatives\/beques-emprenedoria-impacte-social\/","og_locale":"es_ES","og_type":"article","og_title":"Emprendimiento con impacto social - Fundaci\u00f3 Farinera Girona","og_description":"La Fundaci\u00f3 Farinera Girona, am el suport de la Fundaci\u00f3 \"la Caixa\", impulsa dues beques per projectes d\u2019emprenedoria amb impacte social.","og_url":"https:\/\/www.fundaciofarineragirona.cat\/es\/iniciatives\/beques-emprenedoria-impacte-social\/","og_site_name":"Fundaci\u00f3 Farinera Girona","article_modified_time":"2026-04-01T11:34:40+00:00","og_image":[{"width":234,"height":132,"url":"https:\/\/www.fundaciofarineragirona.cat\/wp-content\/uploads\/2026\/01\/fundacio-la-caixa.jpg","type":"image\/jpeg"}],"twitter_card":"summary_large_image","twitter_misc":{"Tiempo de lectura":"1 minuto"},"schema":{"@context":"https:\/\/schema.org","@graph":[{"@type":"WebPage","@id":"https:\/\/www.fundaciofarineragirona.cat\/es\/iniciatives\/beques-emprenedoria-impacte-social\/","url":"https:\/\/www.fundaciofarineragirona.cat\/es\/iniciatives\/beques-emprenedoria-impacte-social\/","name":"Emprendimiento con impacto social - Fundaci\u00f3 Farinera Girona","isPartOf":{"@id":"https:\/\/www.fundaciofarineragirona.cat\/es\/versio2\/ca\/#website"},"primaryImageOfPage":{"@id":"https:\/\/www.fundaciofarineragirona.cat\/es\/iniciatives\/beques-emprenedoria-impacte-social\/#primaryimage"},"image":{"@id":"https:\/\/www.fundaciofarineragirona.cat\/es\/iniciatives\/beques-emprenedoria-impacte-social\/#primaryimage"},"thumbnailUrl":"https:\/\/www.fundaciofarineragirona.cat\/wp-content\/uploads\/2026\/01\/fundacio-la-caixa.jpg","datePublished":"2025-06-26T09:46:20+00:00","dateModified":"2026-04-01T11:34:40+00:00","description":"La Fundaci\u00f3 Farinera Girona, am el suport de la Fundaci\u00f3 \"la Caixa\", impulsa dues beques per projectes d\u2019emprenedoria amb impacte social.","breadcrumb":{"@id":"https:\/\/www.fundaciofarineragirona.cat\/es\/iniciatives\/beques-emprenedoria-impacte-social\/#breadcrumb"},"inLanguage":"es","potentialAction":[{"@type":"ReadAction","target":["https:\/\/www.fundaciofarineragirona.cat\/es\/iniciatives\/beques-emprenedoria-impacte-social\/"]}]},{"@type":"ImageObject","inLanguage":"es","@id":"https:\/\/www.fundaciofarineragirona.cat\/es\/iniciatives\/beques-emprenedoria-impacte-social\/#primaryimage","url":"https:\/\/www.fundaciofarineragirona.cat\/wp-content\/uploads\/2026\/01\/fundacio-la-caixa.jpg","contentUrl":"https:\/\/www.fundaciofarineragirona.cat\/wp-content\/uploads\/2026\/01\/fundacio-la-caixa.jpg"},{"@type":"BreadcrumbList","@id":"https:\/\/www.fundaciofarineragirona.cat\/es\/iniciatives\/beques-emprenedoria-impacte-social\/#breadcrumb","itemListElement":[{"@type":"ListItem","position":1,"name":"Inici","item":"https:\/\/www.fundaciofarineragirona.cat\/es\/versio2\/es\/"},{"@type":"ListItem","position":2,"name":"Iniciativas","item":"\/"},{"@type":"ListItem","position":3,"name":"Emprendimiento con impacto social"}]},{"@type":"WebSite","@id":"https:\/\/www.fundaciofarineragirona.cat\/es\/versio2\/ca\/#website","url":"https:\/\/www.fundaciofarineragirona.cat\/es\/versio2\/ca\/","name":"Fundaci\u00f3 Farinera Girona","description":"Impulsem talent, transformem territori","potentialAction":[{"@type":"SearchAction","target":{"@type":"EntryPoint","urlTemplate":"https:\/\/www.fundaciofarineragirona.cat\/es\/versio2\/ca\/?s={search_term_string}"},"query-input":{"@type":"PropertyValueSpecification","valueRequired":true,"valueName":"search_term_string"}}],"inLanguage":"es"}]}},"_links":{"self":[{"href":"https:\/\/www.fundaciofarineragirona.cat\/es\/wp-json\/wp\/v2\/pages\/1251","targetHints":{"allow":["GET"]}}],"collection":[{"href":"https:\/\/www.fundaciofarineragirona.cat\/es\/wp-json\/wp\/v2\/pages"}],"about":[{"href":"https:\/\/www.fundaciofarineragirona.cat\/es\/wp-json\/wp\/v2\/types\/page"}],"author":[{"embeddable":true,"href":"https:\/\/www.fundaciofarineragirona.cat\/es\/wp-json\/wp\/v2\/users\/1"}],"replies":[{"embeddable":true,"href":"https:\/\/www.fundaciofarineragirona.cat\/es\/wp-json\/wp\/v2\/comments?post=1251"}],"version-history":[{"count":3,"href":"https:\/\/www.fundaciofarineragirona.cat\/es\/wp-json\/wp\/v2\/pages\/1251\/revisions"}],"predecessor-version":[{"id":1878,"href":"https:\/\/www.fundaciofarineragirona.cat\/es\/wp-json\/wp\/v2\/pages\/1251\/revisions\/1878"}],"up":[{"embeddable":true,"href":"https:\/\/www.fundaciofarineragirona.cat\/es\/wp-json\/wp\/v2\/pages\/1245"}],"wp:attachment":[{"href":"https:\/\/www.fundaciofarineragirona.cat\/es\/wp-json\/wp\/v2\/media?parent=1251"}],"curies":[{"name":"wp","href":"https:\/\/api.w.org\/{rel}","templated":true}]}}