{"id":1249,"date":"2026-02-11T14:25:30","date_gmt":"2026-02-11T12:25:30","guid":{"rendered":"http:\/\/localhost\/tqeurocredit\/iniciatives\/cicle-autentics\/"},"modified":"2026-04-01T13:30:52","modified_gmt":"2026-04-01T11:30:52","slug":"cicle-autentics","status":"publish","type":"page","link":"https:\/\/www.fundaciofarineragirona.cat\/es\/iniciatives\/cicle-autentics\/","title":{"rendered":"Ciclo Aut\u00e9nticos"},"content":{"rendered":"<p><span style=\"font-weight: 400;\">El Ciclo Aut\u00e9nticos es una iniciativa del Programa de Emprendimiento de la Fundaci\u00f3 Farinera Girona que nace con la voluntad de crear un espacio de conversaci\u00f3n real y cercana sobre el camino del emprendimiento.<\/span><\/p>\n<p><span style=\"font-weight: 400;\">El objetivo del ciclo es ir m\u00e1s all\u00e1 de los relatos de \u00e9xito y poner el foco en las experiencias vividas: los retos, los aprendizajes y las decisiones dif\u00edciles que configuran cualquier trayectoria empresarial. A trav\u00e9s de sesiones participativas, invitamos a fundadores, fundadoras y profesionales de referencia a compartir su historia en primera persona, sin filtros.<\/span><\/p>\n<p><span style=\"font-weight: 400;\">Cada encuentro est\u00e1 dise\u00f1ado para que el p\u00fablico pueda intervenir, hacer preguntas y explorar aquellos aspectos menos visibles pero esenciales en el desarrollo de un proyecto empresarial.<\/span><\/p>\n<p><span style=\"font-weight: 400;\">El 22 de enero de 2026 dimos inicio al Ciclo Aut\u00e9nticos con <strong>In\u00e9s Ures<\/strong>, CEO y cofundadora de Arp\u00edas y socia fundadora del fondo de inversi\u00f3n Real Ventures. Durante la sesi\u00f3n, comparti\u00f3 m\u00e1s de 15 a\u00f1os de experiencia en marketing, trabajando para empresas como Treatwell, Deliveroo, Atr\u00e1palo o Groupalia, y reflexion\u00f3 sobre los aprendizajes y los retos que ha encontrado a lo largo de su recorrido profesional.<\/span><\/p>\n<p><span style=\"font-weight: 400;\">El Ciclo Aut\u00e9nticos cuenta con el patrocinio de <strong>Frit Ravich<\/strong> y <strong>GironaHub<\/strong>.<\/span><\/p>\n<table style=\"border-collapse: collapse; width: 100%; height: 73px;\">\n<tbody>\n<tr style=\"height: 73px;\">\n<td style=\"width: 50%; height: 73px;\"><img loading=\"lazy\" decoding=\"async\" class=\"aligncenter wp-image-891\" src=\"https:\/\/www.fundaciofarineragirona.cat\/wp-content\/uploads\/2025\/11\/Logo-Frit-Ravich_color-450x353.png\" alt=\"\" width=\"94\" height=\"74\" srcset=\"https:\/\/www.fundaciofarineragirona.cat\/wp-content\/uploads\/2025\/11\/Logo-Frit-Ravich_color-450x353.png 450w, https:\/\/www.fundaciofarineragirona.cat\/wp-content\/uploads\/2025\/11\/Logo-Frit-Ravich_color-1200x941.png 1200w, https:\/\/www.fundaciofarineragirona.cat\/wp-content\/uploads\/2025\/11\/Logo-Frit-Ravich_color-768x602.png 768w, https:\/\/www.fundaciofarineragirona.cat\/wp-content\/uploads\/2025\/11\/Logo-Frit-Ravich_color-1536x1204.png 1536w, https:\/\/www.fundaciofarineragirona.cat\/wp-content\/uploads\/2025\/11\/Logo-Frit-Ravich_color.png 1990w\" sizes=\"auto, (max-width: 94px) 100vw, 94px\" \/><\/td>\n<td style=\"width: 50%; height: 73px;\"><img loading=\"lazy\" decoding=\"async\" class=\"aligncenter wp-image-851\" src=\"https:\/\/www.fundaciofarineragirona.cat\/wp-content\/uploads\/2025\/09\/logo_GironaHub_generic_trans-e1757060386161-450x358.png\" alt=\"\" width=\"97\" height=\"77\" srcset=\"https:\/\/www.fundaciofarineragirona.cat\/wp-content\/uploads\/2025\/09\/logo_GironaHub_generic_trans-e1757060386161-450x358.png 450w, https:\/\/www.fundaciofarineragirona.cat\/wp-content\/uploads\/2025\/09\/logo_GironaHub_generic_trans-e1757060386161-1200x955.png 1200w, https:\/\/www.fundaciofarineragirona.cat\/wp-content\/uploads\/2025\/09\/logo_GironaHub_generic_trans-e1757060386161-768x611.png 768w, https:\/\/www.fundaciofarineragirona.cat\/wp-content\/uploads\/2025\/09\/logo_GironaHub_generic_trans-e1757060386161-1536x1222.png 1536w, https:\/\/www.fundaciofarineragirona.cat\/wp-content\/uploads\/2025\/09\/logo_GironaHub_generic_trans-e1757060386161.png 1602w\" sizes=\"auto, (max-width: 97px) 100vw, 97px\" \/><\/td>\n<\/tr>\n<\/tbody>\n<\/table>\n","protected":false},"excerpt":{"rendered":"<p>El Ciclo Aut\u00e9nticos es una iniciativa del Programa de Emprendimiento de la Fundaci\u00f3 Farinera Girona que nace con la voluntad de crear un espacio de conversaci\u00f3n real y cercana sobre el camino del emprendimiento. El objetivo del ciclo es ir m\u00e1s all\u00e1 de los relatos de \u00e9xito y poner el foco en las experiencias vividas: [&hellip;]<\/p>\n","protected":false},"author":1,"featured_media":0,"parent":1245,"menu_order":36,"comment_status":"closed","ping_status":"closed","template":"template-pagina.php","meta":{"_acf_changed":false,"inline_featured_image":false,"footnotes":"","_links_to":"","_links_to_target":""},"class_list":["post-1249","page","type-page","status-publish","hentry"],"acf":[],"yoast_head":"<!-- This site is optimized with the Yoast SEO plugin v27.3 - https:\/\/yoast.com\/product\/yoast-seo-wordpress\/ -->\n<title>Ciclo Aut\u00e9nticos - Fundaci\u00f3 Farinera Girona<\/title>\n<meta name=\"robots\" content=\"index, follow, max-snippet:-1, max-image-preview:large, max-video-preview:-1\" \/>\n<link rel=\"canonical\" href=\"https:\/\/www.fundaciofarineragirona.cat\/es\/iniciatives\/cicle-autentics\/\" \/>\n<meta property=\"og:locale\" content=\"es_ES\" \/>\n<meta property=\"og:type\" content=\"article\" \/>\n<meta property=\"og:title\" content=\"Ciclo Aut\u00e9nticos - Fundaci\u00f3 Farinera Girona\" \/>\n<meta property=\"og:description\" content=\"El Ciclo Aut\u00e9nticos es una iniciativa del Programa de Emprendimiento de la Fundaci\u00f3 Farinera Girona que nace con la voluntad de crear un espacio de conversaci\u00f3n real y cercana sobre el camino del emprendimiento. El objetivo del ciclo es ir m\u00e1s all\u00e1 de los relatos de \u00e9xito y poner el foco en las experiencias vividas: [&hellip;]\" \/>\n<meta property=\"og:url\" content=\"https:\/\/www.fundaciofarineragirona.cat\/es\/iniciatives\/cicle-autentics\/\" \/>\n<meta property=\"og:site_name\" content=\"Fundaci\u00f3 Farinera Girona\" \/>\n<meta property=\"article:modified_time\" content=\"2026-04-01T11:30:52+00:00\" \/>\n<meta property=\"og:image\" content=\"https:\/\/www.fundaciofarineragirona.cat\/wp-content\/uploads\/2025\/11\/Logo-Frit-Ravich_color.png\" \/>\n\t<meta property=\"og:image:width\" content=\"1990\" \/>\n\t<meta property=\"og:image:height\" content=\"1560\" \/>\n\t<meta property=\"og:image:type\" content=\"image\/png\" \/>\n<meta name=\"twitter:card\" content=\"summary_large_image\" \/>\n<meta name=\"twitter:label1\" content=\"Tiempo de lectura\" \/>\n\t<meta name=\"twitter:data1\" content=\"2 minutos\" \/>\n<script type=\"application\/ld+json\" class=\"yoast-schema-graph\">{\"@context\":\"https:\\\/\\\/schema.org\",\"@graph\":[{\"@type\":\"WebPage\",\"@id\":\"https:\\\/\\\/www.fundaciofarineragirona.cat\\\/es\\\/iniciatives\\\/cicle-autentics\\\/\",\"url\":\"https:\\\/\\\/www.fundaciofarineragirona.cat\\\/es\\\/iniciatives\\\/cicle-autentics\\\/\",\"name\":\"Ciclo Aut\u00e9nticos - Fundaci\u00f3 Farinera Girona\",\"isPartOf\":{\"@id\":\"https:\\\/\\\/www.fundaciofarineragirona.cat\\\/es\\\/versio2\\\/ca\\\/#website\"},\"primaryImageOfPage\":{\"@id\":\"https:\\\/\\\/www.fundaciofarineragirona.cat\\\/es\\\/iniciatives\\\/cicle-autentics\\\/#primaryimage\"},\"image\":{\"@id\":\"https:\\\/\\\/www.fundaciofarineragirona.cat\\\/es\\\/iniciatives\\\/cicle-autentics\\\/#primaryimage\"},\"thumbnailUrl\":\"https:\\\/\\\/www.fundaciofarineragirona.cat\\\/wp-content\\\/uploads\\\/2025\\\/11\\\/Logo-Frit-Ravich_color-450x353.png\",\"datePublished\":\"2026-02-11T12:25:30+00:00\",\"dateModified\":\"2026-04-01T11:30:52+00:00\",\"breadcrumb\":{\"@id\":\"https:\\\/\\\/www.fundaciofarineragirona.cat\\\/es\\\/iniciatives\\\/cicle-autentics\\\/#breadcrumb\"},\"inLanguage\":\"es\",\"potentialAction\":[{\"@type\":\"ReadAction\",\"target\":[\"https:\\\/\\\/www.fundaciofarineragirona.cat\\\/es\\\/iniciatives\\\/cicle-autentics\\\/\"]}]},{\"@type\":\"ImageObject\",\"inLanguage\":\"es\",\"@id\":\"https:\\\/\\\/www.fundaciofarineragirona.cat\\\/es\\\/iniciatives\\\/cicle-autentics\\\/#primaryimage\",\"url\":\"https:\\\/\\\/www.fundaciofarineragirona.cat\\\/wp-content\\\/uploads\\\/2025\\\/11\\\/Logo-Frit-Ravich_color-450x353.png\",\"contentUrl\":\"https:\\\/\\\/www.fundaciofarineragirona.cat\\\/wp-content\\\/uploads\\\/2025\\\/11\\\/Logo-Frit-Ravich_color-450x353.png\"},{\"@type\":\"BreadcrumbList\",\"@id\":\"https:\\\/\\\/www.fundaciofarineragirona.cat\\\/es\\\/iniciatives\\\/cicle-autentics\\\/#breadcrumb\",\"itemListElement\":[{\"@type\":\"ListItem\",\"position\":1,\"name\":\"Inici\",\"item\":\"https:\\\/\\\/www.fundaciofarineragirona.cat\\\/es\\\/versio2\\\/es\\\/\"},{\"@type\":\"ListItem\",\"position\":2,\"name\":\"Iniciativas\",\"item\":\"\\\/\"},{\"@type\":\"ListItem\",\"position\":3,\"name\":\"Ciclo Aut\u00e9nticos\"}]},{\"@type\":\"WebSite\",\"@id\":\"https:\\\/\\\/www.fundaciofarineragirona.cat\\\/es\\\/versio2\\\/ca\\\/#website\",\"url\":\"https:\\\/\\\/www.fundaciofarineragirona.cat\\\/es\\\/versio2\\\/ca\\\/\",\"name\":\"Fundaci\u00f3 Farinera Girona\",\"description\":\"Impulsem talent, transformem territori\",\"potentialAction\":[{\"@type\":\"SearchAction\",\"target\":{\"@type\":\"EntryPoint\",\"urlTemplate\":\"https:\\\/\\\/www.fundaciofarineragirona.cat\\\/es\\\/versio2\\\/ca\\\/?s={search_term_string}\"},\"query-input\":{\"@type\":\"PropertyValueSpecification\",\"valueRequired\":true,\"valueName\":\"search_term_string\"}}],\"inLanguage\":\"es\"}]}<\/script>\n<!-- \/ Yoast SEO plugin. -->","yoast_head_json":{"title":"Ciclo Aut\u00e9nticos - Fundaci\u00f3 Farinera Girona","robots":{"index":"index","follow":"follow","max-snippet":"max-snippet:-1","max-image-preview":"max-image-preview:large","max-video-preview":"max-video-preview:-1"},"canonical":"https:\/\/www.fundaciofarineragirona.cat\/es\/iniciatives\/cicle-autentics\/","og_locale":"es_ES","og_type":"article","og_title":"Ciclo Aut\u00e9nticos - Fundaci\u00f3 Farinera Girona","og_description":"El Ciclo Aut\u00e9nticos es una iniciativa del Programa de Emprendimiento de la Fundaci\u00f3 Farinera Girona que nace con la voluntad de crear un espacio de conversaci\u00f3n real y cercana sobre el camino del emprendimiento. El objetivo del ciclo es ir m\u00e1s all\u00e1 de los relatos de \u00e9xito y poner el foco en las experiencias vividas: [&hellip;]","og_url":"https:\/\/www.fundaciofarineragirona.cat\/es\/iniciatives\/cicle-autentics\/","og_site_name":"Fundaci\u00f3 Farinera Girona","article_modified_time":"2026-04-01T11:30:52+00:00","og_image":[{"width":1990,"height":1560,"url":"https:\/\/www.fundaciofarineragirona.cat\/wp-content\/uploads\/2025\/11\/Logo-Frit-Ravich_color.png","type":"image\/png"}],"twitter_card":"summary_large_image","twitter_misc":{"Tiempo de lectura":"2 minutos"},"schema":{"@context":"https:\/\/schema.org","@graph":[{"@type":"WebPage","@id":"https:\/\/www.fundaciofarineragirona.cat\/es\/iniciatives\/cicle-autentics\/","url":"https:\/\/www.fundaciofarineragirona.cat\/es\/iniciatives\/cicle-autentics\/","name":"Ciclo Aut\u00e9nticos - Fundaci\u00f3 Farinera Girona","isPartOf":{"@id":"https:\/\/www.fundaciofarineragirona.cat\/es\/versio2\/ca\/#website"},"primaryImageOfPage":{"@id":"https:\/\/www.fundaciofarineragirona.cat\/es\/iniciatives\/cicle-autentics\/#primaryimage"},"image":{"@id":"https:\/\/www.fundaciofarineragirona.cat\/es\/iniciatives\/cicle-autentics\/#primaryimage"},"thumbnailUrl":"https:\/\/www.fundaciofarineragirona.cat\/wp-content\/uploads\/2025\/11\/Logo-Frit-Ravich_color-450x353.png","datePublished":"2026-02-11T12:25:30+00:00","dateModified":"2026-04-01T11:30:52+00:00","breadcrumb":{"@id":"https:\/\/www.fundaciofarineragirona.cat\/es\/iniciatives\/cicle-autentics\/#breadcrumb"},"inLanguage":"es","potentialAction":[{"@type":"ReadAction","target":["https:\/\/www.fundaciofarineragirona.cat\/es\/iniciatives\/cicle-autentics\/"]}]},{"@type":"ImageObject","inLanguage":"es","@id":"https:\/\/www.fundaciofarineragirona.cat\/es\/iniciatives\/cicle-autentics\/#primaryimage","url":"https:\/\/www.fundaciofarineragirona.cat\/wp-content\/uploads\/2025\/11\/Logo-Frit-Ravich_color-450x353.png","contentUrl":"https:\/\/www.fundaciofarineragirona.cat\/wp-content\/uploads\/2025\/11\/Logo-Frit-Ravich_color-450x353.png"},{"@type":"BreadcrumbList","@id":"https:\/\/www.fundaciofarineragirona.cat\/es\/iniciatives\/cicle-autentics\/#breadcrumb","itemListElement":[{"@type":"ListItem","position":1,"name":"Inici","item":"https:\/\/www.fundaciofarineragirona.cat\/es\/versio2\/es\/"},{"@type":"ListItem","position":2,"name":"Iniciativas","item":"\/"},{"@type":"ListItem","position":3,"name":"Ciclo Aut\u00e9nticos"}]},{"@type":"WebSite","@id":"https:\/\/www.fundaciofarineragirona.cat\/es\/versio2\/ca\/#website","url":"https:\/\/www.fundaciofarineragirona.cat\/es\/versio2\/ca\/","name":"Fundaci\u00f3 Farinera Girona","description":"Impulsem talent, transformem territori","potentialAction":[{"@type":"SearchAction","target":{"@type":"EntryPoint","urlTemplate":"https:\/\/www.fundaciofarineragirona.cat\/es\/versio2\/ca\/?s={search_term_string}"},"query-input":{"@type":"PropertyValueSpecification","valueRequired":true,"valueName":"search_term_string"}}],"inLanguage":"es"}]}},"_links":{"self":[{"href":"https:\/\/www.fundaciofarineragirona.cat\/es\/wp-json\/wp\/v2\/pages\/1249","targetHints":{"allow":["GET"]}}],"collection":[{"href":"https:\/\/www.fundaciofarineragirona.cat\/es\/wp-json\/wp\/v2\/pages"}],"about":[{"href":"https:\/\/www.fundaciofarineragirona.cat\/es\/wp-json\/wp\/v2\/types\/page"}],"author":[{"embeddable":true,"href":"https:\/\/www.fundaciofarineragirona.cat\/es\/wp-json\/wp\/v2\/users\/1"}],"replies":[{"embeddable":true,"href":"https:\/\/www.fundaciofarineragirona.cat\/es\/wp-json\/wp\/v2\/comments?post=1249"}],"version-history":[{"count":2,"href":"https:\/\/www.fundaciofarineragirona.cat\/es\/wp-json\/wp\/v2\/pages\/1249\/revisions"}],"predecessor-version":[{"id":1875,"href":"https:\/\/www.fundaciofarineragirona.cat\/es\/wp-json\/wp\/v2\/pages\/1249\/revisions\/1875"}],"up":[{"embeddable":true,"href":"https:\/\/www.fundaciofarineragirona.cat\/es\/wp-json\/wp\/v2\/pages\/1245"}],"wp:attachment":[{"href":"https:\/\/www.fundaciofarineragirona.cat\/es\/wp-json\/wp\/v2\/media?parent=1249"}],"curies":[{"name":"wp","href":"https:\/\/api.w.org\/{rel}","templated":true}]}}