{"id":1247,"date":"2026-01-08T22:07:22","date_gmt":"2026-01-08T20:07:22","guid":{"rendered":"http:\/\/localhost\/tqeurocredit\/iniciatives\/presentacio-de-projectes\/"},"modified":"2026-04-01T13:28:51","modified_gmt":"2026-04-01T11:28:51","slug":"presentacio-de-projectes","status":"publish","type":"page","link":"https:\/\/www.fundaciofarineragirona.cat\/es\/iniciatives\/presentacio-de-projectes\/","title":{"rendered":"Presentaci\u00f3n de proyectos"},"content":{"rendered":"<p><span style=\"font-weight: 400;\">La Presentaci\u00f3n de Proyectos es un evento impulsado por el Programa de Emprendimiento de la Fundaci\u00f3 Farinera Girona. Este evento anual marca el cierre de un proceso intensivo de meses de trabajo y acompa\u00f1amiento personalizado, en el que cada emprendedor y emprendedora ha dado forma a una idea con potencial de transformaci\u00f3n.<\/span><\/p>\n<p><span style=\"font-weight: 400;\">En el marco de la Presentaci\u00f3n de Proyectos 24\/25 del 2 de julio de 2025, ocho iniciativas subieron al escenario para compartir mucho m\u00e1s que una idea: compartieron su visi\u00f3n, sus valores y el compromiso de construir un futuro con sentido.<\/span><\/p>\n<p><span style=\"font-weight: 400;\">Los proyectos que se presentaron fueron:<\/span><\/p>\n<ul>\n<li><span style=\"font-weight: 400;\"><strong>Uspot<\/strong>, con Adri\u00e0 Bosser y Carles Espu\u00f1a<\/span><\/li>\n<li data-start=\"537\" data-end=\"573\">\n<p><span style=\"font-weight: 400;\"><strong>Upcyon<\/strong>, de Juli\u00e1n Valdespina\u00a0<\/span><\/p>\n<\/li>\n<li data-start=\"574\" data-end=\"637\">\n<p><span style=\"font-weight: 400;\"><strong>Menuts Girona<\/strong>, a cargo de Maria Artigas y Gerard Serra<\/span><\/p>\n<\/li>\n<li data-start=\"638\" data-end=\"670\">\n<p><span style=\"font-weight: 400;\"><strong>WeTown<\/strong>, con Lloren\u00e7 Sol\u00e9<\/span><\/p>\n<\/li>\n<li data-start=\"671\" data-end=\"709\">\n<p><span style=\"font-weight: 400;\"><strong>Minai Capital<\/strong>, de Xavier L\u00f3pez<\/span><\/p>\n<\/li>\n<li data-start=\"710\" data-end=\"756\">\n<p><span style=\"font-weight: 400;\"><strong>Vook Audio<\/strong>, presentado por Arnau Lozano<\/span><\/p>\n<\/li>\n<li data-start=\"757\" data-end=\"836\">\n<p><span style=\"font-weight: 400;\"><strong>We Are Spicy<\/strong>, formado por Aleix Plana, Joaquim Melendez y Guillem Ferrer<\/span><\/p>\n<\/li>\n<li data-start=\"837\" data-end=\"893\">\n<p><span style=\"font-weight: 400;\"><strong>Weplan<\/strong>, representado por Eduard Bonet y Adri\u00e0 Riu<\/span><\/p>\n<\/li>\n<\/ul>\n<table style=\"border-collapse: collapse; width: 100%;\">\n<tbody>\n<tr>\n<td style=\"width: 25%;\"><a href=\"https:\/\/www.fundaciofarineragirona.cat\/wp-content\/uploads\/2026\/02\/logo-75a8b7267348da2ac6919f64d69dc0bfce06ece0fc2a9771ddadfb7f3ec80077.svg\"><img loading=\"lazy\" decoding=\"async\" class=\"aligncenter  wp-image-1124\" src=\"https:\/\/www.fundaciofarineragirona.cat\/wp-content\/uploads\/2026\/02\/logo-75a8b7267348da2ac6919f64d69dc0bfce06ece0fc2a9771ddadfb7f3ec80077.svg\" alt=\"\" width=\"139\" height=\"49\" \/><\/a><\/td>\n<td style=\"width: 25%;\"><img loading=\"lazy\" decoding=\"async\" class=\"aligncenter  wp-image-1125\" src=\"https:\/\/www.fundaciofarineragirona.cat\/wp-content\/uploads\/2026\/02\/logo_guapo-removebg-preview-ALpel42QZEi5Qak2.png.avif\" alt=\"\" width=\"144\" height=\"54\" \/><\/td>\n<td style=\"width: 25%;\"><img loading=\"lazy\" decoding=\"async\" class=\"aligncenter  wp-image-1129\" src=\"https:\/\/www.fundaciofarineragirona.cat\/wp-content\/uploads\/2026\/02\/Spot-450x422.jpg\" alt=\"\" width=\"104\" height=\"98\" srcset=\"https:\/\/www.fundaciofarineragirona.cat\/wp-content\/uploads\/2026\/02\/Spot-450x422.jpg 450w, https:\/\/www.fundaciofarineragirona.cat\/wp-content\/uploads\/2026\/02\/Spot.jpg 745w\" sizes=\"auto, (max-width: 104px) 100vw, 104px\" \/><\/td>\n<td style=\"width: 25%;\"><a href=\"https:\/\/www.fundaciofarineragirona.cat\/wp-content\/uploads\/2026\/02\/Logotip_WeTown_Horitzontal_Positiu.svg\"><img loading=\"lazy\" decoding=\"async\" class=\"aligncenter  wp-image-1127\" src=\"https:\/\/www.fundaciofarineragirona.cat\/wp-content\/uploads\/2026\/02\/Logotip_WeTown_Horitzontal_Positiu.svg\" alt=\"\" width=\"161\" height=\"31\" \/><\/a><\/td>\n<\/tr>\n<tr>\n<td style=\"width: 25%;\"><img loading=\"lazy\" decoding=\"async\" class=\"aligncenter  wp-image-1131\" src=\"https:\/\/www.fundaciofarineragirona.cat\/wp-content\/uploads\/2026\/02\/Spot-1-450x227.jpg\" alt=\"\" width=\"139\" height=\"70\" srcset=\"https:\/\/www.fundaciofarineragirona.cat\/wp-content\/uploads\/2026\/02\/Spot-1-450x227.jpg 450w, https:\/\/www.fundaciofarineragirona.cat\/wp-content\/uploads\/2026\/02\/Spot-1.jpg 758w\" sizes=\"auto, (max-width: 139px) 100vw, 139px\" \/><\/td>\n<td style=\"width: 25%;\"><img loading=\"lazy\" decoding=\"async\" class=\"aligncenter  wp-image-1132\" src=\"https:\/\/www.fundaciofarineragirona.cat\/wp-content\/uploads\/2026\/02\/Spot-2-450x315.jpg\" alt=\"\" width=\"130\" height=\"91\" srcset=\"https:\/\/www.fundaciofarineragirona.cat\/wp-content\/uploads\/2026\/02\/Spot-2-450x315.jpg 450w, https:\/\/www.fundaciofarineragirona.cat\/wp-content\/uploads\/2026\/02\/Spot-2-768x538.jpg 768w, https:\/\/www.fundaciofarineragirona.cat\/wp-content\/uploads\/2026\/02\/Spot-2.jpg 963w\" sizes=\"auto, (max-width: 130px) 100vw, 130px\" \/><\/td>\n<td style=\"width: 25%;\"><img loading=\"lazy\" decoding=\"async\" class=\"aligncenter  wp-image-1133\" src=\"https:\/\/www.fundaciofarineragirona.cat\/wp-content\/uploads\/2026\/02\/Captura-de-pantalla-2026-02-11-a-les-13.08.22.png\" alt=\"\" width=\"166\" height=\"70\" \/><\/td>\n<td style=\"width: 25%;\"><img loading=\"lazy\" decoding=\"async\" class=\"aligncenter  wp-image-1134\" src=\"https:\/\/www.fundaciofarineragirona.cat\/wp-content\/uploads\/2026\/02\/logo-weplan_baixa-150x150-1.webp\" alt=\"\" width=\"107\" height=\"107\" \/><\/td>\n<\/tr>\n<\/tbody>\n<\/table>\n","protected":false},"excerpt":{"rendered":"<p>La Presentaci\u00f3n de Proyectos es un evento impulsado por el Programa de Emprendimiento de la Fundaci\u00f3 Farinera Girona. Este evento anual marca el cierre de un proceso intensivo de meses de trabajo y acompa\u00f1amiento personalizado, en el que cada emprendedor y emprendedora ha dado forma a una idea con potencial de transformaci\u00f3n. En el marco [&hellip;]<\/p>\n","protected":false},"author":1,"featured_media":0,"parent":1245,"menu_order":33,"comment_status":"closed","ping_status":"closed","template":"template-pagina.php","meta":{"_acf_changed":false,"inline_featured_image":false,"footnotes":"","_links_to":"","_links_to_target":""},"class_list":["post-1247","page","type-page","status-publish","hentry"],"acf":[],"yoast_head":"<!-- This site is optimized with the Yoast SEO plugin v27.3 - https:\/\/yoast.com\/product\/yoast-seo-wordpress\/ -->\n<title>Presentaci\u00f3n de proyectos - Fundaci\u00f3 Farinera Girona<\/title>\n<meta name=\"robots\" content=\"index, follow, max-snippet:-1, max-image-preview:large, max-video-preview:-1\" \/>\n<link rel=\"canonical\" href=\"https:\/\/www.fundaciofarineragirona.cat\/es\/iniciatives\/presentacio-de-projectes\/\" \/>\n<meta property=\"og:locale\" content=\"es_ES\" \/>\n<meta property=\"og:type\" content=\"article\" \/>\n<meta property=\"og:title\" content=\"Presentaci\u00f3n de proyectos - Fundaci\u00f3 Farinera Girona\" \/>\n<meta property=\"og:description\" content=\"La Presentaci\u00f3n de Proyectos es un evento impulsado por el Programa de Emprendimiento de la Fundaci\u00f3 Farinera Girona. Este evento anual marca el cierre de un proceso intensivo de meses de trabajo y acompa\u00f1amiento personalizado, en el que cada emprendedor y emprendedora ha dado forma a una idea con potencial de transformaci\u00f3n. En el marco [&hellip;]\" \/>\n<meta property=\"og:url\" content=\"https:\/\/www.fundaciofarineragirona.cat\/es\/iniciatives\/presentacio-de-projectes\/\" \/>\n<meta property=\"og:site_name\" content=\"Fundaci\u00f3 Farinera Girona\" \/>\n<meta property=\"article:modified_time\" content=\"2026-04-01T11:28:51+00:00\" \/>\n<meta name=\"twitter:card\" content=\"summary_large_image\" \/>\n<meta name=\"twitter:label1\" content=\"Tiempo de lectura\" \/>\n\t<meta name=\"twitter:data1\" content=\"3 minutos\" \/>\n<script type=\"application\/ld+json\" class=\"yoast-schema-graph\">{\"@context\":\"https:\\\/\\\/schema.org\",\"@graph\":[{\"@type\":\"WebPage\",\"@id\":\"https:\\\/\\\/www.fundaciofarineragirona.cat\\\/es\\\/iniciatives\\\/presentacio-de-projectes\\\/\",\"url\":\"https:\\\/\\\/www.fundaciofarineragirona.cat\\\/es\\\/iniciatives\\\/presentacio-de-projectes\\\/\",\"name\":\"Presentaci\u00f3n de proyectos - Fundaci\u00f3 Farinera Girona\",\"isPartOf\":{\"@id\":\"https:\\\/\\\/www.fundaciofarineragirona.cat\\\/es\\\/versio2\\\/ca\\\/#website\"},\"primaryImageOfPage\":{\"@id\":\"https:\\\/\\\/www.fundaciofarineragirona.cat\\\/es\\\/iniciatives\\\/presentacio-de-projectes\\\/#primaryimage\"},\"image\":{\"@id\":\"https:\\\/\\\/www.fundaciofarineragirona.cat\\\/es\\\/iniciatives\\\/presentacio-de-projectes\\\/#primaryimage\"},\"thumbnailUrl\":\"https:\\\/\\\/www.fundaciofarineragirona.cat\\\/wp-content\\\/uploads\\\/2026\\\/02\\\/logo-75a8b7267348da2ac6919f64d69dc0bfce06ece0fc2a9771ddadfb7f3ec80077.svg\",\"datePublished\":\"2026-01-08T20:07:22+00:00\",\"dateModified\":\"2026-04-01T11:28:51+00:00\",\"breadcrumb\":{\"@id\":\"https:\\\/\\\/www.fundaciofarineragirona.cat\\\/es\\\/iniciatives\\\/presentacio-de-projectes\\\/#breadcrumb\"},\"inLanguage\":\"es\",\"potentialAction\":[{\"@type\":\"ReadAction\",\"target\":[\"https:\\\/\\\/www.fundaciofarineragirona.cat\\\/es\\\/iniciatives\\\/presentacio-de-projectes\\\/\"]}]},{\"@type\":\"ImageObject\",\"inLanguage\":\"es\",\"@id\":\"https:\\\/\\\/www.fundaciofarineragirona.cat\\\/es\\\/iniciatives\\\/presentacio-de-projectes\\\/#primaryimage\",\"url\":\"https:\\\/\\\/www.fundaciofarineragirona.cat\\\/wp-content\\\/uploads\\\/2026\\\/02\\\/logo-75a8b7267348da2ac6919f64d69dc0bfce06ece0fc2a9771ddadfb7f3ec80077.svg\",\"contentUrl\":\"https:\\\/\\\/www.fundaciofarineragirona.cat\\\/wp-content\\\/uploads\\\/2026\\\/02\\\/logo-75a8b7267348da2ac6919f64d69dc0bfce06ece0fc2a9771ddadfb7f3ec80077.svg\"},{\"@type\":\"BreadcrumbList\",\"@id\":\"https:\\\/\\\/www.fundaciofarineragirona.cat\\\/es\\\/iniciatives\\\/presentacio-de-projectes\\\/#breadcrumb\",\"itemListElement\":[{\"@type\":\"ListItem\",\"position\":1,\"name\":\"Inici\",\"item\":\"https:\\\/\\\/www.fundaciofarineragirona.cat\\\/es\\\/versio2\\\/es\\\/\"},{\"@type\":\"ListItem\",\"position\":2,\"name\":\"Iniciativas\",\"item\":\"\\\/\"},{\"@type\":\"ListItem\",\"position\":3,\"name\":\"Presentaci\u00f3n de proyectos\"}]},{\"@type\":\"WebSite\",\"@id\":\"https:\\\/\\\/www.fundaciofarineragirona.cat\\\/es\\\/versio2\\\/ca\\\/#website\",\"url\":\"https:\\\/\\\/www.fundaciofarineragirona.cat\\\/es\\\/versio2\\\/ca\\\/\",\"name\":\"Fundaci\u00f3 Farinera Girona\",\"description\":\"Impulsem talent, transformem territori\",\"potentialAction\":[{\"@type\":\"SearchAction\",\"target\":{\"@type\":\"EntryPoint\",\"urlTemplate\":\"https:\\\/\\\/www.fundaciofarineragirona.cat\\\/es\\\/versio2\\\/ca\\\/?s={search_term_string}\"},\"query-input\":{\"@type\":\"PropertyValueSpecification\",\"valueRequired\":true,\"valueName\":\"search_term_string\"}}],\"inLanguage\":\"es\"}]}<\/script>\n<!-- \/ Yoast SEO plugin. -->","yoast_head_json":{"title":"Presentaci\u00f3n de proyectos - Fundaci\u00f3 Farinera Girona","robots":{"index":"index","follow":"follow","max-snippet":"max-snippet:-1","max-image-preview":"max-image-preview:large","max-video-preview":"max-video-preview:-1"},"canonical":"https:\/\/www.fundaciofarineragirona.cat\/es\/iniciatives\/presentacio-de-projectes\/","og_locale":"es_ES","og_type":"article","og_title":"Presentaci\u00f3n de proyectos - Fundaci\u00f3 Farinera Girona","og_description":"La Presentaci\u00f3n de Proyectos es un evento impulsado por el Programa de Emprendimiento de la Fundaci\u00f3 Farinera Girona. Este evento anual marca el cierre de un proceso intensivo de meses de trabajo y acompa\u00f1amiento personalizado, en el que cada emprendedor y emprendedora ha dado forma a una idea con potencial de transformaci\u00f3n. En el marco [&hellip;]","og_url":"https:\/\/www.fundaciofarineragirona.cat\/es\/iniciatives\/presentacio-de-projectes\/","og_site_name":"Fundaci\u00f3 Farinera Girona","article_modified_time":"2026-04-01T11:28:51+00:00","twitter_card":"summary_large_image","twitter_misc":{"Tiempo de lectura":"3 minutos"},"schema":{"@context":"https:\/\/schema.org","@graph":[{"@type":"WebPage","@id":"https:\/\/www.fundaciofarineragirona.cat\/es\/iniciatives\/presentacio-de-projectes\/","url":"https:\/\/www.fundaciofarineragirona.cat\/es\/iniciatives\/presentacio-de-projectes\/","name":"Presentaci\u00f3n de proyectos - Fundaci\u00f3 Farinera Girona","isPartOf":{"@id":"https:\/\/www.fundaciofarineragirona.cat\/es\/versio2\/ca\/#website"},"primaryImageOfPage":{"@id":"https:\/\/www.fundaciofarineragirona.cat\/es\/iniciatives\/presentacio-de-projectes\/#primaryimage"},"image":{"@id":"https:\/\/www.fundaciofarineragirona.cat\/es\/iniciatives\/presentacio-de-projectes\/#primaryimage"},"thumbnailUrl":"https:\/\/www.fundaciofarineragirona.cat\/wp-content\/uploads\/2026\/02\/logo-75a8b7267348da2ac6919f64d69dc0bfce06ece0fc2a9771ddadfb7f3ec80077.svg","datePublished":"2026-01-08T20:07:22+00:00","dateModified":"2026-04-01T11:28:51+00:00","breadcrumb":{"@id":"https:\/\/www.fundaciofarineragirona.cat\/es\/iniciatives\/presentacio-de-projectes\/#breadcrumb"},"inLanguage":"es","potentialAction":[{"@type":"ReadAction","target":["https:\/\/www.fundaciofarineragirona.cat\/es\/iniciatives\/presentacio-de-projectes\/"]}]},{"@type":"ImageObject","inLanguage":"es","@id":"https:\/\/www.fundaciofarineragirona.cat\/es\/iniciatives\/presentacio-de-projectes\/#primaryimage","url":"https:\/\/www.fundaciofarineragirona.cat\/wp-content\/uploads\/2026\/02\/logo-75a8b7267348da2ac6919f64d69dc0bfce06ece0fc2a9771ddadfb7f3ec80077.svg","contentUrl":"https:\/\/www.fundaciofarineragirona.cat\/wp-content\/uploads\/2026\/02\/logo-75a8b7267348da2ac6919f64d69dc0bfce06ece0fc2a9771ddadfb7f3ec80077.svg"},{"@type":"BreadcrumbList","@id":"https:\/\/www.fundaciofarineragirona.cat\/es\/iniciatives\/presentacio-de-projectes\/#breadcrumb","itemListElement":[{"@type":"ListItem","position":1,"name":"Inici","item":"https:\/\/www.fundaciofarineragirona.cat\/es\/versio2\/es\/"},{"@type":"ListItem","position":2,"name":"Iniciativas","item":"\/"},{"@type":"ListItem","position":3,"name":"Presentaci\u00f3n de proyectos"}]},{"@type":"WebSite","@id":"https:\/\/www.fundaciofarineragirona.cat\/es\/versio2\/ca\/#website","url":"https:\/\/www.fundaciofarineragirona.cat\/es\/versio2\/ca\/","name":"Fundaci\u00f3 Farinera Girona","description":"Impulsem talent, transformem territori","potentialAction":[{"@type":"SearchAction","target":{"@type":"EntryPoint","urlTemplate":"https:\/\/www.fundaciofarineragirona.cat\/es\/versio2\/ca\/?s={search_term_string}"},"query-input":{"@type":"PropertyValueSpecification","valueRequired":true,"valueName":"search_term_string"}}],"inLanguage":"es"}]}},"_links":{"self":[{"href":"https:\/\/www.fundaciofarineragirona.cat\/es\/wp-json\/wp\/v2\/pages\/1247","targetHints":{"allow":["GET"]}}],"collection":[{"href":"https:\/\/www.fundaciofarineragirona.cat\/es\/wp-json\/wp\/v2\/pages"}],"about":[{"href":"https:\/\/www.fundaciofarineragirona.cat\/es\/wp-json\/wp\/v2\/types\/page"}],"author":[{"embeddable":true,"href":"https:\/\/www.fundaciofarineragirona.cat\/es\/wp-json\/wp\/v2\/users\/1"}],"replies":[{"embeddable":true,"href":"https:\/\/www.fundaciofarineragirona.cat\/es\/wp-json\/wp\/v2\/comments?post=1247"}],"version-history":[{"count":5,"href":"https:\/\/www.fundaciofarineragirona.cat\/es\/wp-json\/wp\/v2\/pages\/1247\/revisions"}],"predecessor-version":[{"id":1873,"href":"https:\/\/www.fundaciofarineragirona.cat\/es\/wp-json\/wp\/v2\/pages\/1247\/revisions\/1873"}],"up":[{"embeddable":true,"href":"https:\/\/www.fundaciofarineragirona.cat\/es\/wp-json\/wp\/v2\/pages\/1245"}],"wp:attachment":[{"href":"https:\/\/www.fundaciofarineragirona.cat\/es\/wp-json\/wp\/v2\/media?parent=1247"}],"curies":[{"name":"wp","href":"https:\/\/api.w.org\/{rel}","templated":true}]}}