{"id":1235,"date":"2025-06-24T12:42:29","date_gmt":"2025-06-24T10:42:29","guid":{"rendered":"http:\/\/localhost\/tqeurocredit\/fundacio-farinera-girona-2\/patronat-fundacio-farinera-girona\/"},"modified":"2026-04-22T09:06:31","modified_gmt":"2026-04-22T07:06:31","slug":"patronat-fundacio-farinera-girona","status":"publish","type":"page","link":"https:\/\/www.fundaciofarineragirona.cat\/es\/fundacio-farinera-girona-2\/patronat-fundacio-farinera-girona\/","title":{"rendered":"Patronato y Membres\u00eda"},"content":{"rendered":"<p><span style=\"font-weight: 400;\">Nuestros patronos y miembros son personas y entidades comprometidas que apoyan a la <strong>Fundaci\u00f3 Farinera Girona<\/strong> para que pueda seguir ofreciendo recursos y acompa\u00f1amiento a las personas emprendedoras. Con su confianza y aportaci\u00f3n, contribuyen a crear un ecosistema donde la emprendedur\u00eda puede florecer y transformarse en proyectos reales con impacto.<\/span><\/p>\n<p><span style=\"font-weight: 400;\">Gracias a su compromiso, hacemos posible un espacio de crecimiento, aprendizaje y colaboraci\u00f3n para toda la comunidad.<\/span><\/p>\n","protected":false},"excerpt":{"rendered":"<p>Nuestros patronos y miembros son personas y entidades comprometidas que apoyan a la Fundaci\u00f3 Farinera Girona para que pueda seguir ofreciendo recursos y acompa\u00f1amiento a las personas emprendedoras. Con su confianza y aportaci\u00f3n, contribuyen a crear un ecosistema donde la emprendedur\u00eda puede florecer y transformarse en proyectos reales con impacto. Gracias a su compromiso, hacemos [&hellip;]<\/p>\n","protected":false},"author":1,"featured_media":0,"parent":1229,"menu_order":15,"comment_status":"closed","ping_status":"closed","template":"patronat.php","meta":{"_acf_changed":false,"inline_featured_image":false,"footnotes":"","_links_to":"","_links_to_target":""},"class_list":["post-1235","page","type-page","status-publish","hentry"],"acf":[],"yoast_head":"<!-- This site is optimized with the Yoast SEO plugin v27.4 - https:\/\/yoast.com\/product\/yoast-seo-wordpress\/ -->\n<title>Patronato y Membres\u00eda - Fundaci\u00f3 Farinera Girona<\/title>\n<meta name=\"description\" content=\"Coneix els patrons de la Fundaci\u00f3 Farinera Girona. L&#039;objectiu \u00e9s oferir recursos i acompanyament a les persones emprenedores del territori.\" \/>\n<meta name=\"robots\" content=\"index, follow, max-snippet:-1, max-image-preview:large, max-video-preview:-1\" \/>\n<link rel=\"canonical\" href=\"https:\/\/www.fundaciofarineragirona.cat\/es\/fundacio-farinera-girona-2\/patronat-fundacio-farinera-girona\/\" \/>\n<meta property=\"og:locale\" content=\"es_ES\" \/>\n<meta property=\"og:type\" content=\"article\" \/>\n<meta property=\"og:title\" content=\"Patronato y Membres\u00eda - Fundaci\u00f3 Farinera Girona\" \/>\n<meta property=\"og:description\" content=\"Coneix els patrons de la Fundaci\u00f3 Farinera Girona. L&#039;objectiu \u00e9s oferir recursos i acompanyament a les persones emprenedores del territori.\" \/>\n<meta property=\"og:url\" content=\"https:\/\/www.fundaciofarineragirona.cat\/es\/fundacio-farinera-girona-2\/patronat-fundacio-farinera-girona\/\" \/>\n<meta property=\"og:site_name\" content=\"Fundaci\u00f3 Farinera Girona\" \/>\n<meta property=\"article:modified_time\" content=\"2026-04-22T07:06:31+00:00\" \/>\n<meta name=\"twitter:card\" content=\"summary_large_image\" \/>\n<meta name=\"twitter:label1\" content=\"Tiempo de lectura\" \/>\n\t<meta name=\"twitter:data1\" content=\"1 minuto\" \/>\n<script type=\"application\/ld+json\" class=\"yoast-schema-graph\">{\"@context\":\"https:\\\/\\\/schema.org\",\"@graph\":[{\"@type\":\"WebPage\",\"@id\":\"https:\\\/\\\/www.fundaciofarineragirona.cat\\\/es\\\/fundacio-farinera-girona-2\\\/patronat-fundacio-farinera-girona\\\/\",\"url\":\"https:\\\/\\\/www.fundaciofarineragirona.cat\\\/es\\\/fundacio-farinera-girona-2\\\/patronat-fundacio-farinera-girona\\\/\",\"name\":\"Patronato y Membres\u00eda - Fundaci\u00f3 Farinera Girona\",\"isPartOf\":{\"@id\":\"https:\\\/\\\/www.fundaciofarineragirona.cat\\\/es\\\/#website\"},\"datePublished\":\"2025-06-24T10:42:29+00:00\",\"dateModified\":\"2026-04-22T07:06:31+00:00\",\"description\":\"Coneix els patrons de la Fundaci\u00f3 Farinera Girona. L'objectiu \u00e9s oferir recursos i acompanyament a les persones emprenedores del territori.\",\"breadcrumb\":{\"@id\":\"https:\\\/\\\/www.fundaciofarineragirona.cat\\\/es\\\/fundacio-farinera-girona-2\\\/patronat-fundacio-farinera-girona\\\/#breadcrumb\"},\"inLanguage\":\"es\",\"potentialAction\":[{\"@type\":\"ReadAction\",\"target\":[\"https:\\\/\\\/www.fundaciofarineragirona.cat\\\/es\\\/fundacio-farinera-girona-2\\\/patronat-fundacio-farinera-girona\\\/\"]}]},{\"@type\":\"BreadcrumbList\",\"@id\":\"https:\\\/\\\/www.fundaciofarineragirona.cat\\\/es\\\/fundacio-farinera-girona-2\\\/patronat-fundacio-farinera-girona\\\/#breadcrumb\",\"itemListElement\":[{\"@type\":\"ListItem\",\"position\":1,\"name\":\"Inici\",\"item\":\"https:\\\/\\\/www.fundaciofarineragirona.cat\\\/es\\\/\"},{\"@type\":\"ListItem\",\"position\":2,\"name\":\"La Fundaci\u00f3n\",\"item\":\"\\\/\"},{\"@type\":\"ListItem\",\"position\":3,\"name\":\"Patronato y Membres\u00eda\"}]},{\"@type\":\"WebSite\",\"@id\":\"https:\\\/\\\/www.fundaciofarineragirona.cat\\\/es\\\/#website\",\"url\":\"https:\\\/\\\/www.fundaciofarineragirona.cat\\\/es\\\/\",\"name\":\"Fundaci\u00f3 Farinera Girona\",\"description\":\"Impulsem talent, transformem territori\",\"potentialAction\":[{\"@type\":\"SearchAction\",\"target\":{\"@type\":\"EntryPoint\",\"urlTemplate\":\"https:\\\/\\\/www.fundaciofarineragirona.cat\\\/es\\\/?s={search_term_string}\"},\"query-input\":{\"@type\":\"PropertyValueSpecification\",\"valueRequired\":true,\"valueName\":\"search_term_string\"}}],\"inLanguage\":\"es\"}]}<\/script>\n<!-- \/ Yoast SEO plugin. -->","yoast_head_json":{"title":"Patronato y Membres\u00eda - Fundaci\u00f3 Farinera Girona","description":"Coneix els patrons de la Fundaci\u00f3 Farinera Girona. L'objectiu \u00e9s oferir recursos i acompanyament a les persones emprenedores del territori.","robots":{"index":"index","follow":"follow","max-snippet":"max-snippet:-1","max-image-preview":"max-image-preview:large","max-video-preview":"max-video-preview:-1"},"canonical":"https:\/\/www.fundaciofarineragirona.cat\/es\/fundacio-farinera-girona-2\/patronat-fundacio-farinera-girona\/","og_locale":"es_ES","og_type":"article","og_title":"Patronato y Membres\u00eda - Fundaci\u00f3 Farinera Girona","og_description":"Coneix els patrons de la Fundaci\u00f3 Farinera Girona. L'objectiu \u00e9s oferir recursos i acompanyament a les persones emprenedores del territori.","og_url":"https:\/\/www.fundaciofarineragirona.cat\/es\/fundacio-farinera-girona-2\/patronat-fundacio-farinera-girona\/","og_site_name":"Fundaci\u00f3 Farinera Girona","article_modified_time":"2026-04-22T07:06:31+00:00","twitter_card":"summary_large_image","twitter_misc":{"Tiempo de lectura":"1 minuto"},"schema":{"@context":"https:\/\/schema.org","@graph":[{"@type":"WebPage","@id":"https:\/\/www.fundaciofarineragirona.cat\/es\/fundacio-farinera-girona-2\/patronat-fundacio-farinera-girona\/","url":"https:\/\/www.fundaciofarineragirona.cat\/es\/fundacio-farinera-girona-2\/patronat-fundacio-farinera-girona\/","name":"Patronato y Membres\u00eda - Fundaci\u00f3 Farinera Girona","isPartOf":{"@id":"https:\/\/www.fundaciofarineragirona.cat\/es\/#website"},"datePublished":"2025-06-24T10:42:29+00:00","dateModified":"2026-04-22T07:06:31+00:00","description":"Coneix els patrons de la Fundaci\u00f3 Farinera Girona. L'objectiu \u00e9s oferir recursos i acompanyament a les persones emprenedores del territori.","breadcrumb":{"@id":"https:\/\/www.fundaciofarineragirona.cat\/es\/fundacio-farinera-girona-2\/patronat-fundacio-farinera-girona\/#breadcrumb"},"inLanguage":"es","potentialAction":[{"@type":"ReadAction","target":["https:\/\/www.fundaciofarineragirona.cat\/es\/fundacio-farinera-girona-2\/patronat-fundacio-farinera-girona\/"]}]},{"@type":"BreadcrumbList","@id":"https:\/\/www.fundaciofarineragirona.cat\/es\/fundacio-farinera-girona-2\/patronat-fundacio-farinera-girona\/#breadcrumb","itemListElement":[{"@type":"ListItem","position":1,"name":"Inici","item":"https:\/\/www.fundaciofarineragirona.cat\/es\/"},{"@type":"ListItem","position":2,"name":"La Fundaci\u00f3n","item":"\/"},{"@type":"ListItem","position":3,"name":"Patronato y Membres\u00eda"}]},{"@type":"WebSite","@id":"https:\/\/www.fundaciofarineragirona.cat\/es\/#website","url":"https:\/\/www.fundaciofarineragirona.cat\/es\/","name":"Fundaci\u00f3 Farinera Girona","description":"Impulsem talent, transformem territori","potentialAction":[{"@type":"SearchAction","target":{"@type":"EntryPoint","urlTemplate":"https:\/\/www.fundaciofarineragirona.cat\/es\/?s={search_term_string}"},"query-input":{"@type":"PropertyValueSpecification","valueRequired":true,"valueName":"search_term_string"}}],"inLanguage":"es"}]}},"_links":{"self":[{"href":"https:\/\/www.fundaciofarineragirona.cat\/es\/wp-json\/wp\/v2\/pages\/1235","targetHints":{"allow":["GET"]}}],"collection":[{"href":"https:\/\/www.fundaciofarineragirona.cat\/es\/wp-json\/wp\/v2\/pages"}],"about":[{"href":"https:\/\/www.fundaciofarineragirona.cat\/es\/wp-json\/wp\/v2\/types\/page"}],"author":[{"embeddable":true,"href":"https:\/\/www.fundaciofarineragirona.cat\/es\/wp-json\/wp\/v2\/users\/1"}],"replies":[{"embeddable":true,"href":"https:\/\/www.fundaciofarineragirona.cat\/es\/wp-json\/wp\/v2\/comments?post=1235"}],"version-history":[{"count":4,"href":"https:\/\/www.fundaciofarineragirona.cat\/es\/wp-json\/wp\/v2\/pages\/1235\/revisions"}],"predecessor-version":[{"id":2037,"href":"https:\/\/www.fundaciofarineragirona.cat\/es\/wp-json\/wp\/v2\/pages\/1235\/revisions\/2037"}],"up":[{"embeddable":true,"href":"https:\/\/www.fundaciofarineragirona.cat\/es\/wp-json\/wp\/v2\/pages\/1229"}],"wp:attachment":[{"href":"https:\/\/www.fundaciofarineragirona.cat\/es\/wp-json\/wp\/v2\/media?parent=1235"}],"curies":[{"name":"wp","href":"https:\/\/api.w.org\/{rel}","templated":true}]}}