{"id":1233,"date":"2025-06-24T12:42:29","date_gmt":"2025-06-24T10:42:29","guid":{"rendered":"http:\/\/localhost\/tqeurocredit\/fundacio-farinera-girona-2\/el-nostre-equip\/"},"modified":"2026-04-08T09:31:51","modified_gmt":"2026-04-08T07:31:51","slug":"el-nostre-equip","status":"publish","type":"page","link":"https:\/\/www.fundaciofarineragirona.cat\/es\/fundacio-farinera-girona-2\/el-nostre-equip\/","title":{"rendered":"Equipo"},"content":{"rendered":"<p><span style=\"font-weight: 400;\">El c<strong>oraz\u00f3n de la Fundaci\u00f3 Farinera Girona<\/strong> es un equipo comprometido y apasionado formado por una diversidad de personas que comparten una misma misi\u00f3n: acompa\u00f1ar, escuchar y apoyar a quienes emprenden. Con perfiles diversos y experiencias complementarias, trabajamos conjuntamente para ayudar a hacer crecer proyectos. Creemos en el valor de las personas, en el trabajo colectivo y en la fuerza de la comunidad.<\/span><\/p>\n","protected":false},"excerpt":{"rendered":"<p>El coraz\u00f3n de la Fundaci\u00f3 Farinera Girona es un equipo comprometido y apasionado formado por una diversidad de personas que comparten una misma misi\u00f3n: acompa\u00f1ar, escuchar y apoyar a quienes emprenden. Con perfiles diversos y experiencias complementarias, trabajamos conjuntamente para ayudar a hacer crecer proyectos. Creemos en el valor de las personas, en el trabajo [&hellip;]<\/p>\n","protected":false},"author":1,"featured_media":0,"parent":1229,"menu_order":11,"comment_status":"closed","ping_status":"closed","template":"el-nostre-equip.php","meta":{"_acf_changed":false,"inline_featured_image":false,"footnotes":"","_links_to":"","_links_to_target":""},"class_list":["post-1233","page","type-page","status-publish","hentry"],"acf":[],"yoast_head":"<!-- This site is optimized with the Yoast SEO plugin v27.3 - https:\/\/yoast.com\/product\/yoast-seo-wordpress\/ -->\n<title>Equipo - Fundaci\u00f3 Farinera Girona<\/title>\n<meta name=\"description\" content=\"L&#039;equip de la Fundaci\u00f3 Farinera Girona comparteix una mateixa missi\u00f3: acompanyar, escoltar i fer costat a qui empr\u00e8n.\" \/>\n<meta name=\"robots\" content=\"index, follow, max-snippet:-1, max-image-preview:large, max-video-preview:-1\" \/>\n<link rel=\"canonical\" href=\"https:\/\/www.fundaciofarineragirona.cat\/es\/fundacio-farinera-girona-2\/el-nostre-equip\/\" \/>\n<meta property=\"og:locale\" content=\"es_ES\" \/>\n<meta property=\"og:type\" content=\"article\" \/>\n<meta property=\"og:title\" content=\"Equipo - Fundaci\u00f3 Farinera Girona\" \/>\n<meta property=\"og:description\" content=\"L&#039;equip de la Fundaci\u00f3 Farinera Girona comparteix una mateixa missi\u00f3: acompanyar, escoltar i fer costat a qui empr\u00e8n.\" \/>\n<meta property=\"og:url\" content=\"https:\/\/www.fundaciofarineragirona.cat\/es\/fundacio-farinera-girona-2\/el-nostre-equip\/\" \/>\n<meta property=\"og:site_name\" content=\"Fundaci\u00f3 Farinera Girona\" \/>\n<meta property=\"article:modified_time\" content=\"2026-04-08T07:31:51+00:00\" \/>\n<meta name=\"twitter:card\" content=\"summary_large_image\" \/>\n<meta name=\"twitter:label1\" content=\"Tiempo de lectura\" \/>\n\t<meta name=\"twitter:data1\" content=\"1 minuto\" \/>\n<script type=\"application\/ld+json\" class=\"yoast-schema-graph\">{\"@context\":\"https:\\\/\\\/schema.org\",\"@graph\":[{\"@type\":\"WebPage\",\"@id\":\"https:\\\/\\\/www.fundaciofarineragirona.cat\\\/es\\\/fundacio-farinera-girona-2\\\/el-nostre-equip\\\/\",\"url\":\"https:\\\/\\\/www.fundaciofarineragirona.cat\\\/es\\\/fundacio-farinera-girona-2\\\/el-nostre-equip\\\/\",\"name\":\"Equipo - Fundaci\u00f3 Farinera Girona\",\"isPartOf\":{\"@id\":\"https:\\\/\\\/www.fundaciofarineragirona.cat\\\/es\\\/versio2\\\/ca\\\/#website\"},\"datePublished\":\"2025-06-24T10:42:29+00:00\",\"dateModified\":\"2026-04-08T07:31:51+00:00\",\"description\":\"L'equip de la Fundaci\u00f3 Farinera Girona comparteix una mateixa missi\u00f3: acompanyar, escoltar i fer costat a qui empr\u00e8n.\",\"breadcrumb\":{\"@id\":\"https:\\\/\\\/www.fundaciofarineragirona.cat\\\/es\\\/fundacio-farinera-girona-2\\\/el-nostre-equip\\\/#breadcrumb\"},\"inLanguage\":\"es\",\"potentialAction\":[{\"@type\":\"ReadAction\",\"target\":[\"https:\\\/\\\/www.fundaciofarineragirona.cat\\\/es\\\/fundacio-farinera-girona-2\\\/el-nostre-equip\\\/\"]}]},{\"@type\":\"BreadcrumbList\",\"@id\":\"https:\\\/\\\/www.fundaciofarineragirona.cat\\\/es\\\/fundacio-farinera-girona-2\\\/el-nostre-equip\\\/#breadcrumb\",\"itemListElement\":[{\"@type\":\"ListItem\",\"position\":1,\"name\":\"Inici\",\"item\":\"https:\\\/\\\/www.fundaciofarineragirona.cat\\\/es\\\/versio2\\\/es\\\/\"},{\"@type\":\"ListItem\",\"position\":2,\"name\":\"La Fundaci\u00f3n\",\"item\":\"\\\/\"},{\"@type\":\"ListItem\",\"position\":3,\"name\":\"Equipo\"}]},{\"@type\":\"WebSite\",\"@id\":\"https:\\\/\\\/www.fundaciofarineragirona.cat\\\/es\\\/versio2\\\/ca\\\/#website\",\"url\":\"https:\\\/\\\/www.fundaciofarineragirona.cat\\\/es\\\/versio2\\\/ca\\\/\",\"name\":\"Fundaci\u00f3 Farinera Girona\",\"description\":\"Impulsem talent, transformem territori\",\"potentialAction\":[{\"@type\":\"SearchAction\",\"target\":{\"@type\":\"EntryPoint\",\"urlTemplate\":\"https:\\\/\\\/www.fundaciofarineragirona.cat\\\/es\\\/versio2\\\/ca\\\/?s={search_term_string}\"},\"query-input\":{\"@type\":\"PropertyValueSpecification\",\"valueRequired\":true,\"valueName\":\"search_term_string\"}}],\"inLanguage\":\"es\"}]}<\/script>\n<!-- \/ Yoast SEO plugin. -->","yoast_head_json":{"title":"Equipo - Fundaci\u00f3 Farinera Girona","description":"L'equip de la Fundaci\u00f3 Farinera Girona comparteix una mateixa missi\u00f3: acompanyar, escoltar i fer costat a qui empr\u00e8n.","robots":{"index":"index","follow":"follow","max-snippet":"max-snippet:-1","max-image-preview":"max-image-preview:large","max-video-preview":"max-video-preview:-1"},"canonical":"https:\/\/www.fundaciofarineragirona.cat\/es\/fundacio-farinera-girona-2\/el-nostre-equip\/","og_locale":"es_ES","og_type":"article","og_title":"Equipo - Fundaci\u00f3 Farinera Girona","og_description":"L'equip de la Fundaci\u00f3 Farinera Girona comparteix una mateixa missi\u00f3: acompanyar, escoltar i fer costat a qui empr\u00e8n.","og_url":"https:\/\/www.fundaciofarineragirona.cat\/es\/fundacio-farinera-girona-2\/el-nostre-equip\/","og_site_name":"Fundaci\u00f3 Farinera Girona","article_modified_time":"2026-04-08T07:31:51+00:00","twitter_card":"summary_large_image","twitter_misc":{"Tiempo de lectura":"1 minuto"},"schema":{"@context":"https:\/\/schema.org","@graph":[{"@type":"WebPage","@id":"https:\/\/www.fundaciofarineragirona.cat\/es\/fundacio-farinera-girona-2\/el-nostre-equip\/","url":"https:\/\/www.fundaciofarineragirona.cat\/es\/fundacio-farinera-girona-2\/el-nostre-equip\/","name":"Equipo - Fundaci\u00f3 Farinera Girona","isPartOf":{"@id":"https:\/\/www.fundaciofarineragirona.cat\/es\/versio2\/ca\/#website"},"datePublished":"2025-06-24T10:42:29+00:00","dateModified":"2026-04-08T07:31:51+00:00","description":"L'equip de la Fundaci\u00f3 Farinera Girona comparteix una mateixa missi\u00f3: acompanyar, escoltar i fer costat a qui empr\u00e8n.","breadcrumb":{"@id":"https:\/\/www.fundaciofarineragirona.cat\/es\/fundacio-farinera-girona-2\/el-nostre-equip\/#breadcrumb"},"inLanguage":"es","potentialAction":[{"@type":"ReadAction","target":["https:\/\/www.fundaciofarineragirona.cat\/es\/fundacio-farinera-girona-2\/el-nostre-equip\/"]}]},{"@type":"BreadcrumbList","@id":"https:\/\/www.fundaciofarineragirona.cat\/es\/fundacio-farinera-girona-2\/el-nostre-equip\/#breadcrumb","itemListElement":[{"@type":"ListItem","position":1,"name":"Inici","item":"https:\/\/www.fundaciofarineragirona.cat\/es\/versio2\/es\/"},{"@type":"ListItem","position":2,"name":"La Fundaci\u00f3n","item":"\/"},{"@type":"ListItem","position":3,"name":"Equipo"}]},{"@type":"WebSite","@id":"https:\/\/www.fundaciofarineragirona.cat\/es\/versio2\/ca\/#website","url":"https:\/\/www.fundaciofarineragirona.cat\/es\/versio2\/ca\/","name":"Fundaci\u00f3 Farinera Girona","description":"Impulsem talent, transformem territori","potentialAction":[{"@type":"SearchAction","target":{"@type":"EntryPoint","urlTemplate":"https:\/\/www.fundaciofarineragirona.cat\/es\/versio2\/ca\/?s={search_term_string}"},"query-input":{"@type":"PropertyValueSpecification","valueRequired":true,"valueName":"search_term_string"}}],"inLanguage":"es"}]}},"_links":{"self":[{"href":"https:\/\/www.fundaciofarineragirona.cat\/es\/wp-json\/wp\/v2\/pages\/1233","targetHints":{"allow":["GET"]}}],"collection":[{"href":"https:\/\/www.fundaciofarineragirona.cat\/es\/wp-json\/wp\/v2\/pages"}],"about":[{"href":"https:\/\/www.fundaciofarineragirona.cat\/es\/wp-json\/wp\/v2\/types\/page"}],"author":[{"embeddable":true,"href":"https:\/\/www.fundaciofarineragirona.cat\/es\/wp-json\/wp\/v2\/users\/1"}],"replies":[{"embeddable":true,"href":"https:\/\/www.fundaciofarineragirona.cat\/es\/wp-json\/wp\/v2\/comments?post=1233"}],"version-history":[{"count":4,"href":"https:\/\/www.fundaciofarineragirona.cat\/es\/wp-json\/wp\/v2\/pages\/1233\/revisions"}],"predecessor-version":[{"id":1942,"href":"https:\/\/www.fundaciofarineragirona.cat\/es\/wp-json\/wp\/v2\/pages\/1233\/revisions\/1942"}],"up":[{"embeddable":true,"href":"https:\/\/www.fundaciofarineragirona.cat\/es\/wp-json\/wp\/v2\/pages\/1229"}],"wp:attachment":[{"href":"https:\/\/www.fundaciofarineragirona.cat\/es\/wp-json\/wp\/v2\/media?parent=1233"}],"curies":[{"name":"wp","href":"https:\/\/api.w.org\/{rel}","templated":true}]}}