{"id":1231,"date":"2025-06-24T12:42:29","date_gmt":"2025-06-24T10:42:29","guid":{"rendered":"http:\/\/localhost\/tqeurocredit\/fundacio-farinera-girona-2\/qui-som-fundacio-farinera-girona\/"},"modified":"2026-04-01T12:04:30","modified_gmt":"2026-04-01T10:04:30","slug":"qui-som-fundacio-farinera-girona","status":"publish","type":"page","link":"https:\/\/www.fundaciofarineragirona.cat\/es\/fundacio-farinera-girona-2\/qui-som-fundacio-farinera-girona\/","title":{"rendered":"Qui\u00e9nes somos"},"content":{"rendered":"<p>La<strong> Fundaci\u00f3 Farinera Girona<\/strong> es una entidad privada sin \u00e1nimo de lucro formada por <strong>empresas y personas comprometidas<\/strong> con el emprendimiento y el desarrollo social y econ\u00f3mico de las comarcas gerundenses.<\/p>\n<p>Creemos que detr\u00e1s de cada proyecto hay una persona con potencial, y que <strong>ning\u00fan emprendedor deber\u00eda caminar solo<\/strong>. Por ello ofrecemos apoyo mediante mentor\u00eda gratuita a iniciativas empresariales en cualquier fase, desde la idea inicial hasta el crecimiento.<\/p>\n<p>Con una <strong>red diversa de personas implicadas<\/strong> y una mirada centrada en las personas, construimos un entorno donde el emprendimiento tiene alma y sentido.<\/p>\n","protected":false},"excerpt":{"rendered":"<p>La Fundaci\u00f3 Farinera Girona es una entidad privada sin \u00e1nimo de lucro formada por empresas y personas comprometidas con el emprendimiento y el desarrollo social y econ\u00f3mico de las comarcas gerundenses. Creemos que detr\u00e1s de cada proyecto hay una persona con potencial, y que ning\u00fan emprendedor deber\u00eda caminar solo. Por ello ofrecemos apoyo mediante mentor\u00eda [&hellip;]<\/p>\n","protected":false},"author":1,"featured_media":0,"parent":1229,"menu_order":8,"comment_status":"closed","ping_status":"closed","template":"qui-som.php","meta":{"_acf_changed":false,"inline_featured_image":false,"footnotes":"","_links_to":"","_links_to_target":""},"class_list":["post-1231","page","type-page","status-publish","hentry"],"acf":[],"yoast_head":"<!-- This site is optimized with the Yoast SEO plugin v27.3 - https:\/\/yoast.com\/product\/yoast-seo-wordpress\/ -->\n<title>Qui\u00e9nes somos - Fundaci\u00f3 Farinera Girona<\/title>\n<meta name=\"description\" content=\"La\u00a0Fundaci\u00f3 Farinera Girona\u00a0 vol donar suport a l\u02bcemprenedoria local i contribuir al desenvolupament social i econ\u00f2mic.\" \/>\n<meta name=\"robots\" content=\"index, follow, max-snippet:-1, max-image-preview:large, max-video-preview:-1\" \/>\n<link rel=\"canonical\" href=\"https:\/\/www.fundaciofarineragirona.cat\/es\/fundacio-farinera-girona-2\/qui-som-fundacio-farinera-girona\/\" \/>\n<meta property=\"og:locale\" content=\"es_ES\" \/>\n<meta property=\"og:type\" content=\"article\" \/>\n<meta property=\"og:title\" content=\"Qui\u00e9nes somos - Fundaci\u00f3 Farinera Girona\" \/>\n<meta property=\"og:description\" content=\"La\u00a0Fundaci\u00f3 Farinera Girona\u00a0 vol donar suport a l\u02bcemprenedoria local i contribuir al desenvolupament social i econ\u00f2mic.\" \/>\n<meta property=\"og:url\" content=\"https:\/\/www.fundaciofarineragirona.cat\/es\/fundacio-farinera-girona-2\/qui-som-fundacio-farinera-girona\/\" \/>\n<meta property=\"og:site_name\" content=\"Fundaci\u00f3 Farinera Girona\" \/>\n<meta property=\"article:modified_time\" content=\"2026-04-01T10:04:30+00:00\" \/>\n<meta name=\"twitter:card\" content=\"summary_large_image\" \/>\n<meta name=\"twitter:label1\" content=\"Tiempo de lectura\" \/>\n\t<meta name=\"twitter:data1\" content=\"1 minuto\" \/>\n<script type=\"application\/ld+json\" class=\"yoast-schema-graph\">{\"@context\":\"https:\\\/\\\/schema.org\",\"@graph\":[{\"@type\":\"WebPage\",\"@id\":\"https:\\\/\\\/www.fundaciofarineragirona.cat\\\/es\\\/fundacio-farinera-girona-2\\\/qui-som-fundacio-farinera-girona\\\/\",\"url\":\"https:\\\/\\\/www.fundaciofarineragirona.cat\\\/es\\\/fundacio-farinera-girona-2\\\/qui-som-fundacio-farinera-girona\\\/\",\"name\":\"Qui\u00e9nes somos - Fundaci\u00f3 Farinera Girona\",\"isPartOf\":{\"@id\":\"https:\\\/\\\/www.fundaciofarineragirona.cat\\\/es\\\/versio2\\\/ca\\\/#website\"},\"datePublished\":\"2025-06-24T10:42:29+00:00\",\"dateModified\":\"2026-04-01T10:04:30+00:00\",\"description\":\"La\u00a0Fundaci\u00f3 Farinera Girona\u00a0 vol donar suport a l\u02bcemprenedoria local i contribuir al desenvolupament social i econ\u00f2mic.\",\"breadcrumb\":{\"@id\":\"https:\\\/\\\/www.fundaciofarineragirona.cat\\\/es\\\/fundacio-farinera-girona-2\\\/qui-som-fundacio-farinera-girona\\\/#breadcrumb\"},\"inLanguage\":\"es\",\"potentialAction\":[{\"@type\":\"ReadAction\",\"target\":[\"https:\\\/\\\/www.fundaciofarineragirona.cat\\\/es\\\/fundacio-farinera-girona-2\\\/qui-som-fundacio-farinera-girona\\\/\"]}]},{\"@type\":\"BreadcrumbList\",\"@id\":\"https:\\\/\\\/www.fundaciofarineragirona.cat\\\/es\\\/fundacio-farinera-girona-2\\\/qui-som-fundacio-farinera-girona\\\/#breadcrumb\",\"itemListElement\":[{\"@type\":\"ListItem\",\"position\":1,\"name\":\"Inici\",\"item\":\"https:\\\/\\\/www.fundaciofarineragirona.cat\\\/es\\\/versio2\\\/es\\\/\"},{\"@type\":\"ListItem\",\"position\":2,\"name\":\"La Fundaci\u00f3n\",\"item\":\"\\\/\"},{\"@type\":\"ListItem\",\"position\":3,\"name\":\"Qui\u00e9nes somos\"}]},{\"@type\":\"WebSite\",\"@id\":\"https:\\\/\\\/www.fundaciofarineragirona.cat\\\/es\\\/versio2\\\/ca\\\/#website\",\"url\":\"https:\\\/\\\/www.fundaciofarineragirona.cat\\\/es\\\/versio2\\\/ca\\\/\",\"name\":\"Fundaci\u00f3 Farinera Girona\",\"description\":\"Impulsem talent, transformem territori\",\"potentialAction\":[{\"@type\":\"SearchAction\",\"target\":{\"@type\":\"EntryPoint\",\"urlTemplate\":\"https:\\\/\\\/www.fundaciofarineragirona.cat\\\/es\\\/versio2\\\/ca\\\/?s={search_term_string}\"},\"query-input\":{\"@type\":\"PropertyValueSpecification\",\"valueRequired\":true,\"valueName\":\"search_term_string\"}}],\"inLanguage\":\"es\"}]}<\/script>\n<!-- \/ Yoast SEO plugin. -->","yoast_head_json":{"title":"Qui\u00e9nes somos - Fundaci\u00f3 Farinera Girona","description":"La\u00a0Fundaci\u00f3 Farinera Girona\u00a0 vol donar suport a l\u02bcemprenedoria local i contribuir al desenvolupament social i econ\u00f2mic.","robots":{"index":"index","follow":"follow","max-snippet":"max-snippet:-1","max-image-preview":"max-image-preview:large","max-video-preview":"max-video-preview:-1"},"canonical":"https:\/\/www.fundaciofarineragirona.cat\/es\/fundacio-farinera-girona-2\/qui-som-fundacio-farinera-girona\/","og_locale":"es_ES","og_type":"article","og_title":"Qui\u00e9nes somos - Fundaci\u00f3 Farinera Girona","og_description":"La\u00a0Fundaci\u00f3 Farinera Girona\u00a0 vol donar suport a l\u02bcemprenedoria local i contribuir al desenvolupament social i econ\u00f2mic.","og_url":"https:\/\/www.fundaciofarineragirona.cat\/es\/fundacio-farinera-girona-2\/qui-som-fundacio-farinera-girona\/","og_site_name":"Fundaci\u00f3 Farinera Girona","article_modified_time":"2026-04-01T10:04:30+00:00","twitter_card":"summary_large_image","twitter_misc":{"Tiempo de lectura":"1 minuto"},"schema":{"@context":"https:\/\/schema.org","@graph":[{"@type":"WebPage","@id":"https:\/\/www.fundaciofarineragirona.cat\/es\/fundacio-farinera-girona-2\/qui-som-fundacio-farinera-girona\/","url":"https:\/\/www.fundaciofarineragirona.cat\/es\/fundacio-farinera-girona-2\/qui-som-fundacio-farinera-girona\/","name":"Qui\u00e9nes somos - Fundaci\u00f3 Farinera Girona","isPartOf":{"@id":"https:\/\/www.fundaciofarineragirona.cat\/es\/versio2\/ca\/#website"},"datePublished":"2025-06-24T10:42:29+00:00","dateModified":"2026-04-01T10:04:30+00:00","description":"La\u00a0Fundaci\u00f3 Farinera Girona\u00a0 vol donar suport a l\u02bcemprenedoria local i contribuir al desenvolupament social i econ\u00f2mic.","breadcrumb":{"@id":"https:\/\/www.fundaciofarineragirona.cat\/es\/fundacio-farinera-girona-2\/qui-som-fundacio-farinera-girona\/#breadcrumb"},"inLanguage":"es","potentialAction":[{"@type":"ReadAction","target":["https:\/\/www.fundaciofarineragirona.cat\/es\/fundacio-farinera-girona-2\/qui-som-fundacio-farinera-girona\/"]}]},{"@type":"BreadcrumbList","@id":"https:\/\/www.fundaciofarineragirona.cat\/es\/fundacio-farinera-girona-2\/qui-som-fundacio-farinera-girona\/#breadcrumb","itemListElement":[{"@type":"ListItem","position":1,"name":"Inici","item":"https:\/\/www.fundaciofarineragirona.cat\/es\/versio2\/es\/"},{"@type":"ListItem","position":2,"name":"La Fundaci\u00f3n","item":"\/"},{"@type":"ListItem","position":3,"name":"Qui\u00e9nes somos"}]},{"@type":"WebSite","@id":"https:\/\/www.fundaciofarineragirona.cat\/es\/versio2\/ca\/#website","url":"https:\/\/www.fundaciofarineragirona.cat\/es\/versio2\/ca\/","name":"Fundaci\u00f3 Farinera Girona","description":"Impulsem talent, transformem territori","potentialAction":[{"@type":"SearchAction","target":{"@type":"EntryPoint","urlTemplate":"https:\/\/www.fundaciofarineragirona.cat\/es\/versio2\/ca\/?s={search_term_string}"},"query-input":{"@type":"PropertyValueSpecification","valueRequired":true,"valueName":"search_term_string"}}],"inLanguage":"es"}]}},"_links":{"self":[{"href":"https:\/\/www.fundaciofarineragirona.cat\/es\/wp-json\/wp\/v2\/pages\/1231","targetHints":{"allow":["GET"]}}],"collection":[{"href":"https:\/\/www.fundaciofarineragirona.cat\/es\/wp-json\/wp\/v2\/pages"}],"about":[{"href":"https:\/\/www.fundaciofarineragirona.cat\/es\/wp-json\/wp\/v2\/types\/page"}],"author":[{"embeddable":true,"href":"https:\/\/www.fundaciofarineragirona.cat\/es\/wp-json\/wp\/v2\/users\/1"}],"replies":[{"embeddable":true,"href":"https:\/\/www.fundaciofarineragirona.cat\/es\/wp-json\/wp\/v2\/comments?post=1231"}],"version-history":[{"count":4,"href":"https:\/\/www.fundaciofarineragirona.cat\/es\/wp-json\/wp\/v2\/pages\/1231\/revisions"}],"predecessor-version":[{"id":1843,"href":"https:\/\/www.fundaciofarineragirona.cat\/es\/wp-json\/wp\/v2\/pages\/1231\/revisions\/1843"}],"up":[{"embeddable":true,"href":"https:\/\/www.fundaciofarineragirona.cat\/es\/wp-json\/wp\/v2\/pages\/1229"}],"wp:attachment":[{"href":"https:\/\/www.fundaciofarineragirona.cat\/es\/wp-json\/wp\/v2\/media?parent=1231"}],"curies":[{"name":"wp","href":"https:\/\/api.w.org\/{rel}","templated":true}]}}