{"id":1227,"date":"2025-06-24T13:32:16","date_gmt":"2025-06-24T11:32:16","guid":{"rendered":"http:\/\/localhost\/tqeurocredit\/fundacio-farinera-girona\/"},"modified":"2026-04-08T11:10:51","modified_gmt":"2026-04-08T09:10:51","slug":"fundacio-farinera-girona","status":"publish","type":"page","link":"https:\/\/www.fundaciofarineragirona.cat\/es\/","title":{"rendered":"Home"},"content":{"rendered":"<p><span style=\"font-weight: 400;\">La Fundaci\u00f3 Farinera Girona es una fundaci\u00f3n privada sin \u00e1nimo de lucro creada el 15 de enero de 2025 para fomentar el emprendimiento en las comarcas gerundenses. Su misi\u00f3n es clara: activar la econom\u00eda local, fortalecer el tejido empresarial y formar una nueva generaci\u00f3n de emprendedores comprometidos con el territorio.<\/span><\/p>\n<p><span style=\"font-weight: 400;\">Para impulsar el emprendimiento desde un entorno con gran potencial, la Fundaci\u00f3n ofrece el Programa de Emprendimiento, que acompa\u00f1a a las personas en todas las fases de su proyecto, con mentor\u00eda gratuita y un enfoque centrado en el liderazgo personal y la responsabilidad social. Promovemos un emprendimiento con valores, humano y transformador, con premios y becas que fomentan la honestidad, el esfuerzo y la igualdad de oportunidades.<\/span><\/p>\n<p><span style=\"font-weight: 400;\">Desde las comarcas gerundenses, para inspirar a todo un pa\u00eds.<\/span><\/p>\n","protected":false},"excerpt":{"rendered":"<p>La Fundaci\u00f3 Farinera Girona es una fundaci\u00f3n privada sin \u00e1nimo de lucro creada el 15 de enero de 2025 para fomentar el emprendimiento en las comarcas gerundenses. Su misi\u00f3n es clara: activar la econom\u00eda local, fortalecer el tejido empresarial y formar una nueva generaci\u00f3n de emprendedores comprometidos con el territorio. Para impulsar el emprendimiento desde [&hellip;]<\/p>\n","protected":false},"author":1,"featured_media":0,"parent":0,"menu_order":2,"comment_status":"closed","ping_status":"closed","template":"","meta":{"_acf_changed":false,"inline_featured_image":false,"footnotes":"","_links_to":"","_links_to_target":""},"class_list":["post-1227","page","type-page","status-publish","hentry"],"acf":[],"yoast_head":"<!-- This site is optimized with the Yoast SEO plugin v27.3 - https:\/\/yoast.com\/product\/yoast-seo-wordpress\/ -->\n<title>Fundaci\u00f3 Farinera Girona<\/title>\n<meta name=\"description\" content=\"La\u00a0Fundaci\u00f3 Farinera Girona\u00a0\u00e9s una fundaci\u00f3 privada sense \u00e0nim de lucre, creada el 2025 per\u00a0fomentar l\u02bcemprenedoria.\" \/>\n<meta name=\"robots\" content=\"index, follow, max-snippet:-1, max-image-preview:large, max-video-preview:-1\" \/>\n<link rel=\"canonical\" href=\"https:\/\/www.fundaciofarineragirona.cat\/es\/\" \/>\n<meta property=\"og:locale\" content=\"es_ES\" \/>\n<meta property=\"og:type\" content=\"article\" \/>\n<meta property=\"og:title\" content=\"Fundaci\u00f3 Farinera Girona\" \/>\n<meta property=\"og:description\" content=\"La\u00a0Fundaci\u00f3 Farinera Girona\u00a0\u00e9s una fundaci\u00f3 privada sense \u00e0nim de lucre, creada el 2025 per\u00a0fomentar l\u02bcemprenedoria.\" \/>\n<meta property=\"og:url\" content=\"https:\/\/www.fundaciofarineragirona.cat\/es\/\" \/>\n<meta property=\"og:site_name\" content=\"Fundaci\u00f3 Farinera Girona\" \/>\n<meta property=\"article:modified_time\" content=\"2026-04-08T09:10:51+00:00\" \/>\n<meta name=\"twitter:card\" content=\"summary_large_image\" \/>\n<meta name=\"twitter:label1\" content=\"Tiempo de lectura\" \/>\n\t<meta name=\"twitter:data1\" content=\"1 minuto\" \/>\n<script type=\"application\/ld+json\" class=\"yoast-schema-graph\">{\"@context\":\"https:\\\/\\\/schema.org\",\"@graph\":[{\"@type\":\"WebPage\",\"@id\":\"https:\\\/\\\/www.fundaciofarineragirona.cat\\\/es\\\/\",\"url\":\"https:\\\/\\\/www.fundaciofarineragirona.cat\\\/es\\\/\",\"name\":\"Fundaci\u00f3 Farinera Girona\",\"isPartOf\":{\"@id\":\"https:\\\/\\\/www.fundaciofarineragirona.cat\\\/es\\\/versio2\\\/ca\\\/#website\"},\"datePublished\":\"2025-06-24T11:32:16+00:00\",\"dateModified\":\"2026-04-08T09:10:51+00:00\",\"description\":\"La\u00a0Fundaci\u00f3 Farinera Girona\u00a0\u00e9s una fundaci\u00f3 privada sense \u00e0nim de lucre, creada el 2025 per\u00a0fomentar l\u02bcemprenedoria.\",\"breadcrumb\":{\"@id\":\"https:\\\/\\\/www.fundaciofarineragirona.cat\\\/es\\\/#breadcrumb\"},\"inLanguage\":\"es\",\"potentialAction\":[{\"@type\":\"ReadAction\",\"target\":[\"https:\\\/\\\/www.fundaciofarineragirona.cat\\\/es\\\/\"]}]},{\"@type\":\"BreadcrumbList\",\"@id\":\"https:\\\/\\\/www.fundaciofarineragirona.cat\\\/es\\\/#breadcrumb\",\"itemListElement\":[{\"@type\":\"ListItem\",\"position\":1,\"name\":\"Inici\",\"item\":\"https:\\\/\\\/www.fundaciofarineragirona.cat\\\/es\\\/versio2\\\/es\\\/\"},{\"@type\":\"ListItem\",\"position\":2,\"name\":\"Home\"}]},{\"@type\":\"WebSite\",\"@id\":\"https:\\\/\\\/www.fundaciofarineragirona.cat\\\/es\\\/versio2\\\/ca\\\/#website\",\"url\":\"https:\\\/\\\/www.fundaciofarineragirona.cat\\\/es\\\/versio2\\\/ca\\\/\",\"name\":\"Fundaci\u00f3 Farinera Girona\",\"description\":\"Impulsem talent, transformem territori\",\"potentialAction\":[{\"@type\":\"SearchAction\",\"target\":{\"@type\":\"EntryPoint\",\"urlTemplate\":\"https:\\\/\\\/www.fundaciofarineragirona.cat\\\/es\\\/versio2\\\/ca\\\/?s={search_term_string}\"},\"query-input\":{\"@type\":\"PropertyValueSpecification\",\"valueRequired\":true,\"valueName\":\"search_term_string\"}}],\"inLanguage\":\"es\"}]}<\/script>\n<!-- \/ Yoast SEO plugin. -->","yoast_head_json":{"title":"Fundaci\u00f3 Farinera Girona","description":"La\u00a0Fundaci\u00f3 Farinera Girona\u00a0\u00e9s una fundaci\u00f3 privada sense \u00e0nim de lucre, creada el 2025 per\u00a0fomentar l\u02bcemprenedoria.","robots":{"index":"index","follow":"follow","max-snippet":"max-snippet:-1","max-image-preview":"max-image-preview:large","max-video-preview":"max-video-preview:-1"},"canonical":"https:\/\/www.fundaciofarineragirona.cat\/es\/","og_locale":"es_ES","og_type":"article","og_title":"Fundaci\u00f3 Farinera Girona","og_description":"La\u00a0Fundaci\u00f3 Farinera Girona\u00a0\u00e9s una fundaci\u00f3 privada sense \u00e0nim de lucre, creada el 2025 per\u00a0fomentar l\u02bcemprenedoria.","og_url":"https:\/\/www.fundaciofarineragirona.cat\/es\/","og_site_name":"Fundaci\u00f3 Farinera Girona","article_modified_time":"2026-04-08T09:10:51+00:00","twitter_card":"summary_large_image","twitter_misc":{"Tiempo de lectura":"1 minuto"},"schema":{"@context":"https:\/\/schema.org","@graph":[{"@type":"WebPage","@id":"https:\/\/www.fundaciofarineragirona.cat\/es\/","url":"https:\/\/www.fundaciofarineragirona.cat\/es\/","name":"Fundaci\u00f3 Farinera Girona","isPartOf":{"@id":"https:\/\/www.fundaciofarineragirona.cat\/es\/versio2\/ca\/#website"},"datePublished":"2025-06-24T11:32:16+00:00","dateModified":"2026-04-08T09:10:51+00:00","description":"La\u00a0Fundaci\u00f3 Farinera Girona\u00a0\u00e9s una fundaci\u00f3 privada sense \u00e0nim de lucre, creada el 2025 per\u00a0fomentar l\u02bcemprenedoria.","breadcrumb":{"@id":"https:\/\/www.fundaciofarineragirona.cat\/es\/#breadcrumb"},"inLanguage":"es","potentialAction":[{"@type":"ReadAction","target":["https:\/\/www.fundaciofarineragirona.cat\/es\/"]}]},{"@type":"BreadcrumbList","@id":"https:\/\/www.fundaciofarineragirona.cat\/es\/#breadcrumb","itemListElement":[{"@type":"ListItem","position":1,"name":"Inici","item":"https:\/\/www.fundaciofarineragirona.cat\/es\/versio2\/es\/"},{"@type":"ListItem","position":2,"name":"Home"}]},{"@type":"WebSite","@id":"https:\/\/www.fundaciofarineragirona.cat\/es\/versio2\/ca\/#website","url":"https:\/\/www.fundaciofarineragirona.cat\/es\/versio2\/ca\/","name":"Fundaci\u00f3 Farinera Girona","description":"Impulsem talent, transformem territori","potentialAction":[{"@type":"SearchAction","target":{"@type":"EntryPoint","urlTemplate":"https:\/\/www.fundaciofarineragirona.cat\/es\/versio2\/ca\/?s={search_term_string}"},"query-input":{"@type":"PropertyValueSpecification","valueRequired":true,"valueName":"search_term_string"}}],"inLanguage":"es"}]}},"_links":{"self":[{"href":"https:\/\/www.fundaciofarineragirona.cat\/es\/wp-json\/wp\/v2\/pages\/1227","targetHints":{"allow":["GET"]}}],"collection":[{"href":"https:\/\/www.fundaciofarineragirona.cat\/es\/wp-json\/wp\/v2\/pages"}],"about":[{"href":"https:\/\/www.fundaciofarineragirona.cat\/es\/wp-json\/wp\/v2\/types\/page"}],"author":[{"embeddable":true,"href":"https:\/\/www.fundaciofarineragirona.cat\/es\/wp-json\/wp\/v2\/users\/1"}],"replies":[{"embeddable":true,"href":"https:\/\/www.fundaciofarineragirona.cat\/es\/wp-json\/wp\/v2\/comments?post=1227"}],"version-history":[{"count":10,"href":"https:\/\/www.fundaciofarineragirona.cat\/es\/wp-json\/wp\/v2\/pages\/1227\/revisions"}],"predecessor-version":[{"id":1946,"href":"https:\/\/www.fundaciofarineragirona.cat\/es\/wp-json\/wp\/v2\/pages\/1227\/revisions\/1946"}],"wp:attachment":[{"href":"https:\/\/www.fundaciofarineragirona.cat\/es\/wp-json\/wp\/v2\/media?parent=1227"}],"curies":[{"name":"wp","href":"https:\/\/api.w.org\/{rel}","templated":true}]}}