{"id":1268,"date":"2025-06-24T12:42:29","date_gmt":"2025-06-24T10:42:29","guid":{"rendered":"http:\/\/localhost\/tqeurocredit\/contacte-fundacio-farinera-girona\/"},"modified":"2026-04-08T13:16:25","modified_gmt":"2026-04-08T11:16:25","slug":"contacte-fundacio-farinera-girona","status":"publish","type":"page","link":"https:\/\/www.fundaciofarineragirona.cat\/en\/contacte-fundacio-farinera-girona\/","title":{"rendered":"Contact"},"content":{"rendered":"","protected":false},"excerpt":{"rendered":"","protected":false},"author":1,"featured_media":0,"parent":0,"menu_order":65,"comment_status":"closed","ping_status":"closed","template":"contacte.php","meta":{"_acf_changed":false,"inline_featured_image":false,"footnotes":"","_links_to":"","_links_to_target":""},"class_list":["post-1268","page","type-page","status-publish","hentry"],"acf":[],"yoast_head":"<!-- This site is optimized with the Yoast SEO plugin v27.3 - https:\/\/yoast.com\/product\/yoast-seo-wordpress\/ -->\n<title>Contact - Fundaci\u00f3 Farinera Girona<\/title>\n<meta name=\"description\" content=\"Contacta amb la Fundaci\u00f3 Farinera de Girona, una fundaci\u00f3 sense \u00e0nim de lucre per impulsar els emprenedors i el territori\" \/>\n<meta name=\"robots\" content=\"index, follow, max-snippet:-1, max-image-preview:large, max-video-preview:-1\" \/>\n<link rel=\"canonical\" href=\"https:\/\/www.fundaciofarineragirona.cat\/en\/contacte-fundacio-farinera-girona\/\" \/>\n<meta property=\"og:locale\" content=\"en_US\" \/>\n<meta property=\"og:type\" content=\"article\" \/>\n<meta property=\"og:title\" content=\"Contact - Fundaci\u00f3 Farinera Girona\" \/>\n<meta property=\"og:description\" content=\"Contacta amb la Fundaci\u00f3 Farinera de Girona, una fundaci\u00f3 sense \u00e0nim de lucre per impulsar els emprenedors i el territori\" \/>\n<meta property=\"og:url\" content=\"https:\/\/www.fundaciofarineragirona.cat\/en\/contacte-fundacio-farinera-girona\/\" \/>\n<meta property=\"og:site_name\" content=\"Fundaci\u00f3 Farinera Girona\" \/>\n<meta property=\"article:modified_time\" content=\"2026-04-08T11:16:25+00:00\" \/>\n<meta name=\"twitter:card\" content=\"summary_large_image\" \/>\n<script type=\"application\/ld+json\" class=\"yoast-schema-graph\">{\"@context\":\"https:\\\/\\\/schema.org\",\"@graph\":[{\"@type\":\"WebPage\",\"@id\":\"https:\\\/\\\/www.fundaciofarineragirona.cat\\\/en\\\/contacte-fundacio-farinera-girona\\\/\",\"url\":\"https:\\\/\\\/www.fundaciofarineragirona.cat\\\/en\\\/contacte-fundacio-farinera-girona\\\/\",\"name\":\"Contact - Fundaci\u00f3 Farinera Girona\",\"isPartOf\":{\"@id\":\"https:\\\/\\\/www.fundaciofarineragirona.cat\\\/en\\\/versio2\\\/ca\\\/#website\"},\"datePublished\":\"2025-06-24T10:42:29+00:00\",\"dateModified\":\"2026-04-08T11:16:25+00:00\",\"description\":\"Contacta amb la Fundaci\u00f3 Farinera de Girona, una fundaci\u00f3 sense \u00e0nim de lucre per impulsar els emprenedors i el territori\",\"breadcrumb\":{\"@id\":\"https:\\\/\\\/www.fundaciofarineragirona.cat\\\/en\\\/contacte-fundacio-farinera-girona\\\/#breadcrumb\"},\"inLanguage\":\"en-US\",\"potentialAction\":[{\"@type\":\"ReadAction\",\"target\":[\"https:\\\/\\\/www.fundaciofarineragirona.cat\\\/en\\\/contacte-fundacio-farinera-girona\\\/\"]}]},{\"@type\":\"BreadcrumbList\",\"@id\":\"https:\\\/\\\/www.fundaciofarineragirona.cat\\\/en\\\/contacte-fundacio-farinera-girona\\\/#breadcrumb\",\"itemListElement\":[{\"@type\":\"ListItem\",\"position\":1,\"name\":\"Inici\",\"item\":\"https:\\\/\\\/www.fundaciofarineragirona.cat\\\/en\\\/versio2\\\/en\\\/\"},{\"@type\":\"ListItem\",\"position\":2,\"name\":\"Contact\"}]},{\"@type\":\"WebSite\",\"@id\":\"https:\\\/\\\/www.fundaciofarineragirona.cat\\\/en\\\/versio2\\\/ca\\\/#website\",\"url\":\"https:\\\/\\\/www.fundaciofarineragirona.cat\\\/en\\\/versio2\\\/ca\\\/\",\"name\":\"Fundaci\u00f3 Farinera Girona\",\"description\":\"Impulsem talent, transformem territori\",\"potentialAction\":[{\"@type\":\"SearchAction\",\"target\":{\"@type\":\"EntryPoint\",\"urlTemplate\":\"https:\\\/\\\/www.fundaciofarineragirona.cat\\\/en\\\/versio2\\\/ca\\\/?s={search_term_string}\"},\"query-input\":{\"@type\":\"PropertyValueSpecification\",\"valueRequired\":true,\"valueName\":\"search_term_string\"}}],\"inLanguage\":\"en-US\"}]}<\/script>\n<!-- \/ Yoast SEO plugin. -->","yoast_head_json":{"title":"Contact - Fundaci\u00f3 Farinera Girona","description":"Contacta amb la Fundaci\u00f3 Farinera de Girona, una fundaci\u00f3 sense \u00e0nim de lucre per impulsar els emprenedors i el territori","robots":{"index":"index","follow":"follow","max-snippet":"max-snippet:-1","max-image-preview":"max-image-preview:large","max-video-preview":"max-video-preview:-1"},"canonical":"https:\/\/www.fundaciofarineragirona.cat\/en\/contacte-fundacio-farinera-girona\/","og_locale":"en_US","og_type":"article","og_title":"Contact - Fundaci\u00f3 Farinera Girona","og_description":"Contacta amb la Fundaci\u00f3 Farinera de Girona, una fundaci\u00f3 sense \u00e0nim de lucre per impulsar els emprenedors i el territori","og_url":"https:\/\/www.fundaciofarineragirona.cat\/en\/contacte-fundacio-farinera-girona\/","og_site_name":"Fundaci\u00f3 Farinera Girona","article_modified_time":"2026-04-08T11:16:25+00:00","twitter_card":"summary_large_image","schema":{"@context":"https:\/\/schema.org","@graph":[{"@type":"WebPage","@id":"https:\/\/www.fundaciofarineragirona.cat\/en\/contacte-fundacio-farinera-girona\/","url":"https:\/\/www.fundaciofarineragirona.cat\/en\/contacte-fundacio-farinera-girona\/","name":"Contact - Fundaci\u00f3 Farinera Girona","isPartOf":{"@id":"https:\/\/www.fundaciofarineragirona.cat\/en\/versio2\/ca\/#website"},"datePublished":"2025-06-24T10:42:29+00:00","dateModified":"2026-04-08T11:16:25+00:00","description":"Contacta amb la Fundaci\u00f3 Farinera de Girona, una fundaci\u00f3 sense \u00e0nim de lucre per impulsar els emprenedors i el territori","breadcrumb":{"@id":"https:\/\/www.fundaciofarineragirona.cat\/en\/contacte-fundacio-farinera-girona\/#breadcrumb"},"inLanguage":"en-US","potentialAction":[{"@type":"ReadAction","target":["https:\/\/www.fundaciofarineragirona.cat\/en\/contacte-fundacio-farinera-girona\/"]}]},{"@type":"BreadcrumbList","@id":"https:\/\/www.fundaciofarineragirona.cat\/en\/contacte-fundacio-farinera-girona\/#breadcrumb","itemListElement":[{"@type":"ListItem","position":1,"name":"Inici","item":"https:\/\/www.fundaciofarineragirona.cat\/en\/versio2\/en\/"},{"@type":"ListItem","position":2,"name":"Contact"}]},{"@type":"WebSite","@id":"https:\/\/www.fundaciofarineragirona.cat\/en\/versio2\/ca\/#website","url":"https:\/\/www.fundaciofarineragirona.cat\/en\/versio2\/ca\/","name":"Fundaci\u00f3 Farinera Girona","description":"Impulsem talent, transformem territori","potentialAction":[{"@type":"SearchAction","target":{"@type":"EntryPoint","urlTemplate":"https:\/\/www.fundaciofarineragirona.cat\/en\/versio2\/ca\/?s={search_term_string}"},"query-input":{"@type":"PropertyValueSpecification","valueRequired":true,"valueName":"search_term_string"}}],"inLanguage":"en-US"}]}},"_links":{"self":[{"href":"https:\/\/www.fundaciofarineragirona.cat\/en\/wp-json\/wp\/v2\/pages\/1268","targetHints":{"allow":["GET"]}}],"collection":[{"href":"https:\/\/www.fundaciofarineragirona.cat\/en\/wp-json\/wp\/v2\/pages"}],"about":[{"href":"https:\/\/www.fundaciofarineragirona.cat\/en\/wp-json\/wp\/v2\/types\/page"}],"author":[{"embeddable":true,"href":"https:\/\/www.fundaciofarineragirona.cat\/en\/wp-json\/wp\/v2\/users\/1"}],"replies":[{"embeddable":true,"href":"https:\/\/www.fundaciofarineragirona.cat\/en\/wp-json\/wp\/v2\/comments?post=1268"}],"version-history":[{"count":1,"href":"https:\/\/www.fundaciofarineragirona.cat\/en\/wp-json\/wp\/v2\/pages\/1268\/revisions"}],"predecessor-version":[{"id":1989,"href":"https:\/\/www.fundaciofarineragirona.cat\/en\/wp-json\/wp\/v2\/pages\/1268\/revisions\/1989"}],"wp:attachment":[{"href":"https:\/\/www.fundaciofarineragirona.cat\/en\/wp-json\/wp\/v2\/media?parent=1268"}],"curies":[{"name":"wp","href":"https:\/\/api.w.org\/{rel}","templated":true}]}}