{"id":1264,"date":"2025-06-24T12:42:29","date_gmt":"2025-06-24T10:42:29","guid":{"rendered":"http:\/\/localhost\/tqeurocredit\/collabora-fundacio-farinera-girona\/inscripcions-mentor-fundacio-farinera-girona\/"},"modified":"2026-04-08T13:10:18","modified_gmt":"2026-04-08T11:10:18","slug":"inscripcions-mentor-fundacio-farinera-girona","status":"publish","type":"page","link":"https:\/\/www.fundaciofarineragirona.cat\/en\/collabora-fundacio-farinera-girona\/inscripcions-mentor-fundacio-farinera-girona\/","title":{"rendered":"Collaborate with us"},"content":{"rendered":"<p class=\"p1\"><strong>Do you want to collaborate with us<\/strong> and help grow new entrepreneurial projects? At the <strong>Farinera Girona Foundation<\/strong>, we are looking for experienced professionals who are looking to share their knowledge, guide entrepreneurs and add value to projects. Join our team of mentors and be part of a living ecosystem, committed to entrepreneurship in the Girona regions.<\/p>\n","protected":false},"excerpt":{"rendered":"<p>Do you want to collaborate with us and help grow new entrepreneurial projects? At the Farinera Girona Foundation, we are looking for experienced professionals who are looking to share their knowledge, guide entrepreneurs and add value to projects. Join our team of mentors and be part of a living ecosystem, committed to entrepreneurship in the [&hellip;]<\/p>\n","protected":false},"author":1,"featured_media":0,"parent":1258,"menu_order":60,"comment_status":"closed","ping_status":"closed","template":"inscripcions-mentor.php","meta":{"_acf_changed":false,"inline_featured_image":false,"footnotes":"","_links_to":"","_links_to_target":""},"class_list":["post-1264","page","type-page","status-publish","hentry"],"acf":[],"yoast_head":"<!-- This site is optimized with the Yoast SEO plugin v27.3 - https:\/\/yoast.com\/product\/yoast-seo-wordpress\/ -->\n<title>Collaborate with us - Fundaci\u00f3 Farinera Girona<\/title>\n<meta name=\"description\" content=\"Si vols \u00e9sser un mentor de la Fundaci\u00f3 Farinera Girona, i acompanyar el talent giron\u00ed i transformar el territori, envia&#039;ns les teves dades\" \/>\n<meta name=\"robots\" content=\"index, follow, max-snippet:-1, max-image-preview:large, max-video-preview:-1\" \/>\n<link rel=\"canonical\" href=\"https:\/\/www.fundaciofarineragirona.cat\/en\/collabora-fundacio-farinera-girona\/inscripcions-mentor-fundacio-farinera-girona\/\" \/>\n<meta property=\"og:locale\" content=\"en_US\" \/>\n<meta property=\"og:type\" content=\"article\" \/>\n<meta property=\"og:title\" content=\"Collaborate with us - Fundaci\u00f3 Farinera Girona\" \/>\n<meta property=\"og:description\" content=\"Si vols \u00e9sser un mentor de la Fundaci\u00f3 Farinera Girona, i acompanyar el talent giron\u00ed i transformar el territori, envia&#039;ns les teves dades\" \/>\n<meta property=\"og:url\" content=\"https:\/\/www.fundaciofarineragirona.cat\/en\/collabora-fundacio-farinera-girona\/inscripcions-mentor-fundacio-farinera-girona\/\" \/>\n<meta property=\"og:site_name\" content=\"Fundaci\u00f3 Farinera Girona\" \/>\n<meta property=\"article:modified_time\" content=\"2026-04-08T11:10:18+00:00\" \/>\n<meta name=\"twitter:card\" content=\"summary_large_image\" \/>\n<meta name=\"twitter:label1\" content=\"Est. reading time\" \/>\n\t<meta name=\"twitter:data1\" content=\"1 minute\" \/>\n<script type=\"application\/ld+json\" class=\"yoast-schema-graph\">{\"@context\":\"https:\\\/\\\/schema.org\",\"@graph\":[{\"@type\":\"WebPage\",\"@id\":\"https:\\\/\\\/www.fundaciofarineragirona.cat\\\/en\\\/collabora-fundacio-farinera-girona\\\/inscripcions-mentor-fundacio-farinera-girona\\\/\",\"url\":\"https:\\\/\\\/www.fundaciofarineragirona.cat\\\/en\\\/collabora-fundacio-farinera-girona\\\/inscripcions-mentor-fundacio-farinera-girona\\\/\",\"name\":\"Collaborate with us - Fundaci\u00f3 Farinera Girona\",\"isPartOf\":{\"@id\":\"https:\\\/\\\/www.fundaciofarineragirona.cat\\\/en\\\/versio2\\\/ca\\\/#website\"},\"datePublished\":\"2025-06-24T10:42:29+00:00\",\"dateModified\":\"2026-04-08T11:10:18+00:00\",\"description\":\"Si vols \u00e9sser un mentor de la Fundaci\u00f3 Farinera Girona, i acompanyar el talent giron\u00ed i transformar el territori, envia'ns les teves dades\",\"breadcrumb\":{\"@id\":\"https:\\\/\\\/www.fundaciofarineragirona.cat\\\/en\\\/collabora-fundacio-farinera-girona\\\/inscripcions-mentor-fundacio-farinera-girona\\\/#breadcrumb\"},\"inLanguage\":\"en-US\",\"potentialAction\":[{\"@type\":\"ReadAction\",\"target\":[\"https:\\\/\\\/www.fundaciofarineragirona.cat\\\/en\\\/collabora-fundacio-farinera-girona\\\/inscripcions-mentor-fundacio-farinera-girona\\\/\"]}]},{\"@type\":\"BreadcrumbList\",\"@id\":\"https:\\\/\\\/www.fundaciofarineragirona.cat\\\/en\\\/collabora-fundacio-farinera-girona\\\/inscripcions-mentor-fundacio-farinera-girona\\\/#breadcrumb\",\"itemListElement\":[{\"@type\":\"ListItem\",\"position\":1,\"name\":\"Inici\",\"item\":\"https:\\\/\\\/www.fundaciofarineragirona.cat\\\/en\\\/versio2\\\/en\\\/\"},{\"@type\":\"ListItem\",\"position\":2,\"name\":\"Collaborate\",\"item\":\"\\\/\"},{\"@type\":\"ListItem\",\"position\":3,\"name\":\"Collaborate with us\"}]},{\"@type\":\"WebSite\",\"@id\":\"https:\\\/\\\/www.fundaciofarineragirona.cat\\\/en\\\/versio2\\\/ca\\\/#website\",\"url\":\"https:\\\/\\\/www.fundaciofarineragirona.cat\\\/en\\\/versio2\\\/ca\\\/\",\"name\":\"Fundaci\u00f3 Farinera Girona\",\"description\":\"Impulsem talent, transformem territori\",\"potentialAction\":[{\"@type\":\"SearchAction\",\"target\":{\"@type\":\"EntryPoint\",\"urlTemplate\":\"https:\\\/\\\/www.fundaciofarineragirona.cat\\\/en\\\/versio2\\\/ca\\\/?s={search_term_string}\"},\"query-input\":{\"@type\":\"PropertyValueSpecification\",\"valueRequired\":true,\"valueName\":\"search_term_string\"}}],\"inLanguage\":\"en-US\"}]}<\/script>\n<!-- \/ Yoast SEO plugin. -->","yoast_head_json":{"title":"Collaborate with us - Fundaci\u00f3 Farinera Girona","description":"Si vols \u00e9sser un mentor de la Fundaci\u00f3 Farinera Girona, i acompanyar el talent giron\u00ed i transformar el territori, envia'ns les teves dades","robots":{"index":"index","follow":"follow","max-snippet":"max-snippet:-1","max-image-preview":"max-image-preview:large","max-video-preview":"max-video-preview:-1"},"canonical":"https:\/\/www.fundaciofarineragirona.cat\/en\/collabora-fundacio-farinera-girona\/inscripcions-mentor-fundacio-farinera-girona\/","og_locale":"en_US","og_type":"article","og_title":"Collaborate with us - Fundaci\u00f3 Farinera Girona","og_description":"Si vols \u00e9sser un mentor de la Fundaci\u00f3 Farinera Girona, i acompanyar el talent giron\u00ed i transformar el territori, envia'ns les teves dades","og_url":"https:\/\/www.fundaciofarineragirona.cat\/en\/collabora-fundacio-farinera-girona\/inscripcions-mentor-fundacio-farinera-girona\/","og_site_name":"Fundaci\u00f3 Farinera Girona","article_modified_time":"2026-04-08T11:10:18+00:00","twitter_card":"summary_large_image","twitter_misc":{"Est. reading time":"1 minute"},"schema":{"@context":"https:\/\/schema.org","@graph":[{"@type":"WebPage","@id":"https:\/\/www.fundaciofarineragirona.cat\/en\/collabora-fundacio-farinera-girona\/inscripcions-mentor-fundacio-farinera-girona\/","url":"https:\/\/www.fundaciofarineragirona.cat\/en\/collabora-fundacio-farinera-girona\/inscripcions-mentor-fundacio-farinera-girona\/","name":"Collaborate with us - Fundaci\u00f3 Farinera Girona","isPartOf":{"@id":"https:\/\/www.fundaciofarineragirona.cat\/en\/versio2\/ca\/#website"},"datePublished":"2025-06-24T10:42:29+00:00","dateModified":"2026-04-08T11:10:18+00:00","description":"Si vols \u00e9sser un mentor de la Fundaci\u00f3 Farinera Girona, i acompanyar el talent giron\u00ed i transformar el territori, envia'ns les teves dades","breadcrumb":{"@id":"https:\/\/www.fundaciofarineragirona.cat\/en\/collabora-fundacio-farinera-girona\/inscripcions-mentor-fundacio-farinera-girona\/#breadcrumb"},"inLanguage":"en-US","potentialAction":[{"@type":"ReadAction","target":["https:\/\/www.fundaciofarineragirona.cat\/en\/collabora-fundacio-farinera-girona\/inscripcions-mentor-fundacio-farinera-girona\/"]}]},{"@type":"BreadcrumbList","@id":"https:\/\/www.fundaciofarineragirona.cat\/en\/collabora-fundacio-farinera-girona\/inscripcions-mentor-fundacio-farinera-girona\/#breadcrumb","itemListElement":[{"@type":"ListItem","position":1,"name":"Inici","item":"https:\/\/www.fundaciofarineragirona.cat\/en\/versio2\/en\/"},{"@type":"ListItem","position":2,"name":"Collaborate","item":"\/"},{"@type":"ListItem","position":3,"name":"Collaborate with us"}]},{"@type":"WebSite","@id":"https:\/\/www.fundaciofarineragirona.cat\/en\/versio2\/ca\/#website","url":"https:\/\/www.fundaciofarineragirona.cat\/en\/versio2\/ca\/","name":"Fundaci\u00f3 Farinera Girona","description":"Impulsem talent, transformem territori","potentialAction":[{"@type":"SearchAction","target":{"@type":"EntryPoint","urlTemplate":"https:\/\/www.fundaciofarineragirona.cat\/en\/versio2\/ca\/?s={search_term_string}"},"query-input":{"@type":"PropertyValueSpecification","valueRequired":true,"valueName":"search_term_string"}}],"inLanguage":"en-US"}]}},"_links":{"self":[{"href":"https:\/\/www.fundaciofarineragirona.cat\/en\/wp-json\/wp\/v2\/pages\/1264","targetHints":{"allow":["GET"]}}],"collection":[{"href":"https:\/\/www.fundaciofarineragirona.cat\/en\/wp-json\/wp\/v2\/pages"}],"about":[{"href":"https:\/\/www.fundaciofarineragirona.cat\/en\/wp-json\/wp\/v2\/types\/page"}],"author":[{"embeddable":true,"href":"https:\/\/www.fundaciofarineragirona.cat\/en\/wp-json\/wp\/v2\/users\/1"}],"replies":[{"embeddable":true,"href":"https:\/\/www.fundaciofarineragirona.cat\/en\/wp-json\/wp\/v2\/comments?post=1264"}],"version-history":[{"count":1,"href":"https:\/\/www.fundaciofarineragirona.cat\/en\/wp-json\/wp\/v2\/pages\/1264\/revisions"}],"predecessor-version":[{"id":1987,"href":"https:\/\/www.fundaciofarineragirona.cat\/en\/wp-json\/wp\/v2\/pages\/1264\/revisions\/1987"}],"up":[{"embeddable":true,"href":"https:\/\/www.fundaciofarineragirona.cat\/en\/wp-json\/wp\/v2\/pages\/1258"}],"wp:attachment":[{"href":"https:\/\/www.fundaciofarineragirona.cat\/en\/wp-json\/wp\/v2\/media?parent=1264"}],"curies":[{"name":"wp","href":"https:\/\/api.w.org\/{rel}","templated":true}]}}