{"id":1252,"date":"2025-06-24T12:42:29","date_gmt":"2025-06-24T10:42:29","guid":{"rendered":"http:\/\/localhost\/tqeurocredit\/iniciatives\/mostra-demprenedoria\/"},"modified":"2026-04-08T12:28:03","modified_gmt":"2026-04-08T10:28:03","slug":"mostra-demprenedoria","status":"publish","type":"page","link":"https:\/\/www.fundaciofarineragirona.cat\/en\/iniciatives\/mostra-demprenedoria\/","title":{"rendered":"Entrepreneurship Showcase"},"content":{"rendered":"<p class=\"p1\">The Entrepreneurship Showcase held its 13th edition on 23 October 2025, this year fostered by the Farinera Girona Foundation and previously presented by Giroscopi and Assessoria Codina. Once again, it was consolidated as an event that recognises and fosters entrepreneurial talent in the counties of Girona, and as a key space for giving visibility to innovative projects rooted in the local region. This edition was sponsored by <strong>Dibosch, Marlex, Privalex Partners, Kave Home and GironaHub<\/strong>.<\/p>\n<p class=\"p1\">The call was addressed to projects that had already started their activity or were in an advanced stage of development and validation, provided that they were no more than five years old and maintained a direct connection with Girona<span class=\"Apple-converted-space\">\u00a0 <\/span>itself and the local region. Registrations opened on 11 June and closed on 30 September, with the four finalists being announced on 10 Octobe.<\/p>\n<p class=\"p1\">From among all the applications received, four projects were selected to present a 10-minute pitch during the event held on 23 October 2025 at Farinera Teixidor:<\/p>\n<ul>\n<li class=\"p1\">\n<p><strong>Thalio<\/strong>, by Sergi Laurent<\/p>\n<\/li>\n<li class=\"p1\">\n<p><strong>WeTown<\/strong>, by Lloren\u00e7 Sol\u00e9<\/p>\n<\/li>\n<li class=\"p1\">\n<p><strong>Greytank<\/strong>, by Vidal Madri\u00e0<\/p>\n<\/li>\n<li class=\"p1\">\n<p><strong>Brain<\/strong>, by Paco Hern\u00e1ndez<\/p>\n<\/li>\n<\/ul>\n<p class=\"p1\">The jury selected Thalio as this edition&#8217;s top entrepreneurial project. The winning project received a cash prize of \u20ac2,000, while the four finalists received \u20ac500 in services from GironaHub and the Espiga Trophy in recognition of their track record, effort and potential.<\/p>\n<table style=\"width: 100%; border-collapse: collapse;\" cellpadding=\"10\">\n<tbody>\n<tr>\n<td style=\"width: 14.2857%;\"><img loading=\"lazy\" decoding=\"async\" class=\"aligncenter size-medium wp-image-520\" src=\"https:\/\/www.fundaciofarineragirona.cat\/wp-content\/uploads\/2025\/06\/logo-03-300x150.jpg\" alt=\"\" width=\"300\" height=\"150\" srcset=\"https:\/\/www.fundaciofarineragirona.cat\/wp-content\/uploads\/2025\/06\/logo-03-300x150.jpg 300w, https:\/\/www.fundaciofarineragirona.cat\/wp-content\/uploads\/2025\/06\/logo-03-768x384.jpg 768w, https:\/\/www.fundaciofarineragirona.cat\/wp-content\/uploads\/2025\/06\/logo-03.jpg 983w\" sizes=\"auto, (max-width: 300px) 100vw, 300px\" \/><\/td>\n<td style=\"width: 14.2857%;\"><img loading=\"lazy\" decoding=\"async\" class=\"aligncenter size-medium wp-image-851\" src=\"https:\/\/www.fundaciofarineragirona.cat\/wp-content\/uploads\/2025\/09\/logo_GironaHub_generic_trans-e1757060386161-450x358.png\" alt=\"\" width=\"450\" height=\"358\" srcset=\"https:\/\/www.fundaciofarineragirona.cat\/wp-content\/uploads\/2025\/09\/logo_GironaHub_generic_trans-e1757060386161-450x358.png 450w, https:\/\/www.fundaciofarineragirona.cat\/wp-content\/uploads\/2025\/09\/logo_GironaHub_generic_trans-e1757060386161-1200x955.png 1200w, https:\/\/www.fundaciofarineragirona.cat\/wp-content\/uploads\/2025\/09\/logo_GironaHub_generic_trans-e1757060386161-768x611.png 768w, https:\/\/www.fundaciofarineragirona.cat\/wp-content\/uploads\/2025\/09\/logo_GironaHub_generic_trans-e1757060386161-1536x1222.png 1536w, https:\/\/www.fundaciofarineragirona.cat\/wp-content\/uploads\/2025\/09\/logo_GironaHub_generic_trans-e1757060386161.png 1602w\" sizes=\"auto, (max-width: 450px) 100vw, 450px\" \/><\/td>\n<td style=\"width: 14.2857%;\"><img loading=\"lazy\" decoding=\"async\" class=\"aligncenter size-medium wp-image-846\" src=\"https:\/\/www.fundaciofarineragirona.cat\/wp-content\/uploads\/2025\/09\/Beige-and-Pink-Modern-Gradient-Business-Consulting-Presentation-e1757060440173-450x149.png\" alt=\"\" width=\"450\" height=\"149\" srcset=\"https:\/\/www.fundaciofarineragirona.cat\/wp-content\/uploads\/2025\/09\/Beige-and-Pink-Modern-Gradient-Business-Consulting-Presentation-e1757060440173-450x149.png 450w, https:\/\/www.fundaciofarineragirona.cat\/wp-content\/uploads\/2025\/09\/Beige-and-Pink-Modern-Gradient-Business-Consulting-Presentation-e1757060440173-768x255.png 768w, https:\/\/www.fundaciofarineragirona.cat\/wp-content\/uploads\/2025\/09\/Beige-and-Pink-Modern-Gradient-Business-Consulting-Presentation-e1757060440173.png 1030w\" sizes=\"auto, (max-width: 450px) 100vw, 450px\" \/><\/td>\n<td style=\"width: 14.2857%;\"><img loading=\"lazy\" decoding=\"async\" class=\"aligncenter size-medium wp-image-859\" src=\"https:\/\/www.fundaciofarineragirona.cat\/wp-content\/uploads\/2025\/09\/Logo-PrivaLex-20-450x131.png\" alt=\"\" width=\"450\" height=\"131\" srcset=\"https:\/\/www.fundaciofarineragirona.cat\/wp-content\/uploads\/2025\/09\/Logo-PrivaLex-20-450x131.png 450w, https:\/\/www.fundaciofarineragirona.cat\/wp-content\/uploads\/2025\/09\/Logo-PrivaLex-20-1200x350.png 1200w, https:\/\/www.fundaciofarineragirona.cat\/wp-content\/uploads\/2025\/09\/Logo-PrivaLex-20-768x224.png 768w, https:\/\/www.fundaciofarineragirona.cat\/wp-content\/uploads\/2025\/09\/Logo-PrivaLex-20-1536x448.png 1536w, https:\/\/www.fundaciofarineragirona.cat\/wp-content\/uploads\/2025\/09\/Logo-PrivaLex-20-2048x597.png 2048w\" sizes=\"auto, (max-width: 450px) 100vw, 450px\" \/><\/td>\n<td style=\"width: 14.2857%;\"><img loading=\"lazy\" decoding=\"async\" class=\"aligncenter size-medium wp-image-686\" src=\"https:\/\/www.fundaciofarineragirona.cat\/wp-content\/uploads\/2025\/06\/Logo_Kave-300x58.jpg\" alt=\"\" width=\"300\" height=\"58\" srcset=\"https:\/\/www.fundaciofarineragirona.cat\/wp-content\/uploads\/2025\/06\/Logo_Kave-300x58.jpg 300w, https:\/\/www.fundaciofarineragirona.cat\/wp-content\/uploads\/2025\/06\/Logo_Kave-1024x197.jpg 1024w, https:\/\/www.fundaciofarineragirona.cat\/wp-content\/uploads\/2025\/06\/Logo_Kave-768x147.jpg 768w, https:\/\/www.fundaciofarineragirona.cat\/wp-content\/uploads\/2025\/06\/Logo_Kave.jpg 1094w\" sizes=\"auto, (max-width: 300px) 100vw, 300px\" \/><\/td>\n<td style=\"width: 14.2857%;\"><img loading=\"lazy\" decoding=\"async\" class=\"aligncenter size-full wp-image-855\" src=\"https:\/\/www.fundaciofarineragirona.cat\/wp-content\/uploads\/2025\/09\/unnamed.png\" alt=\"\" width=\"352\" height=\"51\" \/><\/td>\n<td style=\"width: 14.2857%;\"><img loading=\"lazy\" decoding=\"async\" class=\"aligncenter size-medium wp-image-869\" src=\"https:\/\/www.fundaciofarineragirona.cat\/wp-content\/uploads\/2025\/10\/Logo-verd-450x450.png\" alt=\"\" width=\"450\" height=\"450\" srcset=\"https:\/\/www.fundaciofarineragirona.cat\/wp-content\/uploads\/2025\/10\/Logo-verd-450x450.png 450w, https:\/\/www.fundaciofarineragirona.cat\/wp-content\/uploads\/2025\/10\/Logo-verd-150x150.png 150w, https:\/\/www.fundaciofarineragirona.cat\/wp-content\/uploads\/2025\/10\/Logo-verd.png 500w\" sizes=\"auto, (max-width: 450px) 100vw, 450px\" \/><\/td>\n<\/tr>\n<\/tbody>\n<\/table>\n","protected":false},"excerpt":{"rendered":"<p>The Entrepreneurship Showcase held its 13th edition on 23 October 2025, this year fostered by the Farinera Girona Foundation and previously presented by Giroscopi and Assessoria Codina. Once again, it was consolidated as an event that recognises and fosters entrepreneurial talent in the counties of Girona, and as a key space for giving visibility to [&hellip;]<\/p>\n","protected":false},"author":1,"featured_media":0,"parent":1244,"menu_order":42,"comment_status":"closed","ping_status":"closed","template":"beques.php","meta":{"_acf_changed":false,"inline_featured_image":false,"footnotes":"","_links_to":"","_links_to_target":""},"class_list":["post-1252","page","type-page","status-publish","hentry"],"acf":[],"yoast_head":"<!-- This site is optimized with the Yoast SEO plugin v27.3 - https:\/\/yoast.com\/product\/yoast-seo-wordpress\/ -->\n<title>Entrepreneurship Showcase - Fundaci\u00f3 Farinera Girona<\/title>\n<meta name=\"description\" content=\"La\u00a0Mostra d&#039;Emprenedoria celebrar\u00e0 la 13a edici\u00f3, i les inscripcions es tancaran el 30 de setembre d&#039;enguany. Ser\u00e0s tu un dels finalistes?\" \/>\n<meta name=\"robots\" content=\"index, follow, max-snippet:-1, max-image-preview:large, max-video-preview:-1\" \/>\n<link rel=\"canonical\" href=\"https:\/\/www.fundaciofarineragirona.cat\/en\/iniciatives\/mostra-demprenedoria\/\" \/>\n<meta property=\"og:locale\" content=\"en_US\" \/>\n<meta property=\"og:type\" content=\"article\" \/>\n<meta property=\"og:title\" content=\"Entrepreneurship Showcase - Fundaci\u00f3 Farinera Girona\" \/>\n<meta property=\"og:description\" content=\"La\u00a0Mostra d&#039;Emprenedoria celebrar\u00e0 la 13a edici\u00f3, i les inscripcions es tancaran el 30 de setembre d&#039;enguany. Ser\u00e0s tu un dels finalistes?\" \/>\n<meta property=\"og:url\" content=\"https:\/\/www.fundaciofarineragirona.cat\/en\/iniciatives\/mostra-demprenedoria\/\" \/>\n<meta property=\"og:site_name\" content=\"Fundaci\u00f3 Farinera Girona\" \/>\n<meta property=\"article:modified_time\" content=\"2026-04-08T10:28:03+00:00\" \/>\n<meta property=\"og:image\" content=\"https:\/\/www.fundaciofarineragirona.cat\/wp-content\/uploads\/2025\/06\/logo-03.jpg\" \/>\n\t<meta property=\"og:image:width\" content=\"983\" \/>\n\t<meta property=\"og:image:height\" content=\"491\" \/>\n\t<meta property=\"og:image:type\" content=\"image\/jpeg\" \/>\n<meta name=\"twitter:card\" content=\"summary_large_image\" \/>\n<meta name=\"twitter:label1\" content=\"Est. reading time\" \/>\n\t<meta name=\"twitter:data1\" content=\"3 minutes\" \/>\n<script type=\"application\/ld+json\" class=\"yoast-schema-graph\">{\"@context\":\"https:\\\/\\\/schema.org\",\"@graph\":[{\"@type\":\"WebPage\",\"@id\":\"https:\\\/\\\/www.fundaciofarineragirona.cat\\\/en\\\/iniciatives\\\/mostra-demprenedoria\\\/\",\"url\":\"https:\\\/\\\/www.fundaciofarineragirona.cat\\\/en\\\/iniciatives\\\/mostra-demprenedoria\\\/\",\"name\":\"Entrepreneurship Showcase - Fundaci\u00f3 Farinera Girona\",\"isPartOf\":{\"@id\":\"https:\\\/\\\/www.fundaciofarineragirona.cat\\\/en\\\/versio2\\\/ca\\\/#website\"},\"primaryImageOfPage\":{\"@id\":\"https:\\\/\\\/www.fundaciofarineragirona.cat\\\/en\\\/iniciatives\\\/mostra-demprenedoria\\\/#primaryimage\"},\"image\":{\"@id\":\"https:\\\/\\\/www.fundaciofarineragirona.cat\\\/en\\\/iniciatives\\\/mostra-demprenedoria\\\/#primaryimage\"},\"thumbnailUrl\":\"https:\\\/\\\/www.fundaciofarineragirona.cat\\\/wp-content\\\/uploads\\\/2025\\\/06\\\/logo-03-300x150.jpg\",\"datePublished\":\"2025-06-24T10:42:29+00:00\",\"dateModified\":\"2026-04-08T10:28:03+00:00\",\"description\":\"La\u00a0Mostra d'Emprenedoria celebrar\u00e0 la 13a edici\u00f3, i les inscripcions es tancaran el 30 de setembre d'enguany. Ser\u00e0s tu un dels finalistes?\",\"breadcrumb\":{\"@id\":\"https:\\\/\\\/www.fundaciofarineragirona.cat\\\/en\\\/iniciatives\\\/mostra-demprenedoria\\\/#breadcrumb\"},\"inLanguage\":\"en-US\",\"potentialAction\":[{\"@type\":\"ReadAction\",\"target\":[\"https:\\\/\\\/www.fundaciofarineragirona.cat\\\/en\\\/iniciatives\\\/mostra-demprenedoria\\\/\"]}]},{\"@type\":\"ImageObject\",\"inLanguage\":\"en-US\",\"@id\":\"https:\\\/\\\/www.fundaciofarineragirona.cat\\\/en\\\/iniciatives\\\/mostra-demprenedoria\\\/#primaryimage\",\"url\":\"https:\\\/\\\/www.fundaciofarineragirona.cat\\\/wp-content\\\/uploads\\\/2025\\\/06\\\/logo-03-300x150.jpg\",\"contentUrl\":\"https:\\\/\\\/www.fundaciofarineragirona.cat\\\/wp-content\\\/uploads\\\/2025\\\/06\\\/logo-03-300x150.jpg\"},{\"@type\":\"BreadcrumbList\",\"@id\":\"https:\\\/\\\/www.fundaciofarineragirona.cat\\\/en\\\/iniciatives\\\/mostra-demprenedoria\\\/#breadcrumb\",\"itemListElement\":[{\"@type\":\"ListItem\",\"position\":1,\"name\":\"Inici\",\"item\":\"https:\\\/\\\/www.fundaciofarineragirona.cat\\\/en\\\/versio2\\\/en\\\/\"},{\"@type\":\"ListItem\",\"position\":2,\"name\":\"Initiatives\",\"item\":\"\\\/\"},{\"@type\":\"ListItem\",\"position\":3,\"name\":\"Entrepreneurship Showcase\"}]},{\"@type\":\"WebSite\",\"@id\":\"https:\\\/\\\/www.fundaciofarineragirona.cat\\\/en\\\/versio2\\\/ca\\\/#website\",\"url\":\"https:\\\/\\\/www.fundaciofarineragirona.cat\\\/en\\\/versio2\\\/ca\\\/\",\"name\":\"Fundaci\u00f3 Farinera Girona\",\"description\":\"Impulsem talent, transformem territori\",\"potentialAction\":[{\"@type\":\"SearchAction\",\"target\":{\"@type\":\"EntryPoint\",\"urlTemplate\":\"https:\\\/\\\/www.fundaciofarineragirona.cat\\\/en\\\/versio2\\\/ca\\\/?s={search_term_string}\"},\"query-input\":{\"@type\":\"PropertyValueSpecification\",\"valueRequired\":true,\"valueName\":\"search_term_string\"}}],\"inLanguage\":\"en-US\"}]}<\/script>\n<!-- \/ Yoast SEO plugin. -->","yoast_head_json":{"title":"Entrepreneurship Showcase - Fundaci\u00f3 Farinera Girona","description":"La\u00a0Mostra d'Emprenedoria celebrar\u00e0 la 13a edici\u00f3, i les inscripcions es tancaran el 30 de setembre d'enguany. Ser\u00e0s tu un dels finalistes?","robots":{"index":"index","follow":"follow","max-snippet":"max-snippet:-1","max-image-preview":"max-image-preview:large","max-video-preview":"max-video-preview:-1"},"canonical":"https:\/\/www.fundaciofarineragirona.cat\/en\/iniciatives\/mostra-demprenedoria\/","og_locale":"en_US","og_type":"article","og_title":"Entrepreneurship Showcase - Fundaci\u00f3 Farinera Girona","og_description":"La\u00a0Mostra d'Emprenedoria celebrar\u00e0 la 13a edici\u00f3, i les inscripcions es tancaran el 30 de setembre d'enguany. Ser\u00e0s tu un dels finalistes?","og_url":"https:\/\/www.fundaciofarineragirona.cat\/en\/iniciatives\/mostra-demprenedoria\/","og_site_name":"Fundaci\u00f3 Farinera Girona","article_modified_time":"2026-04-08T10:28:03+00:00","og_image":[{"width":983,"height":491,"url":"https:\/\/www.fundaciofarineragirona.cat\/wp-content\/uploads\/2025\/06\/logo-03.jpg","type":"image\/jpeg"}],"twitter_card":"summary_large_image","twitter_misc":{"Est. reading time":"3 minutes"},"schema":{"@context":"https:\/\/schema.org","@graph":[{"@type":"WebPage","@id":"https:\/\/www.fundaciofarineragirona.cat\/en\/iniciatives\/mostra-demprenedoria\/","url":"https:\/\/www.fundaciofarineragirona.cat\/en\/iniciatives\/mostra-demprenedoria\/","name":"Entrepreneurship Showcase - Fundaci\u00f3 Farinera Girona","isPartOf":{"@id":"https:\/\/www.fundaciofarineragirona.cat\/en\/versio2\/ca\/#website"},"primaryImageOfPage":{"@id":"https:\/\/www.fundaciofarineragirona.cat\/en\/iniciatives\/mostra-demprenedoria\/#primaryimage"},"image":{"@id":"https:\/\/www.fundaciofarineragirona.cat\/en\/iniciatives\/mostra-demprenedoria\/#primaryimage"},"thumbnailUrl":"https:\/\/www.fundaciofarineragirona.cat\/wp-content\/uploads\/2025\/06\/logo-03-300x150.jpg","datePublished":"2025-06-24T10:42:29+00:00","dateModified":"2026-04-08T10:28:03+00:00","description":"La\u00a0Mostra d'Emprenedoria celebrar\u00e0 la 13a edici\u00f3, i les inscripcions es tancaran el 30 de setembre d'enguany. Ser\u00e0s tu un dels finalistes?","breadcrumb":{"@id":"https:\/\/www.fundaciofarineragirona.cat\/en\/iniciatives\/mostra-demprenedoria\/#breadcrumb"},"inLanguage":"en-US","potentialAction":[{"@type":"ReadAction","target":["https:\/\/www.fundaciofarineragirona.cat\/en\/iniciatives\/mostra-demprenedoria\/"]}]},{"@type":"ImageObject","inLanguage":"en-US","@id":"https:\/\/www.fundaciofarineragirona.cat\/en\/iniciatives\/mostra-demprenedoria\/#primaryimage","url":"https:\/\/www.fundaciofarineragirona.cat\/wp-content\/uploads\/2025\/06\/logo-03-300x150.jpg","contentUrl":"https:\/\/www.fundaciofarineragirona.cat\/wp-content\/uploads\/2025\/06\/logo-03-300x150.jpg"},{"@type":"BreadcrumbList","@id":"https:\/\/www.fundaciofarineragirona.cat\/en\/iniciatives\/mostra-demprenedoria\/#breadcrumb","itemListElement":[{"@type":"ListItem","position":1,"name":"Inici","item":"https:\/\/www.fundaciofarineragirona.cat\/en\/versio2\/en\/"},{"@type":"ListItem","position":2,"name":"Initiatives","item":"\/"},{"@type":"ListItem","position":3,"name":"Entrepreneurship Showcase"}]},{"@type":"WebSite","@id":"https:\/\/www.fundaciofarineragirona.cat\/en\/versio2\/ca\/#website","url":"https:\/\/www.fundaciofarineragirona.cat\/en\/versio2\/ca\/","name":"Fundaci\u00f3 Farinera Girona","description":"Impulsem talent, transformem territori","potentialAction":[{"@type":"SearchAction","target":{"@type":"EntryPoint","urlTemplate":"https:\/\/www.fundaciofarineragirona.cat\/en\/versio2\/ca\/?s={search_term_string}"},"query-input":{"@type":"PropertyValueSpecification","valueRequired":true,"valueName":"search_term_string"}}],"inLanguage":"en-US"}]}},"_links":{"self":[{"href":"https:\/\/www.fundaciofarineragirona.cat\/en\/wp-json\/wp\/v2\/pages\/1252","targetHints":{"allow":["GET"]}}],"collection":[{"href":"https:\/\/www.fundaciofarineragirona.cat\/en\/wp-json\/wp\/v2\/pages"}],"about":[{"href":"https:\/\/www.fundaciofarineragirona.cat\/en\/wp-json\/wp\/v2\/types\/page"}],"author":[{"embeddable":true,"href":"https:\/\/www.fundaciofarineragirona.cat\/en\/wp-json\/wp\/v2\/users\/1"}],"replies":[{"embeddable":true,"href":"https:\/\/www.fundaciofarineragirona.cat\/en\/wp-json\/wp\/v2\/comments?post=1252"}],"version-history":[{"count":4,"href":"https:\/\/www.fundaciofarineragirona.cat\/en\/wp-json\/wp\/v2\/pages\/1252\/revisions"}],"predecessor-version":[{"id":1976,"href":"https:\/\/www.fundaciofarineragirona.cat\/en\/wp-json\/wp\/v2\/pages\/1252\/revisions\/1976"}],"up":[{"embeddable":true,"href":"https:\/\/www.fundaciofarineragirona.cat\/en\/wp-json\/wp\/v2\/pages\/1244"}],"wp:attachment":[{"href":"https:\/\/www.fundaciofarineragirona.cat\/en\/wp-json\/wp\/v2\/media?parent=1252"}],"curies":[{"name":"wp","href":"https:\/\/api.w.org\/{rel}","templated":true}]}}