{"id":1248,"date":"2026-02-11T14:25:30","date_gmt":"2026-02-11T12:25:30","guid":{"rendered":"http:\/\/localhost\/tqeurocredit\/iniciatives\/cicle-autentics\/"},"modified":"2026-04-08T12:17:42","modified_gmt":"2026-04-08T10:17:42","slug":"cicle-autentics","status":"publish","type":"page","link":"https:\/\/www.fundaciofarineragirona.cat\/en\/iniciatives\/cicle-autentics\/","title":{"rendered":"Cicle aut\u00e8ntics"},"content":{"rendered":"<p class=\"p1\">The Cicle Aut\u00e8ntics is a Farinera Girona Foundation Entrepreneurship Programme initiative , created with the aim of establishing a space for real and close conversation about the path of entrepreneurship.<\/p>\n<p class=\"p1\">The objective of the cycle is to go beyond success stories and focus on lived experiences: the challenges, the learnings and the difficult decisions that shape any business trajectory. Through participatory sessions, we invite founders and leading professionals to give an unfiltered first-hand account of their experience.<\/p>\n<p class=\"p1\">Each meeting is designed so that the public can participate, ask questions and explore those less visible, yet essential, aspects in the development of a business project.<\/p>\n<p class=\"p1\">On 22 January 2026, we launched the Cicle Aut\u00e8ntics with <strong>In\u00e9s Ures<\/strong>, CEO and co-founder of Arp\u00edas and founding partner of the Real Ventures investment fund. During the session, she shared more than 15 years&#8217; experience in marketing, working for companies such as Treatwell, Deliveroo, Atr\u00e1palo and Groupalia, and reflected on the learnings and challenges she has encountered throughout her professional journey.<\/p>\n<p class=\"p1\">The Cicle Aut\u00e8ntics is sponsored by <strong>Frit Ravich and GironaHub.<\/strong><\/p>\n<table style=\"border-collapse: collapse; width: 100%; height: 73px;\">\n<tbody>\n<tr style=\"height: 73px;\">\n<td style=\"width: 50%; height: 73px;\"><img loading=\"lazy\" decoding=\"async\" class=\"aligncenter wp-image-891\" src=\"https:\/\/www.fundaciofarineragirona.cat\/wp-content\/uploads\/2025\/11\/Logo-Frit-Ravich_color-450x353.png\" alt=\"\" width=\"94\" height=\"74\" srcset=\"https:\/\/www.fundaciofarineragirona.cat\/wp-content\/uploads\/2025\/11\/Logo-Frit-Ravich_color-450x353.png 450w, https:\/\/www.fundaciofarineragirona.cat\/wp-content\/uploads\/2025\/11\/Logo-Frit-Ravich_color-1200x941.png 1200w, https:\/\/www.fundaciofarineragirona.cat\/wp-content\/uploads\/2025\/11\/Logo-Frit-Ravich_color-768x602.png 768w, https:\/\/www.fundaciofarineragirona.cat\/wp-content\/uploads\/2025\/11\/Logo-Frit-Ravich_color-1536x1204.png 1536w, https:\/\/www.fundaciofarineragirona.cat\/wp-content\/uploads\/2025\/11\/Logo-Frit-Ravich_color.png 1990w\" sizes=\"auto, (max-width: 94px) 100vw, 94px\" \/><\/td>\n<td style=\"width: 50%; height: 73px;\"><img loading=\"lazy\" decoding=\"async\" class=\"aligncenter wp-image-851\" src=\"https:\/\/www.fundaciofarineragirona.cat\/wp-content\/uploads\/2025\/09\/logo_GironaHub_generic_trans-e1757060386161-450x358.png\" alt=\"\" width=\"97\" height=\"77\" srcset=\"https:\/\/www.fundaciofarineragirona.cat\/wp-content\/uploads\/2025\/09\/logo_GironaHub_generic_trans-e1757060386161-450x358.png 450w, https:\/\/www.fundaciofarineragirona.cat\/wp-content\/uploads\/2025\/09\/logo_GironaHub_generic_trans-e1757060386161-1200x955.png 1200w, https:\/\/www.fundaciofarineragirona.cat\/wp-content\/uploads\/2025\/09\/logo_GironaHub_generic_trans-e1757060386161-768x611.png 768w, https:\/\/www.fundaciofarineragirona.cat\/wp-content\/uploads\/2025\/09\/logo_GironaHub_generic_trans-e1757060386161-1536x1222.png 1536w, https:\/\/www.fundaciofarineragirona.cat\/wp-content\/uploads\/2025\/09\/logo_GironaHub_generic_trans-e1757060386161.png 1602w\" sizes=\"auto, (max-width: 97px) 100vw, 97px\" \/><\/td>\n<\/tr>\n<\/tbody>\n<\/table>\n","protected":false},"excerpt":{"rendered":"<p>The Cicle Aut\u00e8ntics is a Farinera Girona Foundation Entrepreneurship Programme initiative , created with the aim of establishing a space for real and close conversation about the path of entrepreneurship. The objective of the cycle is to go beyond success stories and focus on lived experiences: the challenges, the learnings and the difficult decisions that [&hellip;]<\/p>\n","protected":false},"author":1,"featured_media":0,"parent":1244,"menu_order":35,"comment_status":"closed","ping_status":"closed","template":"template-pagina.php","meta":{"_acf_changed":false,"inline_featured_image":false,"footnotes":"","_links_to":"","_links_to_target":""},"class_list":["post-1248","page","type-page","status-publish","hentry"],"acf":[],"yoast_head":"<!-- This site is optimized with the Yoast SEO plugin v27.3 - https:\/\/yoast.com\/product\/yoast-seo-wordpress\/ -->\n<title>Cicle aut\u00e8ntics - Fundaci\u00f3 Farinera Girona<\/title>\n<meta name=\"robots\" content=\"index, follow, max-snippet:-1, max-image-preview:large, max-video-preview:-1\" \/>\n<link rel=\"canonical\" href=\"https:\/\/www.fundaciofarineragirona.cat\/en\/iniciatives\/cicle-autentics\/\" \/>\n<meta property=\"og:locale\" content=\"en_US\" \/>\n<meta property=\"og:type\" content=\"article\" \/>\n<meta property=\"og:title\" content=\"Cicle aut\u00e8ntics - Fundaci\u00f3 Farinera Girona\" \/>\n<meta property=\"og:description\" content=\"The Cicle Aut\u00e8ntics is a Farinera Girona Foundation Entrepreneurship Programme initiative , created with the aim of establishing a space for real and close conversation about the path of entrepreneurship. The objective of the cycle is to go beyond success stories and focus on lived experiences: the challenges, the learnings and the difficult decisions that [&hellip;]\" \/>\n<meta property=\"og:url\" content=\"https:\/\/www.fundaciofarineragirona.cat\/en\/iniciatives\/cicle-autentics\/\" \/>\n<meta property=\"og:site_name\" content=\"Fundaci\u00f3 Farinera Girona\" \/>\n<meta property=\"article:modified_time\" content=\"2026-04-08T10:17:42+00:00\" \/>\n<meta property=\"og:image\" content=\"https:\/\/www.fundaciofarineragirona.cat\/wp-content\/uploads\/2025\/11\/Logo-Frit-Ravich_color.png\" \/>\n\t<meta property=\"og:image:width\" content=\"1990\" \/>\n\t<meta property=\"og:image:height\" content=\"1560\" \/>\n\t<meta property=\"og:image:type\" content=\"image\/png\" \/>\n<meta name=\"twitter:card\" content=\"summary_large_image\" \/>\n<meta name=\"twitter:label1\" content=\"Est. reading time\" \/>\n\t<meta name=\"twitter:data1\" content=\"2 minutes\" \/>\n<script type=\"application\/ld+json\" class=\"yoast-schema-graph\">{\"@context\":\"https:\\\/\\\/schema.org\",\"@graph\":[{\"@type\":\"WebPage\",\"@id\":\"https:\\\/\\\/www.fundaciofarineragirona.cat\\\/en\\\/iniciatives\\\/cicle-autentics\\\/\",\"url\":\"https:\\\/\\\/www.fundaciofarineragirona.cat\\\/en\\\/iniciatives\\\/cicle-autentics\\\/\",\"name\":\"Cicle aut\u00e8ntics - Fundaci\u00f3 Farinera Girona\",\"isPartOf\":{\"@id\":\"https:\\\/\\\/www.fundaciofarineragirona.cat\\\/en\\\/versio2\\\/ca\\\/#website\"},\"primaryImageOfPage\":{\"@id\":\"https:\\\/\\\/www.fundaciofarineragirona.cat\\\/en\\\/iniciatives\\\/cicle-autentics\\\/#primaryimage\"},\"image\":{\"@id\":\"https:\\\/\\\/www.fundaciofarineragirona.cat\\\/en\\\/iniciatives\\\/cicle-autentics\\\/#primaryimage\"},\"thumbnailUrl\":\"https:\\\/\\\/www.fundaciofarineragirona.cat\\\/wp-content\\\/uploads\\\/2025\\\/11\\\/Logo-Frit-Ravich_color-450x353.png\",\"datePublished\":\"2026-02-11T12:25:30+00:00\",\"dateModified\":\"2026-04-08T10:17:42+00:00\",\"breadcrumb\":{\"@id\":\"https:\\\/\\\/www.fundaciofarineragirona.cat\\\/en\\\/iniciatives\\\/cicle-autentics\\\/#breadcrumb\"},\"inLanguage\":\"en-US\",\"potentialAction\":[{\"@type\":\"ReadAction\",\"target\":[\"https:\\\/\\\/www.fundaciofarineragirona.cat\\\/en\\\/iniciatives\\\/cicle-autentics\\\/\"]}]},{\"@type\":\"ImageObject\",\"inLanguage\":\"en-US\",\"@id\":\"https:\\\/\\\/www.fundaciofarineragirona.cat\\\/en\\\/iniciatives\\\/cicle-autentics\\\/#primaryimage\",\"url\":\"https:\\\/\\\/www.fundaciofarineragirona.cat\\\/wp-content\\\/uploads\\\/2025\\\/11\\\/Logo-Frit-Ravich_color-450x353.png\",\"contentUrl\":\"https:\\\/\\\/www.fundaciofarineragirona.cat\\\/wp-content\\\/uploads\\\/2025\\\/11\\\/Logo-Frit-Ravich_color-450x353.png\"},{\"@type\":\"BreadcrumbList\",\"@id\":\"https:\\\/\\\/www.fundaciofarineragirona.cat\\\/en\\\/iniciatives\\\/cicle-autentics\\\/#breadcrumb\",\"itemListElement\":[{\"@type\":\"ListItem\",\"position\":1,\"name\":\"Inici\",\"item\":\"https:\\\/\\\/www.fundaciofarineragirona.cat\\\/en\\\/versio2\\\/en\\\/\"},{\"@type\":\"ListItem\",\"position\":2,\"name\":\"Initiatives\",\"item\":\"\\\/\"},{\"@type\":\"ListItem\",\"position\":3,\"name\":\"Cicle aut\u00e8ntics\"}]},{\"@type\":\"WebSite\",\"@id\":\"https:\\\/\\\/www.fundaciofarineragirona.cat\\\/en\\\/versio2\\\/ca\\\/#website\",\"url\":\"https:\\\/\\\/www.fundaciofarineragirona.cat\\\/en\\\/versio2\\\/ca\\\/\",\"name\":\"Fundaci\u00f3 Farinera Girona\",\"description\":\"Impulsem talent, transformem territori\",\"potentialAction\":[{\"@type\":\"SearchAction\",\"target\":{\"@type\":\"EntryPoint\",\"urlTemplate\":\"https:\\\/\\\/www.fundaciofarineragirona.cat\\\/en\\\/versio2\\\/ca\\\/?s={search_term_string}\"},\"query-input\":{\"@type\":\"PropertyValueSpecification\",\"valueRequired\":true,\"valueName\":\"search_term_string\"}}],\"inLanguage\":\"en-US\"}]}<\/script>\n<!-- \/ Yoast SEO plugin. -->","yoast_head_json":{"title":"Cicle aut\u00e8ntics - Fundaci\u00f3 Farinera Girona","robots":{"index":"index","follow":"follow","max-snippet":"max-snippet:-1","max-image-preview":"max-image-preview:large","max-video-preview":"max-video-preview:-1"},"canonical":"https:\/\/www.fundaciofarineragirona.cat\/en\/iniciatives\/cicle-autentics\/","og_locale":"en_US","og_type":"article","og_title":"Cicle aut\u00e8ntics - Fundaci\u00f3 Farinera Girona","og_description":"The Cicle Aut\u00e8ntics is a Farinera Girona Foundation Entrepreneurship Programme initiative , created with the aim of establishing a space for real and close conversation about the path of entrepreneurship. The objective of the cycle is to go beyond success stories and focus on lived experiences: the challenges, the learnings and the difficult decisions that [&hellip;]","og_url":"https:\/\/www.fundaciofarineragirona.cat\/en\/iniciatives\/cicle-autentics\/","og_site_name":"Fundaci\u00f3 Farinera Girona","article_modified_time":"2026-04-08T10:17:42+00:00","og_image":[{"width":1990,"height":1560,"url":"https:\/\/www.fundaciofarineragirona.cat\/wp-content\/uploads\/2025\/11\/Logo-Frit-Ravich_color.png","type":"image\/png"}],"twitter_card":"summary_large_image","twitter_misc":{"Est. reading time":"2 minutes"},"schema":{"@context":"https:\/\/schema.org","@graph":[{"@type":"WebPage","@id":"https:\/\/www.fundaciofarineragirona.cat\/en\/iniciatives\/cicle-autentics\/","url":"https:\/\/www.fundaciofarineragirona.cat\/en\/iniciatives\/cicle-autentics\/","name":"Cicle aut\u00e8ntics - Fundaci\u00f3 Farinera Girona","isPartOf":{"@id":"https:\/\/www.fundaciofarineragirona.cat\/en\/versio2\/ca\/#website"},"primaryImageOfPage":{"@id":"https:\/\/www.fundaciofarineragirona.cat\/en\/iniciatives\/cicle-autentics\/#primaryimage"},"image":{"@id":"https:\/\/www.fundaciofarineragirona.cat\/en\/iniciatives\/cicle-autentics\/#primaryimage"},"thumbnailUrl":"https:\/\/www.fundaciofarineragirona.cat\/wp-content\/uploads\/2025\/11\/Logo-Frit-Ravich_color-450x353.png","datePublished":"2026-02-11T12:25:30+00:00","dateModified":"2026-04-08T10:17:42+00:00","breadcrumb":{"@id":"https:\/\/www.fundaciofarineragirona.cat\/en\/iniciatives\/cicle-autentics\/#breadcrumb"},"inLanguage":"en-US","potentialAction":[{"@type":"ReadAction","target":["https:\/\/www.fundaciofarineragirona.cat\/en\/iniciatives\/cicle-autentics\/"]}]},{"@type":"ImageObject","inLanguage":"en-US","@id":"https:\/\/www.fundaciofarineragirona.cat\/en\/iniciatives\/cicle-autentics\/#primaryimage","url":"https:\/\/www.fundaciofarineragirona.cat\/wp-content\/uploads\/2025\/11\/Logo-Frit-Ravich_color-450x353.png","contentUrl":"https:\/\/www.fundaciofarineragirona.cat\/wp-content\/uploads\/2025\/11\/Logo-Frit-Ravich_color-450x353.png"},{"@type":"BreadcrumbList","@id":"https:\/\/www.fundaciofarineragirona.cat\/en\/iniciatives\/cicle-autentics\/#breadcrumb","itemListElement":[{"@type":"ListItem","position":1,"name":"Inici","item":"https:\/\/www.fundaciofarineragirona.cat\/en\/versio2\/en\/"},{"@type":"ListItem","position":2,"name":"Initiatives","item":"\/"},{"@type":"ListItem","position":3,"name":"Cicle aut\u00e8ntics"}]},{"@type":"WebSite","@id":"https:\/\/www.fundaciofarineragirona.cat\/en\/versio2\/ca\/#website","url":"https:\/\/www.fundaciofarineragirona.cat\/en\/versio2\/ca\/","name":"Fundaci\u00f3 Farinera Girona","description":"Impulsem talent, transformem territori","potentialAction":[{"@type":"SearchAction","target":{"@type":"EntryPoint","urlTemplate":"https:\/\/www.fundaciofarineragirona.cat\/en\/versio2\/ca\/?s={search_term_string}"},"query-input":{"@type":"PropertyValueSpecification","valueRequired":true,"valueName":"search_term_string"}}],"inLanguage":"en-US"}]}},"_links":{"self":[{"href":"https:\/\/www.fundaciofarineragirona.cat\/en\/wp-json\/wp\/v2\/pages\/1248","targetHints":{"allow":["GET"]}}],"collection":[{"href":"https:\/\/www.fundaciofarineragirona.cat\/en\/wp-json\/wp\/v2\/pages"}],"about":[{"href":"https:\/\/www.fundaciofarineragirona.cat\/en\/wp-json\/wp\/v2\/types\/page"}],"author":[{"embeddable":true,"href":"https:\/\/www.fundaciofarineragirona.cat\/en\/wp-json\/wp\/v2\/users\/1"}],"replies":[{"embeddable":true,"href":"https:\/\/www.fundaciofarineragirona.cat\/en\/wp-json\/wp\/v2\/comments?post=1248"}],"version-history":[{"count":2,"href":"https:\/\/www.fundaciofarineragirona.cat\/en\/wp-json\/wp\/v2\/pages\/1248\/revisions"}],"predecessor-version":[{"id":1970,"href":"https:\/\/www.fundaciofarineragirona.cat\/en\/wp-json\/wp\/v2\/pages\/1248\/revisions\/1970"}],"up":[{"embeddable":true,"href":"https:\/\/www.fundaciofarineragirona.cat\/en\/wp-json\/wp\/v2\/pages\/1244"}],"wp:attachment":[{"href":"https:\/\/www.fundaciofarineragirona.cat\/en\/wp-json\/wp\/v2\/media?parent=1248"}],"curies":[{"name":"wp","href":"https:\/\/api.w.org\/{rel}","templated":true}]}}