{"id":1240,"date":"2025-06-24T12:42:29","date_gmt":"2025-06-24T10:42:29","guid":{"rendered":"http:\/\/localhost\/tqeurocredit\/programa-emprenedoria-fundacio-farinera-girona\/mentors-fundacio-farinera-girona\/"},"modified":"2026-04-08T11:58:39","modified_gmt":"2026-04-08T09:58:39","slug":"mentors-fundacio-farinera-girona","status":"publish","type":"page","link":"https:\/\/www.fundaciofarineragirona.cat\/en\/programa-emprenedoria-fundacio-farinera-girona\/mentors-fundacio-farinera-girona\/","title":{"rendered":"The mentors"},"content":{"rendered":"<p class=\"p1\">The team of mentors at the <strong>Farinera Girona Foundation<\/strong> is made up of experienced professionals that are passionate about supporting entrepreneurs on their journey. They provide <strong>personalised support<\/strong>, guidance and practical advice to help overcome challenges and grow projects with solidity and confidence.<\/p>\n","protected":false},"excerpt":{"rendered":"<p>The team of mentors at the Farinera Girona Foundation is made up of experienced professionals that are passionate about supporting entrepreneurs on their journey. They provide personalised support, guidance and practical advice to help overcome challenges and grow projects with solidity and confidence.<\/p>\n","protected":false},"author":1,"featured_media":0,"parent":1236,"menu_order":23,"comment_status":"closed","ping_status":"closed","template":"mentors.php","meta":{"_acf_changed":false,"inline_featured_image":false,"footnotes":"","_links_to":"","_links_to_target":""},"class_list":["post-1240","page","type-page","status-publish","hentry"],"acf":[],"yoast_head":"<!-- This site is optimized with the Yoast SEO plugin v27.3 - https:\/\/yoast.com\/product\/yoast-seo-wordpress\/ -->\n<title>The mentors - Fundaci\u00f3 Farinera Girona<\/title>\n<meta name=\"description\" content=\"Els mentors de la Fundaci\u00f3 Farinera Girona ofereixen suport personalitzat per ajudar a superar reptes i fer cr\u00e9ixer projectes d&#039;emprenedors.\" \/>\n<meta name=\"robots\" content=\"index, follow, max-snippet:-1, max-image-preview:large, max-video-preview:-1\" \/>\n<link rel=\"canonical\" href=\"https:\/\/www.fundaciofarineragirona.cat\/en\/programa-emprenedoria-fundacio-farinera-girona\/mentors-fundacio-farinera-girona\/\" \/>\n<meta property=\"og:locale\" content=\"en_US\" \/>\n<meta property=\"og:type\" content=\"article\" \/>\n<meta property=\"og:title\" content=\"The mentors - Fundaci\u00f3 Farinera Girona\" \/>\n<meta property=\"og:description\" content=\"Els mentors de la Fundaci\u00f3 Farinera Girona ofereixen suport personalitzat per ajudar a superar reptes i fer cr\u00e9ixer projectes d&#039;emprenedors.\" \/>\n<meta property=\"og:url\" content=\"https:\/\/www.fundaciofarineragirona.cat\/en\/programa-emprenedoria-fundacio-farinera-girona\/mentors-fundacio-farinera-girona\/\" \/>\n<meta property=\"og:site_name\" content=\"Fundaci\u00f3 Farinera Girona\" \/>\n<meta property=\"article:modified_time\" content=\"2026-04-08T09:58:39+00:00\" \/>\n<meta name=\"twitter:card\" content=\"summary_large_image\" \/>\n<meta name=\"twitter:label1\" content=\"Est. reading time\" \/>\n\t<meta name=\"twitter:data1\" content=\"1 minute\" \/>\n<script type=\"application\/ld+json\" class=\"yoast-schema-graph\">{\"@context\":\"https:\\\/\\\/schema.org\",\"@graph\":[{\"@type\":\"WebPage\",\"@id\":\"https:\\\/\\\/www.fundaciofarineragirona.cat\\\/en\\\/programa-emprenedoria-fundacio-farinera-girona\\\/mentors-fundacio-farinera-girona\\\/\",\"url\":\"https:\\\/\\\/www.fundaciofarineragirona.cat\\\/en\\\/programa-emprenedoria-fundacio-farinera-girona\\\/mentors-fundacio-farinera-girona\\\/\",\"name\":\"The mentors - Fundaci\u00f3 Farinera Girona\",\"isPartOf\":{\"@id\":\"https:\\\/\\\/www.fundaciofarineragirona.cat\\\/en\\\/versio2\\\/ca\\\/#website\"},\"datePublished\":\"2025-06-24T10:42:29+00:00\",\"dateModified\":\"2026-04-08T09:58:39+00:00\",\"description\":\"Els mentors de la Fundaci\u00f3 Farinera Girona ofereixen suport personalitzat per ajudar a superar reptes i fer cr\u00e9ixer projectes d'emprenedors.\",\"breadcrumb\":{\"@id\":\"https:\\\/\\\/www.fundaciofarineragirona.cat\\\/en\\\/programa-emprenedoria-fundacio-farinera-girona\\\/mentors-fundacio-farinera-girona\\\/#breadcrumb\"},\"inLanguage\":\"en-US\",\"potentialAction\":[{\"@type\":\"ReadAction\",\"target\":[\"https:\\\/\\\/www.fundaciofarineragirona.cat\\\/en\\\/programa-emprenedoria-fundacio-farinera-girona\\\/mentors-fundacio-farinera-girona\\\/\"]}]},{\"@type\":\"BreadcrumbList\",\"@id\":\"https:\\\/\\\/www.fundaciofarineragirona.cat\\\/en\\\/programa-emprenedoria-fundacio-farinera-girona\\\/mentors-fundacio-farinera-girona\\\/#breadcrumb\",\"itemListElement\":[{\"@type\":\"ListItem\",\"position\":1,\"name\":\"Inici\",\"item\":\"https:\\\/\\\/www.fundaciofarineragirona.cat\\\/en\\\/versio2\\\/en\\\/\"},{\"@type\":\"ListItem\",\"position\":2,\"name\":\"Entrepreneurship Programme\",\"item\":\"\\\/\"},{\"@type\":\"ListItem\",\"position\":3,\"name\":\"The mentors\"}]},{\"@type\":\"WebSite\",\"@id\":\"https:\\\/\\\/www.fundaciofarineragirona.cat\\\/en\\\/versio2\\\/ca\\\/#website\",\"url\":\"https:\\\/\\\/www.fundaciofarineragirona.cat\\\/en\\\/versio2\\\/ca\\\/\",\"name\":\"Fundaci\u00f3 Farinera Girona\",\"description\":\"Impulsem talent, transformem territori\",\"potentialAction\":[{\"@type\":\"SearchAction\",\"target\":{\"@type\":\"EntryPoint\",\"urlTemplate\":\"https:\\\/\\\/www.fundaciofarineragirona.cat\\\/en\\\/versio2\\\/ca\\\/?s={search_term_string}\"},\"query-input\":{\"@type\":\"PropertyValueSpecification\",\"valueRequired\":true,\"valueName\":\"search_term_string\"}}],\"inLanguage\":\"en-US\"}]}<\/script>\n<!-- \/ Yoast SEO plugin. -->","yoast_head_json":{"title":"The mentors - Fundaci\u00f3 Farinera Girona","description":"Els mentors de la Fundaci\u00f3 Farinera Girona ofereixen suport personalitzat per ajudar a superar reptes i fer cr\u00e9ixer projectes d'emprenedors.","robots":{"index":"index","follow":"follow","max-snippet":"max-snippet:-1","max-image-preview":"max-image-preview:large","max-video-preview":"max-video-preview:-1"},"canonical":"https:\/\/www.fundaciofarineragirona.cat\/en\/programa-emprenedoria-fundacio-farinera-girona\/mentors-fundacio-farinera-girona\/","og_locale":"en_US","og_type":"article","og_title":"The mentors - Fundaci\u00f3 Farinera Girona","og_description":"Els mentors de la Fundaci\u00f3 Farinera Girona ofereixen suport personalitzat per ajudar a superar reptes i fer cr\u00e9ixer projectes d'emprenedors.","og_url":"https:\/\/www.fundaciofarineragirona.cat\/en\/programa-emprenedoria-fundacio-farinera-girona\/mentors-fundacio-farinera-girona\/","og_site_name":"Fundaci\u00f3 Farinera Girona","article_modified_time":"2026-04-08T09:58:39+00:00","twitter_card":"summary_large_image","twitter_misc":{"Est. reading time":"1 minute"},"schema":{"@context":"https:\/\/schema.org","@graph":[{"@type":"WebPage","@id":"https:\/\/www.fundaciofarineragirona.cat\/en\/programa-emprenedoria-fundacio-farinera-girona\/mentors-fundacio-farinera-girona\/","url":"https:\/\/www.fundaciofarineragirona.cat\/en\/programa-emprenedoria-fundacio-farinera-girona\/mentors-fundacio-farinera-girona\/","name":"The mentors - Fundaci\u00f3 Farinera Girona","isPartOf":{"@id":"https:\/\/www.fundaciofarineragirona.cat\/en\/versio2\/ca\/#website"},"datePublished":"2025-06-24T10:42:29+00:00","dateModified":"2026-04-08T09:58:39+00:00","description":"Els mentors de la Fundaci\u00f3 Farinera Girona ofereixen suport personalitzat per ajudar a superar reptes i fer cr\u00e9ixer projectes d'emprenedors.","breadcrumb":{"@id":"https:\/\/www.fundaciofarineragirona.cat\/en\/programa-emprenedoria-fundacio-farinera-girona\/mentors-fundacio-farinera-girona\/#breadcrumb"},"inLanguage":"en-US","potentialAction":[{"@type":"ReadAction","target":["https:\/\/www.fundaciofarineragirona.cat\/en\/programa-emprenedoria-fundacio-farinera-girona\/mentors-fundacio-farinera-girona\/"]}]},{"@type":"BreadcrumbList","@id":"https:\/\/www.fundaciofarineragirona.cat\/en\/programa-emprenedoria-fundacio-farinera-girona\/mentors-fundacio-farinera-girona\/#breadcrumb","itemListElement":[{"@type":"ListItem","position":1,"name":"Inici","item":"https:\/\/www.fundaciofarineragirona.cat\/en\/versio2\/en\/"},{"@type":"ListItem","position":2,"name":"Entrepreneurship Programme","item":"\/"},{"@type":"ListItem","position":3,"name":"The mentors"}]},{"@type":"WebSite","@id":"https:\/\/www.fundaciofarineragirona.cat\/en\/versio2\/ca\/#website","url":"https:\/\/www.fundaciofarineragirona.cat\/en\/versio2\/ca\/","name":"Fundaci\u00f3 Farinera Girona","description":"Impulsem talent, transformem territori","potentialAction":[{"@type":"SearchAction","target":{"@type":"EntryPoint","urlTemplate":"https:\/\/www.fundaciofarineragirona.cat\/en\/versio2\/ca\/?s={search_term_string}"},"query-input":{"@type":"PropertyValueSpecification","valueRequired":true,"valueName":"search_term_string"}}],"inLanguage":"en-US"}]}},"_links":{"self":[{"href":"https:\/\/www.fundaciofarineragirona.cat\/en\/wp-json\/wp\/v2\/pages\/1240","targetHints":{"allow":["GET"]}}],"collection":[{"href":"https:\/\/www.fundaciofarineragirona.cat\/en\/wp-json\/wp\/v2\/pages"}],"about":[{"href":"https:\/\/www.fundaciofarineragirona.cat\/en\/wp-json\/wp\/v2\/types\/page"}],"author":[{"embeddable":true,"href":"https:\/\/www.fundaciofarineragirona.cat\/en\/wp-json\/wp\/v2\/users\/1"}],"replies":[{"embeddable":true,"href":"https:\/\/www.fundaciofarineragirona.cat\/en\/wp-json\/wp\/v2\/comments?post=1240"}],"version-history":[{"count":2,"href":"https:\/\/www.fundaciofarineragirona.cat\/en\/wp-json\/wp\/v2\/pages\/1240\/revisions"}],"predecessor-version":[{"id":1962,"href":"https:\/\/www.fundaciofarineragirona.cat\/en\/wp-json\/wp\/v2\/pages\/1240\/revisions\/1962"}],"up":[{"embeddable":true,"href":"https:\/\/www.fundaciofarineragirona.cat\/en\/wp-json\/wp\/v2\/pages\/1236"}],"wp:attachment":[{"href":"https:\/\/www.fundaciofarineragirona.cat\/en\/wp-json\/wp\/v2\/media?parent=1240"}],"curies":[{"name":"wp","href":"https:\/\/api.w.org\/{rel}","templated":true}]}}