{"id":1234,"date":"2025-06-24T12:42:29","date_gmt":"2025-06-24T10:42:29","guid":{"rendered":"http:\/\/localhost\/tqeurocredit\/fundacio-farinera-girona-2\/patronat-fundacio-farinera-girona\/"},"modified":"2026-04-08T11:38:27","modified_gmt":"2026-04-08T09:38:27","slug":"patronat-fundacio-farinera-girona","status":"publish","type":"page","link":"https:\/\/www.fundaciofarineragirona.cat\/en\/fundacio-farinera-girona-2\/patronat-fundacio-farinera-girona\/","title":{"rendered":"Board of Trustees and Membership"},"content":{"rendered":"<p class=\"p1\">Our trustees and members are committed people and entities who support the Farinera Girona Foundation so that it can continue to offer resources and support to entrepreneurs. Through their trust and contribution, they help create an ecosystem where entrepreneurship can flourish and develop into real projects that make a real impact.<\/p>\n<p class=\"p1\">Thanks to their commitment, we are able to create a space where the entire community can grow, learn, and collaborate together.<\/p>\n","protected":false},"excerpt":{"rendered":"<p>Our trustees and members are committed people and entities who support the Farinera Girona Foundation so that it can continue to offer resources and support to entrepreneurs. Through their trust and contribution, they help create an ecosystem where entrepreneurship can flourish and develop into real projects that make a real impact. Thanks to their commitment, [&hellip;]<\/p>\n","protected":false},"author":1,"featured_media":0,"parent":1228,"menu_order":14,"comment_status":"closed","ping_status":"closed","template":"patronat.php","meta":{"_acf_changed":false,"inline_featured_image":false,"footnotes":"","_links_to":"","_links_to_target":""},"class_list":["post-1234","page","type-page","status-publish","hentry"],"acf":[],"yoast_head":"<!-- This site is optimized with the Yoast SEO plugin v27.3 - https:\/\/yoast.com\/product\/yoast-seo-wordpress\/ -->\n<title>Board of Trustees and Membership - Fundaci\u00f3 Farinera Girona<\/title>\n<meta name=\"description\" content=\"Coneix els patrons de la Fundaci\u00f3 Farinera Girona. L&#039;objectiu \u00e9s oferir recursos i acompanyament a les persones emprenedores del territori.\" \/>\n<meta name=\"robots\" content=\"index, follow, max-snippet:-1, max-image-preview:large, max-video-preview:-1\" \/>\n<link rel=\"canonical\" href=\"https:\/\/www.fundaciofarineragirona.cat\/en\/fundacio-farinera-girona-2\/patronat-fundacio-farinera-girona\/\" \/>\n<meta property=\"og:locale\" content=\"en_US\" \/>\n<meta property=\"og:type\" content=\"article\" \/>\n<meta property=\"og:title\" content=\"Board of Trustees and Membership - Fundaci\u00f3 Farinera Girona\" \/>\n<meta property=\"og:description\" content=\"Coneix els patrons de la Fundaci\u00f3 Farinera Girona. L&#039;objectiu \u00e9s oferir recursos i acompanyament a les persones emprenedores del territori.\" \/>\n<meta property=\"og:url\" content=\"https:\/\/www.fundaciofarineragirona.cat\/en\/fundacio-farinera-girona-2\/patronat-fundacio-farinera-girona\/\" \/>\n<meta property=\"og:site_name\" content=\"Fundaci\u00f3 Farinera Girona\" \/>\n<meta property=\"article:modified_time\" content=\"2026-04-08T09:38:27+00:00\" \/>\n<meta name=\"twitter:card\" content=\"summary_large_image\" \/>\n<meta name=\"twitter:label1\" content=\"Est. reading time\" \/>\n\t<meta name=\"twitter:data1\" content=\"1 minute\" \/>\n<script type=\"application\/ld+json\" class=\"yoast-schema-graph\">{\"@context\":\"https:\\\/\\\/schema.org\",\"@graph\":[{\"@type\":\"WebPage\",\"@id\":\"https:\\\/\\\/www.fundaciofarineragirona.cat\\\/en\\\/fundacio-farinera-girona-2\\\/patronat-fundacio-farinera-girona\\\/\",\"url\":\"https:\\\/\\\/www.fundaciofarineragirona.cat\\\/en\\\/fundacio-farinera-girona-2\\\/patronat-fundacio-farinera-girona\\\/\",\"name\":\"Board of Trustees and Membership - Fundaci\u00f3 Farinera Girona\",\"isPartOf\":{\"@id\":\"https:\\\/\\\/www.fundaciofarineragirona.cat\\\/en\\\/versio2\\\/ca\\\/#website\"},\"datePublished\":\"2025-06-24T10:42:29+00:00\",\"dateModified\":\"2026-04-08T09:38:27+00:00\",\"description\":\"Coneix els patrons de la Fundaci\u00f3 Farinera Girona. L'objectiu \u00e9s oferir recursos i acompanyament a les persones emprenedores del territori.\",\"breadcrumb\":{\"@id\":\"https:\\\/\\\/www.fundaciofarineragirona.cat\\\/en\\\/fundacio-farinera-girona-2\\\/patronat-fundacio-farinera-girona\\\/#breadcrumb\"},\"inLanguage\":\"en-US\",\"potentialAction\":[{\"@type\":\"ReadAction\",\"target\":[\"https:\\\/\\\/www.fundaciofarineragirona.cat\\\/en\\\/fundacio-farinera-girona-2\\\/patronat-fundacio-farinera-girona\\\/\"]}]},{\"@type\":\"BreadcrumbList\",\"@id\":\"https:\\\/\\\/www.fundaciofarineragirona.cat\\\/en\\\/fundacio-farinera-girona-2\\\/patronat-fundacio-farinera-girona\\\/#breadcrumb\",\"itemListElement\":[{\"@type\":\"ListItem\",\"position\":1,\"name\":\"Inici\",\"item\":\"https:\\\/\\\/www.fundaciofarineragirona.cat\\\/en\\\/versio2\\\/en\\\/\"},{\"@type\":\"ListItem\",\"position\":2,\"name\":\"The Foundation\",\"item\":\"\\\/\"},{\"@type\":\"ListItem\",\"position\":3,\"name\":\"Board of Trustees and Membership\"}]},{\"@type\":\"WebSite\",\"@id\":\"https:\\\/\\\/www.fundaciofarineragirona.cat\\\/en\\\/versio2\\\/ca\\\/#website\",\"url\":\"https:\\\/\\\/www.fundaciofarineragirona.cat\\\/en\\\/versio2\\\/ca\\\/\",\"name\":\"Fundaci\u00f3 Farinera Girona\",\"description\":\"Impulsem talent, transformem territori\",\"potentialAction\":[{\"@type\":\"SearchAction\",\"target\":{\"@type\":\"EntryPoint\",\"urlTemplate\":\"https:\\\/\\\/www.fundaciofarineragirona.cat\\\/en\\\/versio2\\\/ca\\\/?s={search_term_string}\"},\"query-input\":{\"@type\":\"PropertyValueSpecification\",\"valueRequired\":true,\"valueName\":\"search_term_string\"}}],\"inLanguage\":\"en-US\"}]}<\/script>\n<!-- \/ Yoast SEO plugin. -->","yoast_head_json":{"title":"Board of Trustees and Membership - Fundaci\u00f3 Farinera Girona","description":"Coneix els patrons de la Fundaci\u00f3 Farinera Girona. L'objectiu \u00e9s oferir recursos i acompanyament a les persones emprenedores del territori.","robots":{"index":"index","follow":"follow","max-snippet":"max-snippet:-1","max-image-preview":"max-image-preview:large","max-video-preview":"max-video-preview:-1"},"canonical":"https:\/\/www.fundaciofarineragirona.cat\/en\/fundacio-farinera-girona-2\/patronat-fundacio-farinera-girona\/","og_locale":"en_US","og_type":"article","og_title":"Board of Trustees and Membership - Fundaci\u00f3 Farinera Girona","og_description":"Coneix els patrons de la Fundaci\u00f3 Farinera Girona. L'objectiu \u00e9s oferir recursos i acompanyament a les persones emprenedores del territori.","og_url":"https:\/\/www.fundaciofarineragirona.cat\/en\/fundacio-farinera-girona-2\/patronat-fundacio-farinera-girona\/","og_site_name":"Fundaci\u00f3 Farinera Girona","article_modified_time":"2026-04-08T09:38:27+00:00","twitter_card":"summary_large_image","twitter_misc":{"Est. reading time":"1 minute"},"schema":{"@context":"https:\/\/schema.org","@graph":[{"@type":"WebPage","@id":"https:\/\/www.fundaciofarineragirona.cat\/en\/fundacio-farinera-girona-2\/patronat-fundacio-farinera-girona\/","url":"https:\/\/www.fundaciofarineragirona.cat\/en\/fundacio-farinera-girona-2\/patronat-fundacio-farinera-girona\/","name":"Board of Trustees and Membership - Fundaci\u00f3 Farinera Girona","isPartOf":{"@id":"https:\/\/www.fundaciofarineragirona.cat\/en\/versio2\/ca\/#website"},"datePublished":"2025-06-24T10:42:29+00:00","dateModified":"2026-04-08T09:38:27+00:00","description":"Coneix els patrons de la Fundaci\u00f3 Farinera Girona. L'objectiu \u00e9s oferir recursos i acompanyament a les persones emprenedores del territori.","breadcrumb":{"@id":"https:\/\/www.fundaciofarineragirona.cat\/en\/fundacio-farinera-girona-2\/patronat-fundacio-farinera-girona\/#breadcrumb"},"inLanguage":"en-US","potentialAction":[{"@type":"ReadAction","target":["https:\/\/www.fundaciofarineragirona.cat\/en\/fundacio-farinera-girona-2\/patronat-fundacio-farinera-girona\/"]}]},{"@type":"BreadcrumbList","@id":"https:\/\/www.fundaciofarineragirona.cat\/en\/fundacio-farinera-girona-2\/patronat-fundacio-farinera-girona\/#breadcrumb","itemListElement":[{"@type":"ListItem","position":1,"name":"Inici","item":"https:\/\/www.fundaciofarineragirona.cat\/en\/versio2\/en\/"},{"@type":"ListItem","position":2,"name":"The Foundation","item":"\/"},{"@type":"ListItem","position":3,"name":"Board of Trustees and Membership"}]},{"@type":"WebSite","@id":"https:\/\/www.fundaciofarineragirona.cat\/en\/versio2\/ca\/#website","url":"https:\/\/www.fundaciofarineragirona.cat\/en\/versio2\/ca\/","name":"Fundaci\u00f3 Farinera Girona","description":"Impulsem talent, transformem territori","potentialAction":[{"@type":"SearchAction","target":{"@type":"EntryPoint","urlTemplate":"https:\/\/www.fundaciofarineragirona.cat\/en\/versio2\/ca\/?s={search_term_string}"},"query-input":{"@type":"PropertyValueSpecification","valueRequired":true,"valueName":"search_term_string"}}],"inLanguage":"en-US"}]}},"_links":{"self":[{"href":"https:\/\/www.fundaciofarineragirona.cat\/en\/wp-json\/wp\/v2\/pages\/1234","targetHints":{"allow":["GET"]}}],"collection":[{"href":"https:\/\/www.fundaciofarineragirona.cat\/en\/wp-json\/wp\/v2\/pages"}],"about":[{"href":"https:\/\/www.fundaciofarineragirona.cat\/en\/wp-json\/wp\/v2\/types\/page"}],"author":[{"embeddable":true,"href":"https:\/\/www.fundaciofarineragirona.cat\/en\/wp-json\/wp\/v2\/users\/1"}],"replies":[{"embeddable":true,"href":"https:\/\/www.fundaciofarineragirona.cat\/en\/wp-json\/wp\/v2\/comments?post=1234"}],"version-history":[{"count":2,"href":"https:\/\/www.fundaciofarineragirona.cat\/en\/wp-json\/wp\/v2\/pages\/1234\/revisions"}],"predecessor-version":[{"id":1956,"href":"https:\/\/www.fundaciofarineragirona.cat\/en\/wp-json\/wp\/v2\/pages\/1234\/revisions\/1956"}],"up":[{"embeddable":true,"href":"https:\/\/www.fundaciofarineragirona.cat\/en\/wp-json\/wp\/v2\/pages\/1228"}],"wp:attachment":[{"href":"https:\/\/www.fundaciofarineragirona.cat\/en\/wp-json\/wp\/v2\/media?parent=1234"}],"curies":[{"name":"wp","href":"https:\/\/api.w.org\/{rel}","templated":true}]}}