{"id":986,"date":"2026-01-08T22:07:22","date_gmt":"2026-01-08T20:07:22","guid":{"rendered":"https:\/\/www.fundaciofarineragirona.cat\/?page_id=986"},"modified":"2026-02-11T14:26:47","modified_gmt":"2026-02-11T12:26:47","slug":"presentacio-de-projectes","status":"publish","type":"page","link":"https:\/\/www.fundaciofarineragirona.cat\/ca\/iniciatives\/presentacio-de-projectes\/","title":{"rendered":"Presentaci\u00f3 de projectes"},"content":{"rendered":"<p>La Presentaci\u00f3 de Projectes \u00e9s un esdeveniment impulsat pel Programa d\u02bcEmprenedoria de la Fundaci\u00f3 Farinera Girona. Aquest esdeveniment anual marca el cloenda d\u02bcun proc\u00e9s intensiu de mesos de treball i acompanyament personalitzat, en qu\u00e8 cada emprenedor i emprenedora ha donat forma a una idea amb potencial de transformaci\u00f3.<\/p>\n<p>En el marc de la Presentaci\u00f3 de Projectes 24\/25 del 2 de juliol 2025, vuit iniciatives van pujar a l\u2019escenari per compartir molt m\u00e9s que una idea: van compartir la seva visi\u00f3, els seus valors i el comprom\u00eds de construir un futur amb sentit.<\/p>\n<p>\nEls projectes que es van presentar van ser:<\/p>\n<ul data-start=\"489\" data-end=\"893\">\n<li data-start=\"489\" data-end=\"536\">\n<p data-start=\"491\" data-end=\"536\"><strong data-start=\"491\" data-end=\"500\">Uspot<\/strong>, amb Adri\u00e0 Bosser i Carles Espu\u00f1a<\/p>\n<\/li>\n<li data-start=\"537\" data-end=\"573\">\n<p data-start=\"539\" data-end=\"573\"><strong data-start=\"539\" data-end=\"549\">Upcyon<\/strong>, de Juli\u00e1n Valdespina<\/p>\n<\/li>\n<li data-start=\"574\" data-end=\"637\">\n<p data-start=\"576\" data-end=\"637\"><strong data-start=\"576\" data-end=\"593\">Menuts Girona<\/strong>, a c\u00e0rrec de Maria Artigas i Gerard Serra<\/p>\n<\/li>\n<li data-start=\"638\" data-end=\"670\">\n<p data-start=\"640\" data-end=\"670\"><strong data-start=\"640\" data-end=\"650\">WeTown<\/strong>, amb Lloren\u00e7 Sol\u00e9<\/p>\n<\/li>\n<li data-start=\"671\" data-end=\"709\">\n<p data-start=\"673\" data-end=\"709\"><strong data-start=\"673\" data-end=\"690\">Minai Capital<\/strong>, de Xavier L\u00f3pez<\/p>\n<\/li>\n<li data-start=\"710\" data-end=\"756\">\n<p data-start=\"712\" data-end=\"756\"><strong data-start=\"712\" data-end=\"726\">Vook Audio<\/strong>, presentat per Arnau Lozano<\/p>\n<\/li>\n<li data-start=\"757\" data-end=\"836\">\n<p data-start=\"759\" data-end=\"836\"><strong data-start=\"759\" data-end=\"775\">We Are Spicy<\/strong>, format per Aleix Plana, Joaquim Melendez i Guillem Ferrer<\/p>\n<\/li>\n<li data-start=\"837\" data-end=\"893\">\n<p data-start=\"839\" data-end=\"893\"><strong data-start=\"839\" data-end=\"849\">Weplan<\/strong>, representat per Eduard Bonet i Adri\u00e0 Riu<\/p>\n<\/li>\n<\/ul>\n<table style=\"border-collapse: collapse; width: 100%;\">\n<tbody>\n<tr>\n<td style=\"width: 25%;\"><a href=\"https:\/\/www.fundaciofarineragirona.cat\/wp-content\/uploads\/2026\/02\/logo-75a8b7267348da2ac6919f64d69dc0bfce06ece0fc2a9771ddadfb7f3ec80077.svg\"><img loading=\"lazy\" decoding=\"async\" class=\"aligncenter  wp-image-1124\" src=\"https:\/\/www.fundaciofarineragirona.cat\/wp-content\/uploads\/2026\/02\/logo-75a8b7267348da2ac6919f64d69dc0bfce06ece0fc2a9771ddadfb7f3ec80077.svg\" alt=\"\" width=\"139\" height=\"49\" \/><\/a><\/td>\n<td style=\"width: 25%;\"><img loading=\"lazy\" decoding=\"async\" class=\"aligncenter  wp-image-1125\" src=\"https:\/\/www.fundaciofarineragirona.cat\/wp-content\/uploads\/2026\/02\/logo_guapo-removebg-preview-ALpel42QZEi5Qak2.png.avif\" alt=\"\" width=\"144\" height=\"54\" \/><\/td>\n<td style=\"width: 25%;\"><img loading=\"lazy\" decoding=\"async\" class=\"aligncenter  wp-image-1129\" src=\"https:\/\/www.fundaciofarineragirona.cat\/wp-content\/uploads\/2026\/02\/Spot-450x422.jpg\" alt=\"\" width=\"104\" height=\"98\" srcset=\"https:\/\/www.fundaciofarineragirona.cat\/wp-content\/uploads\/2026\/02\/Spot-450x422.jpg 450w, https:\/\/www.fundaciofarineragirona.cat\/wp-content\/uploads\/2026\/02\/Spot.jpg 745w\" sizes=\"auto, (max-width: 104px) 100vw, 104px\" \/><\/td>\n<td style=\"width: 25%;\"><a href=\"https:\/\/www.fundaciofarineragirona.cat\/wp-content\/uploads\/2026\/02\/Logotip_WeTown_Horitzontal_Positiu.svg\"><img loading=\"lazy\" decoding=\"async\" class=\"aligncenter  wp-image-1127\" src=\"https:\/\/www.fundaciofarineragirona.cat\/wp-content\/uploads\/2026\/02\/Logotip_WeTown_Horitzontal_Positiu.svg\" alt=\"\" width=\"161\" height=\"31\" \/><\/a><\/td>\n<\/tr>\n<tr>\n<td style=\"width: 25%;\"><img loading=\"lazy\" decoding=\"async\" class=\"aligncenter  wp-image-1131\" src=\"https:\/\/www.fundaciofarineragirona.cat\/wp-content\/uploads\/2026\/02\/Spot-1-450x227.jpg\" alt=\"\" width=\"139\" height=\"70\" srcset=\"https:\/\/www.fundaciofarineragirona.cat\/wp-content\/uploads\/2026\/02\/Spot-1-450x227.jpg 450w, https:\/\/www.fundaciofarineragirona.cat\/wp-content\/uploads\/2026\/02\/Spot-1.jpg 758w\" sizes=\"auto, (max-width: 139px) 100vw, 139px\" \/><\/td>\n<td style=\"width: 25%;\"><img loading=\"lazy\" decoding=\"async\" class=\"aligncenter  wp-image-1132\" src=\"https:\/\/www.fundaciofarineragirona.cat\/wp-content\/uploads\/2026\/02\/Spot-2-450x315.jpg\" alt=\"\" width=\"130\" height=\"91\" srcset=\"https:\/\/www.fundaciofarineragirona.cat\/wp-content\/uploads\/2026\/02\/Spot-2-450x315.jpg 450w, https:\/\/www.fundaciofarineragirona.cat\/wp-content\/uploads\/2026\/02\/Spot-2-768x538.jpg 768w, https:\/\/www.fundaciofarineragirona.cat\/wp-content\/uploads\/2026\/02\/Spot-2.jpg 963w\" sizes=\"auto, (max-width: 130px) 100vw, 130px\" \/><\/td>\n<td style=\"width: 25%;\"><img loading=\"lazy\" decoding=\"async\" class=\"aligncenter  wp-image-1133\" src=\"https:\/\/www.fundaciofarineragirona.cat\/wp-content\/uploads\/2026\/02\/Captura-de-pantalla-2026-02-11-a-les-13.08.22.png\" alt=\"\" width=\"166\" height=\"70\" \/><\/td>\n<td style=\"width: 25%;\"><img loading=\"lazy\" decoding=\"async\" class=\"aligncenter  wp-image-1134\" src=\"https:\/\/www.fundaciofarineragirona.cat\/wp-content\/uploads\/2026\/02\/logo-weplan_baixa-150x150-1.webp\" alt=\"\" width=\"107\" height=\"107\" \/><\/td>\n<\/tr>\n<\/tbody>\n<\/table>\n","protected":false},"excerpt":{"rendered":"<p>La Presentaci\u00f3 de Projectes \u00e9s un esdeveniment impulsat pel Programa d\u02bcEmprenedoria de la Fundaci\u00f3 Farinera Girona. Aquest esdeveniment anual marca el cloenda d\u02bcun proc\u00e9s intensiu de mesos de treball i acompanyament personalitzat, en qu\u00e8 cada emprenedor i emprenedora ha donat forma a una idea amb potencial de transformaci\u00f3. En el marc de la Presentaci\u00f3 de [&hellip;]<\/p>\n","protected":false},"author":1,"featured_media":0,"parent":272,"menu_order":32,"comment_status":"closed","ping_status":"closed","template":"template-pagina.php","meta":{"_acf_changed":false,"inline_featured_image":false,"footnotes":"","_links_to":"","_links_to_target":""},"class_list":["post-986","page","type-page","status-publish","hentry"],"acf":[],"yoast_head":"<!-- This site is optimized with the Yoast SEO plugin v27.3 - https:\/\/yoast.com\/product\/yoast-seo-wordpress\/ -->\n<title>Presentaci\u00f3 de projectes - Fundaci\u00f3 Farinera Girona<\/title>\n<meta name=\"robots\" content=\"index, follow, max-snippet:-1, max-image-preview:large, max-video-preview:-1\" \/>\n<link rel=\"canonical\" href=\"https:\/\/www.fundaciofarineragirona.cat\/ca\/iniciatives\/presentacio-de-projectes\/\" \/>\n<meta property=\"og:locale\" content=\"ca_ES\" \/>\n<meta property=\"og:type\" content=\"article\" \/>\n<meta property=\"og:title\" content=\"Presentaci\u00f3 de projectes - Fundaci\u00f3 Farinera Girona\" \/>\n<meta property=\"og:description\" content=\"La Presentaci\u00f3 de Projectes \u00e9s un esdeveniment impulsat pel Programa d\u02bcEmprenedoria de la Fundaci\u00f3 Farinera Girona. Aquest esdeveniment anual marca el cloenda d\u02bcun proc\u00e9s intensiu de mesos de treball i acompanyament personalitzat, en qu\u00e8 cada emprenedor i emprenedora ha donat forma a una idea amb potencial de transformaci\u00f3. En el marc de la Presentaci\u00f3 de [&hellip;]\" \/>\n<meta property=\"og:url\" content=\"https:\/\/www.fundaciofarineragirona.cat\/ca\/iniciatives\/presentacio-de-projectes\/\" \/>\n<meta property=\"og:site_name\" content=\"Fundaci\u00f3 Farinera Girona\" \/>\n<meta property=\"article:modified_time\" content=\"2026-02-11T12:26:47+00:00\" \/>\n<meta property=\"og:image\" content=\"https:\/\/www.fundaciofarineragirona.cat\/wp-content\/uploads\/2026\/02\/logo-75a8b7267348da2ac6919f64d69dc0bfce06ece0fc2a9771ddadfb7f3ec80077.svg\" \/>\n<meta name=\"twitter:card\" content=\"summary_large_image\" \/>\n<meta name=\"twitter:label1\" content=\"Temps estimat de lectura\" \/>\n\t<meta name=\"twitter:data1\" content=\"3 minuts\" \/>\n<script type=\"application\/ld+json\" class=\"yoast-schema-graph\">{\"@context\":\"https:\\\/\\\/schema.org\",\"@graph\":[{\"@type\":\"WebPage\",\"@id\":\"https:\\\/\\\/www.fundaciofarineragirona.cat\\\/ca\\\/iniciatives\\\/presentacio-de-projectes\\\/\",\"url\":\"https:\\\/\\\/www.fundaciofarineragirona.cat\\\/ca\\\/iniciatives\\\/presentacio-de-projectes\\\/\",\"name\":\"Presentaci\u00f3 de projectes - Fundaci\u00f3 Farinera Girona\",\"isPartOf\":{\"@id\":\"https:\\\/\\\/www.fundaciofarineragirona.cat\\\/ca\\\/versio2\\\/ca\\\/#website\"},\"primaryImageOfPage\":{\"@id\":\"https:\\\/\\\/www.fundaciofarineragirona.cat\\\/ca\\\/iniciatives\\\/presentacio-de-projectes\\\/#primaryimage\"},\"image\":{\"@id\":\"https:\\\/\\\/www.fundaciofarineragirona.cat\\\/ca\\\/iniciatives\\\/presentacio-de-projectes\\\/#primaryimage\"},\"thumbnailUrl\":\"https:\\\/\\\/www.fundaciofarineragirona.cat\\\/wp-content\\\/uploads\\\/2026\\\/02\\\/logo-75a8b7267348da2ac6919f64d69dc0bfce06ece0fc2a9771ddadfb7f3ec80077.svg\",\"datePublished\":\"2026-01-08T20:07:22+00:00\",\"dateModified\":\"2026-02-11T12:26:47+00:00\",\"breadcrumb\":{\"@id\":\"https:\\\/\\\/www.fundaciofarineragirona.cat\\\/ca\\\/iniciatives\\\/presentacio-de-projectes\\\/#breadcrumb\"},\"inLanguage\":\"ca\",\"potentialAction\":[{\"@type\":\"ReadAction\",\"target\":[\"https:\\\/\\\/www.fundaciofarineragirona.cat\\\/ca\\\/iniciatives\\\/presentacio-de-projectes\\\/\"]}]},{\"@type\":\"ImageObject\",\"inLanguage\":\"ca\",\"@id\":\"https:\\\/\\\/www.fundaciofarineragirona.cat\\\/ca\\\/iniciatives\\\/presentacio-de-projectes\\\/#primaryimage\",\"url\":\"https:\\\/\\\/www.fundaciofarineragirona.cat\\\/wp-content\\\/uploads\\\/2026\\\/02\\\/logo-75a8b7267348da2ac6919f64d69dc0bfce06ece0fc2a9771ddadfb7f3ec80077.svg\",\"contentUrl\":\"https:\\\/\\\/www.fundaciofarineragirona.cat\\\/wp-content\\\/uploads\\\/2026\\\/02\\\/logo-75a8b7267348da2ac6919f64d69dc0bfce06ece0fc2a9771ddadfb7f3ec80077.svg\"},{\"@type\":\"BreadcrumbList\",\"@id\":\"https:\\\/\\\/www.fundaciofarineragirona.cat\\\/ca\\\/iniciatives\\\/presentacio-de-projectes\\\/#breadcrumb\",\"itemListElement\":[{\"@type\":\"ListItem\",\"position\":1,\"name\":\"Inici\",\"item\":\"https:\\\/\\\/www.fundaciofarineragirona.cat\\\/ca\\\/versio2\\\/ca\\\/\"},{\"@type\":\"ListItem\",\"position\":2,\"name\":\"Iniciatives\",\"item\":\"\\\/\"},{\"@type\":\"ListItem\",\"position\":3,\"name\":\"Presentaci\u00f3 de projectes\"}]},{\"@type\":\"WebSite\",\"@id\":\"https:\\\/\\\/www.fundaciofarineragirona.cat\\\/ca\\\/versio2\\\/ca\\\/#website\",\"url\":\"https:\\\/\\\/www.fundaciofarineragirona.cat\\\/ca\\\/versio2\\\/ca\\\/\",\"name\":\"Fundaci\u00f3 Farinera Girona\",\"description\":\"Impulsem talent, transformem territori\",\"potentialAction\":[{\"@type\":\"SearchAction\",\"target\":{\"@type\":\"EntryPoint\",\"urlTemplate\":\"https:\\\/\\\/www.fundaciofarineragirona.cat\\\/ca\\\/versio2\\\/ca\\\/?s={search_term_string}\"},\"query-input\":{\"@type\":\"PropertyValueSpecification\",\"valueRequired\":true,\"valueName\":\"search_term_string\"}}],\"inLanguage\":\"ca\"}]}<\/script>\n<!-- \/ Yoast SEO plugin. -->","yoast_head_json":{"title":"Presentaci\u00f3 de projectes - Fundaci\u00f3 Farinera Girona","robots":{"index":"index","follow":"follow","max-snippet":"max-snippet:-1","max-image-preview":"max-image-preview:large","max-video-preview":"max-video-preview:-1"},"canonical":"https:\/\/www.fundaciofarineragirona.cat\/ca\/iniciatives\/presentacio-de-projectes\/","og_locale":"ca_ES","og_type":"article","og_title":"Presentaci\u00f3 de projectes - Fundaci\u00f3 Farinera Girona","og_description":"La Presentaci\u00f3 de Projectes \u00e9s un esdeveniment impulsat pel Programa d\u02bcEmprenedoria de la Fundaci\u00f3 Farinera Girona. Aquest esdeveniment anual marca el cloenda d\u02bcun proc\u00e9s intensiu de mesos de treball i acompanyament personalitzat, en qu\u00e8 cada emprenedor i emprenedora ha donat forma a una idea amb potencial de transformaci\u00f3. En el marc de la Presentaci\u00f3 de [&hellip;]","og_url":"https:\/\/www.fundaciofarineragirona.cat\/ca\/iniciatives\/presentacio-de-projectes\/","og_site_name":"Fundaci\u00f3 Farinera Girona","article_modified_time":"2026-02-11T12:26:47+00:00","og_image":[{"url":"https:\/\/www.fundaciofarineragirona.cat\/wp-content\/uploads\/2026\/02\/logo-75a8b7267348da2ac6919f64d69dc0bfce06ece0fc2a9771ddadfb7f3ec80077.svg","type":"","width":"","height":""}],"twitter_card":"summary_large_image","twitter_misc":{"Temps estimat de lectura":"3 minuts"},"schema":{"@context":"https:\/\/schema.org","@graph":[{"@type":"WebPage","@id":"https:\/\/www.fundaciofarineragirona.cat\/ca\/iniciatives\/presentacio-de-projectes\/","url":"https:\/\/www.fundaciofarineragirona.cat\/ca\/iniciatives\/presentacio-de-projectes\/","name":"Presentaci\u00f3 de projectes - Fundaci\u00f3 Farinera Girona","isPartOf":{"@id":"https:\/\/www.fundaciofarineragirona.cat\/ca\/versio2\/ca\/#website"},"primaryImageOfPage":{"@id":"https:\/\/www.fundaciofarineragirona.cat\/ca\/iniciatives\/presentacio-de-projectes\/#primaryimage"},"image":{"@id":"https:\/\/www.fundaciofarineragirona.cat\/ca\/iniciatives\/presentacio-de-projectes\/#primaryimage"},"thumbnailUrl":"https:\/\/www.fundaciofarineragirona.cat\/wp-content\/uploads\/2026\/02\/logo-75a8b7267348da2ac6919f64d69dc0bfce06ece0fc2a9771ddadfb7f3ec80077.svg","datePublished":"2026-01-08T20:07:22+00:00","dateModified":"2026-02-11T12:26:47+00:00","breadcrumb":{"@id":"https:\/\/www.fundaciofarineragirona.cat\/ca\/iniciatives\/presentacio-de-projectes\/#breadcrumb"},"inLanguage":"ca","potentialAction":[{"@type":"ReadAction","target":["https:\/\/www.fundaciofarineragirona.cat\/ca\/iniciatives\/presentacio-de-projectes\/"]}]},{"@type":"ImageObject","inLanguage":"ca","@id":"https:\/\/www.fundaciofarineragirona.cat\/ca\/iniciatives\/presentacio-de-projectes\/#primaryimage","url":"https:\/\/www.fundaciofarineragirona.cat\/wp-content\/uploads\/2026\/02\/logo-75a8b7267348da2ac6919f64d69dc0bfce06ece0fc2a9771ddadfb7f3ec80077.svg","contentUrl":"https:\/\/www.fundaciofarineragirona.cat\/wp-content\/uploads\/2026\/02\/logo-75a8b7267348da2ac6919f64d69dc0bfce06ece0fc2a9771ddadfb7f3ec80077.svg"},{"@type":"BreadcrumbList","@id":"https:\/\/www.fundaciofarineragirona.cat\/ca\/iniciatives\/presentacio-de-projectes\/#breadcrumb","itemListElement":[{"@type":"ListItem","position":1,"name":"Inici","item":"https:\/\/www.fundaciofarineragirona.cat\/ca\/versio2\/ca\/"},{"@type":"ListItem","position":2,"name":"Iniciatives","item":"\/"},{"@type":"ListItem","position":3,"name":"Presentaci\u00f3 de projectes"}]},{"@type":"WebSite","@id":"https:\/\/www.fundaciofarineragirona.cat\/ca\/versio2\/ca\/#website","url":"https:\/\/www.fundaciofarineragirona.cat\/ca\/versio2\/ca\/","name":"Fundaci\u00f3 Farinera Girona","description":"Impulsem talent, transformem territori","potentialAction":[{"@type":"SearchAction","target":{"@type":"EntryPoint","urlTemplate":"https:\/\/www.fundaciofarineragirona.cat\/ca\/versio2\/ca\/?s={search_term_string}"},"query-input":{"@type":"PropertyValueSpecification","valueRequired":true,"valueName":"search_term_string"}}],"inLanguage":"ca"}]}},"_links":{"self":[{"href":"https:\/\/www.fundaciofarineragirona.cat\/ca\/wp-json\/wp\/v2\/pages\/986","targetHints":{"allow":["GET"]}}],"collection":[{"href":"https:\/\/www.fundaciofarineragirona.cat\/ca\/wp-json\/wp\/v2\/pages"}],"about":[{"href":"https:\/\/www.fundaciofarineragirona.cat\/ca\/wp-json\/wp\/v2\/types\/page"}],"author":[{"embeddable":true,"href":"https:\/\/www.fundaciofarineragirona.cat\/ca\/wp-json\/wp\/v2\/users\/1"}],"replies":[{"embeddable":true,"href":"https:\/\/www.fundaciofarineragirona.cat\/ca\/wp-json\/wp\/v2\/comments?post=986"}],"version-history":[{"count":13,"href":"https:\/\/www.fundaciofarineragirona.cat\/ca\/wp-json\/wp\/v2\/pages\/986\/revisions"}],"predecessor-version":[{"id":1147,"href":"https:\/\/www.fundaciofarineragirona.cat\/ca\/wp-json\/wp\/v2\/pages\/986\/revisions\/1147"}],"up":[{"embeddable":true,"href":"https:\/\/www.fundaciofarineragirona.cat\/ca\/wp-json\/wp\/v2\/pages\/272"}],"wp:attachment":[{"href":"https:\/\/www.fundaciofarineragirona.cat\/ca\/wp-json\/wp\/v2\/media?parent=986"}],"curies":[{"name":"wp","href":"https:\/\/api.w.org\/{rel}","templated":true}]}}