{"id":971,"date":"2026-01-08T21:27:56","date_gmt":"2026-01-08T19:27:56","guid":{"rendered":"https:\/\/www.fundaciofarineragirona.cat\/?page_id=971"},"modified":"2026-04-08T13:01:35","modified_gmt":"2026-04-08T11:01:35","slug":"comunitat","status":"publish","type":"page","link":"https:\/\/www.fundaciofarineragirona.cat\/ca\/comunitat\/","title":{"rendered":"Comunitat i Ressenyes"},"content":{"rendered":"<p>A la\u00a0<strong>Fundaci\u00f3 Farinera Girona<\/strong>, no nom\u00e9s impulsem projectes. Impulsem persones, valors i connexions reals.<br \/>\nLa nostra comunitat \u00e9s el cor de tot el que fem: un espai obert, hum\u00e0 i col\u00b7laboratiu, on emprenedors i emprenedores de les comarques gironines s\u2019acompanyen, s\u2019inspiren i es fan cr\u00e9ixer m\u00fatuament. I tamb\u00e9 \u00e9s un lloc per a aquells que volen ajudar: oferint temps, experi\u00e8ncia o recursos perqu\u00e8 altres puguin cr\u00e9ixer.<\/p>\n<p><strong>Siguis emprenedor, mentor, col\u00b7laborador o membre, aqu\u00ed hi tens un lloc.<\/strong><\/p>\n","protected":false},"excerpt":{"rendered":"<p>A la\u00a0Fundaci\u00f3 Farinera Girona, no nom\u00e9s impulsem projectes. Impulsem persones, valors i connexions reals. La nostra comunitat \u00e9s el cor de tot el que fem: un espai obert, hum\u00e0 i col\u00b7laboratiu, on emprenedors i emprenedores de les comarques gironines s\u2019acompanyen, s\u2019inspiren i es fan cr\u00e9ixer m\u00fatuament. I tamb\u00e9 \u00e9s un lloc per a aquells que [&hellip;]<\/p>\n","protected":false},"author":1,"featured_media":0,"parent":0,"menu_order":49,"comment_status":"closed","ping_status":"closed","template":"template-pagina.php","meta":{"_acf_changed":false,"inline_featured_image":false,"footnotes":"","_links_to":"","_links_to_target":""},"class_list":["post-971","page","type-page","status-publish","hentry"],"acf":[],"yoast_head":"<!-- This site is optimized with the Yoast SEO plugin v27.3 - https:\/\/yoast.com\/product\/yoast-seo-wordpress\/ -->\n<title>Comunitat i Ressenyes - Fundaci\u00f3 Farinera Girona<\/title>\n<meta name=\"robots\" content=\"index, follow, max-snippet:-1, max-image-preview:large, max-video-preview:-1\" \/>\n<link rel=\"canonical\" href=\"https:\/\/www.fundaciofarineragirona.cat\/ca\/comunitat\/\" \/>\n<meta property=\"og:locale\" content=\"ca_ES\" \/>\n<meta property=\"og:type\" content=\"article\" \/>\n<meta property=\"og:title\" content=\"Comunitat i Ressenyes - Fundaci\u00f3 Farinera Girona\" \/>\n<meta property=\"og:description\" content=\"A la\u00a0Fundaci\u00f3 Farinera Girona, no nom\u00e9s impulsem projectes. Impulsem persones, valors i connexions reals. La nostra comunitat \u00e9s el cor de tot el que fem: un espai obert, hum\u00e0 i col\u00b7laboratiu, on emprenedors i emprenedores de les comarques gironines s\u2019acompanyen, s\u2019inspiren i es fan cr\u00e9ixer m\u00fatuament. I tamb\u00e9 \u00e9s un lloc per a aquells que [&hellip;]\" \/>\n<meta property=\"og:url\" content=\"https:\/\/www.fundaciofarineragirona.cat\/ca\/comunitat\/\" \/>\n<meta property=\"og:site_name\" content=\"Fundaci\u00f3 Farinera Girona\" \/>\n<meta property=\"article:modified_time\" content=\"2026-04-08T11:01:35+00:00\" \/>\n<meta name=\"twitter:card\" content=\"summary_large_image\" \/>\n<meta name=\"twitter:label1\" content=\"Temps estimat de lectura\" \/>\n\t<meta name=\"twitter:data1\" content=\"1 minut\" \/>\n<script type=\"application\/ld+json\" class=\"yoast-schema-graph\">{\"@context\":\"https:\\\/\\\/schema.org\",\"@graph\":[{\"@type\":\"WebPage\",\"@id\":\"https:\\\/\\\/www.fundaciofarineragirona.cat\\\/ca\\\/comunitat\\\/\",\"url\":\"https:\\\/\\\/www.fundaciofarineragirona.cat\\\/ca\\\/comunitat\\\/\",\"name\":\"Comunitat i Ressenyes - Fundaci\u00f3 Farinera Girona\",\"isPartOf\":{\"@id\":\"https:\\\/\\\/www.fundaciofarineragirona.cat\\\/ca\\\/versio2\\\/ca\\\/#website\"},\"datePublished\":\"2026-01-08T19:27:56+00:00\",\"dateModified\":\"2026-04-08T11:01:35+00:00\",\"breadcrumb\":{\"@id\":\"https:\\\/\\\/www.fundaciofarineragirona.cat\\\/ca\\\/comunitat\\\/#breadcrumb\"},\"inLanguage\":\"ca\",\"potentialAction\":[{\"@type\":\"ReadAction\",\"target\":[\"https:\\\/\\\/www.fundaciofarineragirona.cat\\\/ca\\\/comunitat\\\/\"]}]},{\"@type\":\"BreadcrumbList\",\"@id\":\"https:\\\/\\\/www.fundaciofarineragirona.cat\\\/ca\\\/comunitat\\\/#breadcrumb\",\"itemListElement\":[{\"@type\":\"ListItem\",\"position\":1,\"name\":\"Inici\",\"item\":\"https:\\\/\\\/www.fundaciofarineragirona.cat\\\/ca\\\/versio2\\\/ca\\\/\"},{\"@type\":\"ListItem\",\"position\":2,\"name\":\"Comunitat i Ressenyes\"}]},{\"@type\":\"WebSite\",\"@id\":\"https:\\\/\\\/www.fundaciofarineragirona.cat\\\/ca\\\/versio2\\\/ca\\\/#website\",\"url\":\"https:\\\/\\\/www.fundaciofarineragirona.cat\\\/ca\\\/versio2\\\/ca\\\/\",\"name\":\"Fundaci\u00f3 Farinera Girona\",\"description\":\"Impulsem talent, transformem territori\",\"potentialAction\":[{\"@type\":\"SearchAction\",\"target\":{\"@type\":\"EntryPoint\",\"urlTemplate\":\"https:\\\/\\\/www.fundaciofarineragirona.cat\\\/ca\\\/versio2\\\/ca\\\/?s={search_term_string}\"},\"query-input\":{\"@type\":\"PropertyValueSpecification\",\"valueRequired\":true,\"valueName\":\"search_term_string\"}}],\"inLanguage\":\"ca\"}]}<\/script>\n<!-- \/ Yoast SEO plugin. -->","yoast_head_json":{"title":"Comunitat i Ressenyes - Fundaci\u00f3 Farinera Girona","robots":{"index":"index","follow":"follow","max-snippet":"max-snippet:-1","max-image-preview":"max-image-preview:large","max-video-preview":"max-video-preview:-1"},"canonical":"https:\/\/www.fundaciofarineragirona.cat\/ca\/comunitat\/","og_locale":"ca_ES","og_type":"article","og_title":"Comunitat i Ressenyes - Fundaci\u00f3 Farinera Girona","og_description":"A la\u00a0Fundaci\u00f3 Farinera Girona, no nom\u00e9s impulsem projectes. Impulsem persones, valors i connexions reals. La nostra comunitat \u00e9s el cor de tot el que fem: un espai obert, hum\u00e0 i col\u00b7laboratiu, on emprenedors i emprenedores de les comarques gironines s\u2019acompanyen, s\u2019inspiren i es fan cr\u00e9ixer m\u00fatuament. I tamb\u00e9 \u00e9s un lloc per a aquells que [&hellip;]","og_url":"https:\/\/www.fundaciofarineragirona.cat\/ca\/comunitat\/","og_site_name":"Fundaci\u00f3 Farinera Girona","article_modified_time":"2026-04-08T11:01:35+00:00","twitter_card":"summary_large_image","twitter_misc":{"Temps estimat de lectura":"1 minut"},"schema":{"@context":"https:\/\/schema.org","@graph":[{"@type":"WebPage","@id":"https:\/\/www.fundaciofarineragirona.cat\/ca\/comunitat\/","url":"https:\/\/www.fundaciofarineragirona.cat\/ca\/comunitat\/","name":"Comunitat i Ressenyes - Fundaci\u00f3 Farinera Girona","isPartOf":{"@id":"https:\/\/www.fundaciofarineragirona.cat\/ca\/versio2\/ca\/#website"},"datePublished":"2026-01-08T19:27:56+00:00","dateModified":"2026-04-08T11:01:35+00:00","breadcrumb":{"@id":"https:\/\/www.fundaciofarineragirona.cat\/ca\/comunitat\/#breadcrumb"},"inLanguage":"ca","potentialAction":[{"@type":"ReadAction","target":["https:\/\/www.fundaciofarineragirona.cat\/ca\/comunitat\/"]}]},{"@type":"BreadcrumbList","@id":"https:\/\/www.fundaciofarineragirona.cat\/ca\/comunitat\/#breadcrumb","itemListElement":[{"@type":"ListItem","position":1,"name":"Inici","item":"https:\/\/www.fundaciofarineragirona.cat\/ca\/versio2\/ca\/"},{"@type":"ListItem","position":2,"name":"Comunitat i Ressenyes"}]},{"@type":"WebSite","@id":"https:\/\/www.fundaciofarineragirona.cat\/ca\/versio2\/ca\/#website","url":"https:\/\/www.fundaciofarineragirona.cat\/ca\/versio2\/ca\/","name":"Fundaci\u00f3 Farinera Girona","description":"Impulsem talent, transformem territori","potentialAction":[{"@type":"SearchAction","target":{"@type":"EntryPoint","urlTemplate":"https:\/\/www.fundaciofarineragirona.cat\/ca\/versio2\/ca\/?s={search_term_string}"},"query-input":{"@type":"PropertyValueSpecification","valueRequired":true,"valueName":"search_term_string"}}],"inLanguage":"ca"}]}},"_links":{"self":[{"href":"https:\/\/www.fundaciofarineragirona.cat\/ca\/wp-json\/wp\/v2\/pages\/971","targetHints":{"allow":["GET"]}}],"collection":[{"href":"https:\/\/www.fundaciofarineragirona.cat\/ca\/wp-json\/wp\/v2\/pages"}],"about":[{"href":"https:\/\/www.fundaciofarineragirona.cat\/ca\/wp-json\/wp\/v2\/types\/page"}],"author":[{"embeddable":true,"href":"https:\/\/www.fundaciofarineragirona.cat\/ca\/wp-json\/wp\/v2\/users\/1"}],"replies":[{"embeddable":true,"href":"https:\/\/www.fundaciofarineragirona.cat\/ca\/wp-json\/wp\/v2\/comments?post=971"}],"version-history":[{"count":5,"href":"https:\/\/www.fundaciofarineragirona.cat\/ca\/wp-json\/wp\/v2\/pages\/971\/revisions"}],"predecessor-version":[{"id":1981,"href":"https:\/\/www.fundaciofarineragirona.cat\/ca\/wp-json\/wp\/v2\/pages\/971\/revisions\/1981"}],"wp:attachment":[{"href":"https:\/\/www.fundaciofarineragirona.cat\/ca\/wp-json\/wp\/v2\/media?parent=971"}],"curies":[{"name":"wp","href":"https:\/\/api.w.org\/{rel}","templated":true}]}}