{"id":782,"date":"2025-07-03T10:00:52","date_gmt":"2025-07-03T08:00:52","guid":{"rendered":"https:\/\/www.fundaciofarineragirona.cat\/?page_id=782"},"modified":"2026-02-11T13:35:16","modified_gmt":"2026-02-11T11:35:16","slug":"trofeu-espiga-a-la-millor-rsc","status":"publish","type":"page","link":"https:\/\/www.fundaciofarineragirona.cat\/ca\/iniciatives\/trofeu-espiga-a-la-millor-rsc\/","title":{"rendered":"Trofeu Espiga a la millor RSC"},"content":{"rendered":"<p data-start=\"137\" data-end=\"362\">La Fundaci\u00f3 Farinera Girona atorga anualment el Trofeu Espiga a la Millor RSC, un reconeixement simb\u00f2lic que posa en valor el comprom\u00eds de persones i organitzacions amb la responsabilitat social i la transformaci\u00f3 positiva del territori.<\/p>\n<p data-start=\"364\" data-end=\"615\">El Trofeu Espiga neix amb la voluntat de visibilitzar iniciatives que destaquen per la seva contribuci\u00f3 a la innovaci\u00f3 social, la responsabilitat social corporativa i la construcci\u00f3 d\u2019un model econ\u00f2mic m\u00e9s just, sostenible i arrelat als valors humans.<\/p>\n<p data-start=\"617\" data-end=\"806\">En l\u2019edici\u00f3 del 23 d&#8217;abril 2025, el Trofeu Espiga ha reconegut quatre empreses del territori pel seu comprom\u00eds i impacte positiu: <strong data-start=\"737\" data-end=\"805\">Noel Alimentaria, Joaquim Albert\u00ed, Camps Motor i Serveis Panella<\/strong>.<\/p>\n<p data-start=\"808\" data-end=\"1029\">Amb aquest guard\u00f3, la Fundaci\u00f3 reafirma la seva missi\u00f3 de fer xarxa, impulsar el talent i recon\u00e8ixer aquells projectes i organitzacions que contribueixen activament al progr\u00e9s social i econ\u00f2mic de les comarques gironines.<\/p>\n","protected":false},"excerpt":{"rendered":"<p>La Fundaci\u00f3 Farinera Girona atorga anualment el Trofeu Espiga a la Millor RSC, un reconeixement simb\u00f2lic que posa en valor el comprom\u00eds de persones i organitzacions amb la responsabilitat social i la transformaci\u00f3 positiva del territori. El Trofeu Espiga neix amb la voluntat de visibilitzar iniciatives que destaquen per la seva contribuci\u00f3 a la innovaci\u00f3 [&hellip;]<\/p>\n","protected":false},"author":1,"featured_media":0,"parent":272,"menu_order":44,"comment_status":"closed","ping_status":"closed","template":"premis-espiga.php","meta":{"_acf_changed":false,"inline_featured_image":false,"footnotes":"","_links_to":"","_links_to_target":""},"class_list":["post-782","page","type-page","status-publish","hentry"],"acf":[],"yoast_head":"<!-- This site is optimized with the Yoast SEO plugin v27.3 - https:\/\/yoast.com\/product\/yoast-seo-wordpress\/ -->\n<title>Trofeu Espiga a la millor RSC - Fundaci\u00f3 Farinera Girona<\/title>\n<meta name=\"description\" content=\"Coincidint amb la diada de Sant Jordi, la Fundaci\u00f3 Farinera Girona celebra anualment el seu acte: els\u00a0Premis a l&#039;Acci\u00f3 i l&#039;Emprenedoria Social.\" \/>\n<meta name=\"robots\" content=\"index, follow, max-snippet:-1, max-image-preview:large, max-video-preview:-1\" \/>\n<link rel=\"canonical\" href=\"https:\/\/www.fundaciofarineragirona.cat\/ca\/iniciatives\/trofeu-espiga-a-la-millor-rsc\/\" \/>\n<meta property=\"og:locale\" content=\"ca_ES\" \/>\n<meta property=\"og:type\" content=\"article\" \/>\n<meta property=\"og:title\" content=\"Trofeu Espiga a la millor RSC - Fundaci\u00f3 Farinera Girona\" \/>\n<meta property=\"og:description\" content=\"Coincidint amb la diada de Sant Jordi, la Fundaci\u00f3 Farinera Girona celebra anualment el seu acte: els\u00a0Premis a l&#039;Acci\u00f3 i l&#039;Emprenedoria Social.\" \/>\n<meta property=\"og:url\" content=\"https:\/\/www.fundaciofarineragirona.cat\/ca\/iniciatives\/trofeu-espiga-a-la-millor-rsc\/\" \/>\n<meta property=\"og:site_name\" content=\"Fundaci\u00f3 Farinera Girona\" \/>\n<meta property=\"article:modified_time\" content=\"2026-02-11T11:35:16+00:00\" \/>\n<meta name=\"twitter:card\" content=\"summary_large_image\" \/>\n<meta name=\"twitter:label1\" content=\"Temps estimat de lectura\" \/>\n\t<meta name=\"twitter:data1\" content=\"1 minut\" \/>\n<script type=\"application\/ld+json\" class=\"yoast-schema-graph\">{\"@context\":\"https:\\\/\\\/schema.org\",\"@graph\":[{\"@type\":\"WebPage\",\"@id\":\"https:\\\/\\\/www.fundaciofarineragirona.cat\\\/ca\\\/iniciatives\\\/trofeu-espiga-a-la-millor-rsc\\\/\",\"url\":\"https:\\\/\\\/www.fundaciofarineragirona.cat\\\/ca\\\/iniciatives\\\/trofeu-espiga-a-la-millor-rsc\\\/\",\"name\":\"Trofeu Espiga a la millor RSC - Fundaci\u00f3 Farinera Girona\",\"isPartOf\":{\"@id\":\"https:\\\/\\\/www.fundaciofarineragirona.cat\\\/ca\\\/versio2\\\/ca\\\/#website\"},\"datePublished\":\"2025-07-03T08:00:52+00:00\",\"dateModified\":\"2026-02-11T11:35:16+00:00\",\"description\":\"Coincidint amb la diada de Sant Jordi, la Fundaci\u00f3 Farinera Girona celebra anualment el seu acte: els\u00a0Premis a l'Acci\u00f3 i l'Emprenedoria Social.\",\"breadcrumb\":{\"@id\":\"https:\\\/\\\/www.fundaciofarineragirona.cat\\\/ca\\\/iniciatives\\\/trofeu-espiga-a-la-millor-rsc\\\/#breadcrumb\"},\"inLanguage\":\"ca\",\"potentialAction\":[{\"@type\":\"ReadAction\",\"target\":[\"https:\\\/\\\/www.fundaciofarineragirona.cat\\\/ca\\\/iniciatives\\\/trofeu-espiga-a-la-millor-rsc\\\/\"]}]},{\"@type\":\"BreadcrumbList\",\"@id\":\"https:\\\/\\\/www.fundaciofarineragirona.cat\\\/ca\\\/iniciatives\\\/trofeu-espiga-a-la-millor-rsc\\\/#breadcrumb\",\"itemListElement\":[{\"@type\":\"ListItem\",\"position\":1,\"name\":\"Inici\",\"item\":\"https:\\\/\\\/www.fundaciofarineragirona.cat\\\/ca\\\/versio2\\\/ca\\\/\"},{\"@type\":\"ListItem\",\"position\":2,\"name\":\"Iniciatives\",\"item\":\"\\\/\"},{\"@type\":\"ListItem\",\"position\":3,\"name\":\"Trofeu Espiga a la millor RSC\"}]},{\"@type\":\"WebSite\",\"@id\":\"https:\\\/\\\/www.fundaciofarineragirona.cat\\\/ca\\\/versio2\\\/ca\\\/#website\",\"url\":\"https:\\\/\\\/www.fundaciofarineragirona.cat\\\/ca\\\/versio2\\\/ca\\\/\",\"name\":\"Fundaci\u00f3 Farinera Girona\",\"description\":\"Impulsem talent, transformem territori\",\"potentialAction\":[{\"@type\":\"SearchAction\",\"target\":{\"@type\":\"EntryPoint\",\"urlTemplate\":\"https:\\\/\\\/www.fundaciofarineragirona.cat\\\/ca\\\/versio2\\\/ca\\\/?s={search_term_string}\"},\"query-input\":{\"@type\":\"PropertyValueSpecification\",\"valueRequired\":true,\"valueName\":\"search_term_string\"}}],\"inLanguage\":\"ca\"}]}<\/script>\n<!-- \/ Yoast SEO plugin. -->","yoast_head_json":{"title":"Trofeu Espiga a la millor RSC - Fundaci\u00f3 Farinera Girona","description":"Coincidint amb la diada de Sant Jordi, la Fundaci\u00f3 Farinera Girona celebra anualment el seu acte: els\u00a0Premis a l'Acci\u00f3 i l'Emprenedoria Social.","robots":{"index":"index","follow":"follow","max-snippet":"max-snippet:-1","max-image-preview":"max-image-preview:large","max-video-preview":"max-video-preview:-1"},"canonical":"https:\/\/www.fundaciofarineragirona.cat\/ca\/iniciatives\/trofeu-espiga-a-la-millor-rsc\/","og_locale":"ca_ES","og_type":"article","og_title":"Trofeu Espiga a la millor RSC - Fundaci\u00f3 Farinera Girona","og_description":"Coincidint amb la diada de Sant Jordi, la Fundaci\u00f3 Farinera Girona celebra anualment el seu acte: els\u00a0Premis a l'Acci\u00f3 i l'Emprenedoria Social.","og_url":"https:\/\/www.fundaciofarineragirona.cat\/ca\/iniciatives\/trofeu-espiga-a-la-millor-rsc\/","og_site_name":"Fundaci\u00f3 Farinera Girona","article_modified_time":"2026-02-11T11:35:16+00:00","twitter_card":"summary_large_image","twitter_misc":{"Temps estimat de lectura":"1 minut"},"schema":{"@context":"https:\/\/schema.org","@graph":[{"@type":"WebPage","@id":"https:\/\/www.fundaciofarineragirona.cat\/ca\/iniciatives\/trofeu-espiga-a-la-millor-rsc\/","url":"https:\/\/www.fundaciofarineragirona.cat\/ca\/iniciatives\/trofeu-espiga-a-la-millor-rsc\/","name":"Trofeu Espiga a la millor RSC - Fundaci\u00f3 Farinera Girona","isPartOf":{"@id":"https:\/\/www.fundaciofarineragirona.cat\/ca\/versio2\/ca\/#website"},"datePublished":"2025-07-03T08:00:52+00:00","dateModified":"2026-02-11T11:35:16+00:00","description":"Coincidint amb la diada de Sant Jordi, la Fundaci\u00f3 Farinera Girona celebra anualment el seu acte: els\u00a0Premis a l'Acci\u00f3 i l'Emprenedoria Social.","breadcrumb":{"@id":"https:\/\/www.fundaciofarineragirona.cat\/ca\/iniciatives\/trofeu-espiga-a-la-millor-rsc\/#breadcrumb"},"inLanguage":"ca","potentialAction":[{"@type":"ReadAction","target":["https:\/\/www.fundaciofarineragirona.cat\/ca\/iniciatives\/trofeu-espiga-a-la-millor-rsc\/"]}]},{"@type":"BreadcrumbList","@id":"https:\/\/www.fundaciofarineragirona.cat\/ca\/iniciatives\/trofeu-espiga-a-la-millor-rsc\/#breadcrumb","itemListElement":[{"@type":"ListItem","position":1,"name":"Inici","item":"https:\/\/www.fundaciofarineragirona.cat\/ca\/versio2\/ca\/"},{"@type":"ListItem","position":2,"name":"Iniciatives","item":"\/"},{"@type":"ListItem","position":3,"name":"Trofeu Espiga a la millor RSC"}]},{"@type":"WebSite","@id":"https:\/\/www.fundaciofarineragirona.cat\/ca\/versio2\/ca\/#website","url":"https:\/\/www.fundaciofarineragirona.cat\/ca\/versio2\/ca\/","name":"Fundaci\u00f3 Farinera Girona","description":"Impulsem talent, transformem territori","potentialAction":[{"@type":"SearchAction","target":{"@type":"EntryPoint","urlTemplate":"https:\/\/www.fundaciofarineragirona.cat\/ca\/versio2\/ca\/?s={search_term_string}"},"query-input":{"@type":"PropertyValueSpecification","valueRequired":true,"valueName":"search_term_string"}}],"inLanguage":"ca"}]}},"_links":{"self":[{"href":"https:\/\/www.fundaciofarineragirona.cat\/ca\/wp-json\/wp\/v2\/pages\/782","targetHints":{"allow":["GET"]}}],"collection":[{"href":"https:\/\/www.fundaciofarineragirona.cat\/ca\/wp-json\/wp\/v2\/pages"}],"about":[{"href":"https:\/\/www.fundaciofarineragirona.cat\/ca\/wp-json\/wp\/v2\/types\/page"}],"author":[{"embeddable":true,"href":"https:\/\/www.fundaciofarineragirona.cat\/ca\/wp-json\/wp\/v2\/users\/1"}],"replies":[{"embeddable":true,"href":"https:\/\/www.fundaciofarineragirona.cat\/ca\/wp-json\/wp\/v2\/comments?post=782"}],"version-history":[{"count":14,"href":"https:\/\/www.fundaciofarineragirona.cat\/ca\/wp-json\/wp\/v2\/pages\/782\/revisions"}],"predecessor-version":[{"id":1109,"href":"https:\/\/www.fundaciofarineragirona.cat\/ca\/wp-json\/wp\/v2\/pages\/782\/revisions\/1109"}],"up":[{"embeddable":true,"href":"https:\/\/www.fundaciofarineragirona.cat\/ca\/wp-json\/wp\/v2\/pages\/272"}],"wp:attachment":[{"href":"https:\/\/www.fundaciofarineragirona.cat\/ca\/wp-json\/wp\/v2\/media?parent=782"}],"curies":[{"name":"wp","href":"https:\/\/api.w.org\/{rel}","templated":true}]}}