{"id":731,"date":"2025-06-30T11:50:31","date_gmt":"2025-06-30T09:50:31","guid":{"rendered":"https:\/\/www.fundaciofarineragirona.cat\/?page_id=731"},"modified":"2026-04-07T11:43:00","modified_gmt":"2026-04-07T09:43:00","slug":"inscripcions-donacio","status":"publish","type":"page","link":"https:\/\/www.fundaciofarineragirona.cat\/ca\/collabora-fundacio-farinera-girona\/inscripcions-donacio\/","title":{"rendered":"Vull fer una donaci\u00f3"},"content":{"rendered":"<p>Amb el teu\u00a0<b>donatiu a la Fundaci\u00f3 Farinera Girona<\/b>, contribueixes directament a impulsar persones valentes que volen emprendre i transformar positivament les comarques gironines.\u00a0Cada aportaci\u00f3 compta i ens acosta a fer realitat m\u00e9s\u00a0<b>projectes amb \u00e0nima i impacte.<\/b><\/p>\n","protected":false},"excerpt":{"rendered":"<p>Amb el teu\u00a0donatiu a la Fundaci\u00f3 Farinera Girona, contribueixes directament a impulsar persones valentes que volen emprendre i transformar positivament les comarques gironines.\u00a0Cada aportaci\u00f3 compta i ens acosta a fer realitat m\u00e9s\u00a0projectes amb \u00e0nima i impacte.<\/p>\n","protected":false},"author":1,"featured_media":0,"parent":275,"menu_order":56,"comment_status":"closed","ping_status":"closed","template":"inscripcions-membresia-donacions.php","meta":{"_acf_changed":false,"inline_featured_image":false,"footnotes":"","_links_to":"","_links_to_target":""},"class_list":["post-731","page","type-page","status-publish","hentry"],"acf":[],"yoast_head":"<!-- This site is optimized with the Yoast SEO plugin v27.3 - https:\/\/yoast.com\/product\/yoast-seo-wordpress\/ -->\n<title>Vull fer una donaci\u00f3 - Fundaci\u00f3 Farinera Girona<\/title>\n<meta name=\"description\" content=\"Amb el teu donatiu a la Fundaci\u00f3 Farinera Girona, contribueixes a impulsar a emprenedors i transformar positivament les comarques gironines.\" \/>\n<meta name=\"robots\" content=\"index, follow, max-snippet:-1, max-image-preview:large, max-video-preview:-1\" \/>\n<link rel=\"canonical\" href=\"https:\/\/www.fundaciofarineragirona.cat\/ca\/collabora-fundacio-farinera-girona\/inscripcions-donacio\/\" \/>\n<meta property=\"og:locale\" content=\"ca_ES\" \/>\n<meta property=\"og:type\" content=\"article\" \/>\n<meta property=\"og:title\" content=\"Vull fer una donaci\u00f3 - Fundaci\u00f3 Farinera Girona\" \/>\n<meta property=\"og:description\" content=\"Amb el teu donatiu a la Fundaci\u00f3 Farinera Girona, contribueixes a impulsar a emprenedors i transformar positivament les comarques gironines.\" \/>\n<meta property=\"og:url\" content=\"https:\/\/www.fundaciofarineragirona.cat\/ca\/collabora-fundacio-farinera-girona\/inscripcions-donacio\/\" \/>\n<meta property=\"og:site_name\" content=\"Fundaci\u00f3 Farinera Girona\" \/>\n<meta property=\"article:modified_time\" content=\"2026-04-07T09:43:00+00:00\" \/>\n<meta name=\"twitter:card\" content=\"summary_large_image\" \/>\n<meta name=\"twitter:label1\" content=\"Temps estimat de lectura\" \/>\n\t<meta name=\"twitter:data1\" content=\"1 minut\" \/>\n<script type=\"application\/ld+json\" class=\"yoast-schema-graph\">{\"@context\":\"https:\\\/\\\/schema.org\",\"@graph\":[{\"@type\":\"WebPage\",\"@id\":\"https:\\\/\\\/www.fundaciofarineragirona.cat\\\/ca\\\/collabora-fundacio-farinera-girona\\\/inscripcions-donacio\\\/\",\"url\":\"https:\\\/\\\/www.fundaciofarineragirona.cat\\\/ca\\\/collabora-fundacio-farinera-girona\\\/inscripcions-donacio\\\/\",\"name\":\"Vull fer una donaci\u00f3 - Fundaci\u00f3 Farinera Girona\",\"isPartOf\":{\"@id\":\"https:\\\/\\\/www.fundaciofarineragirona.cat\\\/ca\\\/versio2\\\/ca\\\/#website\"},\"datePublished\":\"2025-06-30T09:50:31+00:00\",\"dateModified\":\"2026-04-07T09:43:00+00:00\",\"description\":\"Amb el teu donatiu a la Fundaci\u00f3 Farinera Girona, contribueixes a impulsar a emprenedors i transformar positivament les comarques gironines.\",\"breadcrumb\":{\"@id\":\"https:\\\/\\\/www.fundaciofarineragirona.cat\\\/ca\\\/collabora-fundacio-farinera-girona\\\/inscripcions-donacio\\\/#breadcrumb\"},\"inLanguage\":\"ca\",\"potentialAction\":[{\"@type\":\"ReadAction\",\"target\":[\"https:\\\/\\\/www.fundaciofarineragirona.cat\\\/ca\\\/collabora-fundacio-farinera-girona\\\/inscripcions-donacio\\\/\"]}]},{\"@type\":\"BreadcrumbList\",\"@id\":\"https:\\\/\\\/www.fundaciofarineragirona.cat\\\/ca\\\/collabora-fundacio-farinera-girona\\\/inscripcions-donacio\\\/#breadcrumb\",\"itemListElement\":[{\"@type\":\"ListItem\",\"position\":1,\"name\":\"Inici\",\"item\":\"https:\\\/\\\/www.fundaciofarineragirona.cat\\\/ca\\\/versio2\\\/ca\\\/\"},{\"@type\":\"ListItem\",\"position\":2,\"name\":\"Col\u00b7labora\",\"item\":\"\\\/\"},{\"@type\":\"ListItem\",\"position\":3,\"name\":\"Vull fer una donaci\u00f3\"}]},{\"@type\":\"WebSite\",\"@id\":\"https:\\\/\\\/www.fundaciofarineragirona.cat\\\/ca\\\/versio2\\\/ca\\\/#website\",\"url\":\"https:\\\/\\\/www.fundaciofarineragirona.cat\\\/ca\\\/versio2\\\/ca\\\/\",\"name\":\"Fundaci\u00f3 Farinera Girona\",\"description\":\"Impulsem talent, transformem territori\",\"potentialAction\":[{\"@type\":\"SearchAction\",\"target\":{\"@type\":\"EntryPoint\",\"urlTemplate\":\"https:\\\/\\\/www.fundaciofarineragirona.cat\\\/ca\\\/versio2\\\/ca\\\/?s={search_term_string}\"},\"query-input\":{\"@type\":\"PropertyValueSpecification\",\"valueRequired\":true,\"valueName\":\"search_term_string\"}}],\"inLanguage\":\"ca\"}]}<\/script>\n<!-- \/ Yoast SEO plugin. -->","yoast_head_json":{"title":"Vull fer una donaci\u00f3 - Fundaci\u00f3 Farinera Girona","description":"Amb el teu donatiu a la Fundaci\u00f3 Farinera Girona, contribueixes a impulsar a emprenedors i transformar positivament les comarques gironines.","robots":{"index":"index","follow":"follow","max-snippet":"max-snippet:-1","max-image-preview":"max-image-preview:large","max-video-preview":"max-video-preview:-1"},"canonical":"https:\/\/www.fundaciofarineragirona.cat\/ca\/collabora-fundacio-farinera-girona\/inscripcions-donacio\/","og_locale":"ca_ES","og_type":"article","og_title":"Vull fer una donaci\u00f3 - Fundaci\u00f3 Farinera Girona","og_description":"Amb el teu donatiu a la Fundaci\u00f3 Farinera Girona, contribueixes a impulsar a emprenedors i transformar positivament les comarques gironines.","og_url":"https:\/\/www.fundaciofarineragirona.cat\/ca\/collabora-fundacio-farinera-girona\/inscripcions-donacio\/","og_site_name":"Fundaci\u00f3 Farinera Girona","article_modified_time":"2026-04-07T09:43:00+00:00","twitter_card":"summary_large_image","twitter_misc":{"Temps estimat de lectura":"1 minut"},"schema":{"@context":"https:\/\/schema.org","@graph":[{"@type":"WebPage","@id":"https:\/\/www.fundaciofarineragirona.cat\/ca\/collabora-fundacio-farinera-girona\/inscripcions-donacio\/","url":"https:\/\/www.fundaciofarineragirona.cat\/ca\/collabora-fundacio-farinera-girona\/inscripcions-donacio\/","name":"Vull fer una donaci\u00f3 - Fundaci\u00f3 Farinera Girona","isPartOf":{"@id":"https:\/\/www.fundaciofarineragirona.cat\/ca\/versio2\/ca\/#website"},"datePublished":"2025-06-30T09:50:31+00:00","dateModified":"2026-04-07T09:43:00+00:00","description":"Amb el teu donatiu a la Fundaci\u00f3 Farinera Girona, contribueixes a impulsar a emprenedors i transformar positivament les comarques gironines.","breadcrumb":{"@id":"https:\/\/www.fundaciofarineragirona.cat\/ca\/collabora-fundacio-farinera-girona\/inscripcions-donacio\/#breadcrumb"},"inLanguage":"ca","potentialAction":[{"@type":"ReadAction","target":["https:\/\/www.fundaciofarineragirona.cat\/ca\/collabora-fundacio-farinera-girona\/inscripcions-donacio\/"]}]},{"@type":"BreadcrumbList","@id":"https:\/\/www.fundaciofarineragirona.cat\/ca\/collabora-fundacio-farinera-girona\/inscripcions-donacio\/#breadcrumb","itemListElement":[{"@type":"ListItem","position":1,"name":"Inici","item":"https:\/\/www.fundaciofarineragirona.cat\/ca\/versio2\/ca\/"},{"@type":"ListItem","position":2,"name":"Col\u00b7labora","item":"\/"},{"@type":"ListItem","position":3,"name":"Vull fer una donaci\u00f3"}]},{"@type":"WebSite","@id":"https:\/\/www.fundaciofarineragirona.cat\/ca\/versio2\/ca\/#website","url":"https:\/\/www.fundaciofarineragirona.cat\/ca\/versio2\/ca\/","name":"Fundaci\u00f3 Farinera Girona","description":"Impulsem talent, transformem territori","potentialAction":[{"@type":"SearchAction","target":{"@type":"EntryPoint","urlTemplate":"https:\/\/www.fundaciofarineragirona.cat\/ca\/versio2\/ca\/?s={search_term_string}"},"query-input":{"@type":"PropertyValueSpecification","valueRequired":true,"valueName":"search_term_string"}}],"inLanguage":"ca"}]}},"_links":{"self":[{"href":"https:\/\/www.fundaciofarineragirona.cat\/ca\/wp-json\/wp\/v2\/pages\/731","targetHints":{"allow":["GET"]}}],"collection":[{"href":"https:\/\/www.fundaciofarineragirona.cat\/ca\/wp-json\/wp\/v2\/pages"}],"about":[{"href":"https:\/\/www.fundaciofarineragirona.cat\/ca\/wp-json\/wp\/v2\/types\/page"}],"author":[{"embeddable":true,"href":"https:\/\/www.fundaciofarineragirona.cat\/ca\/wp-json\/wp\/v2\/users\/1"}],"replies":[{"embeddable":true,"href":"https:\/\/www.fundaciofarineragirona.cat\/ca\/wp-json\/wp\/v2\/comments?post=731"}],"version-history":[{"count":7,"href":"https:\/\/www.fundaciofarineragirona.cat\/ca\/wp-json\/wp\/v2\/pages\/731\/revisions"}],"predecessor-version":[{"id":1890,"href":"https:\/\/www.fundaciofarineragirona.cat\/ca\/wp-json\/wp\/v2\/pages\/731\/revisions\/1890"}],"up":[{"embeddable":true,"href":"https:\/\/www.fundaciofarineragirona.cat\/ca\/wp-json\/wp\/v2\/pages\/275"}],"wp:attachment":[{"href":"https:\/\/www.fundaciofarineragirona.cat\/ca\/wp-json\/wp\/v2\/media?parent=731"}],"curies":[{"name":"wp","href":"https:\/\/api.w.org\/{rel}","templated":true}]}}