{"id":622,"date":"2025-06-26T12:56:45","date_gmt":"2025-06-26T10:56:45","guid":{"rendered":"https:\/\/www.fundaciofarineragirona.cat\/?page_id=622"},"modified":"2025-12-22T15:48:42","modified_gmt":"2025-12-22T13:48:42","slug":"nota-legal","status":"publish","type":"page","link":"https:\/\/www.fundaciofarineragirona.cat\/ca\/nota-legal\/","title":{"rendered":"Nota legal"},"content":{"rendered":"<p>La p\u00e0gina web <a href=\"http:\/\/www.fundaciofarineragirona.cat\">www.fundaciofarineragirona.cat<\/a> \u00e9s propietat de la FUNDACI\u00d3 FARINERA GIRONA, amb NIF G75892513, inscrita al Registre de Fundacions de la Generalitat de Catalunya amb el n\u00famero 3485 , amb domicili social al Carrer Santa Eug\u00e8nia 42, 17005 Girona i adre\u00e7a electr\u00f2nica: <a href=\"mailto:protecciodades@fundaciofarineragirona.cat\">protecciodades@fundaciofarineragirona.cat<\/a><\/p>\n<p>La present p\u00e0gina web t\u00e9 una finalitat exclusivament informativa sobre les activitats, projectes i serveis que ofereix la nostra fundaci\u00f3. Mitjan\u00e7ant aquest document, es posa a disposici\u00f3 de les persones usu\u00e0ries la nota legal corresponent, en compliment del que estableix la Llei 34\/2002, d\u201911 de juliol, de Serveis de la Societat de la Informaci\u00f3 i de Comer\u00e7 Electr\u00f2nic (LSSICE), i s\u2019informa sobre els termes i condicions d\u2019\u00fas del lloc web.<span class=\"Apple-converted-space\">\u00a0<\/span><\/p>\n<p>L\u2019acc\u00e9s i navegaci\u00f3 per la present p\u00e0gina web atribueix la condici\u00f3 de persona usu\u00e0ria a la persona visitant, qui accepta i es compromet al compliment \u00edntegre de les condicions d\u2019\u00fas aqu\u00ed recollides, aix\u00ed com de qualsevol altra disposici\u00f3 legal que sigui d\u2019aplicaci\u00f3.<span class=\"Apple-converted-space\">\u00a0<\/span><\/p>\n<ol>\n<li><b>Condicions generals d\u2019\u00fas i funcionament de la p\u00e0gina web<span class=\"Apple-converted-space\">\u00a0<\/span><\/b><\/li>\n<\/ol>\n<p>La persona usu\u00e0ria es compromet a fer un \u00fas diligent de la p\u00e0gina web, aix\u00ed com de la informaci\u00f3 que s\u2019hi inclou, amb total subjecci\u00f3 a la normativa aplicable, a la present Nota Legal i a la resta de termes i condicions que s\u2019incloguin al web.<span class=\"Apple-converted-space\">\u00a0<\/span><\/p>\n<p>Igualment, la persona usu\u00e0ria s\u2019obliga a abstenir-se de realitzar qualsevol acte que pugui danyar, inutilitzar, sobrecarregar o deteriorar el web, impedir-ne la normal utilitzaci\u00f3 o generar riscos per a la seva seguretat.<span class=\"Apple-converted-space\">\u00a0<\/span><\/p>\n<ol start=\"2\">\n<li><b>Responsabilitats<\/b><\/li>\n<\/ol>\n<p>L\u2019acc\u00e9s al lloc web i l\u2019\u00fas de la informaci\u00f3 que s\u2019hi ofereix s\u00f3n responsabilitat exclusiva de la persona usu\u00e0ria. Aquesta responsabilitat inclou tant la veracitat i licitud de les dades proporcionades per la persona usu\u00e0ria, com l\u2019\u00fas que faci de la informaci\u00f3 i els continguts del lloc web de la FUNDACI\u00d3 FARINERA GIRONA de manera contr\u00e0ria a aquestes condicions, a la Llei, a la moral, a les bones pr\u00e0ctiques o a l\u2019ordre p\u00fablic. Tamb\u00e9 ser\u00e0 responsable si aquest \u00fas causa perjudicis a tercers o al funcionament correcte del web.<span class=\"Apple-converted-space\">\u00a0<\/span><\/p>\n<p>En aquest sentit, la FUNDACI\u00d3 FARINERA GIRONA, no es fa responsable, en cap cas, dels danys i perjudicis de qualsevol naturalesa que es puguin derivar d\u2019un \u00fas il\u00b7l\u00edcit, negligent o fraudulent de la p\u00e0gina web.<span class=\"Apple-converted-space\">\u00a0<\/span><\/p>\n<p>La persona usu\u00e0ria respondr\u00e0 dels danys i perjudicis que la titular pugui patir com a conseq\u00fc\u00e8ncia de l\u2019incompliment de qualsevol de les obligacions a qu\u00e8 quedi sotmesa en virtut de la Nota Legal, de la legislaci\u00f3 aplicable i\/o de la resta de pol\u00edtiques de la p\u00e0gina web.<span class=\"Apple-converted-space\">\u00a0<\/span><\/p>\n<ol start=\"3\">\n<li><b>Propietat intel\u00b7lectual i industrial<span class=\"Apple-converted-space\">\u00a0<\/span><\/b><\/li>\n<\/ol>\n<p>Els drets de propietat intel\u00b7lectual sobre el contingut i el disseny del lloc web, incloent-hi, a t\u00edtol enunciatiu per\u00f2 no limitatiu, la seva programaci\u00f3, edici\u00f3, compilaci\u00f3, estructura, presentaci\u00f3 dels continguts, imatges, fotografies, dissenys, logotips, textos, documents, codis font i altres elements que s\u2019hi inclouen, s\u00f3n titularitat de la FUNDACI\u00d3 FARINERA GIRONA, i es troben protegits per la normativa vigent en mat\u00e8ria de propietat intel\u00b7lectual i industrial, concretament pel Reial decret legislatiu 1\/1996, de 12 d\u2019abril, de Propietat Intel\u00b7lectual, i per la Llei 17\/2001, de 7 de desembre, de Marques. <span class=\"Apple-converted-space\">\u00a0<\/span><\/p>\n<p>En qualsevol cas, queda expressament prohibida la c\u00f2pia, reproducci\u00f3, adaptaci\u00f3, modificaci\u00f3 o transformaci\u00f3, distribuci\u00f3, comercialitzaci\u00f3, comunicaci\u00f3 p\u00fablica i\/o qualsevol altra actuaci\u00f3 que pugui suposar una infracci\u00f3 de la normativa vigent en mat\u00e8ria de propietat intel\u00b7lectual i\/o industrial, aix\u00ed com qualsevol \u00fas dels continguts del lloc web sense la pr\u00e8via autoritzaci\u00f3 expressa i per escrit de la FUNDACI\u00d3 FARINERA GIRONA.<span class=\"Apple-converted-space\">\u00a0 \u00a0<\/span><\/p>\n<ol start=\"4\">\n<li><b>Continguts i enlla\u00e7os<span class=\"Apple-converted-space\">\u00a0<\/span><\/b><\/li>\n<\/ol>\n<p>La FUNDACI\u00d3 FARINERA GIRONA, no es fa responsable del mal \u00fas que es pugui fer dels continguts de la seva p\u00e0gina web, essent responsabilitat exclusiva de la persona usu\u00e0ria que hi accedeixi o els utilitzi.<span class=\"Apple-converted-space\">\u00a0<\/span><\/p>\n<p>Aquest lloc web pot incloure enlla\u00e7os a p\u00e0gines web o continguts titularitat de tercers, amb l\u2019\u00fanica finalitat d\u2019oferir informaci\u00f3 complement\u00e0ria. La FUNDACI\u00d3 FARINERA GIRONA, no es fa responsable, en cap cas, dels resultats que es puguin derivar de l\u2019acc\u00e9s a aquests enlla\u00e7os per part de les persones usu\u00e0ries.<span class=\"Apple-converted-space\">\u00a0<\/span><\/p>\n<p>La FUNDACI\u00d3 FARINERA GIRONA, declara haver adoptat totes les mesures necess\u00e0ries per garantir la seguretat del nostre lloc web i evitar qualsevol dany que pogu\u00e9s derivar-se de la navegaci\u00f3 per part de les persones usu\u00e0ries.<span class=\"Apple-converted-space\">\u00a0<\/span><\/p>\n<p>En aquest sentit, en cas que la FUNDACI\u00d3 FARINERA GIRONA, tingui coneixement efectiu que l\u2019activitat o la informaci\u00f3 a qu\u00e8 remeten aquests enlla\u00e7os \u00e9s il\u00b7l\u00edcita, constitueix delicte o pot lesionar b\u00e9ns o drets de tercers susceptibles d\u2019indemnitzaci\u00f3, actuar\u00e0 amb la dilig\u00e8ncia necess\u00e0ria per suprimir o inutilitzar l\u2019enlla\u00e7 amb la m\u00e0xima celeritat. <span class=\"Apple-converted-space\">\u00a0<\/span><\/p>\n<ol start=\"5\">\n<li><b>Intercanvi o difusi\u00f3 d\u2019informaci\u00f3<span class=\"Apple-converted-space\">\u00a0<\/span><\/b><\/li>\n<\/ol>\n<p>La FUNDACI\u00d3 FARINERA GIRONA, declina qualsevol responsabilitat derivada de l\u2019intercanvi d\u2019informaci\u00f3 entre les persones usu\u00e0ries a trav\u00e9s de la seva p\u00e0gina web. Aix\u00ed mateix, no es fa responsable de l\u2019\u00fas que les persones menors d\u2019edat puguin fer en cas que els continguts als quals tinguin acc\u00e9s puguin ferir la seva sensibilitat.<span class=\"Apple-converted-space\">\u00a0<\/span><\/p>\n<ol start=\"6\">\n<li><b>Actualitzaci\u00f3 i modificaci\u00f3<span class=\"Apple-converted-space\">\u00a0<\/span><\/b><\/li>\n<\/ol>\n<p>La FUNDACI\u00d3 FARINERA GIRONA, es reserva el dret d\u2019actualitzar, modificar, eliminar o suspendre temporalment, i en qualsevol moment, la presentaci\u00f3, configuraci\u00f3, continguts i serveis del lloc web, amb l\u2019objectiu de millorar-ne les prestacions. Aquestes accions es podran dur a terme sense obligaci\u00f3 de comunicar-les pr\u00e8viament a les persones usu\u00e0ries i sense que aix\u00f2 comporti cap responsabilitat, considerant-se suficient la simple publicaci\u00f3 dels canvis a la pr\u00f2pia p\u00e0gina web.<span class=\"Apple-converted-space\">\u00a0<\/span><\/p>\n<p>Aix\u00ed mateix, la FUNDACI\u00d3 FARINERA GIRONA, es reserva el dret de modificar en qualsevol moment les presents condicions d\u2019\u00fas, aix\u00ed com qualsevol altra condici\u00f3 particular que pugui apar\u00e8ixer al lloc web.<span class=\"Apple-converted-space\">\u00a0<\/span><\/p>\n<ol start=\"7\">\n<li><b>Indicacions sobre aspectes t\u00e8cnics<span class=\"Apple-converted-space\">\u00a0<\/span><\/b><\/li>\n<\/ol>\n<p>La FUNDACI\u00d3 FARINERA GIRONA no assumeix cap responsabilitat derivada de problemes t\u00e8cnics o errors en equips inform\u00e0tics que es produeixin durant la connexi\u00f3 a Internet, ni que puguin ser ocasionats per intromissions il\u00b7leg\u00edtimes fora del seu control. Tampoc garanteix l\u2019abs\u00e8ncia de virus o altres elements que puguin produir danys en sistemes inform\u00e0tics, documents electr\u00f2nics o fitxers de la persona usu\u00e0ria d\u2019aquesta p\u00e0gina web o de tercers, i no es responsabilitza dels danys i perjudicis que puguin ocasionar-se per aquests motius. Igualment, no es responsabilitza de possibles danys i perjudicis que puguin afectar la persona usu\u00e0ria com a conseq\u00fc\u00e8ncia d\u2019errors, defectes o omissions en la informaci\u00f3 facilitada per terceres fonts.<span class=\"Apple-converted-space\">\u00a0<\/span><\/p>\n<ol start=\"8\">\n<li><b>Protecci\u00f3 de dades personals<\/b><\/li>\n<\/ol>\n<p>L\u2019acc\u00e9s a alguns serveis o continguts del lloc web pot requerir la facilitaci\u00f3 de dades personals per part de la persona usu\u00e0ria. La FUNDACI\u00d3 FARINERA GIRONA, garanteix que aquestes dades seran tractades de conformitat amb el que estableix el Reglament (UE) 2016\/679 (RGPD) i la Llei Org\u00e0nica 3\/2018 (LOPD).<\/p>\n<p>Per con\u00e8ixer amb detall com es recullen, utilitzen, conserven i protegeixen aquestes dades, aix\u00ed com els drets que assisteixen les persones interessades i com exercir-los, podeu consultar la nostra <a href=\"https:\/\/www.fundaciofarineragirona.cat\/politica-de-privacitat\/\">Pol\u00edtica de Privacitat.<span class=\"Apple-converted-space\">\u00a0<\/span><\/a><\/p>\n<ol start=\"9\">\n<li><b>Cookies<\/b><\/li>\n<\/ol>\n<p>La FUNDACI\u00d3 FARINERA GIRONA, es reserva el dret d\u2019utilitzar tecnologia \u2018\u2019cookie\u2019\u2019 en aquest lloc web amb la finalitat de recon\u00e8ixer la persona usu\u00e0ria com a visitant habitual i personalitzar la seva experi\u00e8ncia de navegaci\u00f3, preseleccionant, per exemple, l\u2019idioma o mostrant continguts m\u00e9s rellevants o adaptats a les seves prefer\u00e8ncies. Per con\u00e8ixer amb detall com es recullen, utilitzen, conserven i protegeixen aquestes dades, aix\u00ed com els drets que assisteixen les persones interessades i com exercir-los, podeu consultar la nostra <a href=\"https:\/\/www.fundaciofarineragirona.cat\/politica-de-cookies\/\">Pol\u00edtica de Cookies.<span class=\"Apple-converted-space\">\u00a0<\/span><\/a><\/p>\n<ol start=\"10\">\n<li><b>Legislaci\u00f3 aplicable i jurisdicci\u00f3<\/b><\/li>\n<\/ol>\n<p>Les presents condicions, aix\u00ed com l\u2019\u00fas de la p\u00e0gina web, es regir\u00e0 per la legislaci\u00f3 espanyola. Per la resoluci\u00f3 de qualsevol controv\u00e8rsia les parts es sotmetran als Jutjats i Tribunals de la prov\u00edncia de Girona. Les persones usu\u00e0ries d\u2019aquesta p\u00e0gina web s\u00f3n coneixedores de tot el que s\u2019ha exposat i ho accepten volunt\u00e0riament.<span class=\"Apple-converted-space\">\u00a0<\/span><\/p>\n","protected":false},"excerpt":{"rendered":"<p>La p\u00e0gina web www.fundaciofarineragirona.cat \u00e9s propietat de la FUNDACI\u00d3 FARINERA GIRONA, amb NIF G75892513, inscrita al Registre de Fundacions de la Generalitat de Catalunya amb el n\u00famero 3485 , amb domicili social al Carrer Santa Eug\u00e8nia 42, 17005 Girona i adre\u00e7a electr\u00f2nica: protecciodades@fundaciofarineragirona.cat La present p\u00e0gina web t\u00e9 una finalitat exclusivament informativa sobre les activitats, [&hellip;]<\/p>\n","protected":false},"author":1,"featured_media":0,"parent":0,"menu_order":70,"comment_status":"closed","ping_status":"closed","template":"","meta":{"_acf_changed":false,"inline_featured_image":false,"footnotes":"","_links_to":"","_links_to_target":""},"class_list":["post-622","page","type-page","status-publish","hentry"],"acf":[],"yoast_head":"<!-- This site is optimized with the Yoast SEO plugin v27.3 - https:\/\/yoast.com\/product\/yoast-seo-wordpress\/ -->\n<title>Nota legal - Fundaci\u00f3 Farinera Girona<\/title>\n<meta name=\"robots\" content=\"index, follow, max-snippet:-1, max-image-preview:large, max-video-preview:-1\" \/>\n<link rel=\"canonical\" href=\"https:\/\/www.fundaciofarineragirona.cat\/ca\/nota-legal\/\" \/>\n<meta property=\"og:locale\" content=\"ca_ES\" \/>\n<meta property=\"og:type\" content=\"article\" \/>\n<meta property=\"og:title\" content=\"Nota legal - Fundaci\u00f3 Farinera Girona\" \/>\n<meta property=\"og:description\" content=\"La p\u00e0gina web www.fundaciofarineragirona.cat \u00e9s propietat de la FUNDACI\u00d3 FARINERA GIRONA, amb NIF G75892513, inscrita al Registre de Fundacions de la Generalitat de Catalunya amb el n\u00famero 3485 , amb domicili social al Carrer Santa Eug\u00e8nia 42, 17005 Girona i adre\u00e7a electr\u00f2nica: protecciodades@fundaciofarineragirona.cat La present p\u00e0gina web t\u00e9 una finalitat exclusivament informativa sobre les activitats, [&hellip;]\" \/>\n<meta property=\"og:url\" content=\"https:\/\/www.fundaciofarineragirona.cat\/ca\/nota-legal\/\" \/>\n<meta property=\"og:site_name\" content=\"Fundaci\u00f3 Farinera Girona\" \/>\n<meta property=\"article:modified_time\" content=\"2025-12-22T13:48:42+00:00\" \/>\n<meta name=\"twitter:card\" content=\"summary_large_image\" \/>\n<meta name=\"twitter:label1\" content=\"Temps estimat de lectura\" \/>\n\t<meta name=\"twitter:data1\" content=\"7 minuts\" \/>\n<script type=\"application\/ld+json\" class=\"yoast-schema-graph\">{\"@context\":\"https:\\\/\\\/schema.org\",\"@graph\":[{\"@type\":\"WebPage\",\"@id\":\"https:\\\/\\\/www.fundaciofarineragirona.cat\\\/ca\\\/nota-legal\\\/\",\"url\":\"https:\\\/\\\/www.fundaciofarineragirona.cat\\\/ca\\\/nota-legal\\\/\",\"name\":\"Nota legal - Fundaci\u00f3 Farinera Girona\",\"isPartOf\":{\"@id\":\"https:\\\/\\\/www.fundaciofarineragirona.cat\\\/ca\\\/versio2\\\/ca\\\/#website\"},\"datePublished\":\"2025-06-26T10:56:45+00:00\",\"dateModified\":\"2025-12-22T13:48:42+00:00\",\"breadcrumb\":{\"@id\":\"https:\\\/\\\/www.fundaciofarineragirona.cat\\\/ca\\\/nota-legal\\\/#breadcrumb\"},\"inLanguage\":\"ca\",\"potentialAction\":[{\"@type\":\"ReadAction\",\"target\":[\"https:\\\/\\\/www.fundaciofarineragirona.cat\\\/ca\\\/nota-legal\\\/\"]}]},{\"@type\":\"BreadcrumbList\",\"@id\":\"https:\\\/\\\/www.fundaciofarineragirona.cat\\\/ca\\\/nota-legal\\\/#breadcrumb\",\"itemListElement\":[{\"@type\":\"ListItem\",\"position\":1,\"name\":\"Inici\",\"item\":\"https:\\\/\\\/www.fundaciofarineragirona.cat\\\/ca\\\/versio2\\\/ca\\\/\"},{\"@type\":\"ListItem\",\"position\":2,\"name\":\"Nota legal\"}]},{\"@type\":\"WebSite\",\"@id\":\"https:\\\/\\\/www.fundaciofarineragirona.cat\\\/ca\\\/versio2\\\/ca\\\/#website\",\"url\":\"https:\\\/\\\/www.fundaciofarineragirona.cat\\\/ca\\\/versio2\\\/ca\\\/\",\"name\":\"Fundaci\u00f3 Farinera Girona\",\"description\":\"Impulsem talent, transformem territori\",\"potentialAction\":[{\"@type\":\"SearchAction\",\"target\":{\"@type\":\"EntryPoint\",\"urlTemplate\":\"https:\\\/\\\/www.fundaciofarineragirona.cat\\\/ca\\\/versio2\\\/ca\\\/?s={search_term_string}\"},\"query-input\":{\"@type\":\"PropertyValueSpecification\",\"valueRequired\":true,\"valueName\":\"search_term_string\"}}],\"inLanguage\":\"ca\"}]}<\/script>\n<!-- \/ Yoast SEO plugin. -->","yoast_head_json":{"title":"Nota legal - Fundaci\u00f3 Farinera Girona","robots":{"index":"index","follow":"follow","max-snippet":"max-snippet:-1","max-image-preview":"max-image-preview:large","max-video-preview":"max-video-preview:-1"},"canonical":"https:\/\/www.fundaciofarineragirona.cat\/ca\/nota-legal\/","og_locale":"ca_ES","og_type":"article","og_title":"Nota legal - Fundaci\u00f3 Farinera Girona","og_description":"La p\u00e0gina web www.fundaciofarineragirona.cat \u00e9s propietat de la FUNDACI\u00d3 FARINERA GIRONA, amb NIF G75892513, inscrita al Registre de Fundacions de la Generalitat de Catalunya amb el n\u00famero 3485 , amb domicili social al Carrer Santa Eug\u00e8nia 42, 17005 Girona i adre\u00e7a electr\u00f2nica: protecciodades@fundaciofarineragirona.cat La present p\u00e0gina web t\u00e9 una finalitat exclusivament informativa sobre les activitats, [&hellip;]","og_url":"https:\/\/www.fundaciofarineragirona.cat\/ca\/nota-legal\/","og_site_name":"Fundaci\u00f3 Farinera Girona","article_modified_time":"2025-12-22T13:48:42+00:00","twitter_card":"summary_large_image","twitter_misc":{"Temps estimat de lectura":"7 minuts"},"schema":{"@context":"https:\/\/schema.org","@graph":[{"@type":"WebPage","@id":"https:\/\/www.fundaciofarineragirona.cat\/ca\/nota-legal\/","url":"https:\/\/www.fundaciofarineragirona.cat\/ca\/nota-legal\/","name":"Nota legal - Fundaci\u00f3 Farinera Girona","isPartOf":{"@id":"https:\/\/www.fundaciofarineragirona.cat\/ca\/versio2\/ca\/#website"},"datePublished":"2025-06-26T10:56:45+00:00","dateModified":"2025-12-22T13:48:42+00:00","breadcrumb":{"@id":"https:\/\/www.fundaciofarineragirona.cat\/ca\/nota-legal\/#breadcrumb"},"inLanguage":"ca","potentialAction":[{"@type":"ReadAction","target":["https:\/\/www.fundaciofarineragirona.cat\/ca\/nota-legal\/"]}]},{"@type":"BreadcrumbList","@id":"https:\/\/www.fundaciofarineragirona.cat\/ca\/nota-legal\/#breadcrumb","itemListElement":[{"@type":"ListItem","position":1,"name":"Inici","item":"https:\/\/www.fundaciofarineragirona.cat\/ca\/versio2\/ca\/"},{"@type":"ListItem","position":2,"name":"Nota legal"}]},{"@type":"WebSite","@id":"https:\/\/www.fundaciofarineragirona.cat\/ca\/versio2\/ca\/#website","url":"https:\/\/www.fundaciofarineragirona.cat\/ca\/versio2\/ca\/","name":"Fundaci\u00f3 Farinera Girona","description":"Impulsem talent, transformem territori","potentialAction":[{"@type":"SearchAction","target":{"@type":"EntryPoint","urlTemplate":"https:\/\/www.fundaciofarineragirona.cat\/ca\/versio2\/ca\/?s={search_term_string}"},"query-input":{"@type":"PropertyValueSpecification","valueRequired":true,"valueName":"search_term_string"}}],"inLanguage":"ca"}]}},"_links":{"self":[{"href":"https:\/\/www.fundaciofarineragirona.cat\/ca\/wp-json\/wp\/v2\/pages\/622","targetHints":{"allow":["GET"]}}],"collection":[{"href":"https:\/\/www.fundaciofarineragirona.cat\/ca\/wp-json\/wp\/v2\/pages"}],"about":[{"href":"https:\/\/www.fundaciofarineragirona.cat\/ca\/wp-json\/wp\/v2\/types\/page"}],"author":[{"embeddable":true,"href":"https:\/\/www.fundaciofarineragirona.cat\/ca\/wp-json\/wp\/v2\/users\/1"}],"replies":[{"embeddable":true,"href":"https:\/\/www.fundaciofarineragirona.cat\/ca\/wp-json\/wp\/v2\/comments?post=622"}],"version-history":[{"count":4,"href":"https:\/\/www.fundaciofarineragirona.cat\/ca\/wp-json\/wp\/v2\/pages\/622\/revisions"}],"predecessor-version":[{"id":907,"href":"https:\/\/www.fundaciofarineragirona.cat\/ca\/wp-json\/wp\/v2\/pages\/622\/revisions\/907"}],"wp:attachment":[{"href":"https:\/\/www.fundaciofarineragirona.cat\/ca\/wp-json\/wp\/v2\/media?parent=622"}],"curies":[{"name":"wp","href":"https:\/\/api.w.org\/{rel}","templated":true}]}}