{"id":564,"date":"2025-06-26T11:46:20","date_gmt":"2025-06-26T09:46:20","guid":{"rendered":"https:\/\/www.fundaciofarineragirona.cat\/?page_id=564"},"modified":"2026-02-11T14:31:33","modified_gmt":"2026-02-11T12:31:33","slug":"beques-emprenedoria-impacte-social","status":"publish","type":"page","link":"https:\/\/www.fundaciofarineragirona.cat\/ca\/iniciatives\/beques-emprenedoria-impacte-social\/","title":{"rendered":"Emprenedoria amb impacte social"},"content":{"rendered":"<p>La Fundaci\u00f3 Farinera Girona, gr\u00e0cies al suport de la <strong>Fundaci\u00f3 \u201cla Caixa\u201d<\/strong>, disposa d&#8217;un fons destinat a la formaci\u00f3 per desenvolupar projectes d\u2019emprenedoria que tinguin un impacte social sobre les persones i el territori de les comarques gironines. Es disposa de recursos per poder formar dos projectes seleccionats.<\/p>\n<p>Els projectes que es presentin a la convocat\u00f2ria i que siguin acceptats residiran durant un per\u00edode de 6 mesos dins del Programa d\u2019Emprenedoria de la Fundaci\u00f3, per\u00edode en el qual rebran suport, sense cap cost,\u00a0en forma de mentories intensives per ajudar a desenvolupar el projecte.<\/p>\n<p><img loading=\"lazy\" decoding=\"async\" class=\"size-full wp-image-949 aligncenter\" src=\"https:\/\/www.fundaciofarineragirona.cat\/wp-content\/uploads\/2026\/01\/fundacio-la-caixa.jpg\" alt=\"\" width=\"234\" height=\"132\" \/><\/p>\n","protected":false},"excerpt":{"rendered":"<p>La Fundaci\u00f3 Farinera Girona, gr\u00e0cies al suport de la Fundaci\u00f3 \u201cla Caixa\u201d, disposa d&#8217;un fons destinat a la formaci\u00f3 per desenvolupar projectes d\u2019emprenedoria que tinguin un impacte social sobre les persones i el territori de les comarques gironines. Es disposa de recursos per poder formar dos projectes seleccionats. Els projectes que es presentin a la [&hellip;]<\/p>\n","protected":false},"author":1,"featured_media":0,"parent":272,"menu_order":38,"comment_status":"closed","ping_status":"closed","template":"beques.php","meta":{"_acf_changed":false,"inline_featured_image":false,"footnotes":"","_links_to":"","_links_to_target":""},"class_list":["post-564","page","type-page","status-publish","hentry"],"acf":[],"yoast_head":"<!-- This site is optimized with the Yoast SEO plugin v27.3 - https:\/\/yoast.com\/product\/yoast-seo-wordpress\/ -->\n<title>Emprenedoria amb impacte social - Fundaci\u00f3 Farinera Girona<\/title>\n<meta name=\"description\" content=\"La Fundaci\u00f3 Farinera Girona, am el suport de la Fundaci\u00f3 &quot;la Caixa&quot;, impulsa dues beques per projectes d\u2019emprenedoria amb impacte social.\" \/>\n<meta name=\"robots\" content=\"index, follow, max-snippet:-1, max-image-preview:large, max-video-preview:-1\" \/>\n<link rel=\"canonical\" href=\"https:\/\/www.fundaciofarineragirona.cat\/ca\/iniciatives\/beques-emprenedoria-impacte-social\/\" \/>\n<meta property=\"og:locale\" content=\"ca_ES\" \/>\n<meta property=\"og:type\" content=\"article\" \/>\n<meta property=\"og:title\" content=\"Emprenedoria amb impacte social - Fundaci\u00f3 Farinera Girona\" \/>\n<meta property=\"og:description\" content=\"La Fundaci\u00f3 Farinera Girona, am el suport de la Fundaci\u00f3 &quot;la Caixa&quot;, impulsa dues beques per projectes d\u2019emprenedoria amb impacte social.\" \/>\n<meta property=\"og:url\" content=\"https:\/\/www.fundaciofarineragirona.cat\/ca\/iniciatives\/beques-emprenedoria-impacte-social\/\" \/>\n<meta property=\"og:site_name\" content=\"Fundaci\u00f3 Farinera Girona\" \/>\n<meta property=\"article:modified_time\" content=\"2026-02-11T12:31:33+00:00\" \/>\n<meta property=\"og:image\" content=\"https:\/\/www.fundaciofarineragirona.cat\/wp-content\/uploads\/2026\/01\/fundacio-la-caixa.jpg\" \/>\n<meta name=\"twitter:card\" content=\"summary_large_image\" \/>\n<meta name=\"twitter:label1\" content=\"Temps estimat de lectura\" \/>\n\t<meta name=\"twitter:data1\" content=\"1 minut\" \/>\n<script type=\"application\/ld+json\" class=\"yoast-schema-graph\">{\"@context\":\"https:\\\/\\\/schema.org\",\"@graph\":[{\"@type\":\"WebPage\",\"@id\":\"https:\\\/\\\/www.fundaciofarineragirona.cat\\\/ca\\\/iniciatives\\\/beques-emprenedoria-impacte-social\\\/\",\"url\":\"https:\\\/\\\/www.fundaciofarineragirona.cat\\\/ca\\\/iniciatives\\\/beques-emprenedoria-impacte-social\\\/\",\"name\":\"Emprenedoria amb impacte social - Fundaci\u00f3 Farinera Girona\",\"isPartOf\":{\"@id\":\"https:\\\/\\\/www.fundaciofarineragirona.cat\\\/ca\\\/versio2\\\/ca\\\/#website\"},\"primaryImageOfPage\":{\"@id\":\"https:\\\/\\\/www.fundaciofarineragirona.cat\\\/ca\\\/iniciatives\\\/beques-emprenedoria-impacte-social\\\/#primaryimage\"},\"image\":{\"@id\":\"https:\\\/\\\/www.fundaciofarineragirona.cat\\\/ca\\\/iniciatives\\\/beques-emprenedoria-impacte-social\\\/#primaryimage\"},\"thumbnailUrl\":\"https:\\\/\\\/www.fundaciofarineragirona.cat\\\/wp-content\\\/uploads\\\/2026\\\/01\\\/fundacio-la-caixa.jpg\",\"datePublished\":\"2025-06-26T09:46:20+00:00\",\"dateModified\":\"2026-02-11T12:31:33+00:00\",\"description\":\"La Fundaci\u00f3 Farinera Girona, am el suport de la Fundaci\u00f3 \\\"la Caixa\\\", impulsa dues beques per projectes d\u2019emprenedoria amb impacte social.\",\"breadcrumb\":{\"@id\":\"https:\\\/\\\/www.fundaciofarineragirona.cat\\\/ca\\\/iniciatives\\\/beques-emprenedoria-impacte-social\\\/#breadcrumb\"},\"inLanguage\":\"ca\",\"potentialAction\":[{\"@type\":\"ReadAction\",\"target\":[\"https:\\\/\\\/www.fundaciofarineragirona.cat\\\/ca\\\/iniciatives\\\/beques-emprenedoria-impacte-social\\\/\"]}]},{\"@type\":\"ImageObject\",\"inLanguage\":\"ca\",\"@id\":\"https:\\\/\\\/www.fundaciofarineragirona.cat\\\/ca\\\/iniciatives\\\/beques-emprenedoria-impacte-social\\\/#primaryimage\",\"url\":\"https:\\\/\\\/www.fundaciofarineragirona.cat\\\/wp-content\\\/uploads\\\/2026\\\/01\\\/fundacio-la-caixa.jpg\",\"contentUrl\":\"https:\\\/\\\/www.fundaciofarineragirona.cat\\\/wp-content\\\/uploads\\\/2026\\\/01\\\/fundacio-la-caixa.jpg\"},{\"@type\":\"BreadcrumbList\",\"@id\":\"https:\\\/\\\/www.fundaciofarineragirona.cat\\\/ca\\\/iniciatives\\\/beques-emprenedoria-impacte-social\\\/#breadcrumb\",\"itemListElement\":[{\"@type\":\"ListItem\",\"position\":1,\"name\":\"Inici\",\"item\":\"https:\\\/\\\/www.fundaciofarineragirona.cat\\\/ca\\\/versio2\\\/ca\\\/\"},{\"@type\":\"ListItem\",\"position\":2,\"name\":\"Iniciatives\",\"item\":\"\\\/\"},{\"@type\":\"ListItem\",\"position\":3,\"name\":\"Emprenedoria amb impacte social\"}]},{\"@type\":\"WebSite\",\"@id\":\"https:\\\/\\\/www.fundaciofarineragirona.cat\\\/ca\\\/versio2\\\/ca\\\/#website\",\"url\":\"https:\\\/\\\/www.fundaciofarineragirona.cat\\\/ca\\\/versio2\\\/ca\\\/\",\"name\":\"Fundaci\u00f3 Farinera Girona\",\"description\":\"Impulsem talent, transformem territori\",\"potentialAction\":[{\"@type\":\"SearchAction\",\"target\":{\"@type\":\"EntryPoint\",\"urlTemplate\":\"https:\\\/\\\/www.fundaciofarineragirona.cat\\\/ca\\\/versio2\\\/ca\\\/?s={search_term_string}\"},\"query-input\":{\"@type\":\"PropertyValueSpecification\",\"valueRequired\":true,\"valueName\":\"search_term_string\"}}],\"inLanguage\":\"ca\"}]}<\/script>\n<!-- \/ Yoast SEO plugin. -->","yoast_head_json":{"title":"Emprenedoria amb impacte social - Fundaci\u00f3 Farinera Girona","description":"La Fundaci\u00f3 Farinera Girona, am el suport de la Fundaci\u00f3 \"la Caixa\", impulsa dues beques per projectes d\u2019emprenedoria amb impacte social.","robots":{"index":"index","follow":"follow","max-snippet":"max-snippet:-1","max-image-preview":"max-image-preview:large","max-video-preview":"max-video-preview:-1"},"canonical":"https:\/\/www.fundaciofarineragirona.cat\/ca\/iniciatives\/beques-emprenedoria-impacte-social\/","og_locale":"ca_ES","og_type":"article","og_title":"Emprenedoria amb impacte social - Fundaci\u00f3 Farinera Girona","og_description":"La Fundaci\u00f3 Farinera Girona, am el suport de la Fundaci\u00f3 \"la Caixa\", impulsa dues beques per projectes d\u2019emprenedoria amb impacte social.","og_url":"https:\/\/www.fundaciofarineragirona.cat\/ca\/iniciatives\/beques-emprenedoria-impacte-social\/","og_site_name":"Fundaci\u00f3 Farinera Girona","article_modified_time":"2026-02-11T12:31:33+00:00","og_image":[{"url":"https:\/\/www.fundaciofarineragirona.cat\/wp-content\/uploads\/2026\/01\/fundacio-la-caixa.jpg","type":"","width":"","height":""}],"twitter_card":"summary_large_image","twitter_misc":{"Temps estimat de lectura":"1 minut"},"schema":{"@context":"https:\/\/schema.org","@graph":[{"@type":"WebPage","@id":"https:\/\/www.fundaciofarineragirona.cat\/ca\/iniciatives\/beques-emprenedoria-impacte-social\/","url":"https:\/\/www.fundaciofarineragirona.cat\/ca\/iniciatives\/beques-emprenedoria-impacte-social\/","name":"Emprenedoria amb impacte social - Fundaci\u00f3 Farinera Girona","isPartOf":{"@id":"https:\/\/www.fundaciofarineragirona.cat\/ca\/versio2\/ca\/#website"},"primaryImageOfPage":{"@id":"https:\/\/www.fundaciofarineragirona.cat\/ca\/iniciatives\/beques-emprenedoria-impacte-social\/#primaryimage"},"image":{"@id":"https:\/\/www.fundaciofarineragirona.cat\/ca\/iniciatives\/beques-emprenedoria-impacte-social\/#primaryimage"},"thumbnailUrl":"https:\/\/www.fundaciofarineragirona.cat\/wp-content\/uploads\/2026\/01\/fundacio-la-caixa.jpg","datePublished":"2025-06-26T09:46:20+00:00","dateModified":"2026-02-11T12:31:33+00:00","description":"La Fundaci\u00f3 Farinera Girona, am el suport de la Fundaci\u00f3 \"la Caixa\", impulsa dues beques per projectes d\u2019emprenedoria amb impacte social.","breadcrumb":{"@id":"https:\/\/www.fundaciofarineragirona.cat\/ca\/iniciatives\/beques-emprenedoria-impacte-social\/#breadcrumb"},"inLanguage":"ca","potentialAction":[{"@type":"ReadAction","target":["https:\/\/www.fundaciofarineragirona.cat\/ca\/iniciatives\/beques-emprenedoria-impacte-social\/"]}]},{"@type":"ImageObject","inLanguage":"ca","@id":"https:\/\/www.fundaciofarineragirona.cat\/ca\/iniciatives\/beques-emprenedoria-impacte-social\/#primaryimage","url":"https:\/\/www.fundaciofarineragirona.cat\/wp-content\/uploads\/2026\/01\/fundacio-la-caixa.jpg","contentUrl":"https:\/\/www.fundaciofarineragirona.cat\/wp-content\/uploads\/2026\/01\/fundacio-la-caixa.jpg"},{"@type":"BreadcrumbList","@id":"https:\/\/www.fundaciofarineragirona.cat\/ca\/iniciatives\/beques-emprenedoria-impacte-social\/#breadcrumb","itemListElement":[{"@type":"ListItem","position":1,"name":"Inici","item":"https:\/\/www.fundaciofarineragirona.cat\/ca\/versio2\/ca\/"},{"@type":"ListItem","position":2,"name":"Iniciatives","item":"\/"},{"@type":"ListItem","position":3,"name":"Emprenedoria amb impacte social"}]},{"@type":"WebSite","@id":"https:\/\/www.fundaciofarineragirona.cat\/ca\/versio2\/ca\/#website","url":"https:\/\/www.fundaciofarineragirona.cat\/ca\/versio2\/ca\/","name":"Fundaci\u00f3 Farinera Girona","description":"Impulsem talent, transformem territori","potentialAction":[{"@type":"SearchAction","target":{"@type":"EntryPoint","urlTemplate":"https:\/\/www.fundaciofarineragirona.cat\/ca\/versio2\/ca\/?s={search_term_string}"},"query-input":{"@type":"PropertyValueSpecification","valueRequired":true,"valueName":"search_term_string"}}],"inLanguage":"ca"}]}},"_links":{"self":[{"href":"https:\/\/www.fundaciofarineragirona.cat\/ca\/wp-json\/wp\/v2\/pages\/564","targetHints":{"allow":["GET"]}}],"collection":[{"href":"https:\/\/www.fundaciofarineragirona.cat\/ca\/wp-json\/wp\/v2\/pages"}],"about":[{"href":"https:\/\/www.fundaciofarineragirona.cat\/ca\/wp-json\/wp\/v2\/types\/page"}],"author":[{"embeddable":true,"href":"https:\/\/www.fundaciofarineragirona.cat\/ca\/wp-json\/wp\/v2\/users\/1"}],"replies":[{"embeddable":true,"href":"https:\/\/www.fundaciofarineragirona.cat\/ca\/wp-json\/wp\/v2\/comments?post=564"}],"version-history":[{"count":27,"href":"https:\/\/www.fundaciofarineragirona.cat\/ca\/wp-json\/wp\/v2\/pages\/564\/revisions"}],"predecessor-version":[{"id":1152,"href":"https:\/\/www.fundaciofarineragirona.cat\/ca\/wp-json\/wp\/v2\/pages\/564\/revisions\/1152"}],"up":[{"embeddable":true,"href":"https:\/\/www.fundaciofarineragirona.cat\/ca\/wp-json\/wp\/v2\/pages\/272"}],"wp:attachment":[{"href":"https:\/\/www.fundaciofarineragirona.cat\/ca\/wp-json\/wp\/v2\/media?parent=564"}],"curies":[{"name":"wp","href":"https:\/\/api.w.org\/{rel}","templated":true}]}}