{"id":303,"date":"2025-06-24T14:32:53","date_gmt":"2025-06-24T12:32:53","guid":{"rendered":"https:\/\/www.fundaciofarineragirona.cat\/?page_id=303"},"modified":"2025-12-22T15:50:22","modified_gmt":"2025-12-22T13:50:22","slug":"politica-de-cookies","status":"publish","type":"page","link":"https:\/\/www.fundaciofarineragirona.cat\/ca\/politica-de-cookies\/","title":{"rendered":"Pol\u00edtica de cookies"},"content":{"rendered":"<p>Aquesta p\u00e0gina web utilitza cookies.<span class=\"Apple-converted-space\">\u00a0<\/span><\/p>\n<p>La present pol\u00edtica de cookies informa sobre l&#8217;\u00fas de cookies de la p\u00e0gina web <a href=\"http:\/\/www.fundaciofarineragirona.cat\">www.fundaciofarineragirona.cat<\/a>, gestionat per la FUNDACI\u00d3 FARINERA GIRONA, en compliment de la normativa vigent en mat\u00e8ria de protecci\u00f3 de dades: Reglament (UE) 2016\/679 (RGPD), Llei Org\u00e0nica 3\/2018 (LOPDGDD) i Llei 34\/2002, de serveis de la societat de la informaci\u00f3 (LSSICE).<\/p>\n<p><b><br \/>\nQu\u00e8 s\u00f3n les cookies?<\/b><\/p>\n<p>Les cookies s\u00f3n petits fitxers de text que s\u2019instal\u00b7len al dispositiu de la persona usu\u00e0ria quan visita un lloc web. Serveixen per garantir el funcionament t\u00e8cnic del web, recordar prefer\u00e8ncies, analitzar h\u00e0bits de navegaci\u00f3 o mostrar publicitat personalitzada.<\/p>\n<p>\n<b>Tipus de cookies<\/b><\/p>\n<p>Aquest lloc web utilitza diferents tipus de cookies, classificades segons diversos criteris:<\/p>\n<p><b>1. Segons l\u2019entitat que les gestiona:<\/b><\/p>\n<ul>\n<li>Cookies pr\u00f2pies: s\u00f3n aquelles enviades al dispositiu de la persona usu\u00e0ria des d\u2019un domini gestionat per la FUNDACI\u00d3 FARINERA GIRONA, i des del qual es presta el servei sol\u00b7licitat.<\/li>\n<li>Cookies de tercers: s\u00f3n aquelles enviades des d\u2019un domini no gestionat per la FUNDACI\u00d3 FARINERA GIRONA, sin\u00f3 per una altra entitat col\u00b7laboradora que pot tractar les dades obtingudes amb finalitats pr\u00f2pies.<\/li>\n<\/ul>\n<p><b>2. Segons el temps de perman\u00e8ncia:<\/b><\/p>\n<ul>\n<li>Cookies de sessi\u00f3: recullen i emmagatzemen dades mentre la persona usu\u00e0ria accedeix a la p\u00e0gina web i desapareixen en tancar el navegador.<span class=\"Apple-converted-space\">\u00a0<\/span><\/li>\n<li>Cookies persistents: les dades recollides poden ser accedides i tractades durant un per\u00edode definit, que pot variar segons la finalitat de la cookie. Es mantenen al dispositiu fins que expiren o es suprimeixen manualment.<\/li>\n<\/ul>\n<p><b>3. Segons la seva finalitat:<span class=\"Apple-converted-space\">\u00a0<\/span><\/b><\/p>\n<ul>\n<li>Cookies t\u00e8cniques: s\u00f3n necess\u00e0ries per al correcte funcionament del lloc web. Aquestes cookies estan sempre actives i no emmagatzemen informaci\u00f3 personal identificable.<span class=\"Apple-converted-space\">\u00a0<\/span><\/li>\n<li>Cookies de personalitzaci\u00f3: permeten recordar determinades prefer\u00e8ncies de navegaci\u00f3 de la persona usu\u00e0ria, com l\u2019idioma o la configuraci\u00f3 regional, i facilitar l\u2019\u00fas de funcionalitats com compartir continguts a xarxes socials.<\/li>\n<\/ul>\n<ul>\n<li>Cookies d\u2019an\u00e0lisi: recullen informaci\u00f3 sobre el comportament de navegaci\u00f3 de les persones usu\u00e0ries com el nombre de visites, el temps de perman\u00e8ncia o les p\u00e0gines visitades, per millorar l\u2019experi\u00e8ncia i el rendiment del lloc web.<\/li>\n<li>Cookies de publicitat comportamental: permeten incloure al lloc web espais publicitaris segons la informaci\u00f3 obtinguda a trav\u00e9s dels h\u00e0bits de navegaci\u00f3 de la persona usu\u00e0ria, aix\u00ed com analitzar el rendiment i l\u2019efectivitat de les campanyes publicit\u00e0ries.<\/li>\n<li>Cookies no classificades: s\u00f3n aquelles que estan en proc\u00e9s de categoritzaci\u00f3 i que seran identificades tan aviat com es determini la seva finalitat.<\/li>\n<\/ul>\n<p><b><br \/>\nGesti\u00f3 del consentiment<\/b><\/p>\n<p>En accedir per primera vegada a la p\u00e0gina web, es mostra un <i>banner<\/i> de consentiment que permet a les persones usu\u00e0ries acceptar, declinar o configurar les cookies segons les seves prefer\u00e8ncies, excepte aquelles que s\u00f3n estrictament necess\u00e0ries per al funcionament del lloc web. El consentiment es pot modificar o revocar en qualsevol moment mitjan\u00e7ant el panell de configuraci\u00f3 de cookies o accedint a la configuraci\u00f3 del navegador.<span class=\"Apple-converted-space\">\u00a0<\/span><\/p>\n<p>\n<b>Desactivaci\u00f3 i eliminaci\u00f3 de Cookies<\/b><\/p>\n<p>Les persones usu\u00e0ries tamb\u00e9 poden bloquejar o eliminar les cookies ja instal\u00b7lades a trav\u00e9s de la configuraci\u00f3 del seu navegador.<span class=\"Apple-converted-space\">\u00a0<\/span><\/p>\n<p>Els passos per desactivar o eliminar cookies varien segons el navegador. A continuaci\u00f3, s\u2019ofereixen enlla\u00e7os a les p\u00e0gines d\u2019ajuda dels navegadors m\u00e9s habituals:<\/p>\n<ul>\n<li><a href=\"https:\/\/support.google.com\/chrome\/answer\/95647\">Google Chrome<\/a><\/li>\n<li><a href=\"https:\/\/support.mozilla.org\/ca\/kb\/storage?as=u&amp;utm_source=inproduct&amp;redirectslug=permission-store-data&amp;redirectlocale=en-US\">Mozilla Firefox<\/a><\/li>\n<li><a href=\"https:\/\/support.apple.com\/ca-es\/guide\/safari\/sfri11471\/mac\">Safari<\/a><\/li>\n<li><a href=\"https:\/\/support.microsoft.com\/es-es\/help\/4027947\">Microsoft Edge<\/a><\/li>\n<\/ul>\n<p>\nCal tenir en compte que la desactivaci\u00f3 de determinades cookies pot afectar el correcte funcionament del lloc web.<\/p>\n<p>\n<b>Acceptaci\u00f3 de la Pol\u00edtica de Cookies<\/b><\/p>\n<p>Quan accedeixi per primera vegada a aquest lloc web, se us mostrar\u00e0 un av\u00eds de cookies amb informaci\u00f3 essencial i opcions per gestionar les seves prefer\u00e8ncies.<\/p>\n<p>Mitjan\u00e7ant aquest av\u00eds, pot escollir entre les seg\u00fcents opcions:<\/p>\n<ul>\n<li>Acceptar totes les cookies: S\u2019activaran totes les cookies no necess\u00e0ries i no es tornar\u00e0 a mostrar l\u2019av\u00eds durant la sessi\u00f3 actual.<\/li>\n<\/ul>\n<ul>\n<li>Rebutjar cookies no necess\u00e0ries: Nom\u00e9s es mantindran les cookies essencials per al funcionament del lloc web.<\/li>\n<\/ul>\n<ul>\n<li>Configurar prefer\u00e8ncies: Podr\u00e0 accedir al panell de configuraci\u00f3 per seleccionar quines categories de cookies vol activar o desactivar, aix\u00ed com obtenir informaci\u00f3 addicional sobre cadascuna d\u2019elles.<\/li>\n<\/ul>\n<p>La seva elecci\u00f3 es guardar\u00e0 durant un per\u00edode determinat, per\u00f2 es podran modificar les seves prefer\u00e8ncies en qualsevol moment.<\/p>\n<p>Per a m\u00e9s informaci\u00f3 sobre el tractament de dades personals, pot consultar la nostra <a href=\"https:\/\/www.fundaciofarineragirona.cat\/politica-de-privacitat\/\">Pol\u00edtica de Privacitat.<span class=\"Apple-converted-space\">\u00a0<\/span><\/a><\/p>\n","protected":false},"excerpt":{"rendered":"<p>Aquesta p\u00e0gina web utilitza cookies.\u00a0 La present pol\u00edtica de cookies informa sobre l&#8217;\u00fas de cookies de la p\u00e0gina web www.fundaciofarineragirona.cat, gestionat per la FUNDACI\u00d3 FARINERA GIRONA, en compliment de la normativa vigent en mat\u00e8ria de protecci\u00f3 de dades: Reglament (UE) 2016\/679 (RGPD), Llei Org\u00e0nica 3\/2018 (LOPDGDD) i Llei 34\/2002, de serveis de la societat de [&hellip;]<\/p>\n","protected":false},"author":1,"featured_media":0,"parent":0,"menu_order":78,"comment_status":"closed","ping_status":"closed","template":"","meta":{"_acf_changed":false,"inline_featured_image":false,"footnotes":"","_links_to":"","_links_to_target":""},"class_list":["post-303","page","type-page","status-publish","hentry"],"acf":[],"yoast_head":"<!-- This site is optimized with the Yoast SEO plugin v27.3 - https:\/\/yoast.com\/product\/yoast-seo-wordpress\/ -->\n<title>Pol\u00edtica de cookies - Fundaci\u00f3 Farinera Girona<\/title>\n<meta name=\"robots\" content=\"index, follow, max-snippet:-1, max-image-preview:large, max-video-preview:-1\" \/>\n<link rel=\"canonical\" href=\"https:\/\/www.fundaciofarineragirona.cat\/ca\/politica-de-cookies\/\" \/>\n<meta property=\"og:locale\" content=\"ca_ES\" \/>\n<meta property=\"og:type\" content=\"article\" \/>\n<meta property=\"og:title\" content=\"Pol\u00edtica de cookies - Fundaci\u00f3 Farinera Girona\" \/>\n<meta property=\"og:description\" content=\"Aquesta p\u00e0gina web utilitza cookies.\u00a0 La present pol\u00edtica de cookies informa sobre l&#8217;\u00fas de cookies de la p\u00e0gina web www.fundaciofarineragirona.cat, gestionat per la FUNDACI\u00d3 FARINERA GIRONA, en compliment de la normativa vigent en mat\u00e8ria de protecci\u00f3 de dades: Reglament (UE) 2016\/679 (RGPD), Llei Org\u00e0nica 3\/2018 (LOPDGDD) i Llei 34\/2002, de serveis de la societat de [&hellip;]\" \/>\n<meta property=\"og:url\" content=\"https:\/\/www.fundaciofarineragirona.cat\/ca\/politica-de-cookies\/\" \/>\n<meta property=\"og:site_name\" content=\"Fundaci\u00f3 Farinera Girona\" \/>\n<meta property=\"article:modified_time\" content=\"2025-12-22T13:50:22+00:00\" \/>\n<meta name=\"twitter:card\" content=\"summary_large_image\" \/>\n<meta name=\"twitter:label1\" content=\"Temps estimat de lectura\" \/>\n\t<meta name=\"twitter:data1\" content=\"4 minuts\" \/>\n<script type=\"application\/ld+json\" class=\"yoast-schema-graph\">{\"@context\":\"https:\\\/\\\/schema.org\",\"@graph\":[{\"@type\":\"WebPage\",\"@id\":\"https:\\\/\\\/www.fundaciofarineragirona.cat\\\/ca\\\/politica-de-cookies\\\/\",\"url\":\"https:\\\/\\\/www.fundaciofarineragirona.cat\\\/ca\\\/politica-de-cookies\\\/\",\"name\":\"Pol\u00edtica de cookies - Fundaci\u00f3 Farinera Girona\",\"isPartOf\":{\"@id\":\"https:\\\/\\\/www.fundaciofarineragirona.cat\\\/ca\\\/versio2\\\/ca\\\/#website\"},\"datePublished\":\"2025-06-24T12:32:53+00:00\",\"dateModified\":\"2025-12-22T13:50:22+00:00\",\"breadcrumb\":{\"@id\":\"https:\\\/\\\/www.fundaciofarineragirona.cat\\\/ca\\\/politica-de-cookies\\\/#breadcrumb\"},\"inLanguage\":\"ca\",\"potentialAction\":[{\"@type\":\"ReadAction\",\"target\":[\"https:\\\/\\\/www.fundaciofarineragirona.cat\\\/ca\\\/politica-de-cookies\\\/\"]}]},{\"@type\":\"BreadcrumbList\",\"@id\":\"https:\\\/\\\/www.fundaciofarineragirona.cat\\\/ca\\\/politica-de-cookies\\\/#breadcrumb\",\"itemListElement\":[{\"@type\":\"ListItem\",\"position\":1,\"name\":\"Inici\",\"item\":\"https:\\\/\\\/www.fundaciofarineragirona.cat\\\/ca\\\/versio2\\\/ca\\\/\"},{\"@type\":\"ListItem\",\"position\":2,\"name\":\"Pol\u00edtica de cookies\"}]},{\"@type\":\"WebSite\",\"@id\":\"https:\\\/\\\/www.fundaciofarineragirona.cat\\\/ca\\\/versio2\\\/ca\\\/#website\",\"url\":\"https:\\\/\\\/www.fundaciofarineragirona.cat\\\/ca\\\/versio2\\\/ca\\\/\",\"name\":\"Fundaci\u00f3 Farinera Girona\",\"description\":\"Impulsem talent, transformem territori\",\"potentialAction\":[{\"@type\":\"SearchAction\",\"target\":{\"@type\":\"EntryPoint\",\"urlTemplate\":\"https:\\\/\\\/www.fundaciofarineragirona.cat\\\/ca\\\/versio2\\\/ca\\\/?s={search_term_string}\"},\"query-input\":{\"@type\":\"PropertyValueSpecification\",\"valueRequired\":true,\"valueName\":\"search_term_string\"}}],\"inLanguage\":\"ca\"}]}<\/script>\n<!-- \/ Yoast SEO plugin. -->","yoast_head_json":{"title":"Pol\u00edtica de cookies - Fundaci\u00f3 Farinera Girona","robots":{"index":"index","follow":"follow","max-snippet":"max-snippet:-1","max-image-preview":"max-image-preview:large","max-video-preview":"max-video-preview:-1"},"canonical":"https:\/\/www.fundaciofarineragirona.cat\/ca\/politica-de-cookies\/","og_locale":"ca_ES","og_type":"article","og_title":"Pol\u00edtica de cookies - Fundaci\u00f3 Farinera Girona","og_description":"Aquesta p\u00e0gina web utilitza cookies.\u00a0 La present pol\u00edtica de cookies informa sobre l&#8217;\u00fas de cookies de la p\u00e0gina web www.fundaciofarineragirona.cat, gestionat per la FUNDACI\u00d3 FARINERA GIRONA, en compliment de la normativa vigent en mat\u00e8ria de protecci\u00f3 de dades: Reglament (UE) 2016\/679 (RGPD), Llei Org\u00e0nica 3\/2018 (LOPDGDD) i Llei 34\/2002, de serveis de la societat de [&hellip;]","og_url":"https:\/\/www.fundaciofarineragirona.cat\/ca\/politica-de-cookies\/","og_site_name":"Fundaci\u00f3 Farinera Girona","article_modified_time":"2025-12-22T13:50:22+00:00","twitter_card":"summary_large_image","twitter_misc":{"Temps estimat de lectura":"4 minuts"},"schema":{"@context":"https:\/\/schema.org","@graph":[{"@type":"WebPage","@id":"https:\/\/www.fundaciofarineragirona.cat\/ca\/politica-de-cookies\/","url":"https:\/\/www.fundaciofarineragirona.cat\/ca\/politica-de-cookies\/","name":"Pol\u00edtica de cookies - Fundaci\u00f3 Farinera Girona","isPartOf":{"@id":"https:\/\/www.fundaciofarineragirona.cat\/ca\/versio2\/ca\/#website"},"datePublished":"2025-06-24T12:32:53+00:00","dateModified":"2025-12-22T13:50:22+00:00","breadcrumb":{"@id":"https:\/\/www.fundaciofarineragirona.cat\/ca\/politica-de-cookies\/#breadcrumb"},"inLanguage":"ca","potentialAction":[{"@type":"ReadAction","target":["https:\/\/www.fundaciofarineragirona.cat\/ca\/politica-de-cookies\/"]}]},{"@type":"BreadcrumbList","@id":"https:\/\/www.fundaciofarineragirona.cat\/ca\/politica-de-cookies\/#breadcrumb","itemListElement":[{"@type":"ListItem","position":1,"name":"Inici","item":"https:\/\/www.fundaciofarineragirona.cat\/ca\/versio2\/ca\/"},{"@type":"ListItem","position":2,"name":"Pol\u00edtica de cookies"}]},{"@type":"WebSite","@id":"https:\/\/www.fundaciofarineragirona.cat\/ca\/versio2\/ca\/#website","url":"https:\/\/www.fundaciofarineragirona.cat\/ca\/versio2\/ca\/","name":"Fundaci\u00f3 Farinera Girona","description":"Impulsem talent, transformem territori","potentialAction":[{"@type":"SearchAction","target":{"@type":"EntryPoint","urlTemplate":"https:\/\/www.fundaciofarineragirona.cat\/ca\/versio2\/ca\/?s={search_term_string}"},"query-input":{"@type":"PropertyValueSpecification","valueRequired":true,"valueName":"search_term_string"}}],"inLanguage":"ca"}]}},"_links":{"self":[{"href":"https:\/\/www.fundaciofarineragirona.cat\/ca\/wp-json\/wp\/v2\/pages\/303","targetHints":{"allow":["GET"]}}],"collection":[{"href":"https:\/\/www.fundaciofarineragirona.cat\/ca\/wp-json\/wp\/v2\/pages"}],"about":[{"href":"https:\/\/www.fundaciofarineragirona.cat\/ca\/wp-json\/wp\/v2\/types\/page"}],"author":[{"embeddable":true,"href":"https:\/\/www.fundaciofarineragirona.cat\/ca\/wp-json\/wp\/v2\/users\/1"}],"replies":[{"embeddable":true,"href":"https:\/\/www.fundaciofarineragirona.cat\/ca\/wp-json\/wp\/v2\/comments?post=303"}],"version-history":[{"count":4,"href":"https:\/\/www.fundaciofarineragirona.cat\/ca\/wp-json\/wp\/v2\/pages\/303\/revisions"}],"predecessor-version":[{"id":908,"href":"https:\/\/www.fundaciofarineragirona.cat\/ca\/wp-json\/wp\/v2\/pages\/303\/revisions\/908"}],"wp:attachment":[{"href":"https:\/\/www.fundaciofarineragirona.cat\/ca\/wp-json\/wp\/v2\/media?parent=303"}],"curies":[{"name":"wp","href":"https:\/\/api.w.org\/{rel}","templated":true}]}}