{"id":3,"date":"2025-06-24T11:29:11","date_gmt":"2025-06-24T09:29:11","guid":{"rendered":"http:\/\/localhost\/fundacio-farineria-wp\/?page_id=3"},"modified":"2025-12-22T15:51:32","modified_gmt":"2025-12-22T13:51:32","slug":"politica-de-privacitat","status":"publish","type":"page","link":"https:\/\/www.fundaciofarineragirona.cat\/ca\/politica-de-privacitat\/","title":{"rendered":"Pol\u00edtica de privacitat"},"content":{"rendered":"<p>El responsable del tractament de les seves dades en virtut d\u2019aquesta Pol\u00edtica de privacitat \u00e9s la FUNDACI\u00d3 FARINERA GIRONA.<span class=\"Apple-converted-space\">\u00a0<\/span><\/p>\n<p>La FUNDACI\u00d3 FARINERA GIRONA, amb domicili social al Carrer Santa Eug\u00e8nia 42, 17005 Girona, amb NIF G75892513, tracta dades personals per dur a terme algunes de les seves activitats.<span class=\"Apple-converted-space\">\u00a0<\/span><\/p>\n<p>En aquest tractament de dades, en tot moment complim amb la normativa vigent aplicable en la mat\u00e8ria: Reglament (UE) 2016\/679 del Parlament Europeu i del Consell, de 27 d\u2019abril de 2016, relatiu a la protecci\u00f3 de les persones f\u00edsiques pel que fa al tractament de dades personals i a la lliure circulaci\u00f3 d\u2019aquestes dades (RGPD) i Llei Org\u00e0nica 3\/2018 de Protecci\u00f3 de Dades Personals i Garantia dels Drets Digitals (LOPD).<span class=\"Apple-converted-space\">\u00a0<\/span><\/p>\n<ol>\n<li><b>Declaraci\u00f3 de privacitat<span class=\"Apple-converted-space\">\u00a0<\/span><\/b><\/li>\n<\/ol>\n<p>A la FUNDACI\u00d3 FARINERA GIRONA som plenament conscients de la import\u00e0ncia que t\u00e9 per a les persones usu\u00e0ries el tractament de les seves dades personals. Per aix\u00f2, ens comprometem a garantir-ne la protecci\u00f3, la confidencialitat i la seguretat, d&#8217;acord amb els principis de responsabilitat proactiva, transpar\u00e8ncia i respecte als drets individuals.<\/p>\n<p>Aquesta Pol\u00edtica de Privacitat t\u00e9 com a objectiu informar de manera clara i accessible sobre quines dades personals recollim a trav\u00e9s del lloc web <a href=\"http:\/\/www.fundaciofarineragirona.cat\">www.fundaciofarineragirona.cat<\/a>, amb quina finalitat les utilitzem, en base a quina legitimaci\u00f3 les tractem i quins drets poden exercir les persones interessades.<\/p>\n<p>Ens comprometem a tractar \u00fanicament les dades personals estrictament necess\u00e0ries per a les finalitats determinades i leg\u00edtimes descrites en aquesta pol\u00edtica, i a adoptar totes les mesures t\u00e8cniques i organitzatives adequades per evitar-ne l\u2019acc\u00e9s no autoritzat, la p\u00e8rdua o el mal \u00fas.<span class=\"Apple-converted-space\">\u00a0<\/span><\/p>\n<ol start=\"2\">\n<li><b>Categories de dades personals tractades<\/b><b><\/b><\/li>\n<\/ol>\n<p>Les dades que podem tractar, segons la finalitat corresponent, inclouen:<\/p>\n<ul>\n<li>Dades identificatives: nom, cognoms, DNI\/NIE o document equivalent.<\/li>\n<li>Dades de contacte: tel\u00e8fon, correu electr\u00f2nic, adre\u00e7a postal.<\/li>\n<li>Dades professionals i curriculars, en cas de participaci\u00f3 en processos de selecci\u00f3.<\/li>\n<li>Altres dades que la persona usu\u00e0ria proporcioni volunt\u00e0riament a trav\u00e9s dels canals disponibles (formularis, correus, etc.).<\/li>\n<\/ul>\n<p>No es recullen ni tracten categories especials de dades personals, excepte en els casos previstos legalment i amb el consentiment expr\u00e9s de la persona interessada.<span class=\"Apple-converted-space\">\u00a0<\/span><\/p>\n<ol start=\"3\">\n<li><b>Finalitat i duraci\u00f3 del tractament de les dades personals<span class=\"Apple-converted-space\">\u00a0<\/span><\/b><\/li>\n<\/ol>\n<p>Les dades personals facilitades per les persones usu\u00e0ries a trav\u00e9s del lloc web seran tractades per la FUNDACI\u00d3 FARINERA GIRONA amb les seg\u00fcents finalitats:<span class=\"Apple-converted-space\">\u00a0<\/span><\/p>\n<ul>\n<li>Gestionar consultes, sol\u00b7licituds o inscripcions rebudes a trav\u00e9s dels formularis del lloc web o mitjan\u00e7ant els canals de contacte habilitats.<\/li>\n<\/ul>\n<ul>\n<li>Enviar informaci\u00f3 sobre activitats, programes, esdeveniments o serveis de la Fundaci\u00f3, sempre que la persona interessada hagi prestat pr\u00e8viament el seu consentiment expr\u00e9s.<\/li>\n<\/ul>\n<ul>\n<li>Gestionar la participaci\u00f3 en programes o projectes socials, culturals o educatius impulsats per la Fundaci\u00f3.<\/li>\n<\/ul>\n<ul>\n<li>Complir amb obligacions legals aplicables derivades de la normativa vigent o de requeriments d\u2019autoritats competents.<\/li>\n<\/ul>\n<p>Les dades personals es conservaran durant el temps necessari per complir amb la finalitat per a la qual van ser recollides, o b\u00e9 fins que se\u2019n sol\u00b7liciti l\u2019oposici\u00f3 o la supressi\u00f3, sempre respectant els terminis legalment establerts. En el cas dels curr\u00edculums rebuts, aquests seran tractats per la FUNDACI\u00d3 FARINERA GIRONA amb la finalitat de valorar les candidatures en futurs processos de selecci\u00f3, i es conservaran durant un per\u00edode m\u00e0xim de dos (2) anys abans de ser eliminats.<\/p>\n<ol start=\"4\">\n<li><b>Principis aplicats al tractament de les dades personals<\/b><\/li>\n<\/ol>\n<p>En el tractament de les seves dades personals, la FUNDACI\u00d3 FARINERA GIRONA seguir\u00e0 els seg\u00fcents principis, d\u2019acord amb les exig\u00e8ncies del RGPD i la LOPD:<span class=\"Apple-converted-space\">\u00a0<\/span><\/p>\n<ul>\n<li>Licitud, lleialtat i transpar\u00e8ncia: Les dades es tracten de manera l\u00edcita, lleial i transparent. Sempre s\u2019informa pr\u00e8viament de les finalitats del tractament, i es recull el consentiment quan \u00e9s necessari.<span class=\"Apple-converted-space\">\u00a0<\/span><\/li>\n<\/ul>\n<ul>\n<li>Limitaci\u00f3 de la finalitat: Les dades es recullen amb finalitats espec\u00edfiques, expl\u00edcites i leg\u00edtimes, i no es tracten ulteriorment de manera incompatible amb aquestes finalitats.<span class=\"Apple-converted-space\">\u00a0<\/span><\/li>\n<\/ul>\n<ul>\n<li>Minimitzaci\u00f3 de dades: Nom\u00e9s es tracten les dades personals estrictament necess\u00e0ries en relaci\u00f3 amb les finalitats per a les quals s\u00f3n recollides.<\/li>\n<\/ul>\n<ul>\n<li>Exactitud: Es garanteix que les dades siguin exactes i estiguin actualitzades, adoptant les mesures necess\u00e0ries per corregir o suprimir les dades inexactes sense dilaci\u00f3.<span class=\"Apple-converted-space\">\u00a0<\/span><\/li>\n<\/ul>\n<ul>\n<li>Limitaci\u00f3 del termini de conservaci\u00f3: Les dades es conserven nom\u00e9s durant el temps necessari per complir amb les finalitats del tractament i, si escau, durant els terminis legals aplicables.<\/li>\n<\/ul>\n<ul>\n<li>Integritat i confidencialitat: Les dades es tracten de manera segura, garantint-ne la protecci\u00f3 davant accessos no autoritzats, p\u00e8rdues o alteracions mitjan\u00e7ant mesures t\u00e8cniques i organitzatives adequades.<\/li>\n<\/ul>\n<ul>\n<li>Responsabilitat proactiva: El responsable del tractament, la FUNDACI\u00d3 FARINERA GIRONA, assumeix el comprom\u00eds de complir amb aquests principis i pot demostrar-ho mitjan\u00e7ant l\u2019aplicaci\u00f3 efectiva de mesures que assegurin el compliment normatiu.<span class=\"Apple-converted-space\">\u00a0<\/span><\/li>\n<\/ul>\n<ol start=\"5\">\n<li><b>Legitimaci\u00f3<span class=\"Apple-converted-space\">\u00a0<\/span><\/b><\/li>\n<\/ol>\n<p>El tractament de les seves dades personals es realitzar\u00e0 amb base en les seg\u00fcents legitimacions que el fan l\u00edcit:<span class=\"Apple-converted-space\">\u00a0<\/span><\/p>\n<ul>\n<li>Consentiment de la persona interessada, atorgat en enviar un formulari o sol\u00b7licitud a trav\u00e9s del lloc web.<\/li>\n<\/ul>\n<ul>\n<li>Execuci\u00f3 d\u2019un contracte o conveni, en cas que la persona participi en alguna activitat, projecte o programa de la Fundaci\u00f3.<\/li>\n<\/ul>\n<ul>\n<li>Inter\u00e8s leg\u00edtim de la Fundaci\u00f3, per mantenir informades les persones usu\u00e0ries o col\u00b7laboradores sobre activitats pr\u00f2pies, sempre que existeixi una relaci\u00f3 pr\u00e8via.<\/li>\n<\/ul>\n<ul>\n<li>Compliment d\u2019obligacions legals, quan el tractament sigui necessari per atendre requeriments d\u2019administracions p\u00fabliques o autoritats competents.<\/li>\n<\/ul>\n<ol start=\"6\">\n<li><b>Cessi\u00f3 o comunicaci\u00f3 de dades personals i transfer\u00e8ncies internacionals<span class=\"Apple-converted-space\">\u00a0<\/span><\/b><\/li>\n<\/ol>\n<p>Les dades no seran comunicades a cap tercer ali\u00e8 a l\u2019organitzaci\u00f3, excepte en els casos en qu\u00e8 existeixi una obligaci\u00f3 legal que aix\u00ed ho exigeixi o a aquells prestadors vinculats al Responsable que actuen com a encarregats del tractament.<span class=\"Apple-converted-space\">\u00a0<\/span><\/p>\n<p>Aix\u00ed mateix, la FUNDACI\u00d3 FARINERA GIRONA no realitza transfer\u00e8ncies internacionals de dades. Si en un futur es produeixen, s\u2019informar\u00e0 degudament.<span class=\"Apple-converted-space\">\u00a0<\/span><\/p>\n<p><span class=\"Apple-converted-space\">\u00a0<\/span><\/p>\n<ol start=\"7\">\n<li><b>Responsabilitat de la persona usu\u00e0ria<span class=\"Apple-converted-space\">\u00a0<\/span><\/b><\/li>\n<\/ol>\n<p>La persona usu\u00e0ria garanteix que \u00e9s major de divuit (18) anys i que les dades facilitades a la FUNDACI\u00d3 FARINERA GIRONA s\u00f3n ver\u00eddiques, exactes, completes i actualitzades. En aquest sentit, es compromet a mantenir la informaci\u00f3 proporcionada degudament actualitzada i respondr\u00e0 de la seva veracitat en tot moment.<span class=\"Apple-converted-space\">\u00a0<\/span><\/p>\n<p>La persona usu\u00e0ria ser\u00e0 responsable de qualsevol dada falsa o inexacta que proporcioni a trav\u00e9s del lloc web, aix\u00ed com dels danys i perjudicis \u2013directes o indirectes \u2013 que aix\u00f2 pugui ocasionar a la FUNDACI\u00d3 FARINERA GIRONA o a tercers.<\/p>\n<ol start=\"8\">\n<li><b>Drets de la persona usu\u00e0ria en relaci\u00f3 amb el tractament de les seves dades personals<span class=\"Apple-converted-space\">\u00a0<\/span><\/b><\/li>\n<\/ol>\n<p>La persona usu\u00e0ria disposa, amb car\u00e0cter general, dels seg\u00fcents drets en relaci\u00f3 amb el tractament de les seves dades personals per part de la FUNDACI\u00d3 FARINERA GIRONA:<span class=\"Apple-converted-space\">\u00a0<\/span><\/p>\n<ul>\n<li>Dret d\u2019acc\u00e9s: Pot sol\u00b7licitar confirmaci\u00f3 sobre si s\u2019estan tractant dades personals que el concerneixen i, en tal cas, accedir-hi i obtenir informaci\u00f3 sobre el seu tractament.<span class=\"Apple-converted-space\">\u00a0<\/span><\/li>\n<\/ul>\n<ul>\n<li>Dret de rectificaci\u00f3: T\u00e9 dret a sol\u00b7licitar la modificaci\u00f3 de les seves dades si s\u00f3n inexactes o incompletes.<\/li>\n<\/ul>\n<ul>\n<li>Dret de supressi\u00f3: Pot demanar l\u2019eliminaci\u00f3 de les seves dades personals quan ja no siguin necess\u00e0ries per a les finalitats per les quals van ser recollides.<\/li>\n<\/ul>\n<ul>\n<li>Dret a la limitaci\u00f3 del tractament: En determinades circumst\u00e0ncies, pot sol\u00b7licitar que es limiti el tractament de les seves dades.<\/li>\n<\/ul>\n<ul>\n<li>Dret a la portabilitat de les dades: En determinats casos, t\u00e9 dret a rebre les seves dades personals en un format estructurat, d\u2019\u00fas com\u00fa i de lectura mec\u00e0nica, i a transmetre-les a un altre responsable del tractament, o b\u00e9, a sol\u00b7licitar que se\u2019ls faci arribar directament, sempre que aix\u00f2 sigui t\u00e8cnicament possible.<span class=\"Apple-converted-space\">\u00a0<\/span><\/li>\n<\/ul>\n<ul>\n<li>Dret d\u2019oposici\u00f3: Podr\u00e0 oposar-se al tractament de les seves dades per motius relacionats amb la seva situaci\u00f3 particular.<span class=\"Apple-converted-space\">\u00a0<\/span><\/li>\n<\/ul>\n<ul>\n<li>Dret a no ser objecte de decisions automatitzades: T\u00e9 dret a no ser objecte de decisions basades \u00fanicament en tractaments automatitzats, inclosa l\u2019elaboraci\u00f3 de perfils, que produeixin efectes jur\u00eddics o l\u2019afectin significativament.<\/li>\n<\/ul>\n<ul>\n<li>Dret a la retirada del consentiment: En aquells tractaments basats en el seu consentiment, t\u00e9 dret a retirar-lo en qualsevol moment. La revocaci\u00f3 del consentiment no tindr\u00e0 car\u00e0cter retroactiu, de manera que no afectar\u00e0 a la licitud dels tractaments efectuats amb anterioritat.<span class=\"Apple-converted-space\">\u00a0<\/span><\/li>\n<\/ul>\n<ol start=\"9\">\n<li><b>Com fer valer els drets de la persona usu\u00e0ria<\/b><\/li>\n<\/ol>\n<p>La persona usu\u00e0ria pot exercir els seus drets dirigint una sol\u00b7licitud expressa a trav\u00e9s de qualsevol dels seg\u00fcents canals:<span class=\"Apple-converted-space\">\u00a0<\/span><\/p>\n<ul>\n<li>Per correu electr\u00f2nic: <a href=\"mailto:protecciodades@fundaciofarineragirona.cat\">protecciodades@fundaciofarineragirona.cat<\/a><span class=\"Apple-converted-space\">\u00a0<\/span><\/li>\n<li>Per correu postal: Carrer Santa Eug\u00e8nia 42, 17005 Girona. <span class=\"Apple-converted-space\">\u00a0<\/span><\/li>\n<\/ul>\n<p>En qualsevol cas, si considera que el tractament de les seves dades personals vulnera la normativa vigent en mat\u00e8ria de protecci\u00f3 de dades, o b\u00e9, no ha obtingut una resposta satisfact\u00f2ria en l\u2019exercici dels seus drets, la persona usu\u00e0ria t\u00e9 dret a presentar una reclamaci\u00f3 davant l\u2019Ag\u00e8ncia Espanyola de Protecci\u00f3 de Dades (<a href=\"http:\/\/www.aepd.es\">www.aepd.es<\/a>). <span class=\"Apple-converted-space\">\u00a0<\/span><\/p>\n<ol start=\"10\">\n<li><b>Mesures de seguretat<span class=\"Apple-converted-space\">\u00a0<\/span><\/b><\/li>\n<\/ol>\n<p>La FUNDACI\u00d3 FARINERA GIRONA es compromet a tractar les dades personals de la persona usu\u00e0ria amb la m\u00e0xima confidencialitat, respectant en tot moment el deure de secret i actuant de conformitat amb el que disposa la normativa vigent en mat\u00e8ria de protecci\u00f3 de dades. Per aix\u00f2, adoptar\u00e0 les mesures t\u00e8cniques i organitzatives necess\u00e0ries per garantir-ne la seguretat i evitar-ne l\u2019alteraci\u00f3, p\u00e8rdua, tractament o acc\u00e9s no autoritzat, tenint en compte l\u2019estat de la tecnologia, la naturalesa de les dades emmagatzemades i els riscos als quals aquestes puguin estar exposades.<span class=\"Apple-converted-space\">\u00a0<\/span><\/p>\n<ol start=\"11\">\n<li><b>Modificacions de la Pol\u00edtica de Privacitat<\/b><\/li>\n<\/ol>\n<p>La FUNDACI\u00d3 FARINERA GIRONA, es reserva el dret de modificar aquesta Pol\u00edtica de Privacitat. Qualsevol canvi ser\u00e0 comunicat mitjan\u00e7ant el lloc web o per altres mitjans adequats.<span class=\"Apple-converted-space\">\u00a0<\/span><\/p>\n<ol start=\"12\">\n<li><b>Tractament de cookies<\/b><\/li>\n<\/ol>\n<p>Una cookie \u00e9s un petit arxiu que es descarrega i emmagatzema a l\u2019ordinador de la persona usu\u00e0ria quan aquesta accedeix a una p\u00e0gina web. Les cookies permeten al web, entre altres coses, emmagatzemar i recuperar informaci\u00f3 sobre els h\u00e0bits de navegaci\u00f3 de la persona usu\u00e0ria o del seu equip i, depenent de la informaci\u00f3 que continguin i de la forma en qu\u00e8 utilitzi el seu equip, poden permetre recon\u00e8ixer-la. La persona usu\u00e0ria t\u00e9 l\u2019opci\u00f3 d\u2019impedir la generaci\u00f3 de cookies, mitjan\u00e7ant la selecci\u00f3 de l\u2019opci\u00f3 corresponent en el seu programa navegador. Pot obtenir m\u00e9s informaci\u00f3 llegint la nostra <a href=\"https:\/\/www.fundaciofarineragirona.cat\/politica-de-cookies\/\">Pol\u00edtica de Cookies.<span class=\"Apple-converted-space\">\u00a0<\/span><\/a><\/p>\n","protected":false},"excerpt":{"rendered":"<p>El responsable del tractament de les seves dades en virtut d\u2019aquesta Pol\u00edtica de privacitat \u00e9s la FUNDACI\u00d3 FARINERA GIRONA.\u00a0 La FUNDACI\u00d3 FARINERA GIRONA, amb domicili social al Carrer Santa Eug\u00e8nia 42, 17005 Girona, amb NIF G75892513, tracta dades personals per dur a terme algunes de les seves activitats.\u00a0 En aquest tractament de dades, en tot [&hellip;]<\/p>\n","protected":false},"author":1,"featured_media":0,"parent":0,"menu_order":76,"comment_status":"closed","ping_status":"closed","template":"","meta":{"_acf_changed":false,"inline_featured_image":false,"footnotes":"","_links_to":"","_links_to_target":""},"class_list":["post-3","page","type-page","status-publish","hentry"],"acf":[],"yoast_head":"<!-- This site is optimized with the Yoast SEO plugin v27.3 - https:\/\/yoast.com\/product\/yoast-seo-wordpress\/ -->\n<title>Pol\u00edtica de privacitat - Fundaci\u00f3 Farinera Girona<\/title>\n<meta name=\"robots\" content=\"index, follow, max-snippet:-1, max-image-preview:large, max-video-preview:-1\" \/>\n<link rel=\"canonical\" href=\"https:\/\/www.fundaciofarineragirona.cat\/ca\/politica-de-privacitat\/\" \/>\n<meta property=\"og:locale\" content=\"ca_ES\" \/>\n<meta property=\"og:type\" content=\"article\" \/>\n<meta property=\"og:title\" content=\"Pol\u00edtica de privacitat - Fundaci\u00f3 Farinera Girona\" \/>\n<meta property=\"og:description\" content=\"El responsable del tractament de les seves dades en virtut d\u2019aquesta Pol\u00edtica de privacitat \u00e9s la FUNDACI\u00d3 FARINERA GIRONA.\u00a0 La FUNDACI\u00d3 FARINERA GIRONA, amb domicili social al Carrer Santa Eug\u00e8nia 42, 17005 Girona, amb NIF G75892513, tracta dades personals per dur a terme algunes de les seves activitats.\u00a0 En aquest tractament de dades, en tot [&hellip;]\" \/>\n<meta property=\"og:url\" content=\"https:\/\/www.fundaciofarineragirona.cat\/ca\/politica-de-privacitat\/\" \/>\n<meta property=\"og:site_name\" content=\"Fundaci\u00f3 Farinera Girona\" \/>\n<meta property=\"article:modified_time\" content=\"2025-12-22T13:51:32+00:00\" \/>\n<meta name=\"twitter:card\" content=\"summary_large_image\" \/>\n<meta name=\"twitter:label1\" content=\"Temps estimat de lectura\" \/>\n\t<meta name=\"twitter:data1\" content=\"9 minuts\" \/>\n<script type=\"application\/ld+json\" class=\"yoast-schema-graph\">{\"@context\":\"https:\\\/\\\/schema.org\",\"@graph\":[{\"@type\":\"WebPage\",\"@id\":\"https:\\\/\\\/www.fundaciofarineragirona.cat\\\/ca\\\/politica-de-privacitat\\\/\",\"url\":\"https:\\\/\\\/www.fundaciofarineragirona.cat\\\/ca\\\/politica-de-privacitat\\\/\",\"name\":\"Pol\u00edtica de privacitat - Fundaci\u00f3 Farinera Girona\",\"isPartOf\":{\"@id\":\"https:\\\/\\\/www.fundaciofarineragirona.cat\\\/ca\\\/versio2\\\/ca\\\/#website\"},\"datePublished\":\"2025-06-24T09:29:11+00:00\",\"dateModified\":\"2025-12-22T13:51:32+00:00\",\"breadcrumb\":{\"@id\":\"https:\\\/\\\/www.fundaciofarineragirona.cat\\\/ca\\\/politica-de-privacitat\\\/#breadcrumb\"},\"inLanguage\":\"ca\",\"potentialAction\":[{\"@type\":\"ReadAction\",\"target\":[\"https:\\\/\\\/www.fundaciofarineragirona.cat\\\/ca\\\/politica-de-privacitat\\\/\"]}]},{\"@type\":\"BreadcrumbList\",\"@id\":\"https:\\\/\\\/www.fundaciofarineragirona.cat\\\/ca\\\/politica-de-privacitat\\\/#breadcrumb\",\"itemListElement\":[{\"@type\":\"ListItem\",\"position\":1,\"name\":\"Inici\",\"item\":\"https:\\\/\\\/www.fundaciofarineragirona.cat\\\/ca\\\/versio2\\\/ca\\\/\"},{\"@type\":\"ListItem\",\"position\":2,\"name\":\"Pol\u00edtica de privacitat\"}]},{\"@type\":\"WebSite\",\"@id\":\"https:\\\/\\\/www.fundaciofarineragirona.cat\\\/ca\\\/versio2\\\/ca\\\/#website\",\"url\":\"https:\\\/\\\/www.fundaciofarineragirona.cat\\\/ca\\\/versio2\\\/ca\\\/\",\"name\":\"Fundaci\u00f3 Farinera Girona\",\"description\":\"Impulsem talent, transformem territori\",\"potentialAction\":[{\"@type\":\"SearchAction\",\"target\":{\"@type\":\"EntryPoint\",\"urlTemplate\":\"https:\\\/\\\/www.fundaciofarineragirona.cat\\\/ca\\\/versio2\\\/ca\\\/?s={search_term_string}\"},\"query-input\":{\"@type\":\"PropertyValueSpecification\",\"valueRequired\":true,\"valueName\":\"search_term_string\"}}],\"inLanguage\":\"ca\"}]}<\/script>\n<!-- \/ Yoast SEO plugin. -->","yoast_head_json":{"title":"Pol\u00edtica de privacitat - Fundaci\u00f3 Farinera Girona","robots":{"index":"index","follow":"follow","max-snippet":"max-snippet:-1","max-image-preview":"max-image-preview:large","max-video-preview":"max-video-preview:-1"},"canonical":"https:\/\/www.fundaciofarineragirona.cat\/ca\/politica-de-privacitat\/","og_locale":"ca_ES","og_type":"article","og_title":"Pol\u00edtica de privacitat - Fundaci\u00f3 Farinera Girona","og_description":"El responsable del tractament de les seves dades en virtut d\u2019aquesta Pol\u00edtica de privacitat \u00e9s la FUNDACI\u00d3 FARINERA GIRONA.\u00a0 La FUNDACI\u00d3 FARINERA GIRONA, amb domicili social al Carrer Santa Eug\u00e8nia 42, 17005 Girona, amb NIF G75892513, tracta dades personals per dur a terme algunes de les seves activitats.\u00a0 En aquest tractament de dades, en tot [&hellip;]","og_url":"https:\/\/www.fundaciofarineragirona.cat\/ca\/politica-de-privacitat\/","og_site_name":"Fundaci\u00f3 Farinera Girona","article_modified_time":"2025-12-22T13:51:32+00:00","twitter_card":"summary_large_image","twitter_misc":{"Temps estimat de lectura":"9 minuts"},"schema":{"@context":"https:\/\/schema.org","@graph":[{"@type":"WebPage","@id":"https:\/\/www.fundaciofarineragirona.cat\/ca\/politica-de-privacitat\/","url":"https:\/\/www.fundaciofarineragirona.cat\/ca\/politica-de-privacitat\/","name":"Pol\u00edtica de privacitat - Fundaci\u00f3 Farinera Girona","isPartOf":{"@id":"https:\/\/www.fundaciofarineragirona.cat\/ca\/versio2\/ca\/#website"},"datePublished":"2025-06-24T09:29:11+00:00","dateModified":"2025-12-22T13:51:32+00:00","breadcrumb":{"@id":"https:\/\/www.fundaciofarineragirona.cat\/ca\/politica-de-privacitat\/#breadcrumb"},"inLanguage":"ca","potentialAction":[{"@type":"ReadAction","target":["https:\/\/www.fundaciofarineragirona.cat\/ca\/politica-de-privacitat\/"]}]},{"@type":"BreadcrumbList","@id":"https:\/\/www.fundaciofarineragirona.cat\/ca\/politica-de-privacitat\/#breadcrumb","itemListElement":[{"@type":"ListItem","position":1,"name":"Inici","item":"https:\/\/www.fundaciofarineragirona.cat\/ca\/versio2\/ca\/"},{"@type":"ListItem","position":2,"name":"Pol\u00edtica de privacitat"}]},{"@type":"WebSite","@id":"https:\/\/www.fundaciofarineragirona.cat\/ca\/versio2\/ca\/#website","url":"https:\/\/www.fundaciofarineragirona.cat\/ca\/versio2\/ca\/","name":"Fundaci\u00f3 Farinera Girona","description":"Impulsem talent, transformem territori","potentialAction":[{"@type":"SearchAction","target":{"@type":"EntryPoint","urlTemplate":"https:\/\/www.fundaciofarineragirona.cat\/ca\/versio2\/ca\/?s={search_term_string}"},"query-input":{"@type":"PropertyValueSpecification","valueRequired":true,"valueName":"search_term_string"}}],"inLanguage":"ca"}]}},"_links":{"self":[{"href":"https:\/\/www.fundaciofarineragirona.cat\/ca\/wp-json\/wp\/v2\/pages\/3","targetHints":{"allow":["GET"]}}],"collection":[{"href":"https:\/\/www.fundaciofarineragirona.cat\/ca\/wp-json\/wp\/v2\/pages"}],"about":[{"href":"https:\/\/www.fundaciofarineragirona.cat\/ca\/wp-json\/wp\/v2\/types\/page"}],"author":[{"embeddable":true,"href":"https:\/\/www.fundaciofarineragirona.cat\/ca\/wp-json\/wp\/v2\/users\/1"}],"replies":[{"embeddable":true,"href":"https:\/\/www.fundaciofarineragirona.cat\/ca\/wp-json\/wp\/v2\/comments?post=3"}],"version-history":[{"count":13,"href":"https:\/\/www.fundaciofarineragirona.cat\/ca\/wp-json\/wp\/v2\/pages\/3\/revisions"}],"predecessor-version":[{"id":909,"href":"https:\/\/www.fundaciofarineragirona.cat\/ca\/wp-json\/wp\/v2\/pages\/3\/revisions\/909"}],"wp:attachment":[{"href":"https:\/\/www.fundaciofarineragirona.cat\/ca\/wp-json\/wp\/v2\/media?parent=3"}],"curies":[{"name":"wp","href":"https:\/\/api.w.org\/{rel}","templated":true}]}}