{"id":295,"date":"2025-06-24T13:32:16","date_gmt":"2025-06-24T11:32:16","guid":{"rendered":"https:\/\/www.fundaciofarineragirona.cat\/?page_id=295"},"modified":"2026-04-01T11:35:37","modified_gmt":"2026-04-01T09:35:37","slug":"fundacio-farinera-girona","status":"publish","type":"page","link":"https:\/\/www.fundaciofarineragirona.cat\/ca\/","title":{"rendered":"Home"},"content":{"rendered":"<p>La Fundaci\u00f3 Farinera Girona \u00e9s una fundaci\u00f3 privada sense \u00e0nim de lucre creada el 15 de gener de 2025 per<strong> fomentar l&#8217;emprenedoria a les comarques gironines<\/strong>. La seva missi\u00f3 \u00e9s clara: activar l&#8217;economia local, enfortir el teixit empresarial i formar una nova generaci\u00f3 d\u2019emprenedors compromesos amb el territori.<\/p>\n<p>Per impulsar l\u2019emprenedoria des d&#8217;un <strong>entorn amb gran potencial<\/strong>, la Fundaci\u00f3 ofereix el Programa d&#8217;Emprenedoria que <strong>acompanya les persones en totes les fases del seu projecte<\/strong>, amb mentoria gratu\u00efta i un enfocament en el lideratge personal i la responsabilitat social. Promovem una <strong>emprenedoria amb valors, humana i transformadora<\/strong>, amb premis i beques que fomenten l\u2019honestedat, l\u2019esfor\u00e7 i la igualtat d\u2019oportunitats.<\/p>\n<p>Des de les comarques gironines, per inspirar tot un pa\u00eds.<\/p>\n","protected":false},"excerpt":{"rendered":"<p>La Fundaci\u00f3 Farinera Girona \u00e9s una fundaci\u00f3 privada sense \u00e0nim de lucre creada el 15 de gener de 2025 per fomentar l&#8217;emprenedoria a les comarques gironines. La seva missi\u00f3 \u00e9s clara: activar l&#8217;economia local, enfortir el teixit empresarial i formar una nova generaci\u00f3 d\u2019emprenedors compromesos amb el territori. Per impulsar l\u2019emprenedoria des d&#8217;un entorn amb [&hellip;]<\/p>\n","protected":false},"author":1,"featured_media":0,"parent":0,"menu_order":3,"comment_status":"closed","ping_status":"closed","template":"","meta":{"_acf_changed":false,"inline_featured_image":false,"footnotes":"","_links_to":"","_links_to_target":""},"class_list":["post-295","page","type-page","status-publish","hentry"],"acf":[],"yoast_head":"<!-- This site is optimized with the Yoast SEO plugin v27.3 - https:\/\/yoast.com\/product\/yoast-seo-wordpress\/ -->\n<title>Fundaci\u00f3 Farinera Girona<\/title>\n<meta name=\"description\" content=\"La\u00a0Fundaci\u00f3 Farinera Girona\u00a0\u00e9s una fundaci\u00f3 privada sense \u00e0nim de lucre, creada el 2025 per\u00a0fomentar l\u02bcemprenedoria.\" \/>\n<meta name=\"robots\" content=\"index, follow, max-snippet:-1, max-image-preview:large, max-video-preview:-1\" \/>\n<link rel=\"canonical\" href=\"https:\/\/www.fundaciofarineragirona.cat\/ca\/\" \/>\n<meta property=\"og:locale\" content=\"ca_ES\" \/>\n<meta property=\"og:type\" content=\"article\" \/>\n<meta property=\"og:title\" content=\"Fundaci\u00f3 Farinera Girona\" \/>\n<meta property=\"og:description\" content=\"La\u00a0Fundaci\u00f3 Farinera Girona\u00a0\u00e9s una fundaci\u00f3 privada sense \u00e0nim de lucre, creada el 2025 per\u00a0fomentar l\u02bcemprenedoria.\" \/>\n<meta property=\"og:url\" content=\"https:\/\/www.fundaciofarineragirona.cat\/ca\/\" \/>\n<meta property=\"og:site_name\" content=\"Fundaci\u00f3 Farinera Girona\" \/>\n<meta property=\"article:modified_time\" content=\"2026-04-01T09:35:37+00:00\" \/>\n<meta name=\"twitter:card\" content=\"summary_large_image\" \/>\n<meta name=\"twitter:label1\" content=\"Temps estimat de lectura\" \/>\n\t<meta name=\"twitter:data1\" content=\"1 minut\" \/>\n<script type=\"application\/ld+json\" class=\"yoast-schema-graph\">{\"@context\":\"https:\\\/\\\/schema.org\",\"@graph\":[{\"@type\":\"WebPage\",\"@id\":\"https:\\\/\\\/www.fundaciofarineragirona.cat\\\/ca\\\/\",\"url\":\"https:\\\/\\\/www.fundaciofarineragirona.cat\\\/ca\\\/\",\"name\":\"Fundaci\u00f3 Farinera Girona\",\"isPartOf\":{\"@id\":\"https:\\\/\\\/www.fundaciofarineragirona.cat\\\/ca\\\/versio2\\\/ca\\\/#website\"},\"datePublished\":\"2025-06-24T11:32:16+00:00\",\"dateModified\":\"2026-04-01T09:35:37+00:00\",\"description\":\"La\u00a0Fundaci\u00f3 Farinera Girona\u00a0\u00e9s una fundaci\u00f3 privada sense \u00e0nim de lucre, creada el 2025 per\u00a0fomentar l\u02bcemprenedoria.\",\"breadcrumb\":{\"@id\":\"https:\\\/\\\/www.fundaciofarineragirona.cat\\\/ca\\\/#breadcrumb\"},\"inLanguage\":\"ca\",\"potentialAction\":[{\"@type\":\"ReadAction\",\"target\":[\"https:\\\/\\\/www.fundaciofarineragirona.cat\\\/ca\\\/\"]}]},{\"@type\":\"BreadcrumbList\",\"@id\":\"https:\\\/\\\/www.fundaciofarineragirona.cat\\\/ca\\\/#breadcrumb\",\"itemListElement\":[{\"@type\":\"ListItem\",\"position\":1,\"name\":\"Inici\",\"item\":\"https:\\\/\\\/www.fundaciofarineragirona.cat\\\/ca\\\/versio2\\\/ca\\\/\"},{\"@type\":\"ListItem\",\"position\":2,\"name\":\"Home\"}]},{\"@type\":\"WebSite\",\"@id\":\"https:\\\/\\\/www.fundaciofarineragirona.cat\\\/ca\\\/versio2\\\/ca\\\/#website\",\"url\":\"https:\\\/\\\/www.fundaciofarineragirona.cat\\\/ca\\\/versio2\\\/ca\\\/\",\"name\":\"Fundaci\u00f3 Farinera Girona\",\"description\":\"Impulsem talent, transformem territori\",\"potentialAction\":[{\"@type\":\"SearchAction\",\"target\":{\"@type\":\"EntryPoint\",\"urlTemplate\":\"https:\\\/\\\/www.fundaciofarineragirona.cat\\\/ca\\\/versio2\\\/ca\\\/?s={search_term_string}\"},\"query-input\":{\"@type\":\"PropertyValueSpecification\",\"valueRequired\":true,\"valueName\":\"search_term_string\"}}],\"inLanguage\":\"ca\"}]}<\/script>\n<!-- \/ Yoast SEO plugin. -->","yoast_head_json":{"title":"Fundaci\u00f3 Farinera Girona","description":"La\u00a0Fundaci\u00f3 Farinera Girona\u00a0\u00e9s una fundaci\u00f3 privada sense \u00e0nim de lucre, creada el 2025 per\u00a0fomentar l\u02bcemprenedoria.","robots":{"index":"index","follow":"follow","max-snippet":"max-snippet:-1","max-image-preview":"max-image-preview:large","max-video-preview":"max-video-preview:-1"},"canonical":"https:\/\/www.fundaciofarineragirona.cat\/ca\/","og_locale":"ca_ES","og_type":"article","og_title":"Fundaci\u00f3 Farinera Girona","og_description":"La\u00a0Fundaci\u00f3 Farinera Girona\u00a0\u00e9s una fundaci\u00f3 privada sense \u00e0nim de lucre, creada el 2025 per\u00a0fomentar l\u02bcemprenedoria.","og_url":"https:\/\/www.fundaciofarineragirona.cat\/ca\/","og_site_name":"Fundaci\u00f3 Farinera Girona","article_modified_time":"2026-04-01T09:35:37+00:00","twitter_card":"summary_large_image","twitter_misc":{"Temps estimat de lectura":"1 minut"},"schema":{"@context":"https:\/\/schema.org","@graph":[{"@type":"WebPage","@id":"https:\/\/www.fundaciofarineragirona.cat\/ca\/","url":"https:\/\/www.fundaciofarineragirona.cat\/ca\/","name":"Fundaci\u00f3 Farinera Girona","isPartOf":{"@id":"https:\/\/www.fundaciofarineragirona.cat\/ca\/versio2\/ca\/#website"},"datePublished":"2025-06-24T11:32:16+00:00","dateModified":"2026-04-01T09:35:37+00:00","description":"La\u00a0Fundaci\u00f3 Farinera Girona\u00a0\u00e9s una fundaci\u00f3 privada sense \u00e0nim de lucre, creada el 2025 per\u00a0fomentar l\u02bcemprenedoria.","breadcrumb":{"@id":"https:\/\/www.fundaciofarineragirona.cat\/ca\/#breadcrumb"},"inLanguage":"ca","potentialAction":[{"@type":"ReadAction","target":["https:\/\/www.fundaciofarineragirona.cat\/ca\/"]}]},{"@type":"BreadcrumbList","@id":"https:\/\/www.fundaciofarineragirona.cat\/ca\/#breadcrumb","itemListElement":[{"@type":"ListItem","position":1,"name":"Inici","item":"https:\/\/www.fundaciofarineragirona.cat\/ca\/versio2\/ca\/"},{"@type":"ListItem","position":2,"name":"Home"}]},{"@type":"WebSite","@id":"https:\/\/www.fundaciofarineragirona.cat\/ca\/versio2\/ca\/#website","url":"https:\/\/www.fundaciofarineragirona.cat\/ca\/versio2\/ca\/","name":"Fundaci\u00f3 Farinera Girona","description":"Impulsem talent, transformem territori","potentialAction":[{"@type":"SearchAction","target":{"@type":"EntryPoint","urlTemplate":"https:\/\/www.fundaciofarineragirona.cat\/ca\/versio2\/ca\/?s={search_term_string}"},"query-input":{"@type":"PropertyValueSpecification","valueRequired":true,"valueName":"search_term_string"}}],"inLanguage":"ca"}]}},"_links":{"self":[{"href":"https:\/\/www.fundaciofarineragirona.cat\/ca\/wp-json\/wp\/v2\/pages\/295","targetHints":{"allow":["GET"]}}],"collection":[{"href":"https:\/\/www.fundaciofarineragirona.cat\/ca\/wp-json\/wp\/v2\/pages"}],"about":[{"href":"https:\/\/www.fundaciofarineragirona.cat\/ca\/wp-json\/wp\/v2\/types\/page"}],"author":[{"embeddable":true,"href":"https:\/\/www.fundaciofarineragirona.cat\/ca\/wp-json\/wp\/v2\/users\/1"}],"replies":[{"embeddable":true,"href":"https:\/\/www.fundaciofarineragirona.cat\/ca\/wp-json\/wp\/v2\/comments?post=295"}],"version-history":[{"count":44,"href":"https:\/\/www.fundaciofarineragirona.cat\/ca\/wp-json\/wp\/v2\/pages\/295\/revisions"}],"predecessor-version":[{"id":1834,"href":"https:\/\/www.fundaciofarineragirona.cat\/ca\/wp-json\/wp\/v2\/pages\/295\/revisions\/1834"}],"wp:attachment":[{"href":"https:\/\/www.fundaciofarineragirona.cat\/ca\/wp-json\/wp\/v2\/media?parent=295"}],"curies":[{"name":"wp","href":"https:\/\/api.w.org\/{rel}","templated":true}]}}