{"id":276,"date":"2025-06-24T12:42:29","date_gmt":"2025-06-24T10:42:29","guid":{"rendered":"https:\/\/www.fundaciofarineragirona.cat\/col-labora\/inscripcions-mentor\/"},"modified":"2025-06-27T11:25:03","modified_gmt":"2025-06-27T09:25:03","slug":"inscripcions-mentor-fundacio-farinera-girona","status":"publish","type":"page","link":"https:\/\/www.fundaciofarineragirona.cat\/ca\/collabora-fundacio-farinera-girona\/inscripcions-mentor-fundacio-farinera-girona\/","title":{"rendered":"Col\u00b7labora amb nosaltres"},"content":{"rendered":"<p><strong>Vols col\u00b7laborar amb nosaltres <\/strong>i ajudar a fer cr\u00e9ixer nous projectes emprenedors? A la <strong>Fundaci\u00f3 Farinera Girona<\/strong> busquem professionals amb experi\u00e8ncia que vulguin compartir coneixement, guiar emprenedors i aportar valor a projectes. Uneix-te al nostre equip de mentors i forma part d\u02bcun ecosistema viu, comprom\u00e8s amb l\u02bcemprenedoria a les comarques gironines.<\/p>\n","protected":false},"excerpt":{"rendered":"<p>Vols col\u00b7laborar amb nosaltres i ajudar a fer cr\u00e9ixer nous projectes emprenedors? A la Fundaci\u00f3 Farinera Girona busquem professionals amb experi\u00e8ncia que vulguin compartir coneixement, guiar emprenedors i aportar valor a projectes. Uneix-te al nostre equip de mentors i forma part d\u02bcun ecosistema viu, comprom\u00e8s amb l\u02bcemprenedoria a les comarques gironines.<\/p>\n","protected":false},"author":1,"featured_media":0,"parent":275,"menu_order":59,"comment_status":"closed","ping_status":"closed","template":"inscripcions-mentor.php","meta":{"_acf_changed":false,"inline_featured_image":false,"footnotes":"","_links_to":"","_links_to_target":""},"class_list":["post-276","page","type-page","status-publish","hentry"],"acf":[],"yoast_head":"<!-- This site is optimized with the Yoast SEO plugin v27.3 - https:\/\/yoast.com\/product\/yoast-seo-wordpress\/ -->\n<title>Col\u00b7labora amb nosaltres - Fundaci\u00f3 Farinera Girona<\/title>\n<meta name=\"description\" content=\"Si vols \u00e9sser un mentor de la Fundaci\u00f3 Farinera Girona, i acompanyar el talent giron\u00ed i transformar el territori, envia&#039;ns les teves dades\" \/>\n<meta name=\"robots\" content=\"index, follow, max-snippet:-1, max-image-preview:large, max-video-preview:-1\" \/>\n<link rel=\"canonical\" href=\"https:\/\/www.fundaciofarineragirona.cat\/ca\/collabora-fundacio-farinera-girona\/inscripcions-mentor-fundacio-farinera-girona\/\" \/>\n<meta property=\"og:locale\" content=\"ca_ES\" \/>\n<meta property=\"og:type\" content=\"article\" \/>\n<meta property=\"og:title\" content=\"Col\u00b7labora amb nosaltres - Fundaci\u00f3 Farinera Girona\" \/>\n<meta property=\"og:description\" content=\"Si vols \u00e9sser un mentor de la Fundaci\u00f3 Farinera Girona, i acompanyar el talent giron\u00ed i transformar el territori, envia&#039;ns les teves dades\" \/>\n<meta property=\"og:url\" content=\"https:\/\/www.fundaciofarineragirona.cat\/ca\/collabora-fundacio-farinera-girona\/inscripcions-mentor-fundacio-farinera-girona\/\" \/>\n<meta property=\"og:site_name\" content=\"Fundaci\u00f3 Farinera Girona\" \/>\n<meta property=\"article:modified_time\" content=\"2025-06-27T09:25:03+00:00\" \/>\n<meta name=\"twitter:card\" content=\"summary_large_image\" \/>\n<meta name=\"twitter:label1\" content=\"Temps estimat de lectura\" \/>\n\t<meta name=\"twitter:data1\" content=\"1 minut\" \/>\n<script type=\"application\/ld+json\" class=\"yoast-schema-graph\">{\"@context\":\"https:\\\/\\\/schema.org\",\"@graph\":[{\"@type\":\"WebPage\",\"@id\":\"https:\\\/\\\/www.fundaciofarineragirona.cat\\\/ca\\\/collabora-fundacio-farinera-girona\\\/inscripcions-mentor-fundacio-farinera-girona\\\/\",\"url\":\"https:\\\/\\\/www.fundaciofarineragirona.cat\\\/ca\\\/collabora-fundacio-farinera-girona\\\/inscripcions-mentor-fundacio-farinera-girona\\\/\",\"name\":\"Col\u00b7labora amb nosaltres - Fundaci\u00f3 Farinera Girona\",\"isPartOf\":{\"@id\":\"https:\\\/\\\/www.fundaciofarineragirona.cat\\\/ca\\\/versio2\\\/ca\\\/#website\"},\"datePublished\":\"2025-06-24T10:42:29+00:00\",\"dateModified\":\"2025-06-27T09:25:03+00:00\",\"description\":\"Si vols \u00e9sser un mentor de la Fundaci\u00f3 Farinera Girona, i acompanyar el talent giron\u00ed i transformar el territori, envia'ns les teves dades\",\"breadcrumb\":{\"@id\":\"https:\\\/\\\/www.fundaciofarineragirona.cat\\\/ca\\\/collabora-fundacio-farinera-girona\\\/inscripcions-mentor-fundacio-farinera-girona\\\/#breadcrumb\"},\"inLanguage\":\"ca\",\"potentialAction\":[{\"@type\":\"ReadAction\",\"target\":[\"https:\\\/\\\/www.fundaciofarineragirona.cat\\\/ca\\\/collabora-fundacio-farinera-girona\\\/inscripcions-mentor-fundacio-farinera-girona\\\/\"]}]},{\"@type\":\"BreadcrumbList\",\"@id\":\"https:\\\/\\\/www.fundaciofarineragirona.cat\\\/ca\\\/collabora-fundacio-farinera-girona\\\/inscripcions-mentor-fundacio-farinera-girona\\\/#breadcrumb\",\"itemListElement\":[{\"@type\":\"ListItem\",\"position\":1,\"name\":\"Inici\",\"item\":\"https:\\\/\\\/www.fundaciofarineragirona.cat\\\/ca\\\/versio2\\\/ca\\\/\"},{\"@type\":\"ListItem\",\"position\":2,\"name\":\"Col\u00b7labora\",\"item\":\"\\\/\"},{\"@type\":\"ListItem\",\"position\":3,\"name\":\"Col\u00b7labora amb nosaltres\"}]},{\"@type\":\"WebSite\",\"@id\":\"https:\\\/\\\/www.fundaciofarineragirona.cat\\\/ca\\\/versio2\\\/ca\\\/#website\",\"url\":\"https:\\\/\\\/www.fundaciofarineragirona.cat\\\/ca\\\/versio2\\\/ca\\\/\",\"name\":\"Fundaci\u00f3 Farinera Girona\",\"description\":\"Impulsem talent, transformem territori\",\"potentialAction\":[{\"@type\":\"SearchAction\",\"target\":{\"@type\":\"EntryPoint\",\"urlTemplate\":\"https:\\\/\\\/www.fundaciofarineragirona.cat\\\/ca\\\/versio2\\\/ca\\\/?s={search_term_string}\"},\"query-input\":{\"@type\":\"PropertyValueSpecification\",\"valueRequired\":true,\"valueName\":\"search_term_string\"}}],\"inLanguage\":\"ca\"}]}<\/script>\n<!-- \/ Yoast SEO plugin. -->","yoast_head_json":{"title":"Col\u00b7labora amb nosaltres - Fundaci\u00f3 Farinera Girona","description":"Si vols \u00e9sser un mentor de la Fundaci\u00f3 Farinera Girona, i acompanyar el talent giron\u00ed i transformar el territori, envia'ns les teves dades","robots":{"index":"index","follow":"follow","max-snippet":"max-snippet:-1","max-image-preview":"max-image-preview:large","max-video-preview":"max-video-preview:-1"},"canonical":"https:\/\/www.fundaciofarineragirona.cat\/ca\/collabora-fundacio-farinera-girona\/inscripcions-mentor-fundacio-farinera-girona\/","og_locale":"ca_ES","og_type":"article","og_title":"Col\u00b7labora amb nosaltres - Fundaci\u00f3 Farinera Girona","og_description":"Si vols \u00e9sser un mentor de la Fundaci\u00f3 Farinera Girona, i acompanyar el talent giron\u00ed i transformar el territori, envia'ns les teves dades","og_url":"https:\/\/www.fundaciofarineragirona.cat\/ca\/collabora-fundacio-farinera-girona\/inscripcions-mentor-fundacio-farinera-girona\/","og_site_name":"Fundaci\u00f3 Farinera Girona","article_modified_time":"2025-06-27T09:25:03+00:00","twitter_card":"summary_large_image","twitter_misc":{"Temps estimat de lectura":"1 minut"},"schema":{"@context":"https:\/\/schema.org","@graph":[{"@type":"WebPage","@id":"https:\/\/www.fundaciofarineragirona.cat\/ca\/collabora-fundacio-farinera-girona\/inscripcions-mentor-fundacio-farinera-girona\/","url":"https:\/\/www.fundaciofarineragirona.cat\/ca\/collabora-fundacio-farinera-girona\/inscripcions-mentor-fundacio-farinera-girona\/","name":"Col\u00b7labora amb nosaltres - Fundaci\u00f3 Farinera Girona","isPartOf":{"@id":"https:\/\/www.fundaciofarineragirona.cat\/ca\/versio2\/ca\/#website"},"datePublished":"2025-06-24T10:42:29+00:00","dateModified":"2025-06-27T09:25:03+00:00","description":"Si vols \u00e9sser un mentor de la Fundaci\u00f3 Farinera Girona, i acompanyar el talent giron\u00ed i transformar el territori, envia'ns les teves dades","breadcrumb":{"@id":"https:\/\/www.fundaciofarineragirona.cat\/ca\/collabora-fundacio-farinera-girona\/inscripcions-mentor-fundacio-farinera-girona\/#breadcrumb"},"inLanguage":"ca","potentialAction":[{"@type":"ReadAction","target":["https:\/\/www.fundaciofarineragirona.cat\/ca\/collabora-fundacio-farinera-girona\/inscripcions-mentor-fundacio-farinera-girona\/"]}]},{"@type":"BreadcrumbList","@id":"https:\/\/www.fundaciofarineragirona.cat\/ca\/collabora-fundacio-farinera-girona\/inscripcions-mentor-fundacio-farinera-girona\/#breadcrumb","itemListElement":[{"@type":"ListItem","position":1,"name":"Inici","item":"https:\/\/www.fundaciofarineragirona.cat\/ca\/versio2\/ca\/"},{"@type":"ListItem","position":2,"name":"Col\u00b7labora","item":"\/"},{"@type":"ListItem","position":3,"name":"Col\u00b7labora amb nosaltres"}]},{"@type":"WebSite","@id":"https:\/\/www.fundaciofarineragirona.cat\/ca\/versio2\/ca\/#website","url":"https:\/\/www.fundaciofarineragirona.cat\/ca\/versio2\/ca\/","name":"Fundaci\u00f3 Farinera Girona","description":"Impulsem talent, transformem territori","potentialAction":[{"@type":"SearchAction","target":{"@type":"EntryPoint","urlTemplate":"https:\/\/www.fundaciofarineragirona.cat\/ca\/versio2\/ca\/?s={search_term_string}"},"query-input":{"@type":"PropertyValueSpecification","valueRequired":true,"valueName":"search_term_string"}}],"inLanguage":"ca"}]}},"_links":{"self":[{"href":"https:\/\/www.fundaciofarineragirona.cat\/ca\/wp-json\/wp\/v2\/pages\/276","targetHints":{"allow":["GET"]}}],"collection":[{"href":"https:\/\/www.fundaciofarineragirona.cat\/ca\/wp-json\/wp\/v2\/pages"}],"about":[{"href":"https:\/\/www.fundaciofarineragirona.cat\/ca\/wp-json\/wp\/v2\/types\/page"}],"author":[{"embeddable":true,"href":"https:\/\/www.fundaciofarineragirona.cat\/ca\/wp-json\/wp\/v2\/users\/1"}],"replies":[{"embeddable":true,"href":"https:\/\/www.fundaciofarineragirona.cat\/ca\/wp-json\/wp\/v2\/comments?post=276"}],"version-history":[{"count":7,"href":"https:\/\/www.fundaciofarineragirona.cat\/ca\/wp-json\/wp\/v2\/pages\/276\/revisions"}],"predecessor-version":[{"id":719,"href":"https:\/\/www.fundaciofarineragirona.cat\/ca\/wp-json\/wp\/v2\/pages\/276\/revisions\/719"}],"up":[{"embeddable":true,"href":"https:\/\/www.fundaciofarineragirona.cat\/ca\/wp-json\/wp\/v2\/pages\/275"}],"wp:attachment":[{"href":"https:\/\/www.fundaciofarineragirona.cat\/ca\/wp-json\/wp\/v2\/media?parent=276"}],"curies":[{"name":"wp","href":"https:\/\/api.w.org\/{rel}","templated":true}]}}