{"id":273,"date":"2025-06-24T12:42:29","date_gmt":"2025-06-24T10:42:29","guid":{"rendered":"https:\/\/www.fundaciofarineragirona.cat\/iniciatives\/beques\/"},"modified":"2026-02-16T12:21:43","modified_gmt":"2026-02-16T10:21:43","slug":"mostra-demprenedoria","status":"publish","type":"page","link":"https:\/\/www.fundaciofarineragirona.cat\/ca\/iniciatives\/mostra-demprenedoria\/","title":{"rendered":"Mostra d\u02bcemprenedoria"},"content":{"rendered":"<p data-start=\"214\" data-end=\"668\">La Mostra d\u2019Emprenedoria va celebrar la 13a edici\u00f3 el 23 d&#8217;octubre 2025, enguany impulsada per la Fundaci\u00f3 Farinera Girona i pr\u00e8viament presentada pel Giroscopi i Assessoria Codina. Un any m\u00e9s, es va consolidar com un esdeveniment que reconeix i impulsa el talent emprenedor de les comarques gironines, i com un espai clau per fer visibles projectes innovadors amb arrelament al territori. Aquesta edici\u00f3 va comptar amb el patrocini de <strong>Dibosch, Marlex, Privalex Partners, Kave Home i GironaHub.<\/strong><\/p>\n<p data-start=\"670\" data-end=\"1067\">La convocat\u00f2ria es va adre\u00e7ar a projectes que ja haguessin iniciat l\u2019activitat o es trobessin en una fase avan\u00e7ada de desenvolupament i validaci\u00f3, sempre que no tinguessin m\u00e9s de cinc anys i mantinguessin una vinculaci\u00f3 directa amb el territori giron\u00ed. Les inscripcions es van obrir l\u201911 de juny i es van tancar el 30 de setembre, i el 10 d\u2019octubre es van anunciar els quatre projectes finalistes.<\/p>\n<p data-start=\"1069\" data-end=\"1255\">D\u2019entre totes les candidatures rebudes, es van seleccionar quatre projectes que van presentar un pitch de 10 minuts durant l\u2019acte celebrat el 23 d\u2019octubre de 2025 a la Farinera Teixidor:<\/p>\n<ul data-start=\"1257\" data-end=\"1435\">\n<li data-start=\"1257\" data-end=\"1319\">\n<p data-start=\"1259\" data-end=\"1319\"><strong data-start=\"1259\" data-end=\"1299\">Thalio<\/strong>, de Sergi Laurent<\/p>\n<\/li>\n<li data-start=\"1320\" data-end=\"1358\">\n<p data-start=\"1322\" data-end=\"1358\"><strong data-start=\"1322\" data-end=\"1332\">WeTown<\/strong>, de Lloren\u00e7 Sol\u00e9<\/p>\n<\/li>\n<li data-start=\"1359\" data-end=\"1400\">\n<p data-start=\"1361\" data-end=\"1400\"><strong data-start=\"1361\" data-end=\"1373\">Greytank<\/strong>, de Vidal Madri\u00e0<\/p>\n<\/li>\n<li data-start=\"1401\" data-end=\"1435\">\n<p data-start=\"1403\" data-end=\"1435\"><strong data-start=\"1403\" data-end=\"1414\">Cerebro<\/strong>, de Paco Hern\u00e1ndez<\/p>\n<\/li>\n<\/ul>\n<p data-start=\"1437\" data-end=\"1772\">El jurat va recon\u00e8ixer <strong data-start=\"1460\" data-end=\"1500\">Thalio<\/strong>\u00a0com a millor projecte emprenedor d\u2019aquesta edici\u00f3. El projecte guanyador va rebre un premi de 2.000 \u20ac en met\u00e0l\u00b7lic, mentre que els quatre finalistes van rebre 500 \u20ac en serveis del GironaHub i el Trofeu Espiga com a reconeixement a la seva traject\u00f2ria, esfor\u00e7 i potencial.<\/p>\n<table style=\"width: 100%; border-collapse: collapse;\" cellpadding=\"10\">\n<tbody>\n<tr>\n<td style=\"width: 14.2857%;\"><img loading=\"lazy\" decoding=\"async\" class=\"aligncenter size-medium wp-image-520\" src=\"https:\/\/www.fundaciofarineragirona.cat\/wp-content\/uploads\/2025\/06\/logo-03-300x150.jpg\" alt=\"\" width=\"300\" height=\"150\" srcset=\"https:\/\/www.fundaciofarineragirona.cat\/wp-content\/uploads\/2025\/06\/logo-03-300x150.jpg 300w, https:\/\/www.fundaciofarineragirona.cat\/wp-content\/uploads\/2025\/06\/logo-03-768x384.jpg 768w, https:\/\/www.fundaciofarineragirona.cat\/wp-content\/uploads\/2025\/06\/logo-03.jpg 983w\" sizes=\"auto, (max-width: 300px) 100vw, 300px\" \/><\/td>\n<td style=\"width: 14.2857%;\"><img loading=\"lazy\" decoding=\"async\" class=\"aligncenter size-medium wp-image-851\" src=\"https:\/\/www.fundaciofarineragirona.cat\/wp-content\/uploads\/2025\/09\/logo_GironaHub_generic_trans-e1757060386161-450x358.png\" alt=\"\" width=\"450\" height=\"358\" srcset=\"https:\/\/www.fundaciofarineragirona.cat\/wp-content\/uploads\/2025\/09\/logo_GironaHub_generic_trans-e1757060386161-450x358.png 450w, https:\/\/www.fundaciofarineragirona.cat\/wp-content\/uploads\/2025\/09\/logo_GironaHub_generic_trans-e1757060386161-1200x955.png 1200w, https:\/\/www.fundaciofarineragirona.cat\/wp-content\/uploads\/2025\/09\/logo_GironaHub_generic_trans-e1757060386161-768x611.png 768w, https:\/\/www.fundaciofarineragirona.cat\/wp-content\/uploads\/2025\/09\/logo_GironaHub_generic_trans-e1757060386161-1536x1222.png 1536w, https:\/\/www.fundaciofarineragirona.cat\/wp-content\/uploads\/2025\/09\/logo_GironaHub_generic_trans-e1757060386161.png 1602w\" sizes=\"auto, (max-width: 450px) 100vw, 450px\" \/><\/td>\n<td style=\"width: 14.2857%;\"><img loading=\"lazy\" decoding=\"async\" class=\"aligncenter size-medium wp-image-846\" src=\"https:\/\/www.fundaciofarineragirona.cat\/wp-content\/uploads\/2025\/09\/Beige-and-Pink-Modern-Gradient-Business-Consulting-Presentation-e1757060440173-450x149.png\" alt=\"\" width=\"450\" height=\"149\" srcset=\"https:\/\/www.fundaciofarineragirona.cat\/wp-content\/uploads\/2025\/09\/Beige-and-Pink-Modern-Gradient-Business-Consulting-Presentation-e1757060440173-450x149.png 450w, https:\/\/www.fundaciofarineragirona.cat\/wp-content\/uploads\/2025\/09\/Beige-and-Pink-Modern-Gradient-Business-Consulting-Presentation-e1757060440173-768x255.png 768w, https:\/\/www.fundaciofarineragirona.cat\/wp-content\/uploads\/2025\/09\/Beige-and-Pink-Modern-Gradient-Business-Consulting-Presentation-e1757060440173.png 1030w\" sizes=\"auto, (max-width: 450px) 100vw, 450px\" \/><\/td>\n<td style=\"width: 14.2857%;\"><img loading=\"lazy\" decoding=\"async\" class=\"aligncenter size-medium wp-image-859\" src=\"https:\/\/www.fundaciofarineragirona.cat\/wp-content\/uploads\/2025\/09\/Logo-PrivaLex-20-450x131.png\" alt=\"\" width=\"450\" height=\"131\" srcset=\"https:\/\/www.fundaciofarineragirona.cat\/wp-content\/uploads\/2025\/09\/Logo-PrivaLex-20-450x131.png 450w, https:\/\/www.fundaciofarineragirona.cat\/wp-content\/uploads\/2025\/09\/Logo-PrivaLex-20-1200x350.png 1200w, https:\/\/www.fundaciofarineragirona.cat\/wp-content\/uploads\/2025\/09\/Logo-PrivaLex-20-768x224.png 768w, https:\/\/www.fundaciofarineragirona.cat\/wp-content\/uploads\/2025\/09\/Logo-PrivaLex-20-1536x448.png 1536w, https:\/\/www.fundaciofarineragirona.cat\/wp-content\/uploads\/2025\/09\/Logo-PrivaLex-20-2048x597.png 2048w\" sizes=\"auto, (max-width: 450px) 100vw, 450px\" \/><\/td>\n<td style=\"width: 14.2857%;\"><img loading=\"lazy\" decoding=\"async\" class=\"aligncenter size-medium wp-image-686\" src=\"https:\/\/www.fundaciofarineragirona.cat\/wp-content\/uploads\/2025\/06\/Logo_Kave-300x58.jpg\" alt=\"\" width=\"300\" height=\"58\" srcset=\"https:\/\/www.fundaciofarineragirona.cat\/wp-content\/uploads\/2025\/06\/Logo_Kave-300x58.jpg 300w, https:\/\/www.fundaciofarineragirona.cat\/wp-content\/uploads\/2025\/06\/Logo_Kave-1024x197.jpg 1024w, https:\/\/www.fundaciofarineragirona.cat\/wp-content\/uploads\/2025\/06\/Logo_Kave-768x147.jpg 768w, https:\/\/www.fundaciofarineragirona.cat\/wp-content\/uploads\/2025\/06\/Logo_Kave.jpg 1094w\" sizes=\"auto, (max-width: 300px) 100vw, 300px\" \/><\/td>\n<td style=\"width: 14.2857%;\"><img loading=\"lazy\" decoding=\"async\" class=\"aligncenter size-full wp-image-855\" src=\"https:\/\/www.fundaciofarineragirona.cat\/wp-content\/uploads\/2025\/09\/unnamed.png\" alt=\"\" width=\"352\" height=\"51\" \/><\/td>\n<td style=\"width: 14.2857%;\"><img loading=\"lazy\" decoding=\"async\" class=\"aligncenter size-medium wp-image-869\" src=\"https:\/\/www.fundaciofarineragirona.cat\/wp-content\/uploads\/2025\/10\/Logo-verd-450x450.png\" alt=\"\" width=\"450\" height=\"450\" srcset=\"https:\/\/www.fundaciofarineragirona.cat\/wp-content\/uploads\/2025\/10\/Logo-verd-450x450.png 450w, https:\/\/www.fundaciofarineragirona.cat\/wp-content\/uploads\/2025\/10\/Logo-verd-150x150.png 150w, https:\/\/www.fundaciofarineragirona.cat\/wp-content\/uploads\/2025\/10\/Logo-verd.png 500w\" sizes=\"auto, (max-width: 450px) 100vw, 450px\" \/><\/td>\n<\/tr>\n<\/tbody>\n<\/table>\n","protected":false},"excerpt":{"rendered":"<p>La Mostra d\u2019Emprenedoria va celebrar la 13a edici\u00f3 el 23 d&#8217;octubre 2025, enguany impulsada per la Fundaci\u00f3 Farinera Girona i pr\u00e8viament presentada pel Giroscopi i Assessoria Codina. Un any m\u00e9s, es va consolidar com un esdeveniment que reconeix i impulsa el talent emprenedor de les comarques gironines, i com un espai clau per fer visibles [&hellip;]<\/p>\n","protected":false},"author":1,"featured_media":0,"parent":272,"menu_order":43,"comment_status":"closed","ping_status":"closed","template":"beques.php","meta":{"_acf_changed":false,"inline_featured_image":false,"footnotes":"","_links_to":"","_links_to_target":""},"class_list":["post-273","page","type-page","status-publish","hentry"],"acf":[],"yoast_head":"<!-- This site is optimized with the Yoast SEO plugin v27.3 - https:\/\/yoast.com\/product\/yoast-seo-wordpress\/ -->\n<title>Mostra d\u02bcemprenedoria - Fundaci\u00f3 Farinera Girona<\/title>\n<meta name=\"description\" content=\"La\u00a0Mostra d&#039;Emprenedoria celebrar\u00e0 la 13a edici\u00f3, i les inscripcions es tancaran el 30 de setembre d&#039;enguany. Ser\u00e0s tu un dels finalistes?\" \/>\n<meta name=\"robots\" content=\"index, follow, max-snippet:-1, max-image-preview:large, max-video-preview:-1\" \/>\n<link rel=\"canonical\" href=\"https:\/\/www.fundaciofarineragirona.cat\/ca\/iniciatives\/mostra-demprenedoria\/\" \/>\n<meta property=\"og:locale\" content=\"ca_ES\" \/>\n<meta property=\"og:type\" content=\"article\" \/>\n<meta property=\"og:title\" content=\"Mostra d\u02bcemprenedoria - Fundaci\u00f3 Farinera Girona\" \/>\n<meta property=\"og:description\" content=\"La\u00a0Mostra d&#039;Emprenedoria celebrar\u00e0 la 13a edici\u00f3, i les inscripcions es tancaran el 30 de setembre d&#039;enguany. Ser\u00e0s tu un dels finalistes?\" \/>\n<meta property=\"og:url\" content=\"https:\/\/www.fundaciofarineragirona.cat\/ca\/iniciatives\/mostra-demprenedoria\/\" \/>\n<meta property=\"og:site_name\" content=\"Fundaci\u00f3 Farinera Girona\" \/>\n<meta property=\"article:modified_time\" content=\"2026-02-16T10:21:43+00:00\" \/>\n<meta property=\"og:image\" content=\"https:\/\/www.fundaciofarineragirona.cat\/wp-content\/uploads\/2025\/06\/logo-03-300x150.jpg\" \/>\n<meta name=\"twitter:card\" content=\"summary_large_image\" \/>\n<meta name=\"twitter:label1\" content=\"Temps estimat de lectura\" \/>\n\t<meta name=\"twitter:data1\" content=\"3 minuts\" \/>\n<script type=\"application\/ld+json\" class=\"yoast-schema-graph\">{\"@context\":\"https:\\\/\\\/schema.org\",\"@graph\":[{\"@type\":\"WebPage\",\"@id\":\"https:\\\/\\\/www.fundaciofarineragirona.cat\\\/ca\\\/iniciatives\\\/mostra-demprenedoria\\\/\",\"url\":\"https:\\\/\\\/www.fundaciofarineragirona.cat\\\/ca\\\/iniciatives\\\/mostra-demprenedoria\\\/\",\"name\":\"Mostra d\u02bcemprenedoria - Fundaci\u00f3 Farinera Girona\",\"isPartOf\":{\"@id\":\"https:\\\/\\\/www.fundaciofarineragirona.cat\\\/ca\\\/versio2\\\/ca\\\/#website\"},\"primaryImageOfPage\":{\"@id\":\"https:\\\/\\\/www.fundaciofarineragirona.cat\\\/ca\\\/iniciatives\\\/mostra-demprenedoria\\\/#primaryimage\"},\"image\":{\"@id\":\"https:\\\/\\\/www.fundaciofarineragirona.cat\\\/ca\\\/iniciatives\\\/mostra-demprenedoria\\\/#primaryimage\"},\"thumbnailUrl\":\"https:\\\/\\\/www.fundaciofarineragirona.cat\\\/wp-content\\\/uploads\\\/2025\\\/06\\\/logo-03-300x150.jpg\",\"datePublished\":\"2025-06-24T10:42:29+00:00\",\"dateModified\":\"2026-02-16T10:21:43+00:00\",\"description\":\"La\u00a0Mostra d'Emprenedoria celebrar\u00e0 la 13a edici\u00f3, i les inscripcions es tancaran el 30 de setembre d'enguany. Ser\u00e0s tu un dels finalistes?\",\"breadcrumb\":{\"@id\":\"https:\\\/\\\/www.fundaciofarineragirona.cat\\\/ca\\\/iniciatives\\\/mostra-demprenedoria\\\/#breadcrumb\"},\"inLanguage\":\"ca\",\"potentialAction\":[{\"@type\":\"ReadAction\",\"target\":[\"https:\\\/\\\/www.fundaciofarineragirona.cat\\\/ca\\\/iniciatives\\\/mostra-demprenedoria\\\/\"]}]},{\"@type\":\"ImageObject\",\"inLanguage\":\"ca\",\"@id\":\"https:\\\/\\\/www.fundaciofarineragirona.cat\\\/ca\\\/iniciatives\\\/mostra-demprenedoria\\\/#primaryimage\",\"url\":\"https:\\\/\\\/www.fundaciofarineragirona.cat\\\/wp-content\\\/uploads\\\/2025\\\/06\\\/logo-03-300x150.jpg\",\"contentUrl\":\"https:\\\/\\\/www.fundaciofarineragirona.cat\\\/wp-content\\\/uploads\\\/2025\\\/06\\\/logo-03-300x150.jpg\"},{\"@type\":\"BreadcrumbList\",\"@id\":\"https:\\\/\\\/www.fundaciofarineragirona.cat\\\/ca\\\/iniciatives\\\/mostra-demprenedoria\\\/#breadcrumb\",\"itemListElement\":[{\"@type\":\"ListItem\",\"position\":1,\"name\":\"Inici\",\"item\":\"https:\\\/\\\/www.fundaciofarineragirona.cat\\\/ca\\\/versio2\\\/ca\\\/\"},{\"@type\":\"ListItem\",\"position\":2,\"name\":\"Iniciatives\",\"item\":\"\\\/\"},{\"@type\":\"ListItem\",\"position\":3,\"name\":\"Mostra d\u02bcemprenedoria\"}]},{\"@type\":\"WebSite\",\"@id\":\"https:\\\/\\\/www.fundaciofarineragirona.cat\\\/ca\\\/versio2\\\/ca\\\/#website\",\"url\":\"https:\\\/\\\/www.fundaciofarineragirona.cat\\\/ca\\\/versio2\\\/ca\\\/\",\"name\":\"Fundaci\u00f3 Farinera Girona\",\"description\":\"Impulsem talent, transformem territori\",\"potentialAction\":[{\"@type\":\"SearchAction\",\"target\":{\"@type\":\"EntryPoint\",\"urlTemplate\":\"https:\\\/\\\/www.fundaciofarineragirona.cat\\\/ca\\\/versio2\\\/ca\\\/?s={search_term_string}\"},\"query-input\":{\"@type\":\"PropertyValueSpecification\",\"valueRequired\":true,\"valueName\":\"search_term_string\"}}],\"inLanguage\":\"ca\"}]}<\/script>\n<!-- \/ Yoast SEO plugin. -->","yoast_head_json":{"title":"Mostra d\u02bcemprenedoria - Fundaci\u00f3 Farinera Girona","description":"La\u00a0Mostra d'Emprenedoria celebrar\u00e0 la 13a edici\u00f3, i les inscripcions es tancaran el 30 de setembre d'enguany. Ser\u00e0s tu un dels finalistes?","robots":{"index":"index","follow":"follow","max-snippet":"max-snippet:-1","max-image-preview":"max-image-preview:large","max-video-preview":"max-video-preview:-1"},"canonical":"https:\/\/www.fundaciofarineragirona.cat\/ca\/iniciatives\/mostra-demprenedoria\/","og_locale":"ca_ES","og_type":"article","og_title":"Mostra d\u02bcemprenedoria - Fundaci\u00f3 Farinera Girona","og_description":"La\u00a0Mostra d'Emprenedoria celebrar\u00e0 la 13a edici\u00f3, i les inscripcions es tancaran el 30 de setembre d'enguany. Ser\u00e0s tu un dels finalistes?","og_url":"https:\/\/www.fundaciofarineragirona.cat\/ca\/iniciatives\/mostra-demprenedoria\/","og_site_name":"Fundaci\u00f3 Farinera Girona","article_modified_time":"2026-02-16T10:21:43+00:00","og_image":[{"url":"https:\/\/www.fundaciofarineragirona.cat\/wp-content\/uploads\/2025\/06\/logo-03-300x150.jpg","type":"","width":"","height":""}],"twitter_card":"summary_large_image","twitter_misc":{"Temps estimat de lectura":"3 minuts"},"schema":{"@context":"https:\/\/schema.org","@graph":[{"@type":"WebPage","@id":"https:\/\/www.fundaciofarineragirona.cat\/ca\/iniciatives\/mostra-demprenedoria\/","url":"https:\/\/www.fundaciofarineragirona.cat\/ca\/iniciatives\/mostra-demprenedoria\/","name":"Mostra d\u02bcemprenedoria - Fundaci\u00f3 Farinera Girona","isPartOf":{"@id":"https:\/\/www.fundaciofarineragirona.cat\/ca\/versio2\/ca\/#website"},"primaryImageOfPage":{"@id":"https:\/\/www.fundaciofarineragirona.cat\/ca\/iniciatives\/mostra-demprenedoria\/#primaryimage"},"image":{"@id":"https:\/\/www.fundaciofarineragirona.cat\/ca\/iniciatives\/mostra-demprenedoria\/#primaryimage"},"thumbnailUrl":"https:\/\/www.fundaciofarineragirona.cat\/wp-content\/uploads\/2025\/06\/logo-03-300x150.jpg","datePublished":"2025-06-24T10:42:29+00:00","dateModified":"2026-02-16T10:21:43+00:00","description":"La\u00a0Mostra d'Emprenedoria celebrar\u00e0 la 13a edici\u00f3, i les inscripcions es tancaran el 30 de setembre d'enguany. Ser\u00e0s tu un dels finalistes?","breadcrumb":{"@id":"https:\/\/www.fundaciofarineragirona.cat\/ca\/iniciatives\/mostra-demprenedoria\/#breadcrumb"},"inLanguage":"ca","potentialAction":[{"@type":"ReadAction","target":["https:\/\/www.fundaciofarineragirona.cat\/ca\/iniciatives\/mostra-demprenedoria\/"]}]},{"@type":"ImageObject","inLanguage":"ca","@id":"https:\/\/www.fundaciofarineragirona.cat\/ca\/iniciatives\/mostra-demprenedoria\/#primaryimage","url":"https:\/\/www.fundaciofarineragirona.cat\/wp-content\/uploads\/2025\/06\/logo-03-300x150.jpg","contentUrl":"https:\/\/www.fundaciofarineragirona.cat\/wp-content\/uploads\/2025\/06\/logo-03-300x150.jpg"},{"@type":"BreadcrumbList","@id":"https:\/\/www.fundaciofarineragirona.cat\/ca\/iniciatives\/mostra-demprenedoria\/#breadcrumb","itemListElement":[{"@type":"ListItem","position":1,"name":"Inici","item":"https:\/\/www.fundaciofarineragirona.cat\/ca\/versio2\/ca\/"},{"@type":"ListItem","position":2,"name":"Iniciatives","item":"\/"},{"@type":"ListItem","position":3,"name":"Mostra d\u02bcemprenedoria"}]},{"@type":"WebSite","@id":"https:\/\/www.fundaciofarineragirona.cat\/ca\/versio2\/ca\/#website","url":"https:\/\/www.fundaciofarineragirona.cat\/ca\/versio2\/ca\/","name":"Fundaci\u00f3 Farinera Girona","description":"Impulsem talent, transformem territori","potentialAction":[{"@type":"SearchAction","target":{"@type":"EntryPoint","urlTemplate":"https:\/\/www.fundaciofarineragirona.cat\/ca\/versio2\/ca\/?s={search_term_string}"},"query-input":{"@type":"PropertyValueSpecification","valueRequired":true,"valueName":"search_term_string"}}],"inLanguage":"ca"}]}},"_links":{"self":[{"href":"https:\/\/www.fundaciofarineragirona.cat\/ca\/wp-json\/wp\/v2\/pages\/273","targetHints":{"allow":["GET"]}}],"collection":[{"href":"https:\/\/www.fundaciofarineragirona.cat\/ca\/wp-json\/wp\/v2\/pages"}],"about":[{"href":"https:\/\/www.fundaciofarineragirona.cat\/ca\/wp-json\/wp\/v2\/types\/page"}],"author":[{"embeddable":true,"href":"https:\/\/www.fundaciofarineragirona.cat\/ca\/wp-json\/wp\/v2\/users\/1"}],"replies":[{"embeddable":true,"href":"https:\/\/www.fundaciofarineragirona.cat\/ca\/wp-json\/wp\/v2\/comments?post=273"}],"version-history":[{"count":49,"href":"https:\/\/www.fundaciofarineragirona.cat\/ca\/wp-json\/wp\/v2\/pages\/273\/revisions"}],"predecessor-version":[{"id":1164,"href":"https:\/\/www.fundaciofarineragirona.cat\/ca\/wp-json\/wp\/v2\/pages\/273\/revisions\/1164"}],"up":[{"embeddable":true,"href":"https:\/\/www.fundaciofarineragirona.cat\/ca\/wp-json\/wp\/v2\/pages\/272"}],"wp:attachment":[{"href":"https:\/\/www.fundaciofarineragirona.cat\/ca\/wp-json\/wp\/v2\/media?parent=273"}],"curies":[{"name":"wp","href":"https:\/\/api.w.org\/{rel}","templated":true}]}}