{"id":270,"date":"2025-06-24T12:42:29","date_gmt":"2025-06-24T10:42:29","guid":{"rendered":"https:\/\/www.fundaciofarineragirona.cat\/programa-emprenedoria\/mentors\/"},"modified":"2026-02-02T10:21:35","modified_gmt":"2026-02-02T08:21:35","slug":"mentors-fundacio-farinera-girona","status":"publish","type":"page","link":"https:\/\/www.fundaciofarineragirona.cat\/ca\/programa-emprenedoria-fundacio-farinera-girona\/mentors-fundacio-farinera-girona\/","title":{"rendered":"Els mentors"},"content":{"rendered":"<p>L\u02bcequip de mentors de la <strong>Fundaci\u00f3 Farinera Girona<\/strong> est\u00e0 format per professionals amb experi\u00e8ncia i passi\u00f3 per acompanyar persones emprenedores en el seu cam\u00ed. Ofereixen <strong>suport personalitzat<\/strong>, orientaci\u00f3 i consells pr\u00e0ctics per ajudar a superar reptes i fer cr\u00e9ixer projectes amb solidesa i confian\u00e7a.<\/p>\n","protected":false},"excerpt":{"rendered":"<p>L\u02bcequip de mentors de la Fundaci\u00f3 Farinera Girona est\u00e0 format per professionals amb experi\u00e8ncia i passi\u00f3 per acompanyar persones emprenedores en el seu cam\u00ed. Ofereixen suport personalitzat, orientaci\u00f3 i consells pr\u00e0ctics per ajudar a superar reptes i fer cr\u00e9ixer projectes amb solidesa i confian\u00e7a.<\/p>\n","protected":false},"author":1,"featured_media":0,"parent":268,"menu_order":24,"comment_status":"closed","ping_status":"closed","template":"mentors.php","meta":{"_acf_changed":false,"inline_featured_image":false,"footnotes":"","_links_to":"","_links_to_target":""},"class_list":["post-270","page","type-page","status-publish","hentry"],"acf":[],"yoast_head":"<!-- This site is optimized with the Yoast SEO plugin v27.3 - https:\/\/yoast.com\/product\/yoast-seo-wordpress\/ -->\n<title>Els mentors - Fundaci\u00f3 Farinera Girona<\/title>\n<meta name=\"description\" content=\"Els mentors de la Fundaci\u00f3 Farinera Girona ofereixen suport personalitzat per ajudar a superar reptes i fer cr\u00e9ixer projectes d&#039;emprenedors.\" \/>\n<meta name=\"robots\" content=\"index, follow, max-snippet:-1, max-image-preview:large, max-video-preview:-1\" \/>\n<link rel=\"canonical\" href=\"https:\/\/www.fundaciofarineragirona.cat\/ca\/programa-emprenedoria-fundacio-farinera-girona\/mentors-fundacio-farinera-girona\/\" \/>\n<meta property=\"og:locale\" content=\"ca_ES\" \/>\n<meta property=\"og:type\" content=\"article\" \/>\n<meta property=\"og:title\" content=\"Els mentors - Fundaci\u00f3 Farinera Girona\" \/>\n<meta property=\"og:description\" content=\"Els mentors de la Fundaci\u00f3 Farinera Girona ofereixen suport personalitzat per ajudar a superar reptes i fer cr\u00e9ixer projectes d&#039;emprenedors.\" \/>\n<meta property=\"og:url\" content=\"https:\/\/www.fundaciofarineragirona.cat\/ca\/programa-emprenedoria-fundacio-farinera-girona\/mentors-fundacio-farinera-girona\/\" \/>\n<meta property=\"og:site_name\" content=\"Fundaci\u00f3 Farinera Girona\" \/>\n<meta property=\"article:modified_time\" content=\"2026-02-02T08:21:35+00:00\" \/>\n<meta name=\"twitter:card\" content=\"summary_large_image\" \/>\n<meta name=\"twitter:label1\" content=\"Temps estimat de lectura\" \/>\n\t<meta name=\"twitter:data1\" content=\"1 minut\" \/>\n<script type=\"application\/ld+json\" class=\"yoast-schema-graph\">{\"@context\":\"https:\\\/\\\/schema.org\",\"@graph\":[{\"@type\":\"WebPage\",\"@id\":\"https:\\\/\\\/www.fundaciofarineragirona.cat\\\/ca\\\/programa-emprenedoria-fundacio-farinera-girona\\\/mentors-fundacio-farinera-girona\\\/\",\"url\":\"https:\\\/\\\/www.fundaciofarineragirona.cat\\\/ca\\\/programa-emprenedoria-fundacio-farinera-girona\\\/mentors-fundacio-farinera-girona\\\/\",\"name\":\"Els mentors - Fundaci\u00f3 Farinera Girona\",\"isPartOf\":{\"@id\":\"https:\\\/\\\/www.fundaciofarineragirona.cat\\\/ca\\\/versio2\\\/ca\\\/#website\"},\"datePublished\":\"2025-06-24T10:42:29+00:00\",\"dateModified\":\"2026-02-02T08:21:35+00:00\",\"description\":\"Els mentors de la Fundaci\u00f3 Farinera Girona ofereixen suport personalitzat per ajudar a superar reptes i fer cr\u00e9ixer projectes d'emprenedors.\",\"breadcrumb\":{\"@id\":\"https:\\\/\\\/www.fundaciofarineragirona.cat\\\/ca\\\/programa-emprenedoria-fundacio-farinera-girona\\\/mentors-fundacio-farinera-girona\\\/#breadcrumb\"},\"inLanguage\":\"ca\",\"potentialAction\":[{\"@type\":\"ReadAction\",\"target\":[\"https:\\\/\\\/www.fundaciofarineragirona.cat\\\/ca\\\/programa-emprenedoria-fundacio-farinera-girona\\\/mentors-fundacio-farinera-girona\\\/\"]}]},{\"@type\":\"BreadcrumbList\",\"@id\":\"https:\\\/\\\/www.fundaciofarineragirona.cat\\\/ca\\\/programa-emprenedoria-fundacio-farinera-girona\\\/mentors-fundacio-farinera-girona\\\/#breadcrumb\",\"itemListElement\":[{\"@type\":\"ListItem\",\"position\":1,\"name\":\"Inici\",\"item\":\"https:\\\/\\\/www.fundaciofarineragirona.cat\\\/ca\\\/versio2\\\/ca\\\/\"},{\"@type\":\"ListItem\",\"position\":2,\"name\":\"Programa d\u02bcEmprenedoria\",\"item\":\"\\\/\"},{\"@type\":\"ListItem\",\"position\":3,\"name\":\"Els mentors\"}]},{\"@type\":\"WebSite\",\"@id\":\"https:\\\/\\\/www.fundaciofarineragirona.cat\\\/ca\\\/versio2\\\/ca\\\/#website\",\"url\":\"https:\\\/\\\/www.fundaciofarineragirona.cat\\\/ca\\\/versio2\\\/ca\\\/\",\"name\":\"Fundaci\u00f3 Farinera Girona\",\"description\":\"Impulsem talent, transformem territori\",\"potentialAction\":[{\"@type\":\"SearchAction\",\"target\":{\"@type\":\"EntryPoint\",\"urlTemplate\":\"https:\\\/\\\/www.fundaciofarineragirona.cat\\\/ca\\\/versio2\\\/ca\\\/?s={search_term_string}\"},\"query-input\":{\"@type\":\"PropertyValueSpecification\",\"valueRequired\":true,\"valueName\":\"search_term_string\"}}],\"inLanguage\":\"ca\"}]}<\/script>\n<!-- \/ Yoast SEO plugin. -->","yoast_head_json":{"title":"Els mentors - Fundaci\u00f3 Farinera Girona","description":"Els mentors de la Fundaci\u00f3 Farinera Girona ofereixen suport personalitzat per ajudar a superar reptes i fer cr\u00e9ixer projectes d'emprenedors.","robots":{"index":"index","follow":"follow","max-snippet":"max-snippet:-1","max-image-preview":"max-image-preview:large","max-video-preview":"max-video-preview:-1"},"canonical":"https:\/\/www.fundaciofarineragirona.cat\/ca\/programa-emprenedoria-fundacio-farinera-girona\/mentors-fundacio-farinera-girona\/","og_locale":"ca_ES","og_type":"article","og_title":"Els mentors - Fundaci\u00f3 Farinera Girona","og_description":"Els mentors de la Fundaci\u00f3 Farinera Girona ofereixen suport personalitzat per ajudar a superar reptes i fer cr\u00e9ixer projectes d'emprenedors.","og_url":"https:\/\/www.fundaciofarineragirona.cat\/ca\/programa-emprenedoria-fundacio-farinera-girona\/mentors-fundacio-farinera-girona\/","og_site_name":"Fundaci\u00f3 Farinera Girona","article_modified_time":"2026-02-02T08:21:35+00:00","twitter_card":"summary_large_image","twitter_misc":{"Temps estimat de lectura":"1 minut"},"schema":{"@context":"https:\/\/schema.org","@graph":[{"@type":"WebPage","@id":"https:\/\/www.fundaciofarineragirona.cat\/ca\/programa-emprenedoria-fundacio-farinera-girona\/mentors-fundacio-farinera-girona\/","url":"https:\/\/www.fundaciofarineragirona.cat\/ca\/programa-emprenedoria-fundacio-farinera-girona\/mentors-fundacio-farinera-girona\/","name":"Els mentors - Fundaci\u00f3 Farinera Girona","isPartOf":{"@id":"https:\/\/www.fundaciofarineragirona.cat\/ca\/versio2\/ca\/#website"},"datePublished":"2025-06-24T10:42:29+00:00","dateModified":"2026-02-02T08:21:35+00:00","description":"Els mentors de la Fundaci\u00f3 Farinera Girona ofereixen suport personalitzat per ajudar a superar reptes i fer cr\u00e9ixer projectes d'emprenedors.","breadcrumb":{"@id":"https:\/\/www.fundaciofarineragirona.cat\/ca\/programa-emprenedoria-fundacio-farinera-girona\/mentors-fundacio-farinera-girona\/#breadcrumb"},"inLanguage":"ca","potentialAction":[{"@type":"ReadAction","target":["https:\/\/www.fundaciofarineragirona.cat\/ca\/programa-emprenedoria-fundacio-farinera-girona\/mentors-fundacio-farinera-girona\/"]}]},{"@type":"BreadcrumbList","@id":"https:\/\/www.fundaciofarineragirona.cat\/ca\/programa-emprenedoria-fundacio-farinera-girona\/mentors-fundacio-farinera-girona\/#breadcrumb","itemListElement":[{"@type":"ListItem","position":1,"name":"Inici","item":"https:\/\/www.fundaciofarineragirona.cat\/ca\/versio2\/ca\/"},{"@type":"ListItem","position":2,"name":"Programa d\u02bcEmprenedoria","item":"\/"},{"@type":"ListItem","position":3,"name":"Els mentors"}]},{"@type":"WebSite","@id":"https:\/\/www.fundaciofarineragirona.cat\/ca\/versio2\/ca\/#website","url":"https:\/\/www.fundaciofarineragirona.cat\/ca\/versio2\/ca\/","name":"Fundaci\u00f3 Farinera Girona","description":"Impulsem talent, transformem territori","potentialAction":[{"@type":"SearchAction","target":{"@type":"EntryPoint","urlTemplate":"https:\/\/www.fundaciofarineragirona.cat\/ca\/versio2\/ca\/?s={search_term_string}"},"query-input":{"@type":"PropertyValueSpecification","valueRequired":true,"valueName":"search_term_string"}}],"inLanguage":"ca"}]}},"_links":{"self":[{"href":"https:\/\/www.fundaciofarineragirona.cat\/ca\/wp-json\/wp\/v2\/pages\/270","targetHints":{"allow":["GET"]}}],"collection":[{"href":"https:\/\/www.fundaciofarineragirona.cat\/ca\/wp-json\/wp\/v2\/pages"}],"about":[{"href":"https:\/\/www.fundaciofarineragirona.cat\/ca\/wp-json\/wp\/v2\/types\/page"}],"author":[{"embeddable":true,"href":"https:\/\/www.fundaciofarineragirona.cat\/ca\/wp-json\/wp\/v2\/users\/1"}],"replies":[{"embeddable":true,"href":"https:\/\/www.fundaciofarineragirona.cat\/ca\/wp-json\/wp\/v2\/comments?post=270"}],"version-history":[{"count":43,"href":"https:\/\/www.fundaciofarineragirona.cat\/ca\/wp-json\/wp\/v2\/pages\/270\/revisions"}],"predecessor-version":[{"id":1065,"href":"https:\/\/www.fundaciofarineragirona.cat\/ca\/wp-json\/wp\/v2\/pages\/270\/revisions\/1065"}],"up":[{"embeddable":true,"href":"https:\/\/www.fundaciofarineragirona.cat\/ca\/wp-json\/wp\/v2\/pages\/268"}],"wp:attachment":[{"href":"https:\/\/www.fundaciofarineragirona.cat\/ca\/wp-json\/wp\/v2\/media?parent=270"}],"curies":[{"name":"wp","href":"https:\/\/api.w.org\/{rel}","templated":true}]}}