{"id":266,"date":"2025-06-24T12:42:29","date_gmt":"2025-06-24T10:42:29","guid":{"rendered":"https:\/\/www.fundaciofarineragirona.cat\/la-fundacio\/el-nostre-equip\/"},"modified":"2026-04-08T09:30:20","modified_gmt":"2026-04-08T07:30:20","slug":"el-nostre-equip","status":"publish","type":"page","link":"https:\/\/www.fundaciofarineragirona.cat\/ca\/fundacio-farinera-girona-2\/el-nostre-equip\/","title":{"rendered":"Equip"},"content":{"rendered":"<p>El\u00a0<strong>cor de la Fundaci\u00f3 Farinera Girona<\/strong>\u00a0\u00e9s un equip comprom\u00e8s i apassionat format per una diversitat de persones que comparteixen una mateixa missi\u00f3: acompanyar, escoltar i fer costat a qui empr\u00e8n. Amb perfils diversos i experi\u00e8ncies complement\u00e0ries, treballem conjuntament per ajudar a fer cr\u00e9ixer projectes. Creiem en el valor de les persones, en el treball col\u00b7lectiu i en la for\u00e7a de la comunitat.<\/p>\n","protected":false},"excerpt":{"rendered":"<p>El\u00a0cor de la Fundaci\u00f3 Farinera Girona\u00a0\u00e9s un equip comprom\u00e8s i apassionat format per una diversitat de persones que comparteixen una mateixa missi\u00f3: acompanyar, escoltar i fer costat a qui empr\u00e8n. Amb perfils diversos i experi\u00e8ncies complement\u00e0ries, treballem conjuntament per ajudar a fer cr\u00e9ixer projectes. Creiem en el valor de les persones, en el treball col\u00b7lectiu [&hellip;]<\/p>\n","protected":false},"author":1,"featured_media":0,"parent":264,"menu_order":12,"comment_status":"closed","ping_status":"closed","template":"el-nostre-equip.php","meta":{"_acf_changed":false,"inline_featured_image":false,"footnotes":"","_links_to":"","_links_to_target":""},"class_list":["post-266","page","type-page","status-publish","hentry"],"acf":[],"yoast_head":"<!-- This site is optimized with the Yoast SEO plugin v27.3 - https:\/\/yoast.com\/product\/yoast-seo-wordpress\/ -->\n<title>Equip - Fundaci\u00f3 Farinera Girona<\/title>\n<meta name=\"description\" content=\"L&#039;equip de la Fundaci\u00f3 Farinera Girona comparteix una mateixa missi\u00f3: acompanyar, escoltar i fer costat a qui empr\u00e8n.\" \/>\n<meta name=\"robots\" content=\"index, follow, max-snippet:-1, max-image-preview:large, max-video-preview:-1\" \/>\n<link rel=\"canonical\" href=\"https:\/\/www.fundaciofarineragirona.cat\/ca\/fundacio-farinera-girona-2\/el-nostre-equip\/\" \/>\n<meta property=\"og:locale\" content=\"ca_ES\" \/>\n<meta property=\"og:type\" content=\"article\" \/>\n<meta property=\"og:title\" content=\"Equip - Fundaci\u00f3 Farinera Girona\" \/>\n<meta property=\"og:description\" content=\"L&#039;equip de la Fundaci\u00f3 Farinera Girona comparteix una mateixa missi\u00f3: acompanyar, escoltar i fer costat a qui empr\u00e8n.\" \/>\n<meta property=\"og:url\" content=\"https:\/\/www.fundaciofarineragirona.cat\/ca\/fundacio-farinera-girona-2\/el-nostre-equip\/\" \/>\n<meta property=\"og:site_name\" content=\"Fundaci\u00f3 Farinera Girona\" \/>\n<meta property=\"article:modified_time\" content=\"2026-04-08T07:30:20+00:00\" \/>\n<meta name=\"twitter:card\" content=\"summary_large_image\" \/>\n<meta name=\"twitter:label1\" content=\"Temps estimat de lectura\" \/>\n\t<meta name=\"twitter:data1\" content=\"1 minut\" \/>\n<script type=\"application\/ld+json\" class=\"yoast-schema-graph\">{\"@context\":\"https:\\\/\\\/schema.org\",\"@graph\":[{\"@type\":\"WebPage\",\"@id\":\"https:\\\/\\\/www.fundaciofarineragirona.cat\\\/ca\\\/fundacio-farinera-girona-2\\\/el-nostre-equip\\\/\",\"url\":\"https:\\\/\\\/www.fundaciofarineragirona.cat\\\/ca\\\/fundacio-farinera-girona-2\\\/el-nostre-equip\\\/\",\"name\":\"Equip - Fundaci\u00f3 Farinera Girona\",\"isPartOf\":{\"@id\":\"https:\\\/\\\/www.fundaciofarineragirona.cat\\\/ca\\\/versio2\\\/ca\\\/#website\"},\"datePublished\":\"2025-06-24T10:42:29+00:00\",\"dateModified\":\"2026-04-08T07:30:20+00:00\",\"description\":\"L'equip de la Fundaci\u00f3 Farinera Girona comparteix una mateixa missi\u00f3: acompanyar, escoltar i fer costat a qui empr\u00e8n.\",\"breadcrumb\":{\"@id\":\"https:\\\/\\\/www.fundaciofarineragirona.cat\\\/ca\\\/fundacio-farinera-girona-2\\\/el-nostre-equip\\\/#breadcrumb\"},\"inLanguage\":\"ca\",\"potentialAction\":[{\"@type\":\"ReadAction\",\"target\":[\"https:\\\/\\\/www.fundaciofarineragirona.cat\\\/ca\\\/fundacio-farinera-girona-2\\\/el-nostre-equip\\\/\"]}]},{\"@type\":\"BreadcrumbList\",\"@id\":\"https:\\\/\\\/www.fundaciofarineragirona.cat\\\/ca\\\/fundacio-farinera-girona-2\\\/el-nostre-equip\\\/#breadcrumb\",\"itemListElement\":[{\"@type\":\"ListItem\",\"position\":1,\"name\":\"Inici\",\"item\":\"https:\\\/\\\/www.fundaciofarineragirona.cat\\\/ca\\\/versio2\\\/ca\\\/\"},{\"@type\":\"ListItem\",\"position\":2,\"name\":\"La Fundaci\u00f3\",\"item\":\"\\\/\"},{\"@type\":\"ListItem\",\"position\":3,\"name\":\"Equip\"}]},{\"@type\":\"WebSite\",\"@id\":\"https:\\\/\\\/www.fundaciofarineragirona.cat\\\/ca\\\/versio2\\\/ca\\\/#website\",\"url\":\"https:\\\/\\\/www.fundaciofarineragirona.cat\\\/ca\\\/versio2\\\/ca\\\/\",\"name\":\"Fundaci\u00f3 Farinera Girona\",\"description\":\"Impulsem talent, transformem territori\",\"potentialAction\":[{\"@type\":\"SearchAction\",\"target\":{\"@type\":\"EntryPoint\",\"urlTemplate\":\"https:\\\/\\\/www.fundaciofarineragirona.cat\\\/ca\\\/versio2\\\/ca\\\/?s={search_term_string}\"},\"query-input\":{\"@type\":\"PropertyValueSpecification\",\"valueRequired\":true,\"valueName\":\"search_term_string\"}}],\"inLanguage\":\"ca\"}]}<\/script>\n<!-- \/ Yoast SEO plugin. -->","yoast_head_json":{"title":"Equip - Fundaci\u00f3 Farinera Girona","description":"L'equip de la Fundaci\u00f3 Farinera Girona comparteix una mateixa missi\u00f3: acompanyar, escoltar i fer costat a qui empr\u00e8n.","robots":{"index":"index","follow":"follow","max-snippet":"max-snippet:-1","max-image-preview":"max-image-preview:large","max-video-preview":"max-video-preview:-1"},"canonical":"https:\/\/www.fundaciofarineragirona.cat\/ca\/fundacio-farinera-girona-2\/el-nostre-equip\/","og_locale":"ca_ES","og_type":"article","og_title":"Equip - Fundaci\u00f3 Farinera Girona","og_description":"L'equip de la Fundaci\u00f3 Farinera Girona comparteix una mateixa missi\u00f3: acompanyar, escoltar i fer costat a qui empr\u00e8n.","og_url":"https:\/\/www.fundaciofarineragirona.cat\/ca\/fundacio-farinera-girona-2\/el-nostre-equip\/","og_site_name":"Fundaci\u00f3 Farinera Girona","article_modified_time":"2026-04-08T07:30:20+00:00","twitter_card":"summary_large_image","twitter_misc":{"Temps estimat de lectura":"1 minut"},"schema":{"@context":"https:\/\/schema.org","@graph":[{"@type":"WebPage","@id":"https:\/\/www.fundaciofarineragirona.cat\/ca\/fundacio-farinera-girona-2\/el-nostre-equip\/","url":"https:\/\/www.fundaciofarineragirona.cat\/ca\/fundacio-farinera-girona-2\/el-nostre-equip\/","name":"Equip - Fundaci\u00f3 Farinera Girona","isPartOf":{"@id":"https:\/\/www.fundaciofarineragirona.cat\/ca\/versio2\/ca\/#website"},"datePublished":"2025-06-24T10:42:29+00:00","dateModified":"2026-04-08T07:30:20+00:00","description":"L'equip de la Fundaci\u00f3 Farinera Girona comparteix una mateixa missi\u00f3: acompanyar, escoltar i fer costat a qui empr\u00e8n.","breadcrumb":{"@id":"https:\/\/www.fundaciofarineragirona.cat\/ca\/fundacio-farinera-girona-2\/el-nostre-equip\/#breadcrumb"},"inLanguage":"ca","potentialAction":[{"@type":"ReadAction","target":["https:\/\/www.fundaciofarineragirona.cat\/ca\/fundacio-farinera-girona-2\/el-nostre-equip\/"]}]},{"@type":"BreadcrumbList","@id":"https:\/\/www.fundaciofarineragirona.cat\/ca\/fundacio-farinera-girona-2\/el-nostre-equip\/#breadcrumb","itemListElement":[{"@type":"ListItem","position":1,"name":"Inici","item":"https:\/\/www.fundaciofarineragirona.cat\/ca\/versio2\/ca\/"},{"@type":"ListItem","position":2,"name":"La Fundaci\u00f3","item":"\/"},{"@type":"ListItem","position":3,"name":"Equip"}]},{"@type":"WebSite","@id":"https:\/\/www.fundaciofarineragirona.cat\/ca\/versio2\/ca\/#website","url":"https:\/\/www.fundaciofarineragirona.cat\/ca\/versio2\/ca\/","name":"Fundaci\u00f3 Farinera Girona","description":"Impulsem talent, transformem territori","potentialAction":[{"@type":"SearchAction","target":{"@type":"EntryPoint","urlTemplate":"https:\/\/www.fundaciofarineragirona.cat\/ca\/versio2\/ca\/?s={search_term_string}"},"query-input":{"@type":"PropertyValueSpecification","valueRequired":true,"valueName":"search_term_string"}}],"inLanguage":"ca"}]}},"_links":{"self":[{"href":"https:\/\/www.fundaciofarineragirona.cat\/ca\/wp-json\/wp\/v2\/pages\/266","targetHints":{"allow":["GET"]}}],"collection":[{"href":"https:\/\/www.fundaciofarineragirona.cat\/ca\/wp-json\/wp\/v2\/pages"}],"about":[{"href":"https:\/\/www.fundaciofarineragirona.cat\/ca\/wp-json\/wp\/v2\/types\/page"}],"author":[{"embeddable":true,"href":"https:\/\/www.fundaciofarineragirona.cat\/ca\/wp-json\/wp\/v2\/users\/1"}],"replies":[{"embeddable":true,"href":"https:\/\/www.fundaciofarineragirona.cat\/ca\/wp-json\/wp\/v2\/comments?post=266"}],"version-history":[{"count":35,"href":"https:\/\/www.fundaciofarineragirona.cat\/ca\/wp-json\/wp\/v2\/pages\/266\/revisions"}],"predecessor-version":[{"id":1941,"href":"https:\/\/www.fundaciofarineragirona.cat\/ca\/wp-json\/wp\/v2\/pages\/266\/revisions\/1941"}],"up":[{"embeddable":true,"href":"https:\/\/www.fundaciofarineragirona.cat\/ca\/wp-json\/wp\/v2\/pages\/264"}],"wp:attachment":[{"href":"https:\/\/www.fundaciofarineragirona.cat\/ca\/wp-json\/wp\/v2\/media?parent=266"}],"curies":[{"name":"wp","href":"https:\/\/api.w.org\/{rel}","templated":true}]}}