{"id":265,"date":"2025-06-24T12:42:29","date_gmt":"2025-06-24T10:42:29","guid":{"rendered":"https:\/\/www.fundaciofarineragirona.cat\/la-fundacio\/qui-som\/"},"modified":"2025-07-02T11:03:45","modified_gmt":"2025-07-02T09:03:45","slug":"qui-som-fundacio-farinera-girona","status":"publish","type":"page","link":"https:\/\/www.fundaciofarineragirona.cat\/ca\/fundacio-farinera-girona-2\/qui-som-fundacio-farinera-girona\/","title":{"rendered":"Qui som"},"content":{"rendered":"<p>La <strong>Fundaci\u00f3 Farinera Girona<\/strong> \u00e9s una entitat privada sense \u00e0nim de lucre formada per <strong>empreses i persones compromeses<\/strong> amb l\u2019emprenedoria i el desenvolupament social i econ\u00f2mic de les comarques gironines.<\/p>\n<p>Creiem que darrere de cada projecte hi ha una persona amb potencial, i que <strong>cap emprenedor hauria de caminar sol<\/strong>. Per aix\u00f2 donem suport amb mentoria gratu\u00efta a iniciatives empresarials en qualsevol fase, des de la idea inicial fins al creixement.<\/p>\n<p>Amb una <strong>xarxa diversa de persones implicades<\/strong> i una mirada centrada en les persones, constru\u00efm un entorn on l\u2019emprenedoria t\u00e9 \u00e0nima i sentit.<\/p>\n","protected":false},"excerpt":{"rendered":"<p>La Fundaci\u00f3 Farinera Girona \u00e9s una entitat privada sense \u00e0nim de lucre formada per empreses i persones compromeses amb l\u2019emprenedoria i el desenvolupament social i econ\u00f2mic de les comarques gironines. Creiem que darrere de cada projecte hi ha una persona amb potencial, i que cap emprenedor hauria de caminar sol. Per aix\u00f2 donem suport amb [&hellip;]<\/p>\n","protected":false},"author":1,"featured_media":0,"parent":264,"menu_order":9,"comment_status":"closed","ping_status":"closed","template":"qui-som.php","meta":{"_acf_changed":false,"inline_featured_image":false,"footnotes":"","_links_to":"","_links_to_target":""},"class_list":["post-265","page","type-page","status-publish","hentry"],"acf":[],"yoast_head":"<!-- This site is optimized with the Yoast SEO plugin v27.3 - https:\/\/yoast.com\/product\/yoast-seo-wordpress\/ -->\n<title>Qui som - Fundaci\u00f3 Farinera Girona<\/title>\n<meta name=\"description\" content=\"La\u00a0Fundaci\u00f3 Farinera Girona\u00a0 vol donar suport a l\u02bcemprenedoria local i contribuir al desenvolupament social i econ\u00f2mic.\" \/>\n<meta name=\"robots\" content=\"index, follow, max-snippet:-1, max-image-preview:large, max-video-preview:-1\" \/>\n<link rel=\"canonical\" href=\"https:\/\/www.fundaciofarineragirona.cat\/ca\/fundacio-farinera-girona-2\/qui-som-fundacio-farinera-girona\/\" \/>\n<meta property=\"og:locale\" content=\"ca_ES\" \/>\n<meta property=\"og:type\" content=\"article\" \/>\n<meta property=\"og:title\" content=\"Qui som - Fundaci\u00f3 Farinera Girona\" \/>\n<meta property=\"og:description\" content=\"La\u00a0Fundaci\u00f3 Farinera Girona\u00a0 vol donar suport a l\u02bcemprenedoria local i contribuir al desenvolupament social i econ\u00f2mic.\" \/>\n<meta property=\"og:url\" content=\"https:\/\/www.fundaciofarineragirona.cat\/ca\/fundacio-farinera-girona-2\/qui-som-fundacio-farinera-girona\/\" \/>\n<meta property=\"og:site_name\" content=\"Fundaci\u00f3 Farinera Girona\" \/>\n<meta property=\"article:modified_time\" content=\"2025-07-02T09:03:45+00:00\" \/>\n<meta name=\"twitter:card\" content=\"summary_large_image\" \/>\n<meta name=\"twitter:label1\" content=\"Temps estimat de lectura\" \/>\n\t<meta name=\"twitter:data1\" content=\"1 minut\" \/>\n<script type=\"application\/ld+json\" class=\"yoast-schema-graph\">{\"@context\":\"https:\\\/\\\/schema.org\",\"@graph\":[{\"@type\":\"WebPage\",\"@id\":\"https:\\\/\\\/www.fundaciofarineragirona.cat\\\/ca\\\/fundacio-farinera-girona-2\\\/qui-som-fundacio-farinera-girona\\\/\",\"url\":\"https:\\\/\\\/www.fundaciofarineragirona.cat\\\/ca\\\/fundacio-farinera-girona-2\\\/qui-som-fundacio-farinera-girona\\\/\",\"name\":\"Qui som - Fundaci\u00f3 Farinera Girona\",\"isPartOf\":{\"@id\":\"https:\\\/\\\/www.fundaciofarineragirona.cat\\\/ca\\\/versio2\\\/ca\\\/#website\"},\"datePublished\":\"2025-06-24T10:42:29+00:00\",\"dateModified\":\"2025-07-02T09:03:45+00:00\",\"description\":\"La\u00a0Fundaci\u00f3 Farinera Girona\u00a0 vol donar suport a l\u02bcemprenedoria local i contribuir al desenvolupament social i econ\u00f2mic.\",\"breadcrumb\":{\"@id\":\"https:\\\/\\\/www.fundaciofarineragirona.cat\\\/ca\\\/fundacio-farinera-girona-2\\\/qui-som-fundacio-farinera-girona\\\/#breadcrumb\"},\"inLanguage\":\"ca\",\"potentialAction\":[{\"@type\":\"ReadAction\",\"target\":[\"https:\\\/\\\/www.fundaciofarineragirona.cat\\\/ca\\\/fundacio-farinera-girona-2\\\/qui-som-fundacio-farinera-girona\\\/\"]}]},{\"@type\":\"BreadcrumbList\",\"@id\":\"https:\\\/\\\/www.fundaciofarineragirona.cat\\\/ca\\\/fundacio-farinera-girona-2\\\/qui-som-fundacio-farinera-girona\\\/#breadcrumb\",\"itemListElement\":[{\"@type\":\"ListItem\",\"position\":1,\"name\":\"Inici\",\"item\":\"https:\\\/\\\/www.fundaciofarineragirona.cat\\\/ca\\\/versio2\\\/ca\\\/\"},{\"@type\":\"ListItem\",\"position\":2,\"name\":\"La Fundaci\u00f3\",\"item\":\"\\\/\"},{\"@type\":\"ListItem\",\"position\":3,\"name\":\"Qui som\"}]},{\"@type\":\"WebSite\",\"@id\":\"https:\\\/\\\/www.fundaciofarineragirona.cat\\\/ca\\\/versio2\\\/ca\\\/#website\",\"url\":\"https:\\\/\\\/www.fundaciofarineragirona.cat\\\/ca\\\/versio2\\\/ca\\\/\",\"name\":\"Fundaci\u00f3 Farinera Girona\",\"description\":\"Impulsem talent, transformem territori\",\"potentialAction\":[{\"@type\":\"SearchAction\",\"target\":{\"@type\":\"EntryPoint\",\"urlTemplate\":\"https:\\\/\\\/www.fundaciofarineragirona.cat\\\/ca\\\/versio2\\\/ca\\\/?s={search_term_string}\"},\"query-input\":{\"@type\":\"PropertyValueSpecification\",\"valueRequired\":true,\"valueName\":\"search_term_string\"}}],\"inLanguage\":\"ca\"}]}<\/script>\n<!-- \/ Yoast SEO plugin. -->","yoast_head_json":{"title":"Qui som - Fundaci\u00f3 Farinera Girona","description":"La\u00a0Fundaci\u00f3 Farinera Girona\u00a0 vol donar suport a l\u02bcemprenedoria local i contribuir al desenvolupament social i econ\u00f2mic.","robots":{"index":"index","follow":"follow","max-snippet":"max-snippet:-1","max-image-preview":"max-image-preview:large","max-video-preview":"max-video-preview:-1"},"canonical":"https:\/\/www.fundaciofarineragirona.cat\/ca\/fundacio-farinera-girona-2\/qui-som-fundacio-farinera-girona\/","og_locale":"ca_ES","og_type":"article","og_title":"Qui som - Fundaci\u00f3 Farinera Girona","og_description":"La\u00a0Fundaci\u00f3 Farinera Girona\u00a0 vol donar suport a l\u02bcemprenedoria local i contribuir al desenvolupament social i econ\u00f2mic.","og_url":"https:\/\/www.fundaciofarineragirona.cat\/ca\/fundacio-farinera-girona-2\/qui-som-fundacio-farinera-girona\/","og_site_name":"Fundaci\u00f3 Farinera Girona","article_modified_time":"2025-07-02T09:03:45+00:00","twitter_card":"summary_large_image","twitter_misc":{"Temps estimat de lectura":"1 minut"},"schema":{"@context":"https:\/\/schema.org","@graph":[{"@type":"WebPage","@id":"https:\/\/www.fundaciofarineragirona.cat\/ca\/fundacio-farinera-girona-2\/qui-som-fundacio-farinera-girona\/","url":"https:\/\/www.fundaciofarineragirona.cat\/ca\/fundacio-farinera-girona-2\/qui-som-fundacio-farinera-girona\/","name":"Qui som - Fundaci\u00f3 Farinera Girona","isPartOf":{"@id":"https:\/\/www.fundaciofarineragirona.cat\/ca\/versio2\/ca\/#website"},"datePublished":"2025-06-24T10:42:29+00:00","dateModified":"2025-07-02T09:03:45+00:00","description":"La\u00a0Fundaci\u00f3 Farinera Girona\u00a0 vol donar suport a l\u02bcemprenedoria local i contribuir al desenvolupament social i econ\u00f2mic.","breadcrumb":{"@id":"https:\/\/www.fundaciofarineragirona.cat\/ca\/fundacio-farinera-girona-2\/qui-som-fundacio-farinera-girona\/#breadcrumb"},"inLanguage":"ca","potentialAction":[{"@type":"ReadAction","target":["https:\/\/www.fundaciofarineragirona.cat\/ca\/fundacio-farinera-girona-2\/qui-som-fundacio-farinera-girona\/"]}]},{"@type":"BreadcrumbList","@id":"https:\/\/www.fundaciofarineragirona.cat\/ca\/fundacio-farinera-girona-2\/qui-som-fundacio-farinera-girona\/#breadcrumb","itemListElement":[{"@type":"ListItem","position":1,"name":"Inici","item":"https:\/\/www.fundaciofarineragirona.cat\/ca\/versio2\/ca\/"},{"@type":"ListItem","position":2,"name":"La Fundaci\u00f3","item":"\/"},{"@type":"ListItem","position":3,"name":"Qui som"}]},{"@type":"WebSite","@id":"https:\/\/www.fundaciofarineragirona.cat\/ca\/versio2\/ca\/#website","url":"https:\/\/www.fundaciofarineragirona.cat\/ca\/versio2\/ca\/","name":"Fundaci\u00f3 Farinera Girona","description":"Impulsem talent, transformem territori","potentialAction":[{"@type":"SearchAction","target":{"@type":"EntryPoint","urlTemplate":"https:\/\/www.fundaciofarineragirona.cat\/ca\/versio2\/ca\/?s={search_term_string}"},"query-input":{"@type":"PropertyValueSpecification","valueRequired":true,"valueName":"search_term_string"}}],"inLanguage":"ca"}]}},"_links":{"self":[{"href":"https:\/\/www.fundaciofarineragirona.cat\/ca\/wp-json\/wp\/v2\/pages\/265","targetHints":{"allow":["GET"]}}],"collection":[{"href":"https:\/\/www.fundaciofarineragirona.cat\/ca\/wp-json\/wp\/v2\/pages"}],"about":[{"href":"https:\/\/www.fundaciofarineragirona.cat\/ca\/wp-json\/wp\/v2\/types\/page"}],"author":[{"embeddable":true,"href":"https:\/\/www.fundaciofarineragirona.cat\/ca\/wp-json\/wp\/v2\/users\/1"}],"replies":[{"embeddable":true,"href":"https:\/\/www.fundaciofarineragirona.cat\/ca\/wp-json\/wp\/v2\/comments?post=265"}],"version-history":[{"count":6,"href":"https:\/\/www.fundaciofarineragirona.cat\/ca\/wp-json\/wp\/v2\/pages\/265\/revisions"}],"predecessor-version":[{"id":763,"href":"https:\/\/www.fundaciofarineragirona.cat\/ca\/wp-json\/wp\/v2\/pages\/265\/revisions\/763"}],"up":[{"embeddable":true,"href":"https:\/\/www.fundaciofarineragirona.cat\/ca\/wp-json\/wp\/v2\/pages\/264"}],"wp:attachment":[{"href":"https:\/\/www.fundaciofarineragirona.cat\/ca\/wp-json\/wp\/v2\/media?parent=265"}],"curies":[{"name":"wp","href":"https:\/\/api.w.org\/{rel}","templated":true}]}}