{"id":1140,"date":"2026-02-11T14:25:30","date_gmt":"2026-02-11T12:25:30","guid":{"rendered":"https:\/\/www.fundaciofarineragirona.cat\/?page_id=1140"},"modified":"2026-02-11T14:42:05","modified_gmt":"2026-02-11T12:42:05","slug":"cicle-autentics","status":"publish","type":"page","link":"https:\/\/www.fundaciofarineragirona.cat\/ca\/iniciatives\/cicle-autentics\/","title":{"rendered":"Cicle aut\u00e8ntics"},"content":{"rendered":"<p data-start=\"105\" data-end=\"309\">El Cicle Aut\u00e8ntics \u00e9s una iniciativa del Programa d\u2019Emprenedoria de la Fundaci\u00f3 Farinera Girona que neix amb la voluntat de crear un espai de conversa real i propera sobre el cam\u00ed de l\u2019emprenedoria.<\/p>\n<p data-start=\"311\" data-end=\"692\">L\u2019objectiu del cicle \u00e9s anar m\u00e9s enll\u00e0 dels relats d\u2019\u00e8xit i posar el focus en les experi\u00e8ncies viscudes: els reptes, els aprenentatges i les decisions dif\u00edcils que configuren qualsevol traject\u00f2ria empresarial. A trav\u00e9s de sessions participatives, convidem fundadors, fundadores i professionals referents a compartir la seva hist\u00f2ria en primera persona, sense filtres.<\/p>\n<p data-start=\"694\" data-end=\"881\">Cada trobada est\u00e0 dissenyada perqu\u00e8 el p\u00fablic pugui intervenir, fer preguntes i explorar aquells aspectes menys visibles per\u00f2 essencials en el desenvolupament d\u2019un projecte empresarial.<\/p>\n<p data-start=\"883\" data-end=\"1313\">El 22 de gener de 2026 vam donar el tret de sortida al Cicle Aut\u00e8ntics amb <strong data-start=\"958\" data-end=\"971\">In\u00e9s Ures<\/strong>, CEO i cofundadora d\u2019Arp\u00edas i partner fundadora del fons d\u2019inversi\u00f3 Real Ventures. Durant la sessi\u00f3, va compartir m\u00e9s de 15 anys d\u2019experi\u00e8ncia en m\u00e0rqueting, treballant per empreses com Treatwell, Deliveroo, Atr\u00e1palo o Groupalia, i va reflexionar sobre els aprenentatges i els reptes que ha trobat al llarg del seu recorregut professional.<\/p>\n<p data-start=\"1315\" data-end=\"1399\">El Cicle Aut\u00e8ntics compta amb el patrocini de <strong data-start=\"1365\" data-end=\"1380\">Frit Ravich<\/strong> i <strong data-start=\"1383\" data-end=\"1396\">GironaHub<\/strong>.<\/p>\n<table style=\"border-collapse: collapse; width: 100%; height: 73px;\">\n<tbody>\n<tr style=\"height: 73px;\">\n<td style=\"width: 50%; height: 73px;\"><img loading=\"lazy\" decoding=\"async\" class=\"aligncenter wp-image-891\" src=\"https:\/\/www.fundaciofarineragirona.cat\/wp-content\/uploads\/2025\/11\/Logo-Frit-Ravich_color-450x353.png\" alt=\"\" width=\"94\" height=\"74\" srcset=\"https:\/\/www.fundaciofarineragirona.cat\/wp-content\/uploads\/2025\/11\/Logo-Frit-Ravich_color-450x353.png 450w, https:\/\/www.fundaciofarineragirona.cat\/wp-content\/uploads\/2025\/11\/Logo-Frit-Ravich_color-1200x941.png 1200w, https:\/\/www.fundaciofarineragirona.cat\/wp-content\/uploads\/2025\/11\/Logo-Frit-Ravich_color-768x602.png 768w, https:\/\/www.fundaciofarineragirona.cat\/wp-content\/uploads\/2025\/11\/Logo-Frit-Ravich_color-1536x1204.png 1536w, https:\/\/www.fundaciofarineragirona.cat\/wp-content\/uploads\/2025\/11\/Logo-Frit-Ravich_color.png 1990w\" sizes=\"auto, (max-width: 94px) 100vw, 94px\" \/><\/td>\n<td style=\"width: 50%; height: 73px;\"><img loading=\"lazy\" decoding=\"async\" class=\"aligncenter wp-image-851\" src=\"https:\/\/www.fundaciofarineragirona.cat\/wp-content\/uploads\/2025\/09\/logo_GironaHub_generic_trans-e1757060386161-450x358.png\" alt=\"\" width=\"97\" height=\"77\" srcset=\"https:\/\/www.fundaciofarineragirona.cat\/wp-content\/uploads\/2025\/09\/logo_GironaHub_generic_trans-e1757060386161-450x358.png 450w, https:\/\/www.fundaciofarineragirona.cat\/wp-content\/uploads\/2025\/09\/logo_GironaHub_generic_trans-e1757060386161-1200x955.png 1200w, https:\/\/www.fundaciofarineragirona.cat\/wp-content\/uploads\/2025\/09\/logo_GironaHub_generic_trans-e1757060386161-768x611.png 768w, https:\/\/www.fundaciofarineragirona.cat\/wp-content\/uploads\/2025\/09\/logo_GironaHub_generic_trans-e1757060386161-1536x1222.png 1536w, https:\/\/www.fundaciofarineragirona.cat\/wp-content\/uploads\/2025\/09\/logo_GironaHub_generic_trans-e1757060386161.png 1602w\" sizes=\"auto, (max-width: 97px) 100vw, 97px\" \/><\/td>\n<\/tr>\n<\/tbody>\n<\/table>\n","protected":false},"excerpt":{"rendered":"<p>El Cicle Aut\u00e8ntics \u00e9s una iniciativa del Programa d\u2019Emprenedoria de la Fundaci\u00f3 Farinera Girona que neix amb la voluntat de crear un espai de conversa real i propera sobre el cam\u00ed de l\u2019emprenedoria. L\u2019objectiu del cicle \u00e9s anar m\u00e9s enll\u00e0 dels relats d\u2019\u00e8xit i posar el focus en les experi\u00e8ncies viscudes: els reptes, els aprenentatges [&hellip;]<\/p>\n","protected":false},"author":1,"featured_media":0,"parent":272,"menu_order":34,"comment_status":"closed","ping_status":"closed","template":"template-pagina.php","meta":{"_acf_changed":false,"inline_featured_image":false,"footnotes":"","_links_to":"","_links_to_target":""},"class_list":["post-1140","page","type-page","status-publish","hentry"],"acf":[],"yoast_head":"<!-- This site is optimized with the Yoast SEO plugin v27.3 - https:\/\/yoast.com\/product\/yoast-seo-wordpress\/ -->\n<title>Cicle aut\u00e8ntics - Fundaci\u00f3 Farinera Girona<\/title>\n<meta name=\"robots\" content=\"index, follow, max-snippet:-1, max-image-preview:large, max-video-preview:-1\" \/>\n<link rel=\"canonical\" href=\"https:\/\/www.fundaciofarineragirona.cat\/ca\/iniciatives\/cicle-autentics\/\" \/>\n<meta property=\"og:locale\" content=\"ca_ES\" \/>\n<meta property=\"og:type\" content=\"article\" \/>\n<meta property=\"og:title\" content=\"Cicle aut\u00e8ntics - Fundaci\u00f3 Farinera Girona\" \/>\n<meta property=\"og:description\" content=\"El Cicle Aut\u00e8ntics \u00e9s una iniciativa del Programa d\u2019Emprenedoria de la Fundaci\u00f3 Farinera Girona que neix amb la voluntat de crear un espai de conversa real i propera sobre el cam\u00ed de l\u2019emprenedoria. L\u2019objectiu del cicle \u00e9s anar m\u00e9s enll\u00e0 dels relats d\u2019\u00e8xit i posar el focus en les experi\u00e8ncies viscudes: els reptes, els aprenentatges [&hellip;]\" \/>\n<meta property=\"og:url\" content=\"https:\/\/www.fundaciofarineragirona.cat\/ca\/iniciatives\/cicle-autentics\/\" \/>\n<meta property=\"og:site_name\" content=\"Fundaci\u00f3 Farinera Girona\" \/>\n<meta property=\"article:modified_time\" content=\"2026-02-11T12:42:05+00:00\" \/>\n<meta property=\"og:image\" content=\"https:\/\/www.fundaciofarineragirona.cat\/wp-content\/uploads\/2025\/11\/Logo-Frit-Ravich_color-450x353.png\" \/>\n<meta name=\"twitter:card\" content=\"summary_large_image\" \/>\n<meta name=\"twitter:label1\" content=\"Temps estimat de lectura\" \/>\n\t<meta name=\"twitter:data1\" content=\"2 minuts\" \/>\n<script type=\"application\/ld+json\" class=\"yoast-schema-graph\">{\"@context\":\"https:\\\/\\\/schema.org\",\"@graph\":[{\"@type\":\"WebPage\",\"@id\":\"https:\\\/\\\/www.fundaciofarineragirona.cat\\\/ca\\\/iniciatives\\\/cicle-autentics\\\/\",\"url\":\"https:\\\/\\\/www.fundaciofarineragirona.cat\\\/ca\\\/iniciatives\\\/cicle-autentics\\\/\",\"name\":\"Cicle aut\u00e8ntics - Fundaci\u00f3 Farinera Girona\",\"isPartOf\":{\"@id\":\"https:\\\/\\\/www.fundaciofarineragirona.cat\\\/ca\\\/versio2\\\/ca\\\/#website\"},\"primaryImageOfPage\":{\"@id\":\"https:\\\/\\\/www.fundaciofarineragirona.cat\\\/ca\\\/iniciatives\\\/cicle-autentics\\\/#primaryimage\"},\"image\":{\"@id\":\"https:\\\/\\\/www.fundaciofarineragirona.cat\\\/ca\\\/iniciatives\\\/cicle-autentics\\\/#primaryimage\"},\"thumbnailUrl\":\"https:\\\/\\\/www.fundaciofarineragirona.cat\\\/wp-content\\\/uploads\\\/2025\\\/11\\\/Logo-Frit-Ravich_color-450x353.png\",\"datePublished\":\"2026-02-11T12:25:30+00:00\",\"dateModified\":\"2026-02-11T12:42:05+00:00\",\"breadcrumb\":{\"@id\":\"https:\\\/\\\/www.fundaciofarineragirona.cat\\\/ca\\\/iniciatives\\\/cicle-autentics\\\/#breadcrumb\"},\"inLanguage\":\"ca\",\"potentialAction\":[{\"@type\":\"ReadAction\",\"target\":[\"https:\\\/\\\/www.fundaciofarineragirona.cat\\\/ca\\\/iniciatives\\\/cicle-autentics\\\/\"]}]},{\"@type\":\"ImageObject\",\"inLanguage\":\"ca\",\"@id\":\"https:\\\/\\\/www.fundaciofarineragirona.cat\\\/ca\\\/iniciatives\\\/cicle-autentics\\\/#primaryimage\",\"url\":\"https:\\\/\\\/www.fundaciofarineragirona.cat\\\/wp-content\\\/uploads\\\/2025\\\/11\\\/Logo-Frit-Ravich_color-450x353.png\",\"contentUrl\":\"https:\\\/\\\/www.fundaciofarineragirona.cat\\\/wp-content\\\/uploads\\\/2025\\\/11\\\/Logo-Frit-Ravich_color-450x353.png\"},{\"@type\":\"BreadcrumbList\",\"@id\":\"https:\\\/\\\/www.fundaciofarineragirona.cat\\\/ca\\\/iniciatives\\\/cicle-autentics\\\/#breadcrumb\",\"itemListElement\":[{\"@type\":\"ListItem\",\"position\":1,\"name\":\"Inici\",\"item\":\"https:\\\/\\\/www.fundaciofarineragirona.cat\\\/ca\\\/versio2\\\/ca\\\/\"},{\"@type\":\"ListItem\",\"position\":2,\"name\":\"Iniciatives\",\"item\":\"\\\/\"},{\"@type\":\"ListItem\",\"position\":3,\"name\":\"Cicle aut\u00e8ntics\"}]},{\"@type\":\"WebSite\",\"@id\":\"https:\\\/\\\/www.fundaciofarineragirona.cat\\\/ca\\\/versio2\\\/ca\\\/#website\",\"url\":\"https:\\\/\\\/www.fundaciofarineragirona.cat\\\/ca\\\/versio2\\\/ca\\\/\",\"name\":\"Fundaci\u00f3 Farinera Girona\",\"description\":\"Impulsem talent, transformem territori\",\"potentialAction\":[{\"@type\":\"SearchAction\",\"target\":{\"@type\":\"EntryPoint\",\"urlTemplate\":\"https:\\\/\\\/www.fundaciofarineragirona.cat\\\/ca\\\/versio2\\\/ca\\\/?s={search_term_string}\"},\"query-input\":{\"@type\":\"PropertyValueSpecification\",\"valueRequired\":true,\"valueName\":\"search_term_string\"}}],\"inLanguage\":\"ca\"}]}<\/script>\n<!-- \/ Yoast SEO plugin. -->","yoast_head_json":{"title":"Cicle aut\u00e8ntics - Fundaci\u00f3 Farinera Girona","robots":{"index":"index","follow":"follow","max-snippet":"max-snippet:-1","max-image-preview":"max-image-preview:large","max-video-preview":"max-video-preview:-1"},"canonical":"https:\/\/www.fundaciofarineragirona.cat\/ca\/iniciatives\/cicle-autentics\/","og_locale":"ca_ES","og_type":"article","og_title":"Cicle aut\u00e8ntics - Fundaci\u00f3 Farinera Girona","og_description":"El Cicle Aut\u00e8ntics \u00e9s una iniciativa del Programa d\u2019Emprenedoria de la Fundaci\u00f3 Farinera Girona que neix amb la voluntat de crear un espai de conversa real i propera sobre el cam\u00ed de l\u2019emprenedoria. L\u2019objectiu del cicle \u00e9s anar m\u00e9s enll\u00e0 dels relats d\u2019\u00e8xit i posar el focus en les experi\u00e8ncies viscudes: els reptes, els aprenentatges [&hellip;]","og_url":"https:\/\/www.fundaciofarineragirona.cat\/ca\/iniciatives\/cicle-autentics\/","og_site_name":"Fundaci\u00f3 Farinera Girona","article_modified_time":"2026-02-11T12:42:05+00:00","og_image":[{"url":"https:\/\/www.fundaciofarineragirona.cat\/wp-content\/uploads\/2025\/11\/Logo-Frit-Ravich_color-450x353.png","type":"","width":"","height":""}],"twitter_card":"summary_large_image","twitter_misc":{"Temps estimat de lectura":"2 minuts"},"schema":{"@context":"https:\/\/schema.org","@graph":[{"@type":"WebPage","@id":"https:\/\/www.fundaciofarineragirona.cat\/ca\/iniciatives\/cicle-autentics\/","url":"https:\/\/www.fundaciofarineragirona.cat\/ca\/iniciatives\/cicle-autentics\/","name":"Cicle aut\u00e8ntics - Fundaci\u00f3 Farinera Girona","isPartOf":{"@id":"https:\/\/www.fundaciofarineragirona.cat\/ca\/versio2\/ca\/#website"},"primaryImageOfPage":{"@id":"https:\/\/www.fundaciofarineragirona.cat\/ca\/iniciatives\/cicle-autentics\/#primaryimage"},"image":{"@id":"https:\/\/www.fundaciofarineragirona.cat\/ca\/iniciatives\/cicle-autentics\/#primaryimage"},"thumbnailUrl":"https:\/\/www.fundaciofarineragirona.cat\/wp-content\/uploads\/2025\/11\/Logo-Frit-Ravich_color-450x353.png","datePublished":"2026-02-11T12:25:30+00:00","dateModified":"2026-02-11T12:42:05+00:00","breadcrumb":{"@id":"https:\/\/www.fundaciofarineragirona.cat\/ca\/iniciatives\/cicle-autentics\/#breadcrumb"},"inLanguage":"ca","potentialAction":[{"@type":"ReadAction","target":["https:\/\/www.fundaciofarineragirona.cat\/ca\/iniciatives\/cicle-autentics\/"]}]},{"@type":"ImageObject","inLanguage":"ca","@id":"https:\/\/www.fundaciofarineragirona.cat\/ca\/iniciatives\/cicle-autentics\/#primaryimage","url":"https:\/\/www.fundaciofarineragirona.cat\/wp-content\/uploads\/2025\/11\/Logo-Frit-Ravich_color-450x353.png","contentUrl":"https:\/\/www.fundaciofarineragirona.cat\/wp-content\/uploads\/2025\/11\/Logo-Frit-Ravich_color-450x353.png"},{"@type":"BreadcrumbList","@id":"https:\/\/www.fundaciofarineragirona.cat\/ca\/iniciatives\/cicle-autentics\/#breadcrumb","itemListElement":[{"@type":"ListItem","position":1,"name":"Inici","item":"https:\/\/www.fundaciofarineragirona.cat\/ca\/versio2\/ca\/"},{"@type":"ListItem","position":2,"name":"Iniciatives","item":"\/"},{"@type":"ListItem","position":3,"name":"Cicle aut\u00e8ntics"}]},{"@type":"WebSite","@id":"https:\/\/www.fundaciofarineragirona.cat\/ca\/versio2\/ca\/#website","url":"https:\/\/www.fundaciofarineragirona.cat\/ca\/versio2\/ca\/","name":"Fundaci\u00f3 Farinera Girona","description":"Impulsem talent, transformem territori","potentialAction":[{"@type":"SearchAction","target":{"@type":"EntryPoint","urlTemplate":"https:\/\/www.fundaciofarineragirona.cat\/ca\/versio2\/ca\/?s={search_term_string}"},"query-input":{"@type":"PropertyValueSpecification","valueRequired":true,"valueName":"search_term_string"}}],"inLanguage":"ca"}]}},"_links":{"self":[{"href":"https:\/\/www.fundaciofarineragirona.cat\/ca\/wp-json\/wp\/v2\/pages\/1140","targetHints":{"allow":["GET"]}}],"collection":[{"href":"https:\/\/www.fundaciofarineragirona.cat\/ca\/wp-json\/wp\/v2\/pages"}],"about":[{"href":"https:\/\/www.fundaciofarineragirona.cat\/ca\/wp-json\/wp\/v2\/types\/page"}],"author":[{"embeddable":true,"href":"https:\/\/www.fundaciofarineragirona.cat\/ca\/wp-json\/wp\/v2\/users\/1"}],"replies":[{"embeddable":true,"href":"https:\/\/www.fundaciofarineragirona.cat\/ca\/wp-json\/wp\/v2\/comments?post=1140"}],"version-history":[{"count":12,"href":"https:\/\/www.fundaciofarineragirona.cat\/ca\/wp-json\/wp\/v2\/pages\/1140\/revisions"}],"predecessor-version":[{"id":1163,"href":"https:\/\/www.fundaciofarineragirona.cat\/ca\/wp-json\/wp\/v2\/pages\/1140\/revisions\/1163"}],"up":[{"embeddable":true,"href":"https:\/\/www.fundaciofarineragirona.cat\/ca\/wp-json\/wp\/v2\/pages\/272"}],"wp:attachment":[{"href":"https:\/\/www.fundaciofarineragirona.cat\/ca\/wp-json\/wp\/v2\/media?parent=1140"}],"curies":[{"name":"wp","href":"https:\/\/api.w.org\/{rel}","templated":true}]}}